{"id":5944,"date":"2026-01-30T07:48:06","date_gmt":"2026-01-30T07:48:06","guid":{"rendered":"https:\/\/myadvocate.tax\/servicios-de-desgravacion-fiscal-illinois-2\/"},"modified":"2026-02-11T14:34:19","modified_gmt":"2026-02-11T14:34:19","slug":"servicios-de-desgravacion-fiscal-illinois-2","status":"publish","type":"page","link":"https:\/\/myadvocate.tax\/es\/servicios-de-desgravacion-fiscal-illinois-2\/","title":{"rendered":"Servicios de desgravaci\u00f3n fiscal Illinois"},"content":{"rendered":"\t\t<div data-elementor-type=\"wp-page\" data-elementor-id=\"5944\" class=\"elementor elementor-5944 elementor-5941\" data-elementor-post-type=\"page\">\n\t\t\t\t\t\t<section class=\"elementor-section elementor-top-section elementor-element elementor-element-c63b671 elementor-section-full_width elementor-reverse-mobile elementor-section-height-default elementor-section-height-default\" data-id=\"c63b671\" data-element_type=\"section\">\n\t\t\t\t\t\t<div class=\"elementor-container elementor-column-gap-default\">\n\t\t\t\t\t<div class=\"elementor-column elementor-col-50 elementor-top-column elementor-element elementor-element-52a0fc8\" data-id=\"52a0fc8\" data-element_type=\"column\">\n\t\t\t<div class=\"elementor-widget-wrap elementor-element-populated\">\n\t\t\t\t\t\t<div class=\"elementor-element elementor-element-5a92b3b elementor-widget elementor-widget-text-editor\" data-id=\"5a92b3b\" data-element_type=\"widget\" data-widget_type=\"text-editor.default\">\n\t\t\t\t<div class=\"elementor-widget-container\">\n\t\t\t\t\t\t\t\t\t<h1><span style=\"font-weight: 400;\">Servicios de desgravaci\u00f3n fiscal Illinois<\/span><\/h1><p>Enfrentarse a problemas fiscales en Illinois no s\u00f3lo es estresante. Puede perturbar tu vida, tu trabajo y tu sue\u00f1o. Cuando el IRS o el Departamento de Hacienda de Illinois llaman a la puerta, las notificaciones se acumulan r\u00e1pidamente y las sanciones se convierten en una bola de nieve. No tienes por qu\u00e9 ocuparte de eso t\u00fa solo.   <\/p><p>En Advocate Tax Solutions, ayudamos a los contribuyentes de Illinois a resolver sus problemas fiscales m\u00e1s dif\u00edciles con claridad y confianza. Nuestro equipo interviene, se ocupa del papeleo, negocia con las autoridades y lucha por el mejor resultado que permite la ley. Tenemos experiencia, conocemos el sistema y sabemos c\u00f3mo proteger tu futuro financiero.  <\/p><div> <\/div>\t\t\t\t\t\t\t\t<\/div>\n\t\t\t\t<\/div>\n\t\t\t\t\t<\/div>\n\t\t<\/div>\n\t\t\t\t<div class=\"elementor-column elementor-col-50 elementor-top-column elementor-element elementor-element-ff5999b\" data-id=\"ff5999b\" data-element_type=\"column\">\n\t\t\t<div class=\"elementor-widget-wrap elementor-element-populated\">\n\t\t\t\t\t\t<div class=\"elementor-element elementor-element-abf9c48 elementor-widget elementor-widget-image\" data-id=\"abf9c48\" data-element_type=\"widget\" data-widget_type=\"image.default\">\n\t\t\t\t<div class=\"elementor-widget-container\">\n\t\t\t\t\t\t\t\t\t\t\t\t\t\t\t<img fetchpriority=\"high\" decoding=\"async\" width=\"2560\" height=\"1708\" src=\"https:\/\/myadvocate.tax\/wp-content\/uploads\/2023\/07\/statistic-documents-with-businessman-blurred-background-scaled.webp\" class=\"attachment-full size-full wp-image-4671\" alt=\"graphs on a table\" srcset=\"https:\/\/myadvocate.tax\/wp-content\/uploads\/2023\/07\/statistic-documents-with-businessman-blurred-background-scaled.webp 2560w, https:\/\/myadvocate.tax\/wp-content\/uploads\/2023\/07\/statistic-documents-with-businessman-blurred-background-300x200.webp 300w, https:\/\/myadvocate.tax\/wp-content\/uploads\/2023\/07\/statistic-documents-with-businessman-blurred-background-1024x683.webp 1024w, https:\/\/myadvocate.tax\/wp-content\/uploads\/2023\/07\/statistic-documents-with-businessman-blurred-background-768x512.webp 768w, https:\/\/myadvocate.tax\/wp-content\/uploads\/2023\/07\/statistic-documents-with-businessman-blurred-background-1536x1025.webp 1536w, https:\/\/myadvocate.tax\/wp-content\/uploads\/2023\/07\/statistic-documents-with-businessman-blurred-background-2048x1367.webp 2048w\" sizes=\"(max-width: 2560px) 100vw, 2560px\" \/>\t\t\t\t\t\t\t\t\t\t\t\t\t\t\t<\/div>\n\t\t\t\t<\/div>\n\t\t\t\t\t<\/div>\n\t\t<\/div>\n\t\t\t\t\t<\/div>\n\t\t<\/section>\n\t\t\t\t<section class=\"elementor-section elementor-top-section elementor-element elementor-element-41e61a1 elementor-section-full_width elementor-section-height-default elementor-section-height-default\" data-id=\"41e61a1\" data-element_type=\"section\">\n\t\t\t\t\t\t<div class=\"elementor-container elementor-column-gap-default\">\n\t\t\t\t\t<div class=\"elementor-column elementor-col-100 elementor-top-column elementor-element elementor-element-4f29c12\" data-id=\"4f29c12\" data-element_type=\"column\">\n\t\t\t<div class=\"elementor-widget-wrap elementor-element-populated\">\n\t\t\t\t\t\t<div class=\"elementor-element elementor-element-4c85ed3 elementor-widget elementor-widget-text-editor\" data-id=\"4c85ed3\" data-element_type=\"widget\" data-widget_type=\"text-editor.default\">\n\t\t\t\t<div class=\"elementor-widget-container\">\n\t\t\t\t\t\t\t\t\t<h2><span style=\"font-weight: 400;\">Qu\u00e9 hacemos por los contribuyentes de Illinois<\/span><\/h2><p><strong>Det\u00e9n la presi\u00f3n recaudatoria<br><span style=\"font-weight: 400;\">Si te enfrentas a embargos salariales, embargos bancarios o cobros autom\u00e1ticos del Estado o Hacienda, nos comunicamos directamente con las autoridades fiscales para frenar las acciones agresivas y ganar tiempo.<\/span><\/strong><\/p><p><strong>Gestionar las declaraciones no presentadas o incorrectas<br><\/strong><span style=\"font-weight: 400;\">Las declaraciones omitidas pueden desencadenar sanciones y agravar la deuda tributaria. Nuestro equipo prepara y presenta las declaraciones no presentadas y revisa las antiguas en busca de errores y las modifica si te ahorra dinero. <\/span><\/p><p><strong>Negociar soluciones<br><\/strong><span style=\"font-weight: 400;\">Trabajamos para que tu caso sea apto para soluciones como ofertas de transacci\u00f3n (llegar a un acuerdo por menos de lo que debes), acuerdos de pago a plazos, reducci\u00f3n de multas y otras opciones de exenci\u00f3n del IRS o estatales.<\/span><\/p><p><strong>Defender auditor\u00edas y embargos<br><\/strong><span style=\"font-weight: 400;\">Si te someten a una auditor\u00eda o te embargan tus bienes o activos, te representamos y presionamos para que recibas un trato justo, para que no cargues con m\u00e1s de lo que debes ni pierdas acceso a lo que m\u00e1s te importa.<\/span><\/p>\t\t\t\t\t\t\t\t<\/div>\n\t\t\t\t<\/div>\n\t\t\t\t<div class=\"elementor-element elementor-element-baec197 elementor-widget elementor-widget-text-editor\" data-id=\"baec197\" data-element_type=\"widget\" data-widget_type=\"text-editor.default\">\n\t\t\t\t<div class=\"elementor-widget-container\">\n\t\t\t\t\t\t\t\t\t<h2><span style=\"font-weight: 400;\">Por qu\u00e9 nos eligen los contribuyentes de Illinois<\/span><\/h2><p><span style=\"font-weight: 400;\">La desgravaci\u00f3n fiscal no es s\u00f3lo papeleo. Se trata de experiencia, comunicaci\u00f3n y resultados. Esto es lo que nos diferencia para los contribuyentes de todo Illinois.  <br><br><\/span><strong>Experiencia que importa<br><\/strong><span style=\"font-weight: 400;\">Nuestros profesionales conocen los sistemas fiscales federal y de Illinois. No adivinamos; basamos las estrategias en hechos, leyes y d\u00e9cadas de trabajo de resoluci\u00f3n real. <\/span><\/p><p><strong>Apoyo personal y estrat\u00e9gico<br><\/strong>Los problemas fiscales no se arreglan. Evaluamos tu situaci\u00f3n particular, te explicamos las opciones en un lenguaje sencillo y trazamos soluciones que se ajusten a tu realidad financiera. <\/p><p><strong>Proceso transparente<br><\/strong>Recibir\u00e1s actualizaciones peri\u00f3dicas. Sabr\u00e1s lo que hacemos y por qu\u00e9. Y si por alguna raz\u00f3n no est\u00e1s satisfecho con nuestro trabajo, te lo devolvemos en pocos d\u00edas.  <\/p><p><strong>Accesible desde cualquier lugar<br><\/strong><span style=\"font-weight: 400;\">Nuestros <strong>servicios de desgravaci\u00f3n fiscal en Illinois<\/strong> est\u00e1n disponibles en todo el estado y en todo el pa\u00eds. Las herramientas digitales seguras te permiten cargar documentos, firmar formularios y seguir el progreso desde tu tel\u00e9fono o port\u00e1til.. <\/span><\/p>\t\t\t\t\t\t\t\t<\/div>\n\t\t\t\t<\/div>\n\t\t\t\t<div class=\"elementor-element elementor-element-c360163 elementor-widget elementor-widget-text-editor\" data-id=\"c360163\" data-element_type=\"widget\" data-widget_type=\"text-editor.default\">\n\t\t\t\t<div class=\"elementor-widget-container\">\n\t\t\t\t\t\t\t\t\t<h2><span style=\"font-weight: 400;\">Consigue ayuda con los servicios de desgravaci\u00f3n fiscal en Illinois hoy mismo<\/span><\/h2><p>Los problemas fiscales no se arreglan solos y esperar suele dificultar su resoluci\u00f3n. Cuanto antes act\u00faes, m\u00e1s opciones tendr\u00e1s normalmente. Tanto si te enfrentas a impuestos impagados, declaraciones sin presentar, avisos del IRS o presiones fiscales estatales, obtener la ayuda adecuada puede cambiarlo todo.<br>Advocate Tax Solutions est\u00e1 aqu\u00ed para quitarte un peso de encima. Revisaremos tu situaci\u00f3n, te explicaremos claramente tus opciones y nos encargaremos de la comunicaci\u00f3n con Hacienda para que t\u00fa no tengas que hacerlo. S\u00f3lo un plan claro y un progreso constante hacia la resoluci\u00f3n.    <\/p>\t\t\t\t\t\t\t\t<\/div>\n\t\t\t\t<\/div>\n\t\t\t\t\t<\/div>\n\t\t<\/div>\n\t\t\t\t\t<\/div>\n\t\t<\/section>\n\t\t\t\t<\/div>\n\t\t","protected":false},"excerpt":{"rendered":"<p>Servicios de desgravaci\u00f3n fiscal Illinois Enfrentarse a problemas fiscales en Illinois no s\u00f3lo es estresante. Puede perturbar tu vida, tu trabajo y tu sue\u00f1o. Cuando el IRS o el Departamento de Hacienda de Illinois llaman a la puerta, las notificaciones se acumulan r\u00e1pidamente y las sanciones se convierten en una bola de nieve. No tienes [&hellip;]<\/p>\n","protected":false},"author":3,"featured_media":0,"parent":0,"menu_order":0,"comment_status":"closed","ping_status":"closed","template":"","meta":{"_coblocks_attr":"","_coblocks_dimensions":"","_coblocks_responsive_height":"","_coblocks_accordion_ie_support":"","footnotes":""},"class_list":["post-5944","page","type-page","status-publish","hentry"],"yoast_head":"<!-- This site is optimized with the Yoast SEO Premium plugin v26.6 (Yoast SEO v26.6) - https:\/\/yoast.com\/wordpress\/plugins\/seo\/ -->\n<title>Acerca de Advocate Tax Solutions | Expertos de confianza en desgravaci\u00f3n fiscal<\/title>\n<meta name=\"description\" content=\"&quot;Advocate Tax Solutions&quot; misi\u00f3n y equipo dedicados a ayudar a los particulares a resolver la deuda tributaria con el IRS con integridad, claridad y estrategias probadas.\" \/>\n<meta name=\"robots\" content=\"index, nofollow, max-snippet:-1, max-image-preview:large, max-video-preview:-1\" \/>\n<link rel=\"canonical\" href=\"https:\/\/myadvocate.tax\/es\/servicios-de-desgravacion-fiscal-illinois-2\/\" \/>\n<meta property=\"og:locale\" content=\"es_ES\" \/>\n<meta property=\"og:type\" content=\"article\" \/>\n<meta property=\"og:title\" content=\"Servicios de desgravaci\u00f3n fiscal Illinois\" \/>\n<meta property=\"og:description\" content=\"&quot;Advocate Tax Solutions&quot; misi\u00f3n y equipo dedicados a ayudar a los particulares a resolver la deuda tributaria con el IRS con integridad, claridad y estrategias probadas.\" \/>\n<meta property=\"og:url\" content=\"https:\/\/myadvocate.tax\/es\/servicios-de-desgravacion-fiscal-illinois-2\/\" \/>\n<meta property=\"og:site_name\" content=\"Advocate Tax Solutions LLC\" \/>\n<meta property=\"article:publisher\" content=\"https:\/\/www.facebook.com\/profile.php?id=100094006291133\" \/>\n<meta property=\"article:modified_time\" content=\"2026-02-11T14:34:19+00:00\" \/>\n<meta property=\"og:image\" content=\"https:\/\/myadvocate.tax\/wp-content\/uploads\/2023\/07\/statistic-documents-with-businessman-blurred-background-scaled.webp\" \/>\n\t<meta property=\"og:image:width\" content=\"2560\" \/>\n\t<meta property=\"og:image:height\" content=\"1708\" \/>\n\t<meta property=\"og:image:type\" content=\"image\/webp\" \/>\n<meta name=\"twitter:card\" content=\"summary_large_image\" \/>\n<meta name=\"twitter:label1\" content=\"Tiempo de lectura\" \/>\n\t<meta name=\"twitter:data1\" content=\"3 minutos\" \/>\n<script type=\"application\/ld+json\" class=\"yoast-schema-graph\">{\"@context\":\"https:\/\/schema.org\",\"@graph\":[{\"@type\":\"WebPage\",\"@id\":\"https:\/\/myadvocate.tax\/es\/servicios-de-desgravacion-fiscal-illinois-2\/\",\"url\":\"https:\/\/myadvocate.tax\/es\/servicios-de-desgravacion-fiscal-illinois-2\/\",\"name\":\"Acerca de Advocate Tax Solutions | Expertos de confianza en desgravaci\u00f3n fiscal\",\"isPartOf\":{\"@id\":\"https:\/\/myadvocate.tax\/#website\"},\"primaryImageOfPage\":{\"@id\":\"https:\/\/myadvocate.tax\/es\/servicios-de-desgravacion-fiscal-illinois-2\/#primaryimage\"},\"image\":{\"@id\":\"https:\/\/myadvocate.tax\/es\/servicios-de-desgravacion-fiscal-illinois-2\/#primaryimage\"},\"thumbnailUrl\":\"https:\/\/myadvocate.tax\/wp-content\/uploads\/2023\/07\/statistic-documents-with-businessman-blurred-background-scaled.webp\",\"datePublished\":\"2026-01-30T07:48:06+00:00\",\"dateModified\":\"2026-02-11T14:34:19+00:00\",\"description\":\"\\\"Advocate Tax Solutions\\\" misi\u00f3n y equipo dedicados a ayudar a los particulares a resolver la deuda tributaria con el IRS con integridad, claridad y estrategias probadas.\",\"breadcrumb\":{\"@id\":\"https:\/\/myadvocate.tax\/es\/servicios-de-desgravacion-fiscal-illinois-2\/#breadcrumb\"},\"inLanguage\":\"es\",\"potentialAction\":[{\"@type\":\"ReadAction\",\"target\":[\"https:\/\/myadvocate.tax\/es\/servicios-de-desgravacion-fiscal-illinois-2\/\"]}]},{\"@type\":\"ImageObject\",\"inLanguage\":\"es\",\"@id\":\"https:\/\/myadvocate.tax\/es\/servicios-de-desgravacion-fiscal-illinois-2\/#primaryimage\",\"url\":\"https:\/\/myadvocate.tax\/wp-content\/uploads\/2023\/07\/statistic-documents-with-businessman-blurred-background-scaled.webp\",\"contentUrl\":\"https:\/\/myadvocate.tax\/wp-content\/uploads\/2023\/07\/statistic-documents-with-businessman-blurred-background-scaled.webp\"},{\"@type\":\"BreadcrumbList\",\"@id\":\"https:\/\/myadvocate.tax\/es\/servicios-de-desgravacion-fiscal-illinois-2\/#breadcrumb\",\"itemListElement\":[{\"@type\":\"ListItem\",\"position\":1,\"name\":\"Home\",\"item\":\"https:\/\/myadvocate.tax\/\"},{\"@type\":\"ListItem\",\"position\":2,\"name\":\"Servicios de desgravaci\u00f3n fiscal Illinois\"}]},{\"@type\":\"WebSite\",\"@id\":\"https:\/\/myadvocate.tax\/#website\",\"url\":\"https:\/\/myadvocate.tax\/\",\"name\":\"Advocate Tax Solutions LLC\",\"description\":\"Advocate Tax Solutions - Tax Debt Solutions - IRS Tax Resolution Service - State Tax Resolutions Services\",\"publisher\":{\"@id\":\"https:\/\/myadvocate.tax\/#organization\"},\"potentialAction\":[{\"@type\":\"SearchAction\",\"target\":{\"@type\":\"EntryPoint\",\"urlTemplate\":\"https:\/\/myadvocate.tax\/?s={search_term_string}\"},\"query-input\":{\"@type\":\"PropertyValueSpecification\",\"valueRequired\":true,\"valueName\":\"search_term_string\"}}],\"inLanguage\":\"es\"},{\"@type\":\"Organization\",\"@id\":\"https:\/\/myadvocate.tax\/#organization\",\"name\":\"Advocate Tax Solutions LLC\",\"url\":\"https:\/\/myadvocate.tax\/\",\"logo\":{\"@type\":\"ImageObject\",\"inLanguage\":\"es\",\"@id\":\"https:\/\/myadvocate.tax\/#\/schema\/logo\/image\/\",\"url\":\"https:\/\/myadvocate.tax\/wp-content\/uploads\/2023\/06\/Advocate-Tax-Solutions-Cropped-Border-scaled.webp\",\"contentUrl\":\"https:\/\/myadvocate.tax\/wp-content\/uploads\/2023\/06\/Advocate-Tax-Solutions-Cropped-Border-scaled.webp\",\"width\":2560,\"height\":1940,\"caption\":\"Advocate Tax Solutions LLC\"},\"image\":{\"@id\":\"https:\/\/myadvocate.tax\/#\/schema\/logo\/image\/\"},\"sameAs\":[\"https:\/\/www.facebook.com\/profile.php?id=100094006291133\"]}]}<\/script>\n<!-- \/ Yoast SEO Premium plugin. -->","yoast_head_json":{"title":"Acerca de Advocate Tax Solutions | Expertos de confianza en desgravaci\u00f3n fiscal","description":"\"Advocate Tax Solutions\" misi\u00f3n y equipo dedicados a ayudar a los particulares a resolver la deuda tributaria con el IRS con integridad, claridad y estrategias probadas.","robots":{"index":"index","follow":"nofollow","max-snippet":"max-snippet:-1","max-image-preview":"max-image-preview:large","max-video-preview":"max-video-preview:-1"},"canonical":"https:\/\/myadvocate.tax\/es\/servicios-de-desgravacion-fiscal-illinois-2\/","og_locale":"es_ES","og_type":"article","og_title":"Servicios de desgravaci\u00f3n fiscal Illinois","og_description":"\"Advocate Tax Solutions\" misi\u00f3n y equipo dedicados a ayudar a los particulares a resolver la deuda tributaria con el IRS con integridad, claridad y estrategias probadas.","og_url":"https:\/\/myadvocate.tax\/es\/servicios-de-desgravacion-fiscal-illinois-2\/","og_site_name":"Advocate Tax Solutions LLC","article_publisher":"https:\/\/www.facebook.com\/profile.php?id=100094006291133","article_modified_time":"2026-02-11T14:34:19+00:00","og_image":[{"width":2560,"height":1708,"url":"https:\/\/myadvocate.tax\/wp-content\/uploads\/2023\/07\/statistic-documents-with-businessman-blurred-background-scaled.webp","type":"image\/webp"}],"twitter_card":"summary_large_image","twitter_misc":{"Tiempo de lectura":"3 minutos"},"schema":{"@context":"https:\/\/schema.org","@graph":[{"@type":"WebPage","@id":"https:\/\/myadvocate.tax\/es\/servicios-de-desgravacion-fiscal-illinois-2\/","url":"https:\/\/myadvocate.tax\/es\/servicios-de-desgravacion-fiscal-illinois-2\/","name":"Acerca de Advocate Tax Solutions | Expertos de confianza en desgravaci\u00f3n fiscal","isPartOf":{"@id":"https:\/\/myadvocate.tax\/#website"},"primaryImageOfPage":{"@id":"https:\/\/myadvocate.tax\/es\/servicios-de-desgravacion-fiscal-illinois-2\/#primaryimage"},"image":{"@id":"https:\/\/myadvocate.tax\/es\/servicios-de-desgravacion-fiscal-illinois-2\/#primaryimage"},"thumbnailUrl":"https:\/\/myadvocate.tax\/wp-content\/uploads\/2023\/07\/statistic-documents-with-businessman-blurred-background-scaled.webp","datePublished":"2026-01-30T07:48:06+00:00","dateModified":"2026-02-11T14:34:19+00:00","description":"\"Advocate Tax Solutions\" misi\u00f3n y equipo dedicados a ayudar a los particulares a resolver la deuda tributaria con el IRS con integridad, claridad y estrategias probadas.","breadcrumb":{"@id":"https:\/\/myadvocate.tax\/es\/servicios-de-desgravacion-fiscal-illinois-2\/#breadcrumb"},"inLanguage":"es","potentialAction":[{"@type":"ReadAction","target":["https:\/\/myadvocate.tax\/es\/servicios-de-desgravacion-fiscal-illinois-2\/"]}]},{"@type":"ImageObject","inLanguage":"es","@id":"https:\/\/myadvocate.tax\/es\/servicios-de-desgravacion-fiscal-illinois-2\/#primaryimage","url":"https:\/\/myadvocate.tax\/wp-content\/uploads\/2023\/07\/statistic-documents-with-businessman-blurred-background-scaled.webp","contentUrl":"https:\/\/myadvocate.tax\/wp-content\/uploads\/2023\/07\/statistic-documents-with-businessman-blurred-background-scaled.webp"},{"@type":"BreadcrumbList","@id":"https:\/\/myadvocate.tax\/es\/servicios-de-desgravacion-fiscal-illinois-2\/#breadcrumb","itemListElement":[{"@type":"ListItem","position":1,"name":"Home","item":"https:\/\/myadvocate.tax\/"},{"@type":"ListItem","position":2,"name":"Servicios de desgravaci\u00f3n fiscal Illinois"}]},{"@type":"WebSite","@id":"https:\/\/myadvocate.tax\/#website","url":"https:\/\/myadvocate.tax\/","name":"Advocate Tax Solutions LLC","description":"Advocate Tax Solutions - Tax Debt Solutions - IRS Tax Resolution Service - State Tax Resolutions Services","publisher":{"@id":"https:\/\/myadvocate.tax\/#organization"},"potentialAction":[{"@type":"SearchAction","target":{"@type":"EntryPoint","urlTemplate":"https:\/\/myadvocate.tax\/?s={search_term_string}"},"query-input":{"@type":"PropertyValueSpecification","valueRequired":true,"valueName":"search_term_string"}}],"inLanguage":"es"},{"@type":"Organization","@id":"https:\/\/myadvocate.tax\/#organization","name":"Advocate Tax Solutions LLC","url":"https:\/\/myadvocate.tax\/","logo":{"@type":"ImageObject","inLanguage":"es","@id":"https:\/\/myadvocate.tax\/#\/schema\/logo\/image\/","url":"https:\/\/myadvocate.tax\/wp-content\/uploads\/2023\/06\/Advocate-Tax-Solutions-Cropped-Border-scaled.webp","contentUrl":"https:\/\/myadvocate.tax\/wp-content\/uploads\/2023\/06\/Advocate-Tax-Solutions-Cropped-Border-scaled.webp","width":2560,"height":1940,"caption":"Advocate Tax Solutions LLC"},"image":{"@id":"https:\/\/myadvocate.tax\/#\/schema\/logo\/image\/"},"sameAs":["https:\/\/www.facebook.com\/profile.php?id=100094006291133"]}]}},"_links":{"self":[{"href":"https:\/\/myadvocate.tax\/es\/wp-json\/wp\/v2\/pages\/5944","targetHints":{"allow":["GET"]}}],"collection":[{"href":"https:\/\/myadvocate.tax\/es\/wp-json\/wp\/v2\/pages"}],"about":[{"href":"https:\/\/myadvocate.tax\/es\/wp-json\/wp\/v2\/types\/page"}],"author":[{"embeddable":true,"href":"https:\/\/myadvocate.tax\/es\/wp-json\/wp\/v2\/users\/3"}],"replies":[{"embeddable":true,"href":"https:\/\/myadvocate.tax\/es\/wp-json\/wp\/v2\/comments?post=5944"}],"version-history":[{"count":11,"href":"https:\/\/myadvocate.tax\/es\/wp-json\/wp\/v2\/pages\/5944\/revisions"}],"predecessor-version":[{"id":5993,"href":"https:\/\/myadvocate.tax\/es\/wp-json\/wp\/v2\/pages\/5944\/revisions\/5993"}],"wp:attachment":[{"href":"https:\/\/myadvocate.tax\/es\/wp-json\/wp\/v2\/media?parent=5944"}],"curies":[{"name":"wp","href":"https:\/\/api.w.org\/{rel}","templated":true}]}}