{"id":4799,"date":"2023-07-29T06:07:10","date_gmt":"2023-07-29T06:07:10","guid":{"rendered":"https:\/\/myadvocate.tax\/reduccion-de-sanciones\/"},"modified":"2025-09-17T06:26:29","modified_gmt":"2025-09-17T06:26:29","slug":"reduccion-de-sanciones","status":"publish","type":"page","link":"https:\/\/myadvocate.tax\/es\/reduccion-de-sanciones\/","title":{"rendered":"Reducci\u00f3n de sanciones"},"content":{"rendered":"\t\t<div data-elementor-type=\"wp-page\" data-elementor-id=\"4799\" class=\"elementor elementor-4799 elementor-2481\" data-elementor-post-type=\"page\">\n\t\t\t\t\t\t<section class=\"elementor-section elementor-top-section elementor-element elementor-element-5c6d91b elementor-reverse-mobile elementor-section-boxed elementor-section-height-default elementor-section-height-default\" data-id=\"5c6d91b\" data-element_type=\"section\">\n\t\t\t\t\t\t<div class=\"elementor-container elementor-column-gap-default\">\n\t\t\t\t\t<div class=\"elementor-column elementor-col-50 elementor-top-column elementor-element elementor-element-3695047\" data-id=\"3695047\" data-element_type=\"column\">\n\t\t\t<div class=\"elementor-widget-wrap elementor-element-populated\">\n\t\t\t\t\t\t<div class=\"elementor-element elementor-element-1264eef elementor-widget elementor-widget-heading\" data-id=\"1264eef\" data-element_type=\"widget\" data-widget_type=\"heading.default\">\n\t\t\t\t<div class=\"elementor-widget-container\">\n\t\t\t\t\t<h2 class=\"elementor-heading-title elementor-size-default\">\u00bfTengo derecho a una reducci\u00f3n de la multa fiscal del IRS?<\/h2>\t\t\t\t<\/div>\n\t\t\t\t<\/div>\n\t\t\t\t<div class=\"elementor-element elementor-element-153b826 elementor-widget elementor-widget-text-editor\" data-id=\"153b826\" data-element_type=\"widget\" data-widget_type=\"text-editor.default\">\n\t\t\t\t<div class=\"elementor-widget-container\">\n\t\t\t\t\t\t\t\t\t<p>Los contribuyentes que demuestren un motivo razonable para incumplir sus obligaciones fiscales pueden acogerse a una reducci\u00f3n de la sanci\u00f3n. Varios factores descritos en el manual del Servicio de Impuestos Internos sirven de base para impugnar las sanciones fiscales.<br>El Servicio de Impuestos Internos impone sanciones para exigir el cumplimiento de las leyes fiscales. El IRS se esfuerza por motivar a los contribuyentes para que cumplan sus obligaciones fiscales. Sin embargo, tambi\u00e9n prev\u00e9n desgravaciones fiscales para quienes demuestren un motivo razonable.<\/p>\t\t\t\t\t\t\t\t<\/div>\n\t\t\t\t<\/div>\n\t\t\t\t\t<\/div>\n\t\t<\/div>\n\t\t\t\t<div class=\"elementor-column elementor-col-50 elementor-top-column elementor-element elementor-element-cf500c5\" data-id=\"cf500c5\" data-element_type=\"column\">\n\t\t\t<div class=\"elementor-widget-wrap elementor-element-populated\">\n\t\t\t\t\t\t<div class=\"elementor-element elementor-element-78178bc elementor-widget elementor-widget-image\" data-id=\"78178bc\" data-element_type=\"widget\" data-widget_type=\"image.default\">\n\t\t\t\t<div class=\"elementor-widget-container\">\n\t\t\t\t\t\t\t\t\t\t\t\t\t\t\t<img fetchpriority=\"high\" decoding=\"async\" width=\"1254\" height=\"837\" src=\"https:\/\/myadvocate.tax\/wp-content\/uploads\/2023\/07\/penalty-abatement-is-1316510147-jpg.webp\" class=\"attachment-full size-full wp-image-4722\" alt=\"\" srcset=\"https:\/\/myadvocate.tax\/wp-content\/uploads\/2023\/07\/penalty-abatement-is-1316510147-jpg.webp 1254w, https:\/\/myadvocate.tax\/wp-content\/uploads\/2023\/07\/penalty-abatement-is-1316510147-jpg-300x200.webp 300w, https:\/\/myadvocate.tax\/wp-content\/uploads\/2023\/07\/penalty-abatement-is-1316510147-jpg-1024x683.webp 1024w, https:\/\/myadvocate.tax\/wp-content\/uploads\/2023\/07\/penalty-abatement-is-1316510147-jpg-768x513.webp 768w\" sizes=\"(max-width: 1254px) 100vw, 1254px\" \/>\t\t\t\t\t\t\t\t\t\t\t\t\t\t\t<\/div>\n\t\t\t\t<\/div>\n\t\t\t\t\t<\/div>\n\t\t<\/div>\n\t\t\t\t\t<\/div>\n\t\t<\/section>\n\t\t\t\t<section class=\"elementor-section elementor-top-section elementor-element elementor-element-6be35ea elementor-section-boxed elementor-section-height-default elementor-section-height-default\" data-id=\"6be35ea\" data-element_type=\"section\">\n\t\t\t\t\t\t<div class=\"elementor-container elementor-column-gap-default\">\n\t\t\t\t\t<div class=\"elementor-column elementor-col-100 elementor-top-column elementor-element elementor-element-545afef\" data-id=\"545afef\" data-element_type=\"column\">\n\t\t\t<div class=\"elementor-widget-wrap elementor-element-populated\">\n\t\t\t\t\t\t<div class=\"elementor-element elementor-element-20d33bd elementor-widget elementor-widget-text-editor\" data-id=\"20d33bd\" data-element_type=\"widget\" data-widget_type=\"text-editor.default\">\n\t\t\t\t<div class=\"elementor-widget-container\">\n\t\t\t\t\t\t\t\t\t<p>Los contribuyentes deben proporcionar una explicaci\u00f3n clara en apoyo de su solicitud cuando soliciten una reducci\u00f3n de la sanci\u00f3n. Deben asegurarse de que la reclamaci\u00f3n se ajusta a las fechas y circunstancias en las que se basaron las sanciones. A continuaci\u00f3n, <a href=\"http:\/\/myadvocate.tax\/es\/resolucion-de-impuestos-del-irs\/\">Hacienda<\/a> evaluar\u00e1 el historial fiscal del contribuyente. Examinan el tiempo que tard\u00f3 el contribuyente en cumplir la normativa y si ten\u00eda el control de la situaci\u00f3n.<br>Situaciones como el fallecimiento, una enfermedad grave o una ausencia inevitable son favorables para los contribuyentes que solicitan una reducci\u00f3n de la sanci\u00f3n fiscal. En estos casos, los particulares tienen m\u00e1s posibilidades de hacer valer sus derechos.<br>El IRS suele considerar la reducci\u00f3n de la multa en funci\u00f3n de las siguientes circunstancias. Estas circunstancias incluyen errores, imposibilidad de obtener registros, dificultades excesivas, asesoramiento incorrecto, errores del IRS y situaciones relacionadas con incendios, inundaciones o siniestros. Por lo general, el desconocimiento de la ley no le ayudar\u00e1 a ganar una reclamaci\u00f3n de reducci\u00f3n de sanciones. Del mismo modo, los olvidos y los errores tampoco ayudan.<\/p>\t\t\t\t\t\t\t\t<\/div>\n\t\t\t\t<\/div>\n\t\t\t\t<div class=\"elementor-element elementor-element-be56516 elementor-widget elementor-widget-text-editor\" data-id=\"be56516\" data-element_type=\"widget\" data-widget_type=\"text-editor.default\">\n\t\t\t\t<div class=\"elementor-widget-container\">\n\t\t\t\t\t\t\t\t\t<p>No se garantiza la aprobaci\u00f3n de todas las solicitudes. Cada caso es \u00fanico. Si tiene un motivo razonable, le recomendamos que consulte sus circunstancias con un profesional fiscal. Pueden guiarle a lo largo del proceso y ayudarle a preparar la documentaci\u00f3n necesaria para respaldar su reclamaci\u00f3n.<\/p>\t\t\t\t\t\t\t\t<\/div>\n\t\t\t\t<\/div>\n\t\t\t\t\t<\/div>\n\t\t<\/div>\n\t\t\t\t\t<\/div>\n\t\t<\/section>\n\t\t\t\t<\/div>\n\t\t","protected":false},"excerpt":{"rendered":"<p>\u00bfTengo derecho a una reducci\u00f3n de la multa fiscal del IRS? Los contribuyentes que demuestren un motivo razonable para incumplir sus obligaciones fiscales pueden acogerse a una reducci\u00f3n de la sanci\u00f3n. Varios factores descritos en el manual del Servicio de Impuestos Internos sirven de base para impugnar las sanciones fiscales.El Servicio de Impuestos Internos impone [&hellip;]<\/p>\n","protected":false},"author":1,"featured_media":0,"parent":0,"menu_order":0,"comment_status":"closed","ping_status":"closed","template":"","meta":{"_coblocks_attr":"","_coblocks_dimensions":"","_coblocks_responsive_height":"","_coblocks_accordion_ie_support":"","footnotes":""},"class_list":["post-4799","page","type-page","status-publish","hentry"],"yoast_head":"<!-- This site is optimized with the Yoast SEO Premium plugin v26.6 (Yoast SEO v26.6) - https:\/\/yoast.com\/wordpress\/plugins\/seo\/ -->\n<title>Reducci\u00f3n de sanciones | Soluciones fiscales Advocate<\/title>\n<meta name=\"description\" content=\"Explora la supresi\u00f3n de sanciones por causa razonable para reducir o eliminar las sanciones del IRS. Demostrar razones v\u00e1lidas para la presentaci\u00f3n o el pago fuera de plazo .\" \/>\n<meta name=\"robots\" content=\"index, follow, max-snippet:-1, max-image-preview:large, max-video-preview:-1\" \/>\n<link rel=\"canonical\" href=\"https:\/\/myadvocate.tax\/es\/reduccion-de-sanciones\/\" \/>\n<meta property=\"og:locale\" content=\"es_ES\" \/>\n<meta property=\"og:type\" content=\"article\" \/>\n<meta property=\"og:title\" content=\"Reducci\u00f3n de sanciones\" \/>\n<meta property=\"og:description\" content=\"Explora la supresi\u00f3n de sanciones por causa razonable para reducir o eliminar las sanciones del IRS. Demostrar razones v\u00e1lidas para la presentaci\u00f3n o el pago fuera de plazo .\" \/>\n<meta property=\"og:url\" content=\"https:\/\/myadvocate.tax\/es\/reduccion-de-sanciones\/\" \/>\n<meta property=\"og:site_name\" content=\"Advocate Tax Solutions LLC\" \/>\n<meta property=\"article:publisher\" content=\"https:\/\/www.facebook.com\/profile.php?id=100094006291133\" \/>\n<meta property=\"article:modified_time\" content=\"2025-09-17T06:26:29+00:00\" \/>\n<meta property=\"og:image\" content=\"https:\/\/myadvocate.tax\/wp-content\/uploads\/2023\/07\/penalty-abatement-is-1316510147-jpg.webp\" \/>\n\t<meta property=\"og:image:width\" content=\"1254\" \/>\n\t<meta property=\"og:image:height\" content=\"837\" \/>\n\t<meta property=\"og:image:type\" content=\"image\/webp\" \/>\n<meta name=\"twitter:card\" content=\"summary_large_image\" \/>\n<meta name=\"twitter:label1\" content=\"Tiempo de lectura\" \/>\n\t<meta name=\"twitter:data1\" content=\"2 minutos\" \/>\n<script type=\"application\/ld+json\" class=\"yoast-schema-graph\">{\"@context\":\"https:\/\/schema.org\",\"@graph\":[{\"@type\":\"WebPage\",\"@id\":\"https:\/\/myadvocate.tax\/es\/reduccion-de-sanciones\/\",\"url\":\"https:\/\/myadvocate.tax\/es\/reduccion-de-sanciones\/\",\"name\":\"Reducci\u00f3n de sanciones | Soluciones fiscales Advocate\",\"isPartOf\":{\"@id\":\"https:\/\/myadvocate.tax\/#website\"},\"primaryImageOfPage\":{\"@id\":\"https:\/\/myadvocate.tax\/es\/reduccion-de-sanciones\/#primaryimage\"},\"image\":{\"@id\":\"https:\/\/myadvocate.tax\/es\/reduccion-de-sanciones\/#primaryimage\"},\"thumbnailUrl\":\"https:\/\/myadvocate.tax\/wp-content\/uploads\/2023\/07\/penalty-abatement-is-1316510147-jpg.webp\",\"datePublished\":\"2023-07-29T06:07:10+00:00\",\"dateModified\":\"2025-09-17T06:26:29+00:00\",\"description\":\"Explora la supresi\u00f3n de sanciones por causa razonable para reducir o eliminar las sanciones del IRS. Demostrar razones v\u00e1lidas para la presentaci\u00f3n o el pago fuera de plazo .\",\"breadcrumb\":{\"@id\":\"https:\/\/myadvocate.tax\/es\/reduccion-de-sanciones\/#breadcrumb\"},\"inLanguage\":\"es\",\"potentialAction\":[{\"@type\":\"ReadAction\",\"target\":[\"https:\/\/myadvocate.tax\/es\/reduccion-de-sanciones\/\"]}]},{\"@type\":\"ImageObject\",\"inLanguage\":\"es\",\"@id\":\"https:\/\/myadvocate.tax\/es\/reduccion-de-sanciones\/#primaryimage\",\"url\":\"https:\/\/myadvocate.tax\/wp-content\/uploads\/2023\/07\/penalty-abatement-is-1316510147-jpg.webp\",\"contentUrl\":\"https:\/\/myadvocate.tax\/wp-content\/uploads\/2023\/07\/penalty-abatement-is-1316510147-jpg.webp\"},{\"@type\":\"BreadcrumbList\",\"@id\":\"https:\/\/myadvocate.tax\/es\/reduccion-de-sanciones\/#breadcrumb\",\"itemListElement\":[{\"@type\":\"ListItem\",\"position\":1,\"name\":\"Home\",\"item\":\"https:\/\/myadvocate.tax\/\"},{\"@type\":\"ListItem\",\"position\":2,\"name\":\"Reducci\u00f3n de sanciones\"}]},{\"@type\":\"WebSite\",\"@id\":\"https:\/\/myadvocate.tax\/#website\",\"url\":\"https:\/\/myadvocate.tax\/\",\"name\":\"Advocate Tax Solutions LLC\",\"description\":\"Advocate Tax Solutions - Tax Debt Solutions - IRS Tax Resolution Service - State Tax Resolutions Services\",\"publisher\":{\"@id\":\"https:\/\/myadvocate.tax\/#organization\"},\"potentialAction\":[{\"@type\":\"SearchAction\",\"target\":{\"@type\":\"EntryPoint\",\"urlTemplate\":\"https:\/\/myadvocate.tax\/?s={search_term_string}\"},\"query-input\":{\"@type\":\"PropertyValueSpecification\",\"valueRequired\":true,\"valueName\":\"search_term_string\"}}],\"inLanguage\":\"es\"},{\"@type\":\"Organization\",\"@id\":\"https:\/\/myadvocate.tax\/#organization\",\"name\":\"Advocate Tax Solutions LLC\",\"url\":\"https:\/\/myadvocate.tax\/\",\"logo\":{\"@type\":\"ImageObject\",\"inLanguage\":\"es\",\"@id\":\"https:\/\/myadvocate.tax\/#\/schema\/logo\/image\/\",\"url\":\"https:\/\/myadvocate.tax\/wp-content\/uploads\/2023\/06\/Advocate-Tax-Solutions-Cropped-Border-scaled.webp\",\"contentUrl\":\"https:\/\/myadvocate.tax\/wp-content\/uploads\/2023\/06\/Advocate-Tax-Solutions-Cropped-Border-scaled.webp\",\"width\":2560,\"height\":1940,\"caption\":\"Advocate Tax Solutions LLC\"},\"image\":{\"@id\":\"https:\/\/myadvocate.tax\/#\/schema\/logo\/image\/\"},\"sameAs\":[\"https:\/\/www.facebook.com\/profile.php?id=100094006291133\"]}]}<\/script>\n<!-- \/ Yoast SEO Premium plugin. -->","yoast_head_json":{"title":"Reducci\u00f3n de sanciones | Soluciones fiscales Advocate","description":"Explora la supresi\u00f3n de sanciones por causa razonable para reducir o eliminar las sanciones del IRS. Demostrar razones v\u00e1lidas para la presentaci\u00f3n o el pago fuera de plazo .","robots":{"index":"index","follow":"follow","max-snippet":"max-snippet:-1","max-image-preview":"max-image-preview:large","max-video-preview":"max-video-preview:-1"},"canonical":"https:\/\/myadvocate.tax\/es\/reduccion-de-sanciones\/","og_locale":"es_ES","og_type":"article","og_title":"Reducci\u00f3n de sanciones","og_description":"Explora la supresi\u00f3n de sanciones por causa razonable para reducir o eliminar las sanciones del IRS. Demostrar razones v\u00e1lidas para la presentaci\u00f3n o el pago fuera de plazo .","og_url":"https:\/\/myadvocate.tax\/es\/reduccion-de-sanciones\/","og_site_name":"Advocate Tax Solutions LLC","article_publisher":"https:\/\/www.facebook.com\/profile.php?id=100094006291133","article_modified_time":"2025-09-17T06:26:29+00:00","og_image":[{"width":1254,"height":837,"url":"https:\/\/myadvocate.tax\/wp-content\/uploads\/2023\/07\/penalty-abatement-is-1316510147-jpg.webp","type":"image\/webp"}],"twitter_card":"summary_large_image","twitter_misc":{"Tiempo de lectura":"2 minutos"},"schema":{"@context":"https:\/\/schema.org","@graph":[{"@type":"WebPage","@id":"https:\/\/myadvocate.tax\/es\/reduccion-de-sanciones\/","url":"https:\/\/myadvocate.tax\/es\/reduccion-de-sanciones\/","name":"Reducci\u00f3n de sanciones | Soluciones fiscales Advocate","isPartOf":{"@id":"https:\/\/myadvocate.tax\/#website"},"primaryImageOfPage":{"@id":"https:\/\/myadvocate.tax\/es\/reduccion-de-sanciones\/#primaryimage"},"image":{"@id":"https:\/\/myadvocate.tax\/es\/reduccion-de-sanciones\/#primaryimage"},"thumbnailUrl":"https:\/\/myadvocate.tax\/wp-content\/uploads\/2023\/07\/penalty-abatement-is-1316510147-jpg.webp","datePublished":"2023-07-29T06:07:10+00:00","dateModified":"2025-09-17T06:26:29+00:00","description":"Explora la supresi\u00f3n de sanciones por causa razonable para reducir o eliminar las sanciones del IRS. Demostrar razones v\u00e1lidas para la presentaci\u00f3n o el pago fuera de plazo .","breadcrumb":{"@id":"https:\/\/myadvocate.tax\/es\/reduccion-de-sanciones\/#breadcrumb"},"inLanguage":"es","potentialAction":[{"@type":"ReadAction","target":["https:\/\/myadvocate.tax\/es\/reduccion-de-sanciones\/"]}]},{"@type":"ImageObject","inLanguage":"es","@id":"https:\/\/myadvocate.tax\/es\/reduccion-de-sanciones\/#primaryimage","url":"https:\/\/myadvocate.tax\/wp-content\/uploads\/2023\/07\/penalty-abatement-is-1316510147-jpg.webp","contentUrl":"https:\/\/myadvocate.tax\/wp-content\/uploads\/2023\/07\/penalty-abatement-is-1316510147-jpg.webp"},{"@type":"BreadcrumbList","@id":"https:\/\/myadvocate.tax\/es\/reduccion-de-sanciones\/#breadcrumb","itemListElement":[{"@type":"ListItem","position":1,"name":"Home","item":"https:\/\/myadvocate.tax\/"},{"@type":"ListItem","position":2,"name":"Reducci\u00f3n de sanciones"}]},{"@type":"WebSite","@id":"https:\/\/myadvocate.tax\/#website","url":"https:\/\/myadvocate.tax\/","name":"Advocate Tax Solutions LLC","description":"Advocate Tax Solutions - Tax Debt Solutions - IRS Tax Resolution Service - State Tax Resolutions Services","publisher":{"@id":"https:\/\/myadvocate.tax\/#organization"},"potentialAction":[{"@type":"SearchAction","target":{"@type":"EntryPoint","urlTemplate":"https:\/\/myadvocate.tax\/?s={search_term_string}"},"query-input":{"@type":"PropertyValueSpecification","valueRequired":true,"valueName":"search_term_string"}}],"inLanguage":"es"},{"@type":"Organization","@id":"https:\/\/myadvocate.tax\/#organization","name":"Advocate Tax Solutions LLC","url":"https:\/\/myadvocate.tax\/","logo":{"@type":"ImageObject","inLanguage":"es","@id":"https:\/\/myadvocate.tax\/#\/schema\/logo\/image\/","url":"https:\/\/myadvocate.tax\/wp-content\/uploads\/2023\/06\/Advocate-Tax-Solutions-Cropped-Border-scaled.webp","contentUrl":"https:\/\/myadvocate.tax\/wp-content\/uploads\/2023\/06\/Advocate-Tax-Solutions-Cropped-Border-scaled.webp","width":2560,"height":1940,"caption":"Advocate Tax Solutions LLC"},"image":{"@id":"https:\/\/myadvocate.tax\/#\/schema\/logo\/image\/"},"sameAs":["https:\/\/www.facebook.com\/profile.php?id=100094006291133"]}]}},"_links":{"self":[{"href":"https:\/\/myadvocate.tax\/es\/wp-json\/wp\/v2\/pages\/4799","targetHints":{"allow":["GET"]}}],"collection":[{"href":"https:\/\/myadvocate.tax\/es\/wp-json\/wp\/v2\/pages"}],"about":[{"href":"https:\/\/myadvocate.tax\/es\/wp-json\/wp\/v2\/types\/page"}],"author":[{"embeddable":true,"href":"https:\/\/myadvocate.tax\/es\/wp-json\/wp\/v2\/users\/1"}],"replies":[{"embeddable":true,"href":"https:\/\/myadvocate.tax\/es\/wp-json\/wp\/v2\/comments?post=4799"}],"version-history":[{"count":0,"href":"https:\/\/myadvocate.tax\/es\/wp-json\/wp\/v2\/pages\/4799\/revisions"}],"wp:attachment":[{"href":"https:\/\/myadvocate.tax\/es\/wp-json\/wp\/v2\/media?parent=4799"}],"curies":[{"name":"wp","href":"https:\/\/api.w.org\/{rel}","templated":true}]}}