{"id":4792,"date":"2023-07-25T07:21:29","date_gmt":"2023-07-25T07:21:29","guid":{"rendered":"https:\/\/myadvocate.tax\/acuerdo-condicional-de-pago-a-plazos\/"},"modified":"2025-09-15T18:19:45","modified_gmt":"2025-09-15T18:19:45","slug":"acuerdo-condicional-de-pago-a-plazos","status":"publish","type":"page","link":"https:\/\/myadvocate.tax\/es\/acuerdo-condicional-de-pago-a-plazos\/","title":{"rendered":"Acuerdo condicional de pago a plazos"},"content":{"rendered":"\t\t<div data-elementor-type=\"wp-page\" data-elementor-id=\"4792\" class=\"elementor elementor-4792 elementor-2139\" data-elementor-post-type=\"page\">\n\t\t\t\t\t\t<section class=\"elementor-section elementor-top-section elementor-element elementor-element-4c827c3 elementor-reverse-tablet elementor-reverse-mobile elementor-section-boxed elementor-section-height-default elementor-section-height-default\" data-id=\"4c827c3\" data-element_type=\"section\">\n\t\t\t\t\t\t<div class=\"elementor-container elementor-column-gap-default\">\n\t\t\t\t\t<div class=\"elementor-column elementor-col-50 elementor-top-column elementor-element elementor-element-a947e42\" data-id=\"a947e42\" data-element_type=\"column\">\n\t\t\t<div class=\"elementor-widget-wrap elementor-element-populated\">\n\t\t\t\t\t\t<div class=\"elementor-element elementor-element-caa5406 elementor-widget elementor-widget-text-editor\" data-id=\"caa5406\" data-element_type=\"widget\" data-widget_type=\"text-editor.default\">\n\t\t\t\t<div class=\"elementor-widget-container\">\n\t\t\t\t\t\t\t\t\t<h2 data-start=\"264\" data-end=\"311\">\u00bfQu\u00e9 es un contrato a plazos condicional?<\/h2><p data-start=\"313\" data-end=\"546\">Un <strong data-start=\"315\" data-end=\"358\">acuerdo de pago a plazos condicional (CIA)<\/strong> es un plan de pago del IRS a seis a\u00f1os dise\u00f1ado para contribuyentes con limitaciones econ\u00f3micas.<br data-start=\"440\" data-end=\"443\">Considera los ingresos, los bienes y los gastos mensuales del contribuyente para determinar los plazos de devoluci\u00f3n factibles.<\/p><h2 data-start=\"548\" data-end=\"565\">\u00bfQui\u00e9n puede solicitarlo?<\/h2><p data-start=\"567\" data-end=\"634\">Los contribuyentes deben facilitar informaci\u00f3n financiera completa, que incluya:<\/p><ul data-start=\"635\" data-end=\"728\"><li data-start=\"635\" data-end=\"686\"><p data-start=\"637\" data-end=\"686\">Viviendas, veh\u00edculos, cuentas bancarias e inversiones<\/p><\/li><li data-start=\"687\" data-end=\"728\"><p data-start=\"689\" data-end=\"728\">Ingresos mensuales y gastos dom\u00e9sticos<\/p><\/li><\/ul><p data-start=\"730\" data-end=\"915\">A diferencia de los planes est\u00e1ndar del IRS, para un acuerdo de pago a plazos condicional <strong data-start=\"778\" data-end=\"794\">no se requieren<\/strong> pruebas de los gastos.<br data-start=\"835\" data-end=\"838\">Pueden incluirse todos los gastos dom\u00e9sticos si se cumplen los requisitos de elegibilidad.<\/p><h2 data-start=\"917\" data-end=\"942\">Criterios de cualificaci\u00f3n<\/h2><p data-start=\"944\" data-end=\"994\">Para poder acogerse a este programa del IRS, los contribuyentes deben<\/p><ul data-start=\"995\" data-end=\"1208\"><li data-start=\"995\" data-end=\"1068\"><p data-start=\"997\" data-end=\"1068\">Demostrar que pueden pagar todas las facturas actuales y seguir cumpliendo con las declaraciones<\/p><\/li><li data-start=\"1069\" data-end=\"1139\"><p data-start=\"1071\" data-end=\"1139\">Demostrar el reembolso total de su deuda tributaria en un plazo de seis a\u00f1os<\/p><\/li><li data-start=\"1140\" data-end=\"1208\"><p data-start=\"1142\" data-end=\"1208\">Aseg\u00farate de que los gastos reclamados son razonables y siguen las directrices del IRS<\/p><\/li><\/ul><p data-start=\"1210\" data-end=\"1411\">El IRS establece cantidades m\u00e1ximas permitidas para categor\u00edas como la vivienda, el transporte y los servicios p\u00fablicos.<br data-start=\"1308\" data-end=\"1311\">Los contribuyentes que deban m\u00e1s de 50.000 $ pero puedan pagarlos \u00edntegramente en seis a\u00f1os pueden reclamar gastos adicionales.<\/p><h2 data-start=\"1413\" data-end=\"1428\">Caracter\u00edsticas principales<\/h2><ul data-start=\"1430\" data-end=\"1663\"><li data-start=\"1430\" data-end=\"1491\"><p data-start=\"1432\" data-end=\"1491\">Condiciones de reembolso flexibles adaptadas a la situaci\u00f3n financiera<\/p><\/li><li data-start=\"1492\" data-end=\"1569\"><p data-start=\"1494\" data-end=\"1569\">Los pagos deben finalizar antes de la Fecha de Expiraci\u00f3n del Estatuto de Cobro (CSED)<\/p><\/li><li data-start=\"1570\" data-end=\"1663\"><p data-start=\"1572\" data-end=\"1663\">Exclusivo del programa de pago a plazos condicional y no aplicable a otros planes<\/p><\/li><\/ul><h2 data-start=\"1665\" data-end=\"1701\">Por qu\u00e9 es importante la orientaci\u00f3n profesional<\/h2><p data-start=\"1703\" data-end=\"1959\">Las leyes fiscales y las pol\u00edticas del IRS cambian con frecuencia, lo que afecta a las normas de elegibilidad.<br data-start=\"1776\" data-end=\"1779\">Consultar a un profesional fiscal garantiza la orientaci\u00f3n m\u00e1s actualizada y la aplicaci\u00f3n correcta.<br data-start=\"1870\" data-end=\"1873\">La comunicaci\u00f3n directa con el IRS proporciona claridad sobre los planes de reembolso y los gastos permitidos.<\/p><h2 data-start=\"1961\" data-end=\"2011\">Ventajas de un acuerdo de pago a plazos condicional<\/h2><ul data-start=\"2013\" data-end=\"2244\"><li data-start=\"2013\" data-end=\"2096\"><p data-start=\"2015\" data-end=\"2096\">Ayuda a gestionar las obligaciones fiscales sin sanciones ni acciones de cobro agresivas<\/p><\/li><li data-start=\"2097\" data-end=\"2175\"><p data-start=\"2099\" data-end=\"2175\">Proporciona un alivio estructurado a la vez que se adapta a situaciones financieras \u00fanicas<\/p><\/li><li data-start=\"2176\" data-end=\"2244\"><p data-start=\"2178\" data-end=\"2244\">Ideal para los contribuyentes que no pueden pagar todo su saldo inmediatamente<\/p><\/li><\/ul><p data-start=\"2246\" data-end=\"2364\">Una planificaci\u00f3n cuidadosa, una documentaci\u00f3n precisa y un apoyo profesional maximizan las ventajas de esta opci\u00f3n de pago al IRS.<\/p>\t\t\t\t\t\t\t\t<\/div>\n\t\t\t\t<\/div>\n\t\t\t\t\t<\/div>\n\t\t<\/div>\n\t\t\t\t<div class=\"elementor-column elementor-col-50 elementor-top-column elementor-element elementor-element-64449ba\" data-id=\"64449ba\" data-element_type=\"column\">\n\t\t\t<div class=\"elementor-widget-wrap elementor-element-populated\">\n\t\t\t\t\t\t<div class=\"elementor-element elementor-element-a16b061 elementor-widget elementor-widget-image\" data-id=\"a16b061\" data-element_type=\"widget\" data-widget_type=\"image.default\">\n\t\t\t\t<div class=\"elementor-widget-container\">\n\t\t\t\t\t\t\t\t\t\t\t\t\t\t\t<img fetchpriority=\"high\" decoding=\"async\" width=\"600\" height=\"360\" src=\"https:\/\/myadvocate.tax\/wp-content\/uploads\/2023\/07\/GettyImages-915488206-600x360-1.webp\" class=\"attachment-full size-full wp-image-4716\" alt=\"person calculating taxes with documents\" srcset=\"https:\/\/myadvocate.tax\/wp-content\/uploads\/2023\/07\/GettyImages-915488206-600x360-1.webp 600w, https:\/\/myadvocate.tax\/wp-content\/uploads\/2023\/07\/GettyImages-915488206-600x360-1-300x180.webp 300w\" sizes=\"(max-width: 600px) 100vw, 600px\" \/>\t\t\t\t\t\t\t\t\t\t\t\t\t\t\t<\/div>\n\t\t\t\t<\/div>\n\t\t\t\t\t<\/div>\n\t\t<\/div>\n\t\t\t\t\t<\/div>\n\t\t<\/section>\n\t\t\t\t<\/div>\n\t\t","protected":false},"excerpt":{"rendered":"<p>\u00bfQu\u00e9 es un contrato a plazos condicional? Un acuerdo de pago a plazos condicional (CIA) es un plan de pago del IRS a seis a\u00f1os dise\u00f1ado para contribuyentes con limitaciones econ\u00f3micas.Considera los ingresos, los bienes y los gastos mensuales del contribuyente para determinar los plazos de devoluci\u00f3n factibles. \u00bfQui\u00e9n puede solicitarlo? Los contribuyentes deben facilitar [&hellip;]<\/p>\n","protected":false},"author":1,"featured_media":0,"parent":0,"menu_order":0,"comment_status":"closed","ping_status":"closed","template":"","meta":{"_coblocks_attr":"","_coblocks_dimensions":"","_coblocks_responsive_height":"","_coblocks_accordion_ie_support":"","footnotes":""},"class_list":["post-4792","page","type-page","status-publish","hentry"],"yoast_head":"<!-- This site is optimized with the Yoast SEO Premium plugin v26.6 (Yoast SEO v26.6) - https:\/\/yoast.com\/wordpress\/plugins\/seo\/ -->\n<title>Acuerdo Condicional de Pago a Plazos | Advocate Tax Solutions<\/title>\n<meta name=\"description\" content=\"Comprende el Acuerdo Condicional de Pagos a Plazos: un plan de pagos de seis a\u00f1os adaptado a tu situaci\u00f3n financiera con Hacienda.\" \/>\n<meta name=\"robots\" content=\"index, follow, max-snippet:-1, max-image-preview:large, max-video-preview:-1\" \/>\n<link rel=\"canonical\" href=\"https:\/\/myadvocate.tax\/conditional-installment-agreement\/\" \/>\n<meta property=\"og:locale\" content=\"es_ES\" \/>\n<meta property=\"og:type\" content=\"article\" \/>\n<meta property=\"og:title\" content=\"Acuerdo condicional de pago a plazos\" \/>\n<meta property=\"og:description\" content=\"Comprende el Acuerdo Condicional de Pagos a Plazos: un plan de pagos de seis a\u00f1os adaptado a tu situaci\u00f3n financiera con Hacienda.\" \/>\n<meta property=\"og:url\" content=\"https:\/\/myadvocate.tax\/conditional-installment-agreement\/\" \/>\n<meta property=\"og:site_name\" content=\"Advocate Tax Solutions LLC\" \/>\n<meta property=\"article:publisher\" content=\"https:\/\/www.facebook.com\/profile.php?id=100094006291133\" \/>\n<meta property=\"article:modified_time\" content=\"2025-09-15T18:19:45+00:00\" \/>\n<meta property=\"og:image\" content=\"https:\/\/myadvocate.tax\/wp-content\/uploads\/2023\/07\/GettyImages-915488206-600x360-1.webp\" \/>\n\t<meta property=\"og:image:width\" content=\"600\" \/>\n\t<meta property=\"og:image:height\" content=\"360\" \/>\n\t<meta property=\"og:image:type\" content=\"image\/webp\" \/>\n<meta name=\"twitter:card\" content=\"summary_large_image\" \/>\n<meta name=\"twitter:label1\" content=\"Tiempo de lectura\" \/>\n\t<meta name=\"twitter:data1\" content=\"2 minutos\" \/>\n<script type=\"application\/ld+json\" class=\"yoast-schema-graph\">{\"@context\":\"https:\/\/schema.org\",\"@graph\":[{\"@type\":\"WebPage\",\"@id\":\"https:\/\/myadvocate.tax\/conditional-installment-agreement\/\",\"url\":\"https:\/\/myadvocate.tax\/conditional-installment-agreement\/\",\"name\":\"Acuerdo Condicional de Pago a Plazos | Advocate Tax Solutions\",\"isPartOf\":{\"@id\":\"https:\/\/myadvocate.tax\/#website\"},\"primaryImageOfPage\":{\"@id\":\"https:\/\/myadvocate.tax\/conditional-installment-agreement\/#primaryimage\"},\"image\":{\"@id\":\"https:\/\/myadvocate.tax\/conditional-installment-agreement\/#primaryimage\"},\"thumbnailUrl\":\"https:\/\/myadvocate.tax\/wp-content\/uploads\/2023\/07\/GettyImages-915488206-600x360-1.webp\",\"datePublished\":\"2023-07-25T07:21:29+00:00\",\"dateModified\":\"2025-09-15T18:19:45+00:00\",\"description\":\"Comprende el Acuerdo Condicional de Pagos a Plazos: un plan de pagos de seis a\u00f1os adaptado a tu situaci\u00f3n financiera con Hacienda.\",\"breadcrumb\":{\"@id\":\"https:\/\/myadvocate.tax\/conditional-installment-agreement\/#breadcrumb\"},\"inLanguage\":\"es\",\"potentialAction\":[{\"@type\":\"ReadAction\",\"target\":[\"https:\/\/myadvocate.tax\/conditional-installment-agreement\/\"]}]},{\"@type\":\"ImageObject\",\"inLanguage\":\"es\",\"@id\":\"https:\/\/myadvocate.tax\/conditional-installment-agreement\/#primaryimage\",\"url\":\"https:\/\/myadvocate.tax\/wp-content\/uploads\/2023\/07\/GettyImages-915488206-600x360-1.webp\",\"contentUrl\":\"https:\/\/myadvocate.tax\/wp-content\/uploads\/2023\/07\/GettyImages-915488206-600x360-1.webp\"},{\"@type\":\"BreadcrumbList\",\"@id\":\"https:\/\/myadvocate.tax\/conditional-installment-agreement\/#breadcrumb\",\"itemListElement\":[{\"@type\":\"ListItem\",\"position\":1,\"name\":\"Home\",\"item\":\"https:\/\/myadvocate.tax\/\"},{\"@type\":\"ListItem\",\"position\":2,\"name\":\"Acuerdo condicional de pago a plazos\"}]},{\"@type\":\"WebSite\",\"@id\":\"https:\/\/myadvocate.tax\/#website\",\"url\":\"https:\/\/myadvocate.tax\/\",\"name\":\"Advocate Tax Solutions LLC\",\"description\":\"Advocate Tax Solutions - Tax Debt Solutions - IRS Tax Resolution Service - State Tax Resolutions Services\",\"publisher\":{\"@id\":\"https:\/\/myadvocate.tax\/#organization\"},\"potentialAction\":[{\"@type\":\"SearchAction\",\"target\":{\"@type\":\"EntryPoint\",\"urlTemplate\":\"https:\/\/myadvocate.tax\/?s={search_term_string}\"},\"query-input\":{\"@type\":\"PropertyValueSpecification\",\"valueRequired\":true,\"valueName\":\"search_term_string\"}}],\"inLanguage\":\"es\"},{\"@type\":\"Organization\",\"@id\":\"https:\/\/myadvocate.tax\/#organization\",\"name\":\"Advocate Tax Solutions LLC\",\"url\":\"https:\/\/myadvocate.tax\/\",\"logo\":{\"@type\":\"ImageObject\",\"inLanguage\":\"es\",\"@id\":\"https:\/\/myadvocate.tax\/#\/schema\/logo\/image\/\",\"url\":\"https:\/\/myadvocate.tax\/wp-content\/uploads\/2023\/06\/Advocate-Tax-Solutions-Cropped-Border-scaled.webp\",\"contentUrl\":\"https:\/\/myadvocate.tax\/wp-content\/uploads\/2023\/06\/Advocate-Tax-Solutions-Cropped-Border-scaled.webp\",\"width\":2560,\"height\":1940,\"caption\":\"Advocate Tax Solutions LLC\"},\"image\":{\"@id\":\"https:\/\/myadvocate.tax\/#\/schema\/logo\/image\/\"},\"sameAs\":[\"https:\/\/www.facebook.com\/profile.php?id=100094006291133\"]}]}<\/script>\n<!-- \/ Yoast SEO Premium plugin. -->","yoast_head_json":{"title":"Acuerdo Condicional de Pago a Plazos | Advocate Tax Solutions","description":"Comprende el Acuerdo Condicional de Pagos a Plazos: un plan de pagos de seis a\u00f1os adaptado a tu situaci\u00f3n financiera con Hacienda.","robots":{"index":"index","follow":"follow","max-snippet":"max-snippet:-1","max-image-preview":"max-image-preview:large","max-video-preview":"max-video-preview:-1"},"canonical":"https:\/\/myadvocate.tax\/conditional-installment-agreement\/","og_locale":"es_ES","og_type":"article","og_title":"Acuerdo condicional de pago a plazos","og_description":"Comprende el Acuerdo Condicional de Pagos a Plazos: un plan de pagos de seis a\u00f1os adaptado a tu situaci\u00f3n financiera con Hacienda.","og_url":"https:\/\/myadvocate.tax\/conditional-installment-agreement\/","og_site_name":"Advocate Tax Solutions LLC","article_publisher":"https:\/\/www.facebook.com\/profile.php?id=100094006291133","article_modified_time":"2025-09-15T18:19:45+00:00","og_image":[{"width":600,"height":360,"url":"https:\/\/myadvocate.tax\/wp-content\/uploads\/2023\/07\/GettyImages-915488206-600x360-1.webp","type":"image\/webp"}],"twitter_card":"summary_large_image","twitter_misc":{"Tiempo de lectura":"2 minutos"},"schema":{"@context":"https:\/\/schema.org","@graph":[{"@type":"WebPage","@id":"https:\/\/myadvocate.tax\/conditional-installment-agreement\/","url":"https:\/\/myadvocate.tax\/conditional-installment-agreement\/","name":"Acuerdo Condicional de Pago a Plazos | Advocate Tax Solutions","isPartOf":{"@id":"https:\/\/myadvocate.tax\/#website"},"primaryImageOfPage":{"@id":"https:\/\/myadvocate.tax\/conditional-installment-agreement\/#primaryimage"},"image":{"@id":"https:\/\/myadvocate.tax\/conditional-installment-agreement\/#primaryimage"},"thumbnailUrl":"https:\/\/myadvocate.tax\/wp-content\/uploads\/2023\/07\/GettyImages-915488206-600x360-1.webp","datePublished":"2023-07-25T07:21:29+00:00","dateModified":"2025-09-15T18:19:45+00:00","description":"Comprende el Acuerdo Condicional de Pagos a Plazos: un plan de pagos de seis a\u00f1os adaptado a tu situaci\u00f3n financiera con Hacienda.","breadcrumb":{"@id":"https:\/\/myadvocate.tax\/conditional-installment-agreement\/#breadcrumb"},"inLanguage":"es","potentialAction":[{"@type":"ReadAction","target":["https:\/\/myadvocate.tax\/conditional-installment-agreement\/"]}]},{"@type":"ImageObject","inLanguage":"es","@id":"https:\/\/myadvocate.tax\/conditional-installment-agreement\/#primaryimage","url":"https:\/\/myadvocate.tax\/wp-content\/uploads\/2023\/07\/GettyImages-915488206-600x360-1.webp","contentUrl":"https:\/\/myadvocate.tax\/wp-content\/uploads\/2023\/07\/GettyImages-915488206-600x360-1.webp"},{"@type":"BreadcrumbList","@id":"https:\/\/myadvocate.tax\/conditional-installment-agreement\/#breadcrumb","itemListElement":[{"@type":"ListItem","position":1,"name":"Home","item":"https:\/\/myadvocate.tax\/"},{"@type":"ListItem","position":2,"name":"Acuerdo condicional de pago a plazos"}]},{"@type":"WebSite","@id":"https:\/\/myadvocate.tax\/#website","url":"https:\/\/myadvocate.tax\/","name":"Advocate Tax Solutions LLC","description":"Advocate Tax Solutions - Tax Debt Solutions - IRS Tax Resolution Service - State Tax Resolutions Services","publisher":{"@id":"https:\/\/myadvocate.tax\/#organization"},"potentialAction":[{"@type":"SearchAction","target":{"@type":"EntryPoint","urlTemplate":"https:\/\/myadvocate.tax\/?s={search_term_string}"},"query-input":{"@type":"PropertyValueSpecification","valueRequired":true,"valueName":"search_term_string"}}],"inLanguage":"es"},{"@type":"Organization","@id":"https:\/\/myadvocate.tax\/#organization","name":"Advocate Tax Solutions LLC","url":"https:\/\/myadvocate.tax\/","logo":{"@type":"ImageObject","inLanguage":"es","@id":"https:\/\/myadvocate.tax\/#\/schema\/logo\/image\/","url":"https:\/\/myadvocate.tax\/wp-content\/uploads\/2023\/06\/Advocate-Tax-Solutions-Cropped-Border-scaled.webp","contentUrl":"https:\/\/myadvocate.tax\/wp-content\/uploads\/2023\/06\/Advocate-Tax-Solutions-Cropped-Border-scaled.webp","width":2560,"height":1940,"caption":"Advocate Tax Solutions LLC"},"image":{"@id":"https:\/\/myadvocate.tax\/#\/schema\/logo\/image\/"},"sameAs":["https:\/\/www.facebook.com\/profile.php?id=100094006291133"]}]}},"_links":{"self":[{"href":"https:\/\/myadvocate.tax\/es\/wp-json\/wp\/v2\/pages\/4792","targetHints":{"allow":["GET"]}}],"collection":[{"href":"https:\/\/myadvocate.tax\/es\/wp-json\/wp\/v2\/pages"}],"about":[{"href":"https:\/\/myadvocate.tax\/es\/wp-json\/wp\/v2\/types\/page"}],"author":[{"embeddable":true,"href":"https:\/\/myadvocate.tax\/es\/wp-json\/wp\/v2\/users\/1"}],"replies":[{"embeddable":true,"href":"https:\/\/myadvocate.tax\/es\/wp-json\/wp\/v2\/comments?post=4792"}],"version-history":[{"count":0,"href":"https:\/\/myadvocate.tax\/es\/wp-json\/wp\/v2\/pages\/4792\/revisions"}],"wp:attachment":[{"href":"https:\/\/myadvocate.tax\/es\/wp-json\/wp\/v2\/media?parent=4792"}],"curies":[{"name":"wp","href":"https:\/\/api.w.org\/{rel}","templated":true}]}}