{"id":4781,"date":"2023-07-29T06:47:27","date_gmt":"2023-07-29T06:47:27","guid":{"rendered":"https:\/\/myadvocate.tax\/acuerdo-de-pago-parcial\/"},"modified":"2025-09-17T06:22:12","modified_gmt":"2025-09-17T06:22:12","slug":"acuerdo-de-pago-parcial","status":"publish","type":"page","link":"https:\/\/myadvocate.tax\/es\/acuerdo-de-pago-parcial\/","title":{"rendered":"Acuerdo de pago parcial"},"content":{"rendered":"\t\t<div data-elementor-type=\"wp-page\" data-elementor-id=\"4781\" class=\"elementor elementor-4781 elementor-2504\" data-elementor-post-type=\"page\">\n\t\t\t\t\t\t<section class=\"elementor-section elementor-top-section elementor-element elementor-element-98cb5a3 elementor-reverse-mobile elementor-section-boxed elementor-section-height-default elementor-section-height-default\" data-id=\"98cb5a3\" data-element_type=\"section\">\n\t\t\t\t\t\t<div class=\"elementor-container elementor-column-gap-default\">\n\t\t\t\t\t<div class=\"elementor-column elementor-col-50 elementor-top-column elementor-element elementor-element-c3ec5a6\" data-id=\"c3ec5a6\" data-element_type=\"column\">\n\t\t\t<div class=\"elementor-widget-wrap elementor-element-populated\">\n\t\t\t\t\t\t<div class=\"elementor-element elementor-element-b1577fd elementor-widget elementor-widget-heading\" data-id=\"b1577fd\" data-element_type=\"widget\" data-widget_type=\"heading.default\">\n\t\t\t\t<div class=\"elementor-widget-container\">\n\t\t\t\t\t<h2 class=\"elementor-heading-title elementor-size-default\">Entendiendo el Acuerdo de Pago Parcial del IRS<\/h2>\t\t\t\t<\/div>\n\t\t\t\t<\/div>\n\t\t\t\t<div class=\"elementor-element elementor-element-7026f60 elementor-widget elementor-widget-text-editor\" data-id=\"7026f60\" data-element_type=\"widget\" data-widget_type=\"text-editor.default\">\n\t\t\t\t<div class=\"elementor-widget-container\">\n\t\t\t\t\t\t\t\t\t<p>El <a href=\"https:\/\/www.taxpayeradvocate.irs.gov\/notices\/partial-payment-installment-agreement\/\" target=\"_blank\" rel=\"noopener\">Acuerdo de Pago Parcial del IRS<\/a> (PPIA) es una opci\u00f3n potencial para los contribuyentes que no pueden pagar toda su deuda tributaria en su totalidad. En lugar de pagar la deuda total, el PPIA permite a los contribuyentes realizar pagos mensuales manejables en funci\u00f3n de su situaci\u00f3n financiera.<\/p><p><strong>He aqu\u00ed algunos puntos clave que hay que entender sobre la PPIA:<\/strong><\/p>\t\t\t\t\t\t\t\t<\/div>\n\t\t\t\t<\/div>\n\t\t\t\t\t<\/div>\n\t\t<\/div>\n\t\t\t\t<div class=\"elementor-column elementor-col-50 elementor-top-column elementor-element elementor-element-ca2bd21\" data-id=\"ca2bd21\" data-element_type=\"column\">\n\t\t\t<div class=\"elementor-widget-wrap elementor-element-populated\">\n\t\t\t\t\t\t<div class=\"elementor-element elementor-element-2a931b2 elementor-widget elementor-widget-image\" data-id=\"2a931b2\" data-element_type=\"widget\" data-widget_type=\"image.default\">\n\t\t\t\t<div class=\"elementor-widget-container\">\n\t\t\t\t\t\t\t\t\t\t\t\t\t\t\t<img fetchpriority=\"high\" decoding=\"async\" width=\"1014\" height=\"678\" src=\"https:\/\/myadvocate.tax\/wp-content\/uploads\/2023\/07\/payroll-and-payday-concept-with-calculator-and-calendar-finance-design-cash-bank-flat-background_t20_BaRNgx.webp\" class=\"attachment-full size-full wp-image-4723\" alt=\"Calendar with payday marked\" srcset=\"https:\/\/myadvocate.tax\/wp-content\/uploads\/2023\/07\/payroll-and-payday-concept-with-calculator-and-calendar-finance-design-cash-bank-flat-background_t20_BaRNgx.webp 1014w, https:\/\/myadvocate.tax\/wp-content\/uploads\/2023\/07\/payroll-and-payday-concept-with-calculator-and-calendar-finance-design-cash-bank-flat-background_t20_BaRNgx-300x201.webp 300w, https:\/\/myadvocate.tax\/wp-content\/uploads\/2023\/07\/payroll-and-payday-concept-with-calculator-and-calendar-finance-design-cash-bank-flat-background_t20_BaRNgx-768x514.webp 768w\" sizes=\"(max-width: 1014px) 100vw, 1014px\" \/>\t\t\t\t\t\t\t\t\t\t\t\t\t\t\t<\/div>\n\t\t\t\t<\/div>\n\t\t\t\t\t<\/div>\n\t\t<\/div>\n\t\t\t\t\t<\/div>\n\t\t<\/section>\n\t\t\t\t<section class=\"elementor-section elementor-top-section elementor-element elementor-element-9e734d4 elementor-section-boxed elementor-section-height-default elementor-section-height-default\" data-id=\"9e734d4\" data-element_type=\"section\">\n\t\t\t\t\t\t<div class=\"elementor-container elementor-column-gap-default\">\n\t\t\t\t\t<div class=\"elementor-column elementor-col-100 elementor-top-column elementor-element elementor-element-6240585\" data-id=\"6240585\" data-element_type=\"column\">\n\t\t\t<div class=\"elementor-widget-wrap elementor-element-populated\">\n\t\t\t\t\t\t<div class=\"elementor-element elementor-element-5002834 elementor-widget elementor-widget-heading\" data-id=\"5002834\" data-element_type=\"widget\" data-widget_type=\"heading.default\">\n\t\t\t\t<div class=\"elementor-widget-container\">\n\t\t\t\t\t<h2 class=\"elementor-heading-title elementor-size-default\">Elegibilidad:  <\/h2>\t\t\t\t<\/div>\n\t\t\t\t<\/div>\n\t\t\t\t<div class=\"elementor-element elementor-element-a585e8b elementor-widget elementor-widget-text-editor\" data-id=\"a585e8b\" data-element_type=\"widget\" data-widget_type=\"text-editor.default\">\n\t\t\t\t<div class=\"elementor-widget-container\">\n\t\t\t\t\t\t\t\t\t<p>Para tener derecho a una PPIA, debe cumplir unos requisitos espec\u00edficos, entre los que se incluyen tener una deuda tributaria superior a 10.000 d\u00f3lares (incluidos intereses y sanciones), haber presentado y pagado las declaraciones de la renta de a\u00f1os anteriores, no haberse declarado en quiebra y que no se le haya aceptado una Oferta de Acuerdo (OIC).<\/p>\t\t\t\t\t\t\t\t<\/div>\n\t\t\t\t<\/div>\n\t\t\t\t<div class=\"elementor-element elementor-element-1e3a84b elementor-widget elementor-widget-heading\" data-id=\"1e3a84b\" data-element_type=\"widget\" data-widget_type=\"heading.default\">\n\t\t\t\t<div class=\"elementor-widget-container\">\n\t\t\t\t\t<h2 class=\"elementor-heading-title elementor-size-default\">Documentaci\u00f3n financiera:  <\/h2>\t\t\t\t<\/div>\n\t\t\t\t<\/div>\n\t\t\t\t<div class=\"elementor-element elementor-element-a566528 elementor-widget elementor-widget-text-editor\" data-id=\"a566528\" data-element_type=\"widget\" data-widget_type=\"text-editor.default\">\n\t\t\t\t<div class=\"elementor-widget-container\">\n\t\t\t\t\t\t\t\t\t<p>A diferencia de otros acuerdos de pago a plazos del IRS, el PPIA requiere documentaci\u00f3n financiera sustancial para demostrar al IRS que el contribuyente no puede pagar la deuda tributaria total.<\/p>\t\t\t\t\t\t\t\t<\/div>\n\t\t\t\t<\/div>\n\t\t\t\t<div class=\"elementor-element elementor-element-ca40b4f elementor-widget elementor-widget-heading\" data-id=\"ca40b4f\" data-element_type=\"widget\" data-widget_type=\"heading.default\">\n\t\t\t\t<div class=\"elementor-widget-container\">\n\t\t\t\t\t<h2 class=\"elementor-heading-title elementor-size-default\">Revisi\u00f3n de 2 a\u00f1os:<\/h2>\t\t\t\t<\/div>\n\t\t\t\t<\/div>\n\t\t\t\t<div class=\"elementor-element elementor-element-5cb1804 elementor-widget elementor-widget-text-editor\" data-id=\"5cb1804\" data-element_type=\"widget\" data-widget_type=\"text-editor.default\">\n\t\t\t\t<div class=\"elementor-widget-container\">\n\t\t\t\t\t\t\t\t\t<p>La PPIA viene con un per\u00edodo de revisi\u00f3n de 2 a\u00f1os, durante el cual el IRS puede volver a evaluar su situaci\u00f3n financiera y potencialmente ajustar los t\u00e9rminos de su acuerdo.<\/p>\t\t\t\t\t\t\t\t<\/div>\n\t\t\t\t<\/div>\n\t\t\t\t<div class=\"elementor-element elementor-element-393ab74 elementor-widget elementor-widget-heading\" data-id=\"393ab74\" data-element_type=\"widget\" data-widget_type=\"heading.default\">\n\t\t\t\t<div class=\"elementor-widget-container\">\n\t\t\t\t\t<h2 class=\"elementor-heading-title elementor-size-default\">M\u00e1s f\u00e1cil que OIC:  <\/h2>\t\t\t\t<\/div>\n\t\t\t\t<\/div>\n\t\t\t\t<div class=\"elementor-element elementor-element-5b742e1 elementor-widget elementor-widget-text-editor\" data-id=\"5b742e1\" data-element_type=\"widget\" data-widget_type=\"text-editor.default\">\n\t\t\t\t<div class=\"elementor-widget-container\">\n\t\t\t\t\t\t\t\t\t<p>La PPIA suele ser m\u00e1s f\u00e1cil de obtener que una<a href=\"http:\/\/myadvocate.tax\/es\/oferta-de-compromiso\/\"> Oferta de Transacci\u00f3n (OIC)<\/a>, ya que requiere menos tiempo de tramitaci\u00f3n y menos papeleo.<\/p>\t\t\t\t\t\t\t\t<\/div>\n\t\t\t\t<\/div>\n\t\t\t\t<div class=\"elementor-element elementor-element-faa4cff elementor-widget elementor-widget-heading\" data-id=\"faa4cff\" data-element_type=\"widget\" data-widget_type=\"heading.default\">\n\t\t\t\t<div class=\"elementor-widget-container\">\n\t\t\t\t\t<h2 class=\"elementor-heading-title elementor-size-default\">No 5 a\u00f1os de libertad condicional:<\/h2>\t\t\t\t<\/div>\n\t\t\t\t<\/div>\n\t\t\t\t<div class=\"elementor-element elementor-element-d8c0e02 elementor-widget elementor-widget-text-editor\" data-id=\"d8c0e02\" data-element_type=\"widget\" data-widget_type=\"text-editor.default\">\n\t\t\t\t<div class=\"elementor-widget-container\">\n\t\t\t\t\t\t\t\t\t<p>A diferencia de una oferta de transacci\u00f3n, la PPIA no conlleva el riesgo de volver a deber el importe total de la deuda tributaria debido a la presentaci\u00f3n tard\u00eda de las declaraciones de impuestos o a la falta de pagos.<\/p>\t\t\t\t\t\t\t\t<\/div>\n\t\t\t\t<\/div>\n\t\t\t\t<div class=\"elementor-element elementor-element-3bce6c6 elementor-widget elementor-widget-heading\" data-id=\"3bce6c6\" data-element_type=\"widget\" data-widget_type=\"heading.default\">\n\t\t\t\t<div class=\"elementor-widget-container\">\n\t\t\t\t\t<h2 class=\"elementor-heading-title elementor-size-default\">No hay pr\u00f3rroga del plazo de prescripci\u00f3n:<\/h2>\t\t\t\t<\/div>\n\t\t\t\t<\/div>\n\t\t\t\t<div class=\"elementor-element elementor-element-24f74d5 elementor-widget elementor-widget-text-editor\" data-id=\"24f74d5\" data-element_type=\"widget\" data-widget_type=\"text-editor.default\">\n\t\t\t\t<div class=\"elementor-widget-container\">\n\t\t\t\t\t\t\t\t\t<p>El IRS puede ampliar el plazo de prescripci\u00f3n de la recaudaci\u00f3n (CSED) en el caso de una OIC, lo que les permite m\u00e1s tiempo para cobrar la deuda tributaria, pero esta extensi\u00f3n no se aplica a la PPIA.<\/p>\t\t\t\t\t\t\t\t<\/div>\n\t\t\t\t<\/div>\n\t\t\t\t<div class=\"elementor-element elementor-element-a1ec2e1 elementor-widget elementor-widget-heading\" data-id=\"a1ec2e1\" data-element_type=\"widget\" data-widget_type=\"heading.default\">\n\t\t\t\t<div class=\"elementor-widget-container\">\n\t\t\t\t\t<h2 class=\"elementor-heading-title elementor-size-default\">Posibles inconvenientes:  <\/h2>\t\t\t\t<\/div>\n\t\t\t\t<\/div>\n\t\t\t\t<div class=\"elementor-element elementor-element-070e5fe elementor-widget elementor-widget-text-editor\" data-id=\"070e5fe\" data-element_type=\"widget\" data-widget_type=\"text-editor.default\">\n\t\t\t\t<div class=\"elementor-widget-container\">\n\t\t\t\t\t\t\t\t\t<p>Una desventaja potencial de la PPIA es la falta de finalidad, ya que el IRS revisa su situaci\u00f3n financiera cada dos a\u00f1os. Si su situaci\u00f3n financiera mejora, pueden aumentar sus pagos mensuales y buscar la liquidaci\u00f3n de activos.<\/p>\t\t\t\t\t\t\t\t<\/div>\n\t\t\t\t<\/div>\n\t\t\t\t\t<\/div>\n\t\t<\/div>\n\t\t\t\t\t<\/div>\n\t\t<\/section>\n\t\t\t\t<section class=\"elementor-section elementor-top-section elementor-element elementor-element-bd1746b elementor-reverse-mobile elementor-section-boxed elementor-section-height-default elementor-section-height-default\" data-id=\"bd1746b\" data-element_type=\"section\">\n\t\t\t\t\t\t<div class=\"elementor-container elementor-column-gap-default\">\n\t\t\t\t\t<div class=\"elementor-column elementor-col-50 elementor-top-column elementor-element elementor-element-8e585ce\" data-id=\"8e585ce\" data-element_type=\"column\">\n\t\t\t<div class=\"elementor-widget-wrap elementor-element-populated\">\n\t\t\t\t\t\t<div class=\"elementor-element elementor-element-5008c7a elementor-widget elementor-widget-text-editor\" data-id=\"5008c7a\" data-element_type=\"widget\" data-widget_type=\"text-editor.default\">\n\t\t\t\t<div class=\"elementor-widget-container\">\n\t\t\t\t\t\t\t\t\t<p>Solicitar un PPIA implica rellenar los formularios necesarios (formulario 433-A o 433-B y formulario 9645) y proponer a Hacienda una cuota mensual razonable y aceptable. Requiere que los contribuyentes presenten documentos y esperen la respuesta del IRS, que deber\u00eda llegar en un plazo de 30 d\u00edas. Si no recibe respuesta en ese plazo, siga efectuando los pagos y comun\u00edquese directamente con Hacienda.<\/p><p>Si un contribuyente no puede pagar la totalidad de la deuda tributaria, considerar una PPIA u otras opciones de acuerdo de pago a plazos del IRS podr\u00eda ser beneficioso. Sin embargo, es esencial que eval\u00fae cuidadosamente su situaci\u00f3n financiera y busque asesoramiento profesional en funci\u00f3n de sus necesidades financieras.<\/p>\t\t\t\t\t\t\t\t<\/div>\n\t\t\t\t<\/div>\n\t\t\t\t\t<\/div>\n\t\t<\/div>\n\t\t\t\t<div class=\"elementor-column elementor-col-50 elementor-top-column elementor-element elementor-element-5fdd0c0\" data-id=\"5fdd0c0\" data-element_type=\"column\">\n\t\t\t<div class=\"elementor-widget-wrap elementor-element-populated\">\n\t\t\t\t\t\t<div class=\"elementor-element elementor-element-cd60458 elementor-widget elementor-widget-image\" data-id=\"cd60458\" data-element_type=\"widget\" data-widget_type=\"image.default\">\n\t\t\t\t<div class=\"elementor-widget-container\">\n\t\t\t\t\t\t\t\t\t\t\t\t\t\t\t<img decoding=\"async\" width=\"700\" height=\"410\" src=\"https:\/\/myadvocate.tax\/wp-content\/uploads\/2023\/07\/IRS-installment-agreement-lawyer-in-NJ.webp\" class=\"attachment-full size-full wp-image-4724\" alt=\"IRS installment agreement\" srcset=\"https:\/\/myadvocate.tax\/wp-content\/uploads\/2023\/07\/IRS-installment-agreement-lawyer-in-NJ.webp 700w, https:\/\/myadvocate.tax\/wp-content\/uploads\/2023\/07\/IRS-installment-agreement-lawyer-in-NJ-300x176.webp 300w\" sizes=\"(max-width: 700px) 100vw, 700px\" \/>\t\t\t\t\t\t\t\t\t\t\t\t\t\t\t<\/div>\n\t\t\t\t<\/div>\n\t\t\t\t\t<\/div>\n\t\t<\/div>\n\t\t\t\t\t<\/div>\n\t\t<\/section>\n\t\t\t\t<\/div>\n\t\t","protected":false},"excerpt":{"rendered":"<p>Entendiendo el Acuerdo de Pago Parcial del IRS El Acuerdo de Pago Parcial del IRS (PPIA) es una opci\u00f3n potencial para los contribuyentes que no pueden pagar toda su deuda tributaria en su totalidad. En lugar de pagar la deuda total, el PPIA permite a los contribuyentes realizar pagos mensuales manejables en funci\u00f3n de su [&hellip;]<\/p>\n","protected":false},"author":1,"featured_media":0,"parent":0,"menu_order":0,"comment_status":"closed","ping_status":"closed","template":"","meta":{"_coblocks_attr":"","_coblocks_dimensions":"","_coblocks_responsive_height":"","_coblocks_accordion_ie_support":"","footnotes":""},"class_list":["post-4781","page","type-page","status-publish","hentry"],"yoast_head":"<!-- This site is optimized with the Yoast SEO Premium plugin v26.6 (Yoast SEO v26.6) - https:\/\/yoast.com\/wordpress\/plugins\/seo\/ -->\n<title>Acuerdo de pago a plazos parcial | Advocate Tax Solutions<\/title>\n<meta name=\"description\" content=\"Reduce tu deuda tributaria con el IRS con un Acuerdo de Pago Parcial. Advocate Tax Solutions te ayuda a reunir los requisitos y a solicitarlo.\" \/>\n<meta name=\"robots\" content=\"index, follow, max-snippet:-1, max-image-preview:large, max-video-preview:-1\" \/>\n<link rel=\"canonical\" href=\"https:\/\/myadvocate.tax\/es\/acuerdo-de-pago-parcial\/\" \/>\n<meta property=\"og:locale\" content=\"es_ES\" \/>\n<meta property=\"og:type\" content=\"article\" \/>\n<meta property=\"og:title\" content=\"Acuerdo de pago parcial\" \/>\n<meta property=\"og:description\" content=\"Reduce tu deuda tributaria con el IRS con un Acuerdo de Pago Parcial. Advocate Tax Solutions te ayuda a reunir los requisitos y a solicitarlo.\" \/>\n<meta property=\"og:url\" content=\"https:\/\/myadvocate.tax\/es\/acuerdo-de-pago-parcial\/\" \/>\n<meta property=\"og:site_name\" content=\"Advocate Tax Solutions LLC\" \/>\n<meta property=\"article:publisher\" content=\"https:\/\/www.facebook.com\/profile.php?id=100094006291133\" \/>\n<meta property=\"article:modified_time\" content=\"2025-09-17T06:22:12+00:00\" \/>\n<meta property=\"og:image\" content=\"https:\/\/myadvocate.tax\/wp-content\/uploads\/2023\/07\/payroll-and-payday-concept-with-calculator-and-calendar-finance-design-cash-bank-flat-background_t20_BaRNgx.webp\" \/>\n\t<meta property=\"og:image:width\" content=\"1014\" \/>\n\t<meta property=\"og:image:height\" content=\"678\" \/>\n\t<meta property=\"og:image:type\" content=\"image\/webp\" \/>\n<meta name=\"twitter:card\" content=\"summary_large_image\" \/>\n<meta name=\"twitter:label1\" content=\"Tiempo de lectura\" \/>\n\t<meta name=\"twitter:data1\" content=\"3 minutos\" \/>\n<script type=\"application\/ld+json\" class=\"yoast-schema-graph\">{\"@context\":\"https:\/\/schema.org\",\"@graph\":[{\"@type\":\"WebPage\",\"@id\":\"https:\/\/myadvocate.tax\/es\/acuerdo-de-pago-parcial\/\",\"url\":\"https:\/\/myadvocate.tax\/es\/acuerdo-de-pago-parcial\/\",\"name\":\"Acuerdo de pago a plazos parcial | Advocate Tax Solutions\",\"isPartOf\":{\"@id\":\"https:\/\/myadvocate.tax\/#website\"},\"primaryImageOfPage\":{\"@id\":\"https:\/\/myadvocate.tax\/es\/acuerdo-de-pago-parcial\/#primaryimage\"},\"image\":{\"@id\":\"https:\/\/myadvocate.tax\/es\/acuerdo-de-pago-parcial\/#primaryimage\"},\"thumbnailUrl\":\"https:\/\/myadvocate.tax\/wp-content\/uploads\/2023\/07\/payroll-and-payday-concept-with-calculator-and-calendar-finance-design-cash-bank-flat-background_t20_BaRNgx.webp\",\"datePublished\":\"2023-07-29T06:47:27+00:00\",\"dateModified\":\"2025-09-17T06:22:12+00:00\",\"description\":\"Reduce tu deuda tributaria con el IRS con un Acuerdo de Pago Parcial. Advocate Tax Solutions te ayuda a reunir los requisitos y a solicitarlo.\",\"breadcrumb\":{\"@id\":\"https:\/\/myadvocate.tax\/es\/acuerdo-de-pago-parcial\/#breadcrumb\"},\"inLanguage\":\"es\",\"potentialAction\":[{\"@type\":\"ReadAction\",\"target\":[\"https:\/\/myadvocate.tax\/es\/acuerdo-de-pago-parcial\/\"]}]},{\"@type\":\"ImageObject\",\"inLanguage\":\"es\",\"@id\":\"https:\/\/myadvocate.tax\/es\/acuerdo-de-pago-parcial\/#primaryimage\",\"url\":\"https:\/\/myadvocate.tax\/wp-content\/uploads\/2023\/07\/payroll-and-payday-concept-with-calculator-and-calendar-finance-design-cash-bank-flat-background_t20_BaRNgx.webp\",\"contentUrl\":\"https:\/\/myadvocate.tax\/wp-content\/uploads\/2023\/07\/payroll-and-payday-concept-with-calculator-and-calendar-finance-design-cash-bank-flat-background_t20_BaRNgx.webp\"},{\"@type\":\"BreadcrumbList\",\"@id\":\"https:\/\/myadvocate.tax\/es\/acuerdo-de-pago-parcial\/#breadcrumb\",\"itemListElement\":[{\"@type\":\"ListItem\",\"position\":1,\"name\":\"Home\",\"item\":\"https:\/\/myadvocate.tax\/\"},{\"@type\":\"ListItem\",\"position\":2,\"name\":\"Acuerdo de pago parcial\"}]},{\"@type\":\"WebSite\",\"@id\":\"https:\/\/myadvocate.tax\/#website\",\"url\":\"https:\/\/myadvocate.tax\/\",\"name\":\"Advocate Tax Solutions LLC\",\"description\":\"Advocate Tax Solutions - Tax Debt Solutions - IRS Tax Resolution Service - State Tax Resolutions Services\",\"publisher\":{\"@id\":\"https:\/\/myadvocate.tax\/#organization\"},\"potentialAction\":[{\"@type\":\"SearchAction\",\"target\":{\"@type\":\"EntryPoint\",\"urlTemplate\":\"https:\/\/myadvocate.tax\/?s={search_term_string}\"},\"query-input\":{\"@type\":\"PropertyValueSpecification\",\"valueRequired\":true,\"valueName\":\"search_term_string\"}}],\"inLanguage\":\"es\"},{\"@type\":\"Organization\",\"@id\":\"https:\/\/myadvocate.tax\/#organization\",\"name\":\"Advocate Tax Solutions LLC\",\"url\":\"https:\/\/myadvocate.tax\/\",\"logo\":{\"@type\":\"ImageObject\",\"inLanguage\":\"es\",\"@id\":\"https:\/\/myadvocate.tax\/#\/schema\/logo\/image\/\",\"url\":\"https:\/\/myadvocate.tax\/wp-content\/uploads\/2023\/06\/Advocate-Tax-Solutions-Cropped-Border-scaled.webp\",\"contentUrl\":\"https:\/\/myadvocate.tax\/wp-content\/uploads\/2023\/06\/Advocate-Tax-Solutions-Cropped-Border-scaled.webp\",\"width\":2560,\"height\":1940,\"caption\":\"Advocate Tax Solutions LLC\"},\"image\":{\"@id\":\"https:\/\/myadvocate.tax\/#\/schema\/logo\/image\/\"},\"sameAs\":[\"https:\/\/www.facebook.com\/profile.php?id=100094006291133\"]}]}<\/script>\n<!-- \/ Yoast SEO Premium plugin. -->","yoast_head_json":{"title":"Acuerdo de pago a plazos parcial | Advocate Tax Solutions","description":"Reduce tu deuda tributaria con el IRS con un Acuerdo de Pago Parcial. Advocate Tax Solutions te ayuda a reunir los requisitos y a solicitarlo.","robots":{"index":"index","follow":"follow","max-snippet":"max-snippet:-1","max-image-preview":"max-image-preview:large","max-video-preview":"max-video-preview:-1"},"canonical":"https:\/\/myadvocate.tax\/es\/acuerdo-de-pago-parcial\/","og_locale":"es_ES","og_type":"article","og_title":"Acuerdo de pago parcial","og_description":"Reduce tu deuda tributaria con el IRS con un Acuerdo de Pago Parcial. Advocate Tax Solutions te ayuda a reunir los requisitos y a solicitarlo.","og_url":"https:\/\/myadvocate.tax\/es\/acuerdo-de-pago-parcial\/","og_site_name":"Advocate Tax Solutions LLC","article_publisher":"https:\/\/www.facebook.com\/profile.php?id=100094006291133","article_modified_time":"2025-09-17T06:22:12+00:00","og_image":[{"width":1014,"height":678,"url":"https:\/\/myadvocate.tax\/wp-content\/uploads\/2023\/07\/payroll-and-payday-concept-with-calculator-and-calendar-finance-design-cash-bank-flat-background_t20_BaRNgx.webp","type":"image\/webp"}],"twitter_card":"summary_large_image","twitter_misc":{"Tiempo de lectura":"3 minutos"},"schema":{"@context":"https:\/\/schema.org","@graph":[{"@type":"WebPage","@id":"https:\/\/myadvocate.tax\/es\/acuerdo-de-pago-parcial\/","url":"https:\/\/myadvocate.tax\/es\/acuerdo-de-pago-parcial\/","name":"Acuerdo de pago a plazos parcial | Advocate Tax Solutions","isPartOf":{"@id":"https:\/\/myadvocate.tax\/#website"},"primaryImageOfPage":{"@id":"https:\/\/myadvocate.tax\/es\/acuerdo-de-pago-parcial\/#primaryimage"},"image":{"@id":"https:\/\/myadvocate.tax\/es\/acuerdo-de-pago-parcial\/#primaryimage"},"thumbnailUrl":"https:\/\/myadvocate.tax\/wp-content\/uploads\/2023\/07\/payroll-and-payday-concept-with-calculator-and-calendar-finance-design-cash-bank-flat-background_t20_BaRNgx.webp","datePublished":"2023-07-29T06:47:27+00:00","dateModified":"2025-09-17T06:22:12+00:00","description":"Reduce tu deuda tributaria con el IRS con un Acuerdo de Pago Parcial. Advocate Tax Solutions te ayuda a reunir los requisitos y a solicitarlo.","breadcrumb":{"@id":"https:\/\/myadvocate.tax\/es\/acuerdo-de-pago-parcial\/#breadcrumb"},"inLanguage":"es","potentialAction":[{"@type":"ReadAction","target":["https:\/\/myadvocate.tax\/es\/acuerdo-de-pago-parcial\/"]}]},{"@type":"ImageObject","inLanguage":"es","@id":"https:\/\/myadvocate.tax\/es\/acuerdo-de-pago-parcial\/#primaryimage","url":"https:\/\/myadvocate.tax\/wp-content\/uploads\/2023\/07\/payroll-and-payday-concept-with-calculator-and-calendar-finance-design-cash-bank-flat-background_t20_BaRNgx.webp","contentUrl":"https:\/\/myadvocate.tax\/wp-content\/uploads\/2023\/07\/payroll-and-payday-concept-with-calculator-and-calendar-finance-design-cash-bank-flat-background_t20_BaRNgx.webp"},{"@type":"BreadcrumbList","@id":"https:\/\/myadvocate.tax\/es\/acuerdo-de-pago-parcial\/#breadcrumb","itemListElement":[{"@type":"ListItem","position":1,"name":"Home","item":"https:\/\/myadvocate.tax\/"},{"@type":"ListItem","position":2,"name":"Acuerdo de pago parcial"}]},{"@type":"WebSite","@id":"https:\/\/myadvocate.tax\/#website","url":"https:\/\/myadvocate.tax\/","name":"Advocate Tax Solutions LLC","description":"Advocate Tax Solutions - Tax Debt Solutions - IRS Tax Resolution Service - State Tax Resolutions Services","publisher":{"@id":"https:\/\/myadvocate.tax\/#organization"},"potentialAction":[{"@type":"SearchAction","target":{"@type":"EntryPoint","urlTemplate":"https:\/\/myadvocate.tax\/?s={search_term_string}"},"query-input":{"@type":"PropertyValueSpecification","valueRequired":true,"valueName":"search_term_string"}}],"inLanguage":"es"},{"@type":"Organization","@id":"https:\/\/myadvocate.tax\/#organization","name":"Advocate Tax Solutions LLC","url":"https:\/\/myadvocate.tax\/","logo":{"@type":"ImageObject","inLanguage":"es","@id":"https:\/\/myadvocate.tax\/#\/schema\/logo\/image\/","url":"https:\/\/myadvocate.tax\/wp-content\/uploads\/2023\/06\/Advocate-Tax-Solutions-Cropped-Border-scaled.webp","contentUrl":"https:\/\/myadvocate.tax\/wp-content\/uploads\/2023\/06\/Advocate-Tax-Solutions-Cropped-Border-scaled.webp","width":2560,"height":1940,"caption":"Advocate Tax Solutions LLC"},"image":{"@id":"https:\/\/myadvocate.tax\/#\/schema\/logo\/image\/"},"sameAs":["https:\/\/www.facebook.com\/profile.php?id=100094006291133"]}]}},"_links":{"self":[{"href":"https:\/\/myadvocate.tax\/es\/wp-json\/wp\/v2\/pages\/4781","targetHints":{"allow":["GET"]}}],"collection":[{"href":"https:\/\/myadvocate.tax\/es\/wp-json\/wp\/v2\/pages"}],"about":[{"href":"https:\/\/myadvocate.tax\/es\/wp-json\/wp\/v2\/types\/page"}],"author":[{"embeddable":true,"href":"https:\/\/myadvocate.tax\/es\/wp-json\/wp\/v2\/users\/1"}],"replies":[{"embeddable":true,"href":"https:\/\/myadvocate.tax\/es\/wp-json\/wp\/v2\/comments?post=4781"}],"version-history":[{"count":0,"href":"https:\/\/myadvocate.tax\/es\/wp-json\/wp\/v2\/pages\/4781\/revisions"}],"wp:attachment":[{"href":"https:\/\/myadvocate.tax\/es\/wp-json\/wp\/v2\/media?parent=4781"}],"curies":[{"name":"wp","href":"https:\/\/api.w.org\/{rel}","templated":true}]}}