{"id":4778,"date":"2023-07-22T08:15:25","date_gmt":"2023-07-22T08:15:25","guid":{"rendered":"https:\/\/myadvocate.tax\/liberacion-de-la-tasa-bancaria\/"},"modified":"2025-09-17T06:01:13","modified_gmt":"2025-09-17T06:01:13","slug":"liberacion-de-la-tasa-bancaria","status":"publish","type":"page","link":"https:\/\/myadvocate.tax\/es\/liberacion-de-la-tasa-bancaria\/","title":{"rendered":"Liberaci\u00f3n de la tasa bancaria"},"content":{"rendered":"\t\t<div data-elementor-type=\"wp-page\" data-elementor-id=\"4778\" class=\"elementor elementor-4778 elementor-1887\" data-elementor-post-type=\"page\">\n\t\t\t\t\t\t<section class=\"elementor-section elementor-top-section elementor-element elementor-element-f3b2301 elementor-section-boxed elementor-section-height-default elementor-section-height-default\" data-id=\"f3b2301\" data-element_type=\"section\">\n\t\t\t\t\t\t<div class=\"elementor-container elementor-column-gap-default\">\n\t\t\t\t\t<div class=\"elementor-column elementor-col-100 elementor-top-column elementor-element elementor-element-34f2a85\" data-id=\"34f2a85\" data-element_type=\"column\">\n\t\t\t<div class=\"elementor-widget-wrap elementor-element-populated\">\n\t\t\t\t\t\t<div class=\"elementor-element elementor-element-b9664b9 elementor-position-right elementor-vertical-align-top elementor-widget elementor-widget-image-box\" data-id=\"b9664b9\" data-element_type=\"widget\" data-widget_type=\"image-box.default\">\n\t\t\t\t<div class=\"elementor-widget-container\">\n\t\t\t\t\t<div class=\"elementor-image-box-wrapper\"><figure class=\"elementor-image-box-img\"><img fetchpriority=\"high\" decoding=\"async\" width=\"1024\" height=\"683\" src=\"https:\/\/myadvocate.tax\/wp-content\/uploads\/2023\/07\/scott-graham-OQMZwNd3ThU-unsplash.webp\" class=\"attachment-full size-full wp-image-1894\" alt=\"person signing tax documents\" srcset=\"https:\/\/myadvocate.tax\/wp-content\/uploads\/2023\/07\/scott-graham-OQMZwNd3ThU-unsplash.webp 1024w, https:\/\/myadvocate.tax\/wp-content\/uploads\/2023\/07\/scott-graham-OQMZwNd3ThU-unsplash-300x200.webp 300w, https:\/\/myadvocate.tax\/wp-content\/uploads\/2023\/07\/scott-graham-OQMZwNd3ThU-unsplash-768x512.webp 768w\" sizes=\"(max-width: 1024px) 100vw, 1024px\" \/><\/figure><div class=\"elementor-image-box-content\"><h3 class=\"elementor-image-box-title\">C\u00f3mo librarse del embargo y del embargo bancario<\/h3><p class=\"elementor-image-box-description\">Hacer frente a embargos y embargos bancarios puede crear dificultades financieras. Existen varias opciones para ayudarle a salir de estas situaciones. Aqu\u00ed tienes algunas medidas que puedes tomar:<\/p><\/div><\/div>\t\t\t\t<\/div>\n\t\t\t\t<\/div>\n\t\t\t\t<div class=\"elementor-element elementor-element-825ab07 elementor-widget elementor-widget-text-editor\" data-id=\"825ab07\" data-element_type=\"widget\" data-widget_type=\"text-editor.default\">\n\t\t\t\t<div class=\"elementor-widget-container\">\n\t\t\t\t\t\t\t\t\t<ul><li>Contactar con Hacienda<\/li><\/ul>\t\t\t\t\t\t\t\t<\/div>\n\t\t\t\t<\/div>\n\t\t\t\t<div class=\"elementor-element elementor-element-9cefce1 elementor-widget elementor-widget-text-editor\" data-id=\"9cefce1\" data-element_type=\"widget\" data-widget_type=\"text-editor.default\">\n\t\t\t\t<div class=\"elementor-widget-container\">\n\t\t\t\t\t\t\t\t\t<p>Si recibe una Notificaci\u00f3n Final de Intenci\u00f3n de Embargo, es esencial que se ponga en contacto con el IRS inmediatamente. Sin embargo, puedes llamarles directamente o trabajar<br>con un profesional fiscal autorizado que pueda ayudarte a resolver el problema.<\/p>\t\t\t\t\t\t\t\t<\/div>\n\t\t\t\t<\/div>\n\t\t\t\t<div class=\"elementor-element elementor-element-35e9a4b elementor-widget elementor-widget-text-editor\" data-id=\"35e9a4b\" data-element_type=\"widget\" data-widget_type=\"text-editor.default\">\n\t\t\t\t<div class=\"elementor-widget-container\">\n\t\t\t\t\t\t\t\t\t<ul><li>Solicitar una audiencia sobre el debido proceso de cobro (CDP)<\/li><\/ul>\t\t\t\t\t\t\t\t<\/div>\n\t\t\t\t<\/div>\n\t\t\t\t<div class=\"elementor-element elementor-element-68c87c5 elementor-widget elementor-widget-text-editor\" data-id=\"68c87c5\" data-element_type=\"widget\" data-widget_type=\"text-editor.default\">\n\t\t\t\t<div class=\"elementor-widget-container\">\n\t\t\t\t\t\t\t\t\t<p>Si has recibido una Notificaci\u00f3n Final de Intenci\u00f3n de Embargo, puedes solicitar una audiencia <a href=\"https:\/\/en.wikipedia.org\/wiki\/Due_process\" target=\"_blank\" rel=\"noopener\">CDP<\/a> en el plazo de 30 d\u00edas desde la recepci\u00f3n de la notificaci\u00f3n. Esto le permitir\u00e1 llegar a un acuerdo con Hacienda. Adem\u00e1s, puede contar con la ayuda de un agente registrado (EA), un abogado fiscal o un contable para que le represente en este proceso.<\/p>\t\t\t\t\t\t\t\t<\/div>\n\t\t\t\t<\/div>\n\t\t\t\t<div class=\"elementor-element elementor-element-c3b41e2 elementor-widget elementor-widget-text-editor\" data-id=\"c3b41e2\" data-element_type=\"widget\" data-widget_type=\"text-editor.default\">\n\t\t\t\t<div class=\"elementor-widget-container\">\n\t\t\t\t\t\t\t\t\t<ul><li>Pago \u00edntegro<\/li><\/ul>\t\t\t\t\t\t\t\t<\/div>\n\t\t\t\t<\/div>\n\t\t\t\t<div class=\"elementor-element elementor-element-294388c elementor-widget elementor-widget-text-editor\" data-id=\"294388c\" data-element_type=\"widget\" data-widget_type=\"text-editor.default\">\n\t\t\t\t<div class=\"elementor-widget-container\">\n\t\t\t\t\t\t\t\t\t<p>Si usted puede pagar la cantidad total que debe, el IRS no proceder\u00e1 con el embargo y liberar\u00e1 la retenci\u00f3n de sus fondos. Afortunadamente, el pago \u00edntegro tambi\u00e9n puede ayudarle a evitar intereses y sanciones adicionales.<\/p>\t\t\t\t\t\t\t\t<\/div>\n\t\t\t\t<\/div>\n\t\t\t\t<div class=\"elementor-element elementor-element-4e217b4 elementor-widget elementor-widget-text-editor\" data-id=\"4e217b4\" data-element_type=\"widget\" data-widget_type=\"text-editor.default\">\n\t\t\t\t<div class=\"elementor-widget-container\">\n\t\t\t\t\t\t\t\t\t<ul><li>Modificar sus declaraciones fiscales<\/li><\/ul>\t\t\t\t\t\t\t\t<\/div>\n\t\t\t\t<\/div>\n\t\t\t\t<div class=\"elementor-element elementor-element-05aa9f4 elementor-widget elementor-widget-text-editor\" data-id=\"05aa9f4\" data-element_type=\"widget\" data-widget_type=\"text-editor.default\">\n\t\t\t\t<div class=\"elementor-widget-container\">\n\t\t\t\t\t\t\t\t\t<p>Si cree que debe impuestos debido a un error en una declaraci\u00f3n de la renta, puede modificarla para corregir el error. Una vez procesado, esto puede reducir o eliminar la cantidad adeudada al IRS o al estado.<\/p>\t\t\t\t\t\t\t\t<\/div>\n\t\t\t\t<\/div>\n\t\t\t\t<div class=\"elementor-element elementor-element-ae345bb elementor-widget elementor-widget-text-editor\" data-id=\"ae345bb\" data-element_type=\"widget\" data-widget_type=\"text-editor.default\">\n\t\t\t\t<div class=\"elementor-widget-container\">\n\t\t\t\t\t\t\t\t\t<ul><li>Firmar un acuerdo de pago a plazos<\/li><\/ul>\t\t\t\t\t\t\t\t<\/div>\n\t\t\t\t<\/div>\n\t\t\t\t<div class=\"elementor-element elementor-element-b9bd57b elementor-widget elementor-widget-text-editor\" data-id=\"b9bd57b\" data-element_type=\"widget\" data-widget_type=\"text-editor.default\">\n\t\t\t\t<div class=\"elementor-widget-container\">\n\t\t\t\t\t\t\t\t\t<p>Si no puede pagar el importe total, puede solicitar un <a href=\"http:\/\/myadvocate.tax\/es\/acuerdo-de-pago-a-plazos-simplificado\/\" target=\"_blank\" rel=\"noopener\">acuerdo de pago a plazos<\/a>. Esto significa que se compromete a realizar pagos mensuales para saldar su deuda tributaria de forma gradual. Una vez que usted entra en un acuerdo de pago a plazos, el IRS o el estado eliminar\u00e1 la congelaci\u00f3n de su cuenta bancaria. En cualquier caso, debe efectuar pagos suficientes para liquidar los impuestos adeudados antes de que prescriban los correspondientes a cada ejercicio fiscal.<\/p>\t\t\t\t\t\t\t\t<\/div>\n\t\t\t\t<\/div>\n\t\t\t\t<div class=\"elementor-element elementor-element-8823528 elementor-widget elementor-widget-text-editor\" data-id=\"8823528\" data-element_type=\"widget\" data-widget_type=\"text-editor.default\">\n\t\t\t\t<div class=\"elementor-widget-container\">\n\t\t\t\t\t\t\t\t\t<ul><li>Presentar una oferta de compromiso (OIC)<\/li><\/ul>\t\t\t\t\t\t\t\t<\/div>\n\t\t\t\t<\/div>\n\t\t\t\t<div class=\"elementor-element elementor-element-290f1de elementor-widget elementor-widget-text-editor\" data-id=\"290f1de\" data-element_type=\"widget\" data-widget_type=\"text-editor.default\">\n\t\t\t\t<div class=\"elementor-widget-container\">\n\t\t\t\t\t\t\t\t\t<p>Una <a href=\"http:\/\/myadvocate.tax\/es\/oferta-de-compromiso\/\" target=\"_blank\" rel=\"noopener\">oferta de transacci\u00f3n<\/a> permite a los contribuyentes saldar su deuda tributaria por un importe inferior al total adeudado. Sin embargo, el IRS s\u00f3lo acepta Ofertas de Transacci\u00f3n de los contribuyentes que cumplen criterios espec\u00edficos de elegibilidad. Se recomienda trabajar con un profesional fiscal con experiencia en ofertas de compromiso, ya que se trata de un proceso complejo.<\/p>\t\t\t\t\t\t\t\t<\/div>\n\t\t\t\t<\/div>\n\t\t\t\t<div class=\"elementor-element elementor-element-0a52169 elementor-widget elementor-widget-text-editor\" data-id=\"0a52169\" data-element_type=\"widget\" data-widget_type=\"text-editor.default\">\n\t\t\t\t<div class=\"elementor-widget-container\">\n\t\t\t\t\t\t\t\t\t<ul><li>Demostrar dificultades econ\u00f3micas<\/li><\/ul>\t\t\t\t\t\t\t\t<\/div>\n\t\t\t\t<\/div>\n\t\t\t\t<div class=\"elementor-element elementor-element-80b28ef elementor-widget elementor-widget-text-editor\" data-id=\"80b28ef\" data-element_type=\"widget\" data-widget_type=\"text-editor.default\">\n\t\t\t\t<div class=\"elementor-widget-container\">\n\t\t\t\t\t\t\t\t\t<p>Si est\u00e1 atravesando dificultades econ\u00f3micas graves, es posible que pueda acogerse a un estatuto de dificultades econ\u00f3micas ante Hacienda. Esto podr\u00eda suspender temporalmente las actividades de recaudaci\u00f3n, incluidas las exacciones bancarias. Para ello, los contribuyentes deben demostrar al IRS que el pago de la deuda tributaria les ocasionar\u00eda importantes dificultades financieras.<\/p>\t\t\t\t\t\t\t\t<\/div>\n\t\t\t\t<\/div>\n\t\t\t\t<div class=\"elementor-element elementor-element-8ef61c0 elementor-widget elementor-widget-text-editor\" data-id=\"8ef61c0\" data-element_type=\"widget\" data-widget_type=\"text-editor.default\">\n\t\t\t\t<div class=\"elementor-widget-container\">\n\t\t\t\t\t\t\t\t\t<ul><li>Demostrar el robo de identidad<\/li><\/ul>\t\t\t\t\t\t\t\t<\/div>\n\t\t\t\t<\/div>\n\t\t\t\t<div class=\"elementor-element elementor-element-06fb821 elementor-widget elementor-widget-text-editor\" data-id=\"06fb821\" data-element_type=\"widget\" data-widget_type=\"text-editor.default\">\n\t\t\t\t<div class=\"elementor-widget-container\">\n\t\t\t\t\t\t\t\t\t<p>Si cree que es v\u00edctima de un robo de identidad relacionado con los impuestos, debe ponerse en contacto con el IRS para obtener ayuda. Es posible que tenga que establecer una resoluci\u00f3n temporal con el IRS y rellenar la Declaraci\u00f3n Jurada de Robo de Identidad (Formulario IRS 14039). Es aconsejable pedir ayuda a un profesional fiscal con experiencia en robos de identidad relacionados con los impuestos.<\/p>\t\t\t\t\t\t\t\t<\/div>\n\t\t\t\t<\/div>\n\t\t\t\t<div class=\"elementor-element elementor-element-44941db elementor-position-right elementor-vertical-align-top elementor-widget elementor-widget-image-box\" data-id=\"44941db\" data-element_type=\"widget\" data-widget_type=\"image-box.default\">\n\t\t\t\t<div class=\"elementor-widget-container\">\n\t\t\t\t\t<div class=\"elementor-image-box-wrapper\"><figure class=\"elementor-image-box-img\"><img decoding=\"async\" width=\"1000\" height=\"667\" src=\"https:\/\/myadvocate.tax\/wp-content\/uploads\/2023\/07\/Komen-Law-009.webp\" class=\"attachment-full size-full wp-image-1902\" alt=\"clients reviewing tax documents\" srcset=\"https:\/\/myadvocate.tax\/wp-content\/uploads\/2023\/07\/Komen-Law-009.webp 1000w, https:\/\/myadvocate.tax\/wp-content\/uploads\/2023\/07\/Komen-Law-009-300x200.webp 300w, https:\/\/myadvocate.tax\/wp-content\/uploads\/2023\/07\/Komen-Law-009-768x512.webp 768w\" sizes=\"(max-width: 1000px) 100vw, 1000px\" \/><\/figure><div class=\"elementor-image-box-content\"><p class=\"elementor-image-box-description\">Es importante tener en cuenta que el IRS puede embargar su cuenta bancaria y retirar fondos para pagar su deuda tributaria. Sin embargo, el banco est\u00e1 obligado a retener los fondos durante 21 d\u00edas antes de entregarlos a Hacienda. Una vez levantado el embargo, podr\u00e1 utilizar su cuenta bancaria como de costumbre. El IRS puede emitir otro embargo en el futuro si usted tiene una deuda tributaria sin pagar.<br><br>\nEn tales situaciones, se recomienda buscar la ayuda de un profesional de la fiscalidad que pueda guiarle a lo largo del proceso y ayudarle a resolver el problema con eficacia.\n<\/p><\/div><\/div>\t\t\t\t<\/div>\n\t\t\t\t<\/div>\n\t\t\t\t\t<\/div>\n\t\t<\/div>\n\t\t\t\t\t<\/div>\n\t\t<\/section>\n\t\t\t\t<\/div>\n\t\t","protected":false},"excerpt":{"rendered":"<p>C\u00f3mo librarse del embargo y del embargo bancario Hacer frente a embargos y embargos bancarios puede crear dificultades financieras. Existen varias opciones para ayudarle a salir de estas situaciones. Aqu\u00ed tienes algunas medidas que puedes tomar: Contactar con Hacienda Si recibe una Notificaci\u00f3n Final de Intenci\u00f3n de Embargo, es esencial que se ponga en contacto [&hellip;]<\/p>\n","protected":false},"author":1,"featured_media":0,"parent":0,"menu_order":0,"comment_status":"closed","ping_status":"closed","template":"","meta":{"_coblocks_attr":"","_coblocks_dimensions":"","_coblocks_responsive_height":"","_coblocks_accordion_ie_support":"","footnotes":""},"class_list":["post-4778","page","type-page","status-publish","hentry"],"yoast_head":"<!-- This site is optimized with the Yoast SEO Premium plugin v26.6 (Yoast SEO v26.6) - https:\/\/yoast.com\/wordpress\/plugins\/seo\/ -->\n<title>Liberaci\u00f3n del embargo bancario | Advocate Tax Solutions<\/title>\n<meta name=\"description\" content=\"Ayuda en embargos bancarios en la que puedes confiar. Levantamos embargos estatales y del IRS, detenemos congelaciones y protegemos el dinero que tanto te ha costado ganar.\" \/>\n<meta name=\"robots\" content=\"index, follow, max-snippet:-1, max-image-preview:large, max-video-preview:-1\" \/>\n<link rel=\"canonical\" href=\"https:\/\/myadvocate.tax\/es\/liberacion-de-la-tasa-bancaria\/\" \/>\n<meta property=\"og:locale\" content=\"es_ES\" \/>\n<meta property=\"og:type\" content=\"article\" \/>\n<meta property=\"og:title\" content=\"Liberaci\u00f3n de la tasa bancaria\" \/>\n<meta property=\"og:description\" content=\"Ayuda en embargos bancarios en la que puedes confiar. Levantamos embargos estatales y del IRS, detenemos congelaciones y protegemos el dinero que tanto te ha costado ganar.\" \/>\n<meta property=\"og:url\" content=\"https:\/\/myadvocate.tax\/es\/liberacion-de-la-tasa-bancaria\/\" \/>\n<meta property=\"og:site_name\" content=\"Advocate Tax Solutions LLC\" \/>\n<meta property=\"article:publisher\" content=\"https:\/\/www.facebook.com\/profile.php?id=100094006291133\" \/>\n<meta property=\"article:modified_time\" content=\"2025-09-17T06:01:13+00:00\" \/>\n<meta property=\"og:image\" content=\"https:\/\/myadvocate.tax\/wp-content\/uploads\/2023\/07\/scott-graham-OQMZwNd3ThU-unsplash.webp\" \/>\n\t<meta property=\"og:image:width\" content=\"1024\" \/>\n\t<meta property=\"og:image:height\" content=\"683\" \/>\n\t<meta property=\"og:image:type\" content=\"image\/webp\" \/>\n<meta name=\"twitter:card\" content=\"summary_large_image\" \/>\n<meta name=\"twitter:label1\" content=\"Tiempo de lectura\" \/>\n\t<meta name=\"twitter:data1\" content=\"3 minutos\" \/>\n<script type=\"application\/ld+json\" class=\"yoast-schema-graph\">{\"@context\":\"https:\/\/schema.org\",\"@graph\":[{\"@type\":\"WebPage\",\"@id\":\"https:\/\/myadvocate.tax\/es\/liberacion-de-la-tasa-bancaria\/\",\"url\":\"https:\/\/myadvocate.tax\/es\/liberacion-de-la-tasa-bancaria\/\",\"name\":\"Liberaci\u00f3n del embargo bancario | Advocate Tax Solutions\",\"isPartOf\":{\"@id\":\"https:\/\/myadvocate.tax\/#website\"},\"primaryImageOfPage\":{\"@id\":\"https:\/\/myadvocate.tax\/es\/liberacion-de-la-tasa-bancaria\/#primaryimage\"},\"image\":{\"@id\":\"https:\/\/myadvocate.tax\/es\/liberacion-de-la-tasa-bancaria\/#primaryimage\"},\"thumbnailUrl\":\"https:\/\/myadvocate.tax\/wp-content\/uploads\/2023\/07\/scott-graham-OQMZwNd3ThU-unsplash.webp\",\"datePublished\":\"2023-07-22T08:15:25+00:00\",\"dateModified\":\"2025-09-17T06:01:13+00:00\",\"description\":\"Ayuda en embargos bancarios en la que puedes confiar. Levantamos embargos estatales y del IRS, detenemos congelaciones y protegemos el dinero que tanto te ha costado ganar.\",\"breadcrumb\":{\"@id\":\"https:\/\/myadvocate.tax\/es\/liberacion-de-la-tasa-bancaria\/#breadcrumb\"},\"inLanguage\":\"es\",\"potentialAction\":[{\"@type\":\"ReadAction\",\"target\":[\"https:\/\/myadvocate.tax\/es\/liberacion-de-la-tasa-bancaria\/\"]}]},{\"@type\":\"ImageObject\",\"inLanguage\":\"es\",\"@id\":\"https:\/\/myadvocate.tax\/es\/liberacion-de-la-tasa-bancaria\/#primaryimage\",\"url\":\"https:\/\/myadvocate.tax\/wp-content\/uploads\/2023\/07\/scott-graham-OQMZwNd3ThU-unsplash.webp\",\"contentUrl\":\"https:\/\/myadvocate.tax\/wp-content\/uploads\/2023\/07\/scott-graham-OQMZwNd3ThU-unsplash.webp\"},{\"@type\":\"BreadcrumbList\",\"@id\":\"https:\/\/myadvocate.tax\/es\/liberacion-de-la-tasa-bancaria\/#breadcrumb\",\"itemListElement\":[{\"@type\":\"ListItem\",\"position\":1,\"name\":\"Home\",\"item\":\"https:\/\/myadvocate.tax\/\"},{\"@type\":\"ListItem\",\"position\":2,\"name\":\"Liberaci\u00f3n de la tasa bancaria\"}]},{\"@type\":\"WebSite\",\"@id\":\"https:\/\/myadvocate.tax\/#website\",\"url\":\"https:\/\/myadvocate.tax\/\",\"name\":\"Advocate Tax Solutions LLC\",\"description\":\"Advocate Tax Solutions - Tax Debt Solutions - IRS Tax Resolution Service - State Tax Resolutions Services\",\"publisher\":{\"@id\":\"https:\/\/myadvocate.tax\/#organization\"},\"potentialAction\":[{\"@type\":\"SearchAction\",\"target\":{\"@type\":\"EntryPoint\",\"urlTemplate\":\"https:\/\/myadvocate.tax\/?s={search_term_string}\"},\"query-input\":{\"@type\":\"PropertyValueSpecification\",\"valueRequired\":true,\"valueName\":\"search_term_string\"}}],\"inLanguage\":\"es\"},{\"@type\":\"Organization\",\"@id\":\"https:\/\/myadvocate.tax\/#organization\",\"name\":\"Advocate Tax Solutions LLC\",\"url\":\"https:\/\/myadvocate.tax\/\",\"logo\":{\"@type\":\"ImageObject\",\"inLanguage\":\"es\",\"@id\":\"https:\/\/myadvocate.tax\/#\/schema\/logo\/image\/\",\"url\":\"https:\/\/myadvocate.tax\/wp-content\/uploads\/2023\/06\/Advocate-Tax-Solutions-Cropped-Border-scaled.webp\",\"contentUrl\":\"https:\/\/myadvocate.tax\/wp-content\/uploads\/2023\/06\/Advocate-Tax-Solutions-Cropped-Border-scaled.webp\",\"width\":2560,\"height\":1940,\"caption\":\"Advocate Tax Solutions LLC\"},\"image\":{\"@id\":\"https:\/\/myadvocate.tax\/#\/schema\/logo\/image\/\"},\"sameAs\":[\"https:\/\/www.facebook.com\/profile.php?id=100094006291133\"]}]}<\/script>\n<!-- \/ Yoast SEO Premium plugin. -->","yoast_head_json":{"title":"Liberaci\u00f3n del embargo bancario | Advocate Tax Solutions","description":"Ayuda en embargos bancarios en la que puedes confiar. Levantamos embargos estatales y del IRS, detenemos congelaciones y protegemos el dinero que tanto te ha costado ganar.","robots":{"index":"index","follow":"follow","max-snippet":"max-snippet:-1","max-image-preview":"max-image-preview:large","max-video-preview":"max-video-preview:-1"},"canonical":"https:\/\/myadvocate.tax\/es\/liberacion-de-la-tasa-bancaria\/","og_locale":"es_ES","og_type":"article","og_title":"Liberaci\u00f3n de la tasa bancaria","og_description":"Ayuda en embargos bancarios en la que puedes confiar. Levantamos embargos estatales y del IRS, detenemos congelaciones y protegemos el dinero que tanto te ha costado ganar.","og_url":"https:\/\/myadvocate.tax\/es\/liberacion-de-la-tasa-bancaria\/","og_site_name":"Advocate Tax Solutions LLC","article_publisher":"https:\/\/www.facebook.com\/profile.php?id=100094006291133","article_modified_time":"2025-09-17T06:01:13+00:00","og_image":[{"width":1024,"height":683,"url":"https:\/\/myadvocate.tax\/wp-content\/uploads\/2023\/07\/scott-graham-OQMZwNd3ThU-unsplash.webp","type":"image\/webp"}],"twitter_card":"summary_large_image","twitter_misc":{"Tiempo de lectura":"3 minutos"},"schema":{"@context":"https:\/\/schema.org","@graph":[{"@type":"WebPage","@id":"https:\/\/myadvocate.tax\/es\/liberacion-de-la-tasa-bancaria\/","url":"https:\/\/myadvocate.tax\/es\/liberacion-de-la-tasa-bancaria\/","name":"Liberaci\u00f3n del embargo bancario | Advocate Tax Solutions","isPartOf":{"@id":"https:\/\/myadvocate.tax\/#website"},"primaryImageOfPage":{"@id":"https:\/\/myadvocate.tax\/es\/liberacion-de-la-tasa-bancaria\/#primaryimage"},"image":{"@id":"https:\/\/myadvocate.tax\/es\/liberacion-de-la-tasa-bancaria\/#primaryimage"},"thumbnailUrl":"https:\/\/myadvocate.tax\/wp-content\/uploads\/2023\/07\/scott-graham-OQMZwNd3ThU-unsplash.webp","datePublished":"2023-07-22T08:15:25+00:00","dateModified":"2025-09-17T06:01:13+00:00","description":"Ayuda en embargos bancarios en la que puedes confiar. Levantamos embargos estatales y del IRS, detenemos congelaciones y protegemos el dinero que tanto te ha costado ganar.","breadcrumb":{"@id":"https:\/\/myadvocate.tax\/es\/liberacion-de-la-tasa-bancaria\/#breadcrumb"},"inLanguage":"es","potentialAction":[{"@type":"ReadAction","target":["https:\/\/myadvocate.tax\/es\/liberacion-de-la-tasa-bancaria\/"]}]},{"@type":"ImageObject","inLanguage":"es","@id":"https:\/\/myadvocate.tax\/es\/liberacion-de-la-tasa-bancaria\/#primaryimage","url":"https:\/\/myadvocate.tax\/wp-content\/uploads\/2023\/07\/scott-graham-OQMZwNd3ThU-unsplash.webp","contentUrl":"https:\/\/myadvocate.tax\/wp-content\/uploads\/2023\/07\/scott-graham-OQMZwNd3ThU-unsplash.webp"},{"@type":"BreadcrumbList","@id":"https:\/\/myadvocate.tax\/es\/liberacion-de-la-tasa-bancaria\/#breadcrumb","itemListElement":[{"@type":"ListItem","position":1,"name":"Home","item":"https:\/\/myadvocate.tax\/"},{"@type":"ListItem","position":2,"name":"Liberaci\u00f3n de la tasa bancaria"}]},{"@type":"WebSite","@id":"https:\/\/myadvocate.tax\/#website","url":"https:\/\/myadvocate.tax\/","name":"Advocate Tax Solutions LLC","description":"Advocate Tax Solutions - Tax Debt Solutions - IRS Tax Resolution Service - State Tax Resolutions Services","publisher":{"@id":"https:\/\/myadvocate.tax\/#organization"},"potentialAction":[{"@type":"SearchAction","target":{"@type":"EntryPoint","urlTemplate":"https:\/\/myadvocate.tax\/?s={search_term_string}"},"query-input":{"@type":"PropertyValueSpecification","valueRequired":true,"valueName":"search_term_string"}}],"inLanguage":"es"},{"@type":"Organization","@id":"https:\/\/myadvocate.tax\/#organization","name":"Advocate Tax Solutions LLC","url":"https:\/\/myadvocate.tax\/","logo":{"@type":"ImageObject","inLanguage":"es","@id":"https:\/\/myadvocate.tax\/#\/schema\/logo\/image\/","url":"https:\/\/myadvocate.tax\/wp-content\/uploads\/2023\/06\/Advocate-Tax-Solutions-Cropped-Border-scaled.webp","contentUrl":"https:\/\/myadvocate.tax\/wp-content\/uploads\/2023\/06\/Advocate-Tax-Solutions-Cropped-Border-scaled.webp","width":2560,"height":1940,"caption":"Advocate Tax Solutions LLC"},"image":{"@id":"https:\/\/myadvocate.tax\/#\/schema\/logo\/image\/"},"sameAs":["https:\/\/www.facebook.com\/profile.php?id=100094006291133"]}]}},"_links":{"self":[{"href":"https:\/\/myadvocate.tax\/es\/wp-json\/wp\/v2\/pages\/4778","targetHints":{"allow":["GET"]}}],"collection":[{"href":"https:\/\/myadvocate.tax\/es\/wp-json\/wp\/v2\/pages"}],"about":[{"href":"https:\/\/myadvocate.tax\/es\/wp-json\/wp\/v2\/types\/page"}],"author":[{"embeddable":true,"href":"https:\/\/myadvocate.tax\/es\/wp-json\/wp\/v2\/users\/1"}],"replies":[{"embeddable":true,"href":"https:\/\/myadvocate.tax\/es\/wp-json\/wp\/v2\/comments?post=4778"}],"version-history":[{"count":0,"href":"https:\/\/myadvocate.tax\/es\/wp-json\/wp\/v2\/pages\/4778\/revisions"}],"wp:attachment":[{"href":"https:\/\/myadvocate.tax\/es\/wp-json\/wp\/v2\/media?parent=4778"}],"curies":[{"name":"wp","href":"https:\/\/api.w.org\/{rel}","templated":true}]}}