{"id":4772,"date":"2023-08-01T07:43:34","date_gmt":"2023-08-01T07:43:34","guid":{"rendered":"https:\/\/myadvocate.tax\/blog\/"},"modified":"2025-09-17T06:15:03","modified_gmt":"2025-09-17T06:15:03","slug":"blog","status":"publish","type":"page","link":"https:\/\/myadvocate.tax\/es\/blog\/","title":{"rendered":"Blog"},"content":{"rendered":"\t\t<div data-elementor-type=\"wp-page\" data-elementor-id=\"4772\" class=\"elementor elementor-4772 elementor-3019\" data-elementor-post-type=\"page\">\n\t\t\t\t\t\t<section class=\"elementor-section elementor-top-section elementor-element elementor-element-019fe87 elementor-section-boxed elementor-section-height-default elementor-section-height-default\" data-id=\"019fe87\" data-element_type=\"section\">\n\t\t\t\t\t\t<div class=\"elementor-container elementor-column-gap-default\">\n\t\t\t\t\t<div class=\"elementor-column elementor-col-100 elementor-top-column elementor-element elementor-element-083c0d1\" data-id=\"083c0d1\" data-element_type=\"column\">\n\t\t\t<div class=\"elementor-widget-wrap elementor-element-populated\">\n\t\t\t\t\t\t<div class=\"elementor-element elementor-element-dd4558c elementor-grid-2 elementor-grid-tablet-2 elementor-grid-mobile-1 elementor-posts--thumbnail-top elementor-widget elementor-widget-posts\" data-id=\"dd4558c\" data-element_type=\"widget\" data-settings=\"{&quot;classic_columns&quot;:&quot;2&quot;,&quot;classic_columns_tablet&quot;:&quot;2&quot;,&quot;classic_columns_mobile&quot;:&quot;1&quot;,&quot;classic_row_gap&quot;:{&quot;unit&quot;:&quot;px&quot;,&quot;size&quot;:35,&quot;sizes&quot;:[]},&quot;classic_row_gap_widescreen&quot;:{&quot;unit&quot;:&quot;px&quot;,&quot;size&quot;:&quot;&quot;,&quot;sizes&quot;:[]},&quot;classic_row_gap_laptop&quot;:{&quot;unit&quot;:&quot;px&quot;,&quot;size&quot;:&quot;&quot;,&quot;sizes&quot;:[]},&quot;classic_row_gap_tablet&quot;:{&quot;unit&quot;:&quot;px&quot;,&quot;size&quot;:&quot;&quot;,&quot;sizes&quot;:[]},&quot;classic_row_gap_mobile&quot;:{&quot;unit&quot;:&quot;px&quot;,&quot;size&quot;:&quot;&quot;,&quot;sizes&quot;:[]}}\" data-widget_type=\"posts.classic\">\n\t\t\t\t<div class=\"elementor-widget-container\">\n\t\t\t\t\t\t\t<div class=\"elementor-posts-container elementor-posts elementor-posts--skin-classic elementor-grid\" role=\"list\">\n\t\t\t\t<article class=\"elementor-post elementor-grid-item post-6014 post type-post status-publish format-standard has-post-thumbnail hentry category-servicios-juridicos tag-consulta-gratuita-abogado-fiscal tag-liberacion-del-gravamen-fiscal-federal tag-servicios-de-liquidacion-de-impuestos tag-servicios-fiscales\" role=\"listitem\">\n\t\t\t\t<a class=\"elementor-post__thumbnail__link\" href=\"https:\/\/myadvocate.tax\/es\/2026\/03\/cuales-son-los-pasos-para-solicitar-una-liberacion-de-gravamen-fiscal-federal-online-en-illinois\/\" tabindex=\"-1\" >\n\t\t\t<div class=\"elementor-post__thumbnail\"><img fetchpriority=\"high\" decoding=\"async\" width=\"1200\" height=\"650\" src=\"https:\/\/myadvocate.tax\/wp-content\/uploads\/2026\/03\/What-Are-The-Steps-To-Request-A-Federal-Tax-Lien-Release-Online-In-Illinois-1.webp\" class=\"attachment-full size-full wp-image-6012\" alt=\"Federal Tax Lien Release\" \/><\/div>\n\t\t<\/a>\n\t\t\t\t<div class=\"elementor-post__text\">\n\t\t\t\t<h3 class=\"elementor-post__title\">\n\t\t\t<a href=\"https:\/\/myadvocate.tax\/es\/2026\/03\/cuales-son-los-pasos-para-solicitar-una-liberacion-de-gravamen-fiscal-federal-online-en-illinois\/\" >\n\t\t\t\t\u00bfCu\u00e1les son los pasos para solicitar una liberaci\u00f3n de gravamen fiscal federal online en Illinois?\t\t\t<\/a>\n\t\t<\/h3>\n\t\t\t\t<div class=\"elementor-post__meta-data\">\n\t\t\t\t\t<span class=\"elementor-post-date\">\n\t\t\tmarzo 3, 2026\t\t<\/span>\n\t\t\t\t<span class=\"elementor-post-avatar\">\n\t\t\tNo hay comentarios\t\t<\/span>\n\t\t\t\t<\/div>\n\t\t\t\t<div class=\"elementor-post__excerpt\">\n\t\t\t<p>Los impuestos impagados pueden ser una pesadilla, sobre todo cuando se ha impuesto un embargo fiscal federal sobre tus bienes, tu cr\u00e9dito y tu situaci\u00f3n<\/p>\n\t\t<\/div>\n\t\t\n\t\t<a class=\"elementor-post__read-more\" href=\"https:\/\/myadvocate.tax\/es\/2026\/03\/cuales-son-los-pasos-para-solicitar-una-liberacion-de-gravamen-fiscal-federal-online-en-illinois\/\" aria-label=\"M\u00e1s informaci\u00f3n sobre \u00bfCu\u00e1les son los pasos para solicitar una liberaci\u00f3n de gravamen fiscal federal online en Illinois?\" tabindex=\"-1\" >\n\t\t\tLeer M\u00e1s \"\t\t<\/a>\n\n\t\t\t\t<\/div>\n\t\t\t\t<\/article>\n\t\t\t\t<article class=\"elementor-post elementor-grid-item post-6002 post type-post status-publish format-standard has-post-thumbnail hentry category-servicios-juridicos tag-consulta-gratuita-abogado-fiscal tag-embargo-de-salario tag-saldar-la-deuda-con-hacienda tag-servicios-de-liquidacion-de-impuestos tag-servicios-fiscales\" role=\"listitem\">\n\t\t\t\t<a class=\"elementor-post__thumbnail__link\" href=\"https:\/\/myadvocate.tax\/es\/2026\/02\/servicios-de-liquidacion-de-impuestos-en-illinois-pueden-reducir-las-multas-y-los-intereses-del-irs\/\" tabindex=\"-1\" >\n\t\t\t<div class=\"elementor-post__thumbnail\"><img decoding=\"async\" width=\"1200\" height=\"650\" src=\"https:\/\/myadvocate.tax\/wp-content\/uploads\/2026\/02\/Tax-Settlement-Services-in-Illinois-Can-They-Reduce-IRS-Penalties-and-Interest.webp\" class=\"attachment-full size-full wp-image-5996\" alt=\"Tax Settlement Services in Illinois\" \/><\/div>\n\t\t<\/a>\n\t\t\t\t<div class=\"elementor-post__text\">\n\t\t\t\t<h3 class=\"elementor-post__title\">\n\t\t\t<a href=\"https:\/\/myadvocate.tax\/es\/2026\/02\/servicios-de-liquidacion-de-impuestos-en-illinois-pueden-reducir-las-multas-y-los-intereses-del-irs\/\" >\n\t\t\t\tServicios de Liquidaci\u00f3n de Impuestos en Illinois: \u00bfPueden Reducir las Multas y los Intereses del IRS?\t\t\t<\/a>\n\t\t<\/h3>\n\t\t\t\t<div class=\"elementor-post__meta-data\">\n\t\t\t\t\t<span class=\"elementor-post-date\">\n\t\t\tfebrero 17, 2026\t\t<\/span>\n\t\t\t\t<span class=\"elementor-post-avatar\">\n\t\t\tNo hay comentarios\t\t<\/span>\n\t\t\t\t<\/div>\n\t\t\t\t<div class=\"elementor-post__excerpt\">\n\t\t\t<p>Cuando la deuda tributaria crece sin control, las sanciones y los intereses suelen empeorar la situaci\u00f3n. Muchas personas empiezan con un peque\u00f1o saldo impagado y<\/p>\n\t\t<\/div>\n\t\t\n\t\t<a class=\"elementor-post__read-more\" href=\"https:\/\/myadvocate.tax\/es\/2026\/02\/servicios-de-liquidacion-de-impuestos-en-illinois-pueden-reducir-las-multas-y-los-intereses-del-irs\/\" aria-label=\"M\u00e1s informaci\u00f3n sobre Servicios de Liquidaci\u00f3n de Impuestos en Illinois: \u00bfPueden Reducir las Multas y los Intereses del IRS?\" tabindex=\"-1\" >\n\t\t\tLeer M\u00e1s \"\t\t<\/a>\n\n\t\t\t\t<\/div>\n\t\t\t\t<\/article>\n\t\t\t\t<article class=\"elementor-post elementor-grid-item post-5931 post type-post status-publish format-standard has-post-thumbnail hentry category-servicios-juridicos tag-consulta-fiscal-gratuita tag-servicios-de-liquidacion-de-impuestos\" role=\"listitem\">\n\t\t\t\t<a class=\"elementor-post__thumbnail__link\" href=\"https:\/\/myadvocate.tax\/es\/2026\/01\/hay-consultas-gratuitas-para-los-servicios-de-liquidacion-de-impuestos-lo-que-debes-saber\/\" tabindex=\"-1\" >\n\t\t\t<div class=\"elementor-post__thumbnail\"><img decoding=\"async\" width=\"1200\" height=\"650\" src=\"https:\/\/myadvocate.tax\/wp-content\/uploads\/2026\/01\/Are-There-Any-Free-Consultations-for-Tax-Settlement-Services-What-You-Should-Know.jpg\" class=\"attachment-full size-full wp-image-5924\" alt=\"Tax Settlement Services\" srcset=\"https:\/\/myadvocate.tax\/wp-content\/uploads\/2026\/01\/Are-There-Any-Free-Consultations-for-Tax-Settlement-Services-What-You-Should-Know.jpg 1200w, https:\/\/myadvocate.tax\/wp-content\/uploads\/2026\/01\/Are-There-Any-Free-Consultations-for-Tax-Settlement-Services-What-You-Should-Know-300x163.jpg 300w, https:\/\/myadvocate.tax\/wp-content\/uploads\/2026\/01\/Are-There-Any-Free-Consultations-for-Tax-Settlement-Services-What-You-Should-Know-1024x555.jpg 1024w, https:\/\/myadvocate.tax\/wp-content\/uploads\/2026\/01\/Are-There-Any-Free-Consultations-for-Tax-Settlement-Services-What-You-Should-Know-768x416.jpg 768w\" sizes=\"(max-width: 1200px) 100vw, 1200px\" \/><\/div>\n\t\t<\/a>\n\t\t\t\t<div class=\"elementor-post__text\">\n\t\t\t\t<h3 class=\"elementor-post__title\">\n\t\t\t<a href=\"https:\/\/myadvocate.tax\/es\/2026\/01\/hay-consultas-gratuitas-para-los-servicios-de-liquidacion-de-impuestos-lo-que-debes-saber\/\" >\n\t\t\t\t\u00bfHay consultas gratuitas para los servicios de liquidaci\u00f3n de impuestos? Lo que debes saber\t\t\t<\/a>\n\t\t<\/h3>\n\t\t\t\t<div class=\"elementor-post__meta-data\">\n\t\t\t\t\t<span class=\"elementor-post-date\">\n\t\t\tenero 8, 2026\t\t<\/span>\n\t\t\t\t<span class=\"elementor-post-avatar\">\n\t\t\tNo hay comentarios\t\t<\/span>\n\t\t\t\t<\/div>\n\t\t\t\t<div class=\"elementor-post__excerpt\">\n\t\t\t<p>Recibir una carta de Hacienda puede asustar. Muchas personas entran en p\u00e1nico cuando oyen palabras como deuda tributaria, sanciones o avisos de cobro. La primera<\/p>\n\t\t<\/div>\n\t\t\n\t\t<a class=\"elementor-post__read-more\" href=\"https:\/\/myadvocate.tax\/es\/2026\/01\/hay-consultas-gratuitas-para-los-servicios-de-liquidacion-de-impuestos-lo-que-debes-saber\/\" aria-label=\"M\u00e1s informaci\u00f3n sobre \u00bfHay consultas gratuitas para los servicios de liquidaci\u00f3n de impuestos? Lo que debes saber\" tabindex=\"-1\" >\n\t\t\tLeer M\u00e1s \"\t\t<\/a>\n\n\t\t\t\t<\/div>\n\t\t\t\t<\/article>\n\t\t\t\t<article class=\"elementor-post elementor-grid-item post-5916 post type-post status-publish format-standard has-post-thumbnail hentry category-servicios-juridicos tag-embargo-de-salario tag-resolucion-servicios-fiscales\" role=\"listitem\">\n\t\t\t\t<a class=\"elementor-post__thumbnail__link\" href=\"https:\/\/myadvocate.tax\/es\/2025\/12\/guia-completa-de-los-servicios-fiscales-de-resolucion-proceso-ventajas-y-cuando-obtener-ayuda-profesional\/\" tabindex=\"-1\" >\n\t\t\t<div class=\"elementor-post__thumbnail\"><img loading=\"lazy\" decoding=\"async\" width=\"1200\" height=\"650\" src=\"https:\/\/myadvocate.tax\/wp-content\/uploads\/2025\/12\/Complete-Guide-to-Resolution-Tax-Services-Process-Benefits-and-When-to-Get-Professional-Help.jpg\" class=\"attachment-full size-full wp-image-5903\" alt=\"Resolution Tax Services\" srcset=\"https:\/\/myadvocate.tax\/wp-content\/uploads\/2025\/12\/Complete-Guide-to-Resolution-Tax-Services-Process-Benefits-and-When-to-Get-Professional-Help.jpg 1200w, https:\/\/myadvocate.tax\/wp-content\/uploads\/2025\/12\/Complete-Guide-to-Resolution-Tax-Services-Process-Benefits-and-When-to-Get-Professional-Help-300x163.jpg 300w, https:\/\/myadvocate.tax\/wp-content\/uploads\/2025\/12\/Complete-Guide-to-Resolution-Tax-Services-Process-Benefits-and-When-to-Get-Professional-Help-1024x555.jpg 1024w, https:\/\/myadvocate.tax\/wp-content\/uploads\/2025\/12\/Complete-Guide-to-Resolution-Tax-Services-Process-Benefits-and-When-to-Get-Professional-Help-768x416.jpg 768w\" sizes=\"(max-width: 1200px) 100vw, 1200px\" \/><\/div>\n\t\t<\/a>\n\t\t\t\t<div class=\"elementor-post__text\">\n\t\t\t\t<h3 class=\"elementor-post__title\">\n\t\t\t<a href=\"https:\/\/myadvocate.tax\/es\/2025\/12\/guia-completa-de-los-servicios-fiscales-de-resolucion-proceso-ventajas-y-cuando-obtener-ayuda-profesional\/\" >\n\t\t\t\tGu\u00eda Completa de los Servicios Fiscales de Resoluci\u00f3n: Proceso, ventajas y cu\u00e1ndo obtener ayuda profesional\t\t\t<\/a>\n\t\t<\/h3>\n\t\t\t\t<div class=\"elementor-post__meta-data\">\n\t\t\t\t\t<span class=\"elementor-post-date\">\n\t\t\tdiciembre 16, 2025\t\t<\/span>\n\t\t\t\t<span class=\"elementor-post-avatar\">\n\t\t\tNo hay comentarios\t\t<\/span>\n\t\t\t\t<\/div>\n\t\t\t\t<div class=\"elementor-post__excerpt\">\n\t\t\t<p>Los problemas fiscales pueden dar miedo. Basta una carta del Servicio de Impuestos Internos o de una agencia tributaria estatal para que cunda el p\u00e1nico.<\/p>\n\t\t<\/div>\n\t\t\n\t\t<a class=\"elementor-post__read-more\" href=\"https:\/\/myadvocate.tax\/es\/2025\/12\/guia-completa-de-los-servicios-fiscales-de-resolucion-proceso-ventajas-y-cuando-obtener-ayuda-profesional\/\" aria-label=\"M\u00e1s informaci\u00f3n sobre Gu\u00eda Completa de los Servicios Fiscales de Resoluci\u00f3n: Proceso, ventajas y cu\u00e1ndo obtener ayuda profesional\" tabindex=\"-1\" >\n\t\t\tLeer M\u00e1s \"\t\t<\/a>\n\n\t\t\t\t<\/div>\n\t\t\t\t<\/article>\n\t\t\t\t<article class=\"elementor-post elementor-grid-item post-5899 post type-post status-publish format-standard has-post-thumbnail hentry category-servicios-juridicos tag-liberacion-del-gravamen-fiscal-federal tag-oferta-de-compromiso\" role=\"listitem\">\n\t\t\t\t<a class=\"elementor-post__thumbnail__link\" href=\"https:\/\/myadvocate.tax\/es\/2025\/12\/que-es-una-liberacion-de-gravamen-fiscal-federal-y-como-puedes-conseguirla-rapidamente\/\" tabindex=\"-1\" >\n\t\t\t<div class=\"elementor-post__thumbnail\"><img loading=\"lazy\" decoding=\"async\" width=\"1200\" height=\"650\" src=\"https:\/\/myadvocate.tax\/wp-content\/uploads\/2025\/12\/What-Is-a-Federal-Tax-Lien-Release-and-How-Can-You-Get-One-Quickly.jpg\" class=\"attachment-full size-full wp-image-5893\" alt=\"federal tax lien release\" srcset=\"https:\/\/myadvocate.tax\/wp-content\/uploads\/2025\/12\/What-Is-a-Federal-Tax-Lien-Release-and-How-Can-You-Get-One-Quickly.jpg 1200w, https:\/\/myadvocate.tax\/wp-content\/uploads\/2025\/12\/What-Is-a-Federal-Tax-Lien-Release-and-How-Can-You-Get-One-Quickly-300x163.jpg 300w, https:\/\/myadvocate.tax\/wp-content\/uploads\/2025\/12\/What-Is-a-Federal-Tax-Lien-Release-and-How-Can-You-Get-One-Quickly-1024x555.jpg 1024w, https:\/\/myadvocate.tax\/wp-content\/uploads\/2025\/12\/What-Is-a-Federal-Tax-Lien-Release-and-How-Can-You-Get-One-Quickly-768x416.jpg 768w\" sizes=\"(max-width: 1200px) 100vw, 1200px\" \/><\/div>\n\t\t<\/a>\n\t\t\t\t<div class=\"elementor-post__text\">\n\t\t\t\t<h3 class=\"elementor-post__title\">\n\t\t\t<a href=\"https:\/\/myadvocate.tax\/es\/2025\/12\/que-es-una-liberacion-de-gravamen-fiscal-federal-y-como-puedes-conseguirla-rapidamente\/\" >\n\t\t\t\t\u00bfQu\u00e9 es una liberaci\u00f3n de gravamen fiscal federal y c\u00f3mo puedes conseguirla r\u00e1pidamente?\t\t\t<\/a>\n\t\t<\/h3>\n\t\t\t\t<div class=\"elementor-post__meta-data\">\n\t\t\t\t\t<span class=\"elementor-post-date\">\n\t\t\tdiciembre 1, 2025\t\t<\/span>\n\t\t\t\t<span class=\"elementor-post-avatar\">\n\t\t\tNo hay comentarios\t\t<\/span>\n\t\t\t\t<\/div>\n\t\t\t\t<div class=\"elementor-post__excerpt\">\n\t\t\t<p>Enterarse de que Hacienda ha puesto un embargo fiscal federal sobre tu propiedad da miedo. Un embargo puede bloquear la venta de una casa, perjudicar<\/p>\n\t\t<\/div>\n\t\t\n\t\t<a class=\"elementor-post__read-more\" href=\"https:\/\/myadvocate.tax\/es\/2025\/12\/que-es-una-liberacion-de-gravamen-fiscal-federal-y-como-puedes-conseguirla-rapidamente\/\" aria-label=\"M\u00e1s informaci\u00f3n sobre \u00bfQu\u00e9 es una liberaci\u00f3n de gravamen fiscal federal y c\u00f3mo puedes conseguirla r\u00e1pidamente?\" tabindex=\"-1\" >\n\t\t\tLeer M\u00e1s \"\t\t<\/a>\n\n\t\t\t\t<\/div>\n\t\t\t\t<\/article>\n\t\t\t\t<article class=\"elementor-post elementor-grid-item post-5889 post type-post status-publish format-standard has-post-thumbnail hentry category-servicios-juridicos tag-resolucion-servicios-fiscales\" role=\"listitem\">\n\t\t\t\t<a class=\"elementor-post__thumbnail__link\" href=\"https:\/\/myadvocate.tax\/es\/2025\/11\/resolucion-servicios-fiscales-proceso-ventajas-y-cuando-buscar-ayuda\/\" tabindex=\"-1\" >\n\t\t\t<div class=\"elementor-post__thumbnail\"><img loading=\"lazy\" decoding=\"async\" width=\"1200\" height=\"650\" src=\"https:\/\/myadvocate.tax\/wp-content\/uploads\/2025\/11\/Resolution-Tax-Services-Process-Benefits-and-When-to-Seek-Help.jpg\" class=\"attachment-full size-full wp-image-5887\" alt=\"resolution tax services\" srcset=\"https:\/\/myadvocate.tax\/wp-content\/uploads\/2025\/11\/Resolution-Tax-Services-Process-Benefits-and-When-to-Seek-Help.jpg 1200w, https:\/\/myadvocate.tax\/wp-content\/uploads\/2025\/11\/Resolution-Tax-Services-Process-Benefits-and-When-to-Seek-Help-300x163.jpg 300w, https:\/\/myadvocate.tax\/wp-content\/uploads\/2025\/11\/Resolution-Tax-Services-Process-Benefits-and-When-to-Seek-Help-1024x555.jpg 1024w, https:\/\/myadvocate.tax\/wp-content\/uploads\/2025\/11\/Resolution-Tax-Services-Process-Benefits-and-When-to-Seek-Help-768x416.jpg 768w\" sizes=\"(max-width: 1200px) 100vw, 1200px\" \/><\/div>\n\t\t<\/a>\n\t\t\t\t<div class=\"elementor-post__text\">\n\t\t\t\t<h3 class=\"elementor-post__title\">\n\t\t\t<a href=\"https:\/\/myadvocate.tax\/es\/2025\/11\/resolucion-servicios-fiscales-proceso-ventajas-y-cuando-buscar-ayuda\/\" >\n\t\t\t\tResoluci\u00f3n Servicios Fiscales: Proceso, Ventajas y Cu\u00e1ndo Buscar Ayuda\t\t\t<\/a>\n\t\t<\/h3>\n\t\t\t\t<div class=\"elementor-post__meta-data\">\n\t\t\t\t\t<span class=\"elementor-post-date\">\n\t\t\tnoviembre 18, 2025\t\t<\/span>\n\t\t\t\t<span class=\"elementor-post-avatar\">\n\t\t\tNo hay comentarios\t\t<\/span>\n\t\t\t\t<\/div>\n\t\t\t\t<div class=\"elementor-post__excerpt\">\n\t\t\t<p>Enfrentarse a una factura de impuestos inesperada, un aviso de Hacienda o un embargo sobre tu propiedad es estresante. La mayor\u00eda de la gente no<\/p>\n\t\t<\/div>\n\t\t\n\t\t<a class=\"elementor-post__read-more\" href=\"https:\/\/myadvocate.tax\/es\/2025\/11\/resolucion-servicios-fiscales-proceso-ventajas-y-cuando-buscar-ayuda\/\" aria-label=\"M\u00e1s informaci\u00f3n sobre Resoluci\u00f3n Servicios Fiscales: Proceso, Ventajas y Cu\u00e1ndo Buscar Ayuda\" tabindex=\"-1\" >\n\t\t\tLeer M\u00e1s \"\t\t<\/a>\n\n\t\t\t\t<\/div>\n\t\t\t\t<\/article>\n\t\t\t\t<\/div>\n\t\t\n\t\t\t\t\t\t<\/div>\n\t\t\t\t<\/div>\n\t\t\t\t\t<\/div>\n\t\t<\/div>\n\t\t\t\t\t<\/div>\n\t\t<\/section>\n\t\t\t\t<\/div>\n\t\t","protected":false},"excerpt":{"rendered":"","protected":false},"author":1,"featured_media":0,"parent":0,"menu_order":0,"comment_status":"closed","ping_status":"closed","template":"","meta":{"_coblocks_attr":"","_coblocks_dimensions":"","_coblocks_responsive_height":"","_coblocks_accordion_ie_support":"","footnotes":""},"class_list":["post-4772","page","type-page","status-publish","hentry"],"yoast_head":"<!-- This site is optimized with the Yoast SEO Premium plugin v26.6 (Yoast SEO v26.6) - https:\/\/yoast.com\/wordpress\/plugins\/seo\/ -->\n<title>Blog | Soluciones fiscales Advocate<\/title>\n<meta name=\"description\" content=\"Lee nuestro blog sobre fiscalidad para obtener informaci\u00f3n sobre el IRS, orientaci\u00f3n sobre impuestos atrasados, consejos para reducir multas y estrategias probadas de resoluci\u00f3n de problemas fiscales.\" \/>\n<meta name=\"robots\" content=\"index, follow, max-snippet:-1, max-image-preview:large, max-video-preview:-1\" \/>\n<link rel=\"canonical\" href=\"https:\/\/myadvocate.tax\/es\/blog\/\" \/>\n<meta property=\"og:locale\" content=\"es_ES\" \/>\n<meta property=\"og:type\" content=\"article\" \/>\n<meta property=\"og:title\" content=\"Blog\" \/>\n<meta property=\"og:description\" content=\"Lee nuestro blog sobre fiscalidad para obtener informaci\u00f3n sobre el IRS, orientaci\u00f3n sobre impuestos atrasados, consejos para reducir multas y estrategias probadas de resoluci\u00f3n de problemas fiscales.\" \/>\n<meta property=\"og:url\" content=\"https:\/\/myadvocate.tax\/es\/blog\/\" \/>\n<meta property=\"og:site_name\" content=\"Advocate Tax Solutions LLC\" \/>\n<meta property=\"article:publisher\" content=\"https:\/\/www.facebook.com\/profile.php?id=100094006291133\" \/>\n<meta property=\"article:modified_time\" content=\"2025-09-17T06:15:03+00:00\" \/>\n<meta name=\"twitter:card\" content=\"summary_large_image\" \/>\n<script type=\"application\/ld+json\" class=\"yoast-schema-graph\">{\"@context\":\"https:\/\/schema.org\",\"@graph\":[{\"@type\":\"WebPage\",\"@id\":\"https:\/\/myadvocate.tax\/es\/blog\/\",\"url\":\"https:\/\/myadvocate.tax\/es\/blog\/\",\"name\":\"Blog | Soluciones fiscales Advocate\",\"isPartOf\":{\"@id\":\"https:\/\/myadvocate.tax\/#website\"},\"datePublished\":\"2023-08-01T07:43:34+00:00\",\"dateModified\":\"2025-09-17T06:15:03+00:00\",\"description\":\"Lee nuestro blog sobre fiscalidad para obtener informaci\u00f3n sobre el IRS, orientaci\u00f3n sobre impuestos atrasados, consejos para reducir multas y estrategias probadas de resoluci\u00f3n de problemas fiscales.\",\"breadcrumb\":{\"@id\":\"https:\/\/myadvocate.tax\/es\/blog\/#breadcrumb\"},\"inLanguage\":\"es\",\"potentialAction\":[{\"@type\":\"ReadAction\",\"target\":[\"https:\/\/myadvocate.tax\/es\/blog\/\"]}]},{\"@type\":\"BreadcrumbList\",\"@id\":\"https:\/\/myadvocate.tax\/es\/blog\/#breadcrumb\",\"itemListElement\":[{\"@type\":\"ListItem\",\"position\":1,\"name\":\"Home\",\"item\":\"https:\/\/myadvocate.tax\/\"},{\"@type\":\"ListItem\",\"position\":2,\"name\":\"Blog\"}]},{\"@type\":\"WebSite\",\"@id\":\"https:\/\/myadvocate.tax\/#website\",\"url\":\"https:\/\/myadvocate.tax\/\",\"name\":\"Advocate Tax Solutions LLC\",\"description\":\"Advocate Tax Solutions - Tax Debt Solutions - IRS Tax Resolution Service - State Tax Resolutions Services\",\"publisher\":{\"@id\":\"https:\/\/myadvocate.tax\/#organization\"},\"potentialAction\":[{\"@type\":\"SearchAction\",\"target\":{\"@type\":\"EntryPoint\",\"urlTemplate\":\"https:\/\/myadvocate.tax\/?s={search_term_string}\"},\"query-input\":{\"@type\":\"PropertyValueSpecification\",\"valueRequired\":true,\"valueName\":\"search_term_string\"}}],\"inLanguage\":\"es\"},{\"@type\":\"Organization\",\"@id\":\"https:\/\/myadvocate.tax\/#organization\",\"name\":\"Advocate Tax Solutions LLC\",\"url\":\"https:\/\/myadvocate.tax\/\",\"logo\":{\"@type\":\"ImageObject\",\"inLanguage\":\"es\",\"@id\":\"https:\/\/myadvocate.tax\/#\/schema\/logo\/image\/\",\"url\":\"https:\/\/myadvocate.tax\/wp-content\/uploads\/2023\/06\/Advocate-Tax-Solutions-Cropped-Border-scaled.webp\",\"contentUrl\":\"https:\/\/myadvocate.tax\/wp-content\/uploads\/2023\/06\/Advocate-Tax-Solutions-Cropped-Border-scaled.webp\",\"width\":2560,\"height\":1940,\"caption\":\"Advocate Tax Solutions LLC\"},\"image\":{\"@id\":\"https:\/\/myadvocate.tax\/#\/schema\/logo\/image\/\"},\"sameAs\":[\"https:\/\/www.facebook.com\/profile.php?id=100094006291133\"]}]}<\/script>\n<!-- \/ Yoast SEO Premium plugin. -->","yoast_head_json":{"title":"Blog | Soluciones fiscales Advocate","description":"Lee nuestro blog sobre fiscalidad para obtener informaci\u00f3n sobre el IRS, orientaci\u00f3n sobre impuestos atrasados, consejos para reducir multas y estrategias probadas de resoluci\u00f3n de problemas fiscales.","robots":{"index":"index","follow":"follow","max-snippet":"max-snippet:-1","max-image-preview":"max-image-preview:large","max-video-preview":"max-video-preview:-1"},"canonical":"https:\/\/myadvocate.tax\/es\/blog\/","og_locale":"es_ES","og_type":"article","og_title":"Blog","og_description":"Lee nuestro blog sobre fiscalidad para obtener informaci\u00f3n sobre el IRS, orientaci\u00f3n sobre impuestos atrasados, consejos para reducir multas y estrategias probadas de resoluci\u00f3n de problemas fiscales.","og_url":"https:\/\/myadvocate.tax\/es\/blog\/","og_site_name":"Advocate Tax Solutions LLC","article_publisher":"https:\/\/www.facebook.com\/profile.php?id=100094006291133","article_modified_time":"2025-09-17T06:15:03+00:00","twitter_card":"summary_large_image","schema":{"@context":"https:\/\/schema.org","@graph":[{"@type":"WebPage","@id":"https:\/\/myadvocate.tax\/es\/blog\/","url":"https:\/\/myadvocate.tax\/es\/blog\/","name":"Blog | Soluciones fiscales Advocate","isPartOf":{"@id":"https:\/\/myadvocate.tax\/#website"},"datePublished":"2023-08-01T07:43:34+00:00","dateModified":"2025-09-17T06:15:03+00:00","description":"Lee nuestro blog sobre fiscalidad para obtener informaci\u00f3n sobre el IRS, orientaci\u00f3n sobre impuestos atrasados, consejos para reducir multas y estrategias probadas de resoluci\u00f3n de problemas fiscales.","breadcrumb":{"@id":"https:\/\/myadvocate.tax\/es\/blog\/#breadcrumb"},"inLanguage":"es","potentialAction":[{"@type":"ReadAction","target":["https:\/\/myadvocate.tax\/es\/blog\/"]}]},{"@type":"BreadcrumbList","@id":"https:\/\/myadvocate.tax\/es\/blog\/#breadcrumb","itemListElement":[{"@type":"ListItem","position":1,"name":"Home","item":"https:\/\/myadvocate.tax\/"},{"@type":"ListItem","position":2,"name":"Blog"}]},{"@type":"WebSite","@id":"https:\/\/myadvocate.tax\/#website","url":"https:\/\/myadvocate.tax\/","name":"Advocate Tax Solutions LLC","description":"Advocate Tax Solutions - Tax Debt Solutions - IRS Tax Resolution Service - State Tax Resolutions Services","publisher":{"@id":"https:\/\/myadvocate.tax\/#organization"},"potentialAction":[{"@type":"SearchAction","target":{"@type":"EntryPoint","urlTemplate":"https:\/\/myadvocate.tax\/?s={search_term_string}"},"query-input":{"@type":"PropertyValueSpecification","valueRequired":true,"valueName":"search_term_string"}}],"inLanguage":"es"},{"@type":"Organization","@id":"https:\/\/myadvocate.tax\/#organization","name":"Advocate Tax Solutions LLC","url":"https:\/\/myadvocate.tax\/","logo":{"@type":"ImageObject","inLanguage":"es","@id":"https:\/\/myadvocate.tax\/#\/schema\/logo\/image\/","url":"https:\/\/myadvocate.tax\/wp-content\/uploads\/2023\/06\/Advocate-Tax-Solutions-Cropped-Border-scaled.webp","contentUrl":"https:\/\/myadvocate.tax\/wp-content\/uploads\/2023\/06\/Advocate-Tax-Solutions-Cropped-Border-scaled.webp","width":2560,"height":1940,"caption":"Advocate Tax Solutions LLC"},"image":{"@id":"https:\/\/myadvocate.tax\/#\/schema\/logo\/image\/"},"sameAs":["https:\/\/www.facebook.com\/profile.php?id=100094006291133"]}]}},"_links":{"self":[{"href":"https:\/\/myadvocate.tax\/es\/wp-json\/wp\/v2\/pages\/4772","targetHints":{"allow":["GET"]}}],"collection":[{"href":"https:\/\/myadvocate.tax\/es\/wp-json\/wp\/v2\/pages"}],"about":[{"href":"https:\/\/myadvocate.tax\/es\/wp-json\/wp\/v2\/types\/page"}],"author":[{"embeddable":true,"href":"https:\/\/myadvocate.tax\/es\/wp-json\/wp\/v2\/users\/1"}],"replies":[{"embeddable":true,"href":"https:\/\/myadvocate.tax\/es\/wp-json\/wp\/v2\/comments?post=4772"}],"version-history":[{"count":0,"href":"https:\/\/myadvocate.tax\/es\/wp-json\/wp\/v2\/pages\/4772\/revisions"}],"wp:attachment":[{"href":"https:\/\/myadvocate.tax\/es\/wp-json\/wp\/v2\/media?parent=4772"}],"curies":[{"name":"wp","href":"https:\/\/api.w.org\/{rel}","templated":true}]}}