{"id":4769,"date":"2023-07-26T06:06:36","date_gmt":"2023-07-26T06:06:36","guid":{"rendered":"https:\/\/myadvocate.tax\/actualmente-no-coleccionable\/"},"modified":"2025-09-15T17:02:24","modified_gmt":"2025-09-15T17:02:24","slug":"actualmente-no-coleccionable","status":"publish","type":"page","link":"https:\/\/myadvocate.tax\/es\/actualmente-no-coleccionable\/","title":{"rendered":"Actualmente no coleccionable"},"content":{"rendered":"\t\t<div data-elementor-type=\"wp-page\" data-elementor-id=\"4769\" class=\"elementor elementor-4769 elementor-2186\" data-elementor-post-type=\"page\">\n\t\t\t\t\t\t<section class=\"elementor-section elementor-top-section elementor-element elementor-element-641551b elementor-reverse-tablet elementor-reverse-mobile elementor-section-boxed elementor-section-height-default elementor-section-height-default\" data-id=\"641551b\" data-element_type=\"section\">\n\t\t\t\t\t\t<div class=\"elementor-container elementor-column-gap-default\">\n\t\t\t\t\t<div class=\"elementor-column elementor-col-50 elementor-top-column elementor-element elementor-element-2c0eddd\" data-id=\"2c0eddd\" data-element_type=\"column\">\n\t\t\t<div class=\"elementor-widget-wrap elementor-element-populated\">\n\t\t\t\t\t\t<div class=\"elementor-element elementor-element-fb026b6 elementor-widget elementor-widget-text-editor\" data-id=\"fb026b6\" data-element_type=\"widget\" data-widget_type=\"text-editor.default\">\n\t\t\t\t<div class=\"elementor-widget-container\">\n\t\t\t\t\t\t\t\t\t<h3 data-start=\"121\" data-end=\"179\">Explicaci\u00f3n de la Condici\u00f3n de No Cobrable (CNC) del IRS<\/h3><p data-start=\"181\" data-end=\"315\">El IRS puede conceder <strong data-start=\"199\" data-end=\"241\">la condici\u00f3n de Actualmente No Cobrable (CNC)<\/strong> cuando los contribuyentes demuestren que pagar su deuda les crear\u00eda dificultades econ\u00f3micas.<\/p><p data-start=\"317\" data-end=\"472\">La condici\u00f3n de CNC detiene temporalmente las actividades de cobro del IRS, incluidos los embargos bancarios, los embargos salariales, las confiscaciones de bienes y otras gestiones de cobro forzoso.<\/p><p data-start=\"474\" data-end=\"603\">Este estatus no perdona ni elimina la deuda. En su lugar, Hacienda suspende el cobro hasta que mejore la situaci\u00f3n del contribuyente. <\/p><p data-start=\"605\" data-end=\"733\">El IRS revisa los casos de CNC anualmente, una vez presentadas las declaraciones de la renta. Tambi\u00e9n pueden solicitar documentos financieros actualizados en cualquier momento. <\/p><p data-start=\"735\" data-end=\"853\">Los contribuyentes deben presentar a tiempo todas las declaraciones fiscales exigidas. Si no se cumple, se puede perder la protecci\u00f3n de la CNC. <\/p><p data-start=\"855\" data-end=\"995\">El IRS tiene un plazo <strong data-start=\"880\" data-end=\"914\">de prescripci\u00f3n de 10 a\u00f1os<\/strong> para cobrar los impuestos impagados, a partir de la fecha oficial de presentaci\u00f3n de la declaraci\u00f3n.<\/p><p data-start=\"997\" data-end=\"1111\">Por ejemplo, un saldo evaluado el 15 de abril de 2013 expirar\u00eda el 15 de abril de 2023, a menos que la deuda se satisfaga totalmente.<\/p><p data-start=\"1113\" data-end=\"1238\">Durante el estado CNC, Hacienda aplica las futuras devoluciones de impuestos al saldo pendiente m\u00e1s antiguo hasta que se pague o caduque.<\/p><p data-start=\"1240\" data-end=\"1389\">Las devoluciones se compensan autom\u00e1ticamente. Los contribuyentes no deben esperar recibir devoluciones mientras su cuenta permanezca en estado Actualmente No Cobrable. <\/p><p data-start=\"1391\" data-end=\"1538\"><strong data-start=\"1391\" data-end=\"1442\">Los nuevos saldos fiscales no se incluyen autom\u00e1ticamente<\/strong> en el estado CNC. La informaci\u00f3n financiera actualizada es necesaria para determinar la elegibilidad continuada. <\/p><p data-start=\"1540\" data-end=\"1668\">Hacienda exige pruebas de que el contribuyente sigue sin poder pagar. Sin datos financieros actualizados, el estatus de CNC puede ser revocado r\u00e1pidamente.<\/p><p data-start=\"1670\" data-end=\"1827\">El estatus de CNC proporciona un alivio esencial a los contribuyentes en apuros, protegiendo los ingresos y los bienes de las acciones de ejecuci\u00f3n del IRS y de las t\u00e1cticas de cobro agresivas.<\/p><p data-start=\"1829\" data-end=\"1965\">Sin embargo, requiere un cumplimiento cuidadoso. Si se incumplen los plazos, se presentan declaraciones fuera de plazo o se adeudan nuevos saldos, se corre el riesgo de perder la protecci\u00f3n de la CNC.<\/p><p data-start=\"1967\" data-end=\"2141\">Los profesionales fiscales experimentados ayudan a mantener la elegibilidad de la CNC. Gu\u00edan a los contribuyentes a trav\u00e9s de los requisitos, protegen el patrimonio y garantizan la estabilidad financiera a largo plazo durante la CNC.<\/p>\t\t\t\t\t\t\t\t<\/div>\n\t\t\t\t<\/div>\n\t\t\t\t\t<\/div>\n\t\t<\/div>\n\t\t\t\t<div class=\"elementor-column elementor-col-50 elementor-top-column elementor-element elementor-element-b7e8c6c\" data-id=\"b7e8c6c\" data-element_type=\"column\">\n\t\t\t<div class=\"elementor-widget-wrap elementor-element-populated\">\n\t\t\t\t\t\t<div class=\"elementor-element elementor-element-5559b43 elementor-widget elementor-widget-image\" data-id=\"5559b43\" data-element_type=\"widget\" data-widget_type=\"image.default\">\n\t\t\t\t<div class=\"elementor-widget-container\">\n\t\t\t\t\t\t\t\t\t\t\t\t\t\t\t<img fetchpriority=\"high\" decoding=\"async\" width=\"478\" height=\"252\" src=\"https:\/\/myadvocate.tax\/wp-content\/uploads\/2023\/07\/irs-increases-interest-rates-478x252-1.webp\" class=\"attachment-full size-full wp-image-4718\" alt=\"woman reviewing tax documents\" srcset=\"https:\/\/myadvocate.tax\/wp-content\/uploads\/2023\/07\/irs-increases-interest-rates-478x252-1.webp 478w, https:\/\/myadvocate.tax\/wp-content\/uploads\/2023\/07\/irs-increases-interest-rates-478x252-1-300x158.webp 300w\" sizes=\"(max-width: 478px) 100vw, 478px\" \/>\t\t\t\t\t\t\t\t\t\t\t\t\t\t\t<\/div>\n\t\t\t\t<\/div>\n\t\t\t\t\t<\/div>\n\t\t<\/div>\n\t\t\t\t\t<\/div>\n\t\t<\/section>\n\t\t\t\t<\/div>\n\t\t","protected":false},"excerpt":{"rendered":"<p>Explicaci\u00f3n de la Condici\u00f3n de No Cobrable (CNC) del IRS El IRS puede conceder la condici\u00f3n de Actualmente No Cobrable (CNC) cuando los contribuyentes demuestren que pagar su deuda les crear\u00eda dificultades econ\u00f3micas. La condici\u00f3n de CNC detiene temporalmente las actividades de cobro del IRS, incluidos los embargos bancarios, los embargos salariales, las confiscaciones de [&hellip;]<\/p>\n","protected":false},"author":1,"featured_media":0,"parent":0,"menu_order":0,"comment_status":"closed","ping_status":"closed","template":"","meta":{"_coblocks_attr":"","_coblocks_dimensions":"","_coblocks_responsive_height":"","_coblocks_accordion_ie_support":"","footnotes":""},"class_list":["post-4769","page","type-page","status-publish","hentry"],"yoast_head":"<!-- This site is optimized with the Yoast SEO Premium plugin v26.6 (Yoast SEO v26.6) - https:\/\/yoast.com\/wordpress\/plugins\/seo\/ -->\n<title>Actualmente No Cobrable: Comprender las implicaciones fiscales<\/title>\n<meta name=\"description\" content=\"Descubre c\u00f3mo el estatus de Actualmente No Cobrable del IRS puede evitar los cobros y proteger tu bienestar financiero.\" \/>\n<meta name=\"robots\" content=\"index, follow, max-snippet:-1, max-image-preview:large, max-video-preview:-1\" \/>\n<link rel=\"canonical\" href=\"https:\/\/myadvocate.tax\/es\/actualmente-no-coleccionable\/\" \/>\n<meta property=\"og:locale\" content=\"es_ES\" \/>\n<meta property=\"og:type\" content=\"article\" \/>\n<meta property=\"og:title\" content=\"Actualmente no coleccionable\" \/>\n<meta property=\"og:description\" content=\"Descubre c\u00f3mo el estatus de Actualmente No Cobrable del IRS puede evitar los cobros y proteger tu bienestar financiero.\" \/>\n<meta property=\"og:url\" content=\"https:\/\/myadvocate.tax\/es\/actualmente-no-coleccionable\/\" \/>\n<meta property=\"og:site_name\" content=\"Advocate Tax Solutions LLC\" \/>\n<meta property=\"article:publisher\" content=\"https:\/\/www.facebook.com\/profile.php?id=100094006291133\" \/>\n<meta property=\"article:modified_time\" content=\"2025-09-15T17:02:24+00:00\" \/>\n<meta property=\"og:image\" content=\"https:\/\/myadvocate.tax\/wp-content\/uploads\/2023\/07\/irs-increases-interest-rates-478x252-1.webp\" \/>\n<meta name=\"twitter:card\" content=\"summary_large_image\" \/>\n<meta name=\"twitter:label1\" content=\"Tiempo de lectura\" \/>\n\t<meta name=\"twitter:data1\" content=\"2 minutos\" \/>\n<script type=\"application\/ld+json\" class=\"yoast-schema-graph\">{\"@context\":\"https:\/\/schema.org\",\"@graph\":[{\"@type\":\"WebPage\",\"@id\":\"https:\/\/myadvocate.tax\/es\/actualmente-no-coleccionable\/\",\"url\":\"https:\/\/myadvocate.tax\/es\/actualmente-no-coleccionable\/\",\"name\":\"Actualmente No Cobrable: Comprender las implicaciones fiscales\",\"isPartOf\":{\"@id\":\"https:\/\/myadvocate.tax\/#website\"},\"primaryImageOfPage\":{\"@id\":\"https:\/\/myadvocate.tax\/es\/actualmente-no-coleccionable\/#primaryimage\"},\"image\":{\"@id\":\"https:\/\/myadvocate.tax\/es\/actualmente-no-coleccionable\/#primaryimage\"},\"thumbnailUrl\":\"https:\/\/myadvocate.tax\/wp-content\/uploads\/2023\/07\/irs-increases-interest-rates-478x252-1.webp\",\"datePublished\":\"2023-07-26T06:06:36+00:00\",\"dateModified\":\"2025-09-15T17:02:24+00:00\",\"description\":\"Descubre c\u00f3mo el estatus de Actualmente No Cobrable del IRS puede evitar los cobros y proteger tu bienestar financiero.\",\"breadcrumb\":{\"@id\":\"https:\/\/myadvocate.tax\/es\/actualmente-no-coleccionable\/#breadcrumb\"},\"inLanguage\":\"es\",\"potentialAction\":[{\"@type\":\"ReadAction\",\"target\":[\"https:\/\/myadvocate.tax\/es\/actualmente-no-coleccionable\/\"]}]},{\"@type\":\"ImageObject\",\"inLanguage\":\"es\",\"@id\":\"https:\/\/myadvocate.tax\/es\/actualmente-no-coleccionable\/#primaryimage\",\"url\":\"https:\/\/myadvocate.tax\/wp-content\/uploads\/2023\/07\/irs-increases-interest-rates-478x252-1.webp\",\"contentUrl\":\"https:\/\/myadvocate.tax\/wp-content\/uploads\/2023\/07\/irs-increases-interest-rates-478x252-1.webp\"},{\"@type\":\"BreadcrumbList\",\"@id\":\"https:\/\/myadvocate.tax\/es\/actualmente-no-coleccionable\/#breadcrumb\",\"itemListElement\":[{\"@type\":\"ListItem\",\"position\":1,\"name\":\"Home\",\"item\":\"https:\/\/myadvocate.tax\/\"},{\"@type\":\"ListItem\",\"position\":2,\"name\":\"Actualmente no coleccionable\"}]},{\"@type\":\"WebSite\",\"@id\":\"https:\/\/myadvocate.tax\/#website\",\"url\":\"https:\/\/myadvocate.tax\/\",\"name\":\"Advocate Tax Solutions LLC\",\"description\":\"Advocate Tax Solutions - Tax Debt Solutions - IRS Tax Resolution Service - State Tax Resolutions Services\",\"publisher\":{\"@id\":\"https:\/\/myadvocate.tax\/#organization\"},\"potentialAction\":[{\"@type\":\"SearchAction\",\"target\":{\"@type\":\"EntryPoint\",\"urlTemplate\":\"https:\/\/myadvocate.tax\/?s={search_term_string}\"},\"query-input\":{\"@type\":\"PropertyValueSpecification\",\"valueRequired\":true,\"valueName\":\"search_term_string\"}}],\"inLanguage\":\"es\"},{\"@type\":\"Organization\",\"@id\":\"https:\/\/myadvocate.tax\/#organization\",\"name\":\"Advocate Tax Solutions LLC\",\"url\":\"https:\/\/myadvocate.tax\/\",\"logo\":{\"@type\":\"ImageObject\",\"inLanguage\":\"es\",\"@id\":\"https:\/\/myadvocate.tax\/#\/schema\/logo\/image\/\",\"url\":\"https:\/\/myadvocate.tax\/wp-content\/uploads\/2023\/06\/Advocate-Tax-Solutions-Cropped-Border-scaled.webp\",\"contentUrl\":\"https:\/\/myadvocate.tax\/wp-content\/uploads\/2023\/06\/Advocate-Tax-Solutions-Cropped-Border-scaled.webp\",\"width\":2560,\"height\":1940,\"caption\":\"Advocate Tax Solutions LLC\"},\"image\":{\"@id\":\"https:\/\/myadvocate.tax\/#\/schema\/logo\/image\/\"},\"sameAs\":[\"https:\/\/www.facebook.com\/profile.php?id=100094006291133\"]}]}<\/script>\n<!-- \/ Yoast SEO Premium plugin. -->","yoast_head_json":{"title":"Actualmente No Cobrable: Comprender las implicaciones fiscales","description":"Descubre c\u00f3mo el estatus de Actualmente No Cobrable del IRS puede evitar los cobros y proteger tu bienestar financiero.","robots":{"index":"index","follow":"follow","max-snippet":"max-snippet:-1","max-image-preview":"max-image-preview:large","max-video-preview":"max-video-preview:-1"},"canonical":"https:\/\/myadvocate.tax\/es\/actualmente-no-coleccionable\/","og_locale":"es_ES","og_type":"article","og_title":"Actualmente no coleccionable","og_description":"Descubre c\u00f3mo el estatus de Actualmente No Cobrable del IRS puede evitar los cobros y proteger tu bienestar financiero.","og_url":"https:\/\/myadvocate.tax\/es\/actualmente-no-coleccionable\/","og_site_name":"Advocate Tax Solutions LLC","article_publisher":"https:\/\/www.facebook.com\/profile.php?id=100094006291133","article_modified_time":"2025-09-15T17:02:24+00:00","og_image":[{"url":"https:\/\/myadvocate.tax\/wp-content\/uploads\/2023\/07\/irs-increases-interest-rates-478x252-1.webp","type":"","width":"","height":""}],"twitter_card":"summary_large_image","twitter_misc":{"Tiempo de lectura":"2 minutos"},"schema":{"@context":"https:\/\/schema.org","@graph":[{"@type":"WebPage","@id":"https:\/\/myadvocate.tax\/es\/actualmente-no-coleccionable\/","url":"https:\/\/myadvocate.tax\/es\/actualmente-no-coleccionable\/","name":"Actualmente No Cobrable: Comprender las implicaciones fiscales","isPartOf":{"@id":"https:\/\/myadvocate.tax\/#website"},"primaryImageOfPage":{"@id":"https:\/\/myadvocate.tax\/es\/actualmente-no-coleccionable\/#primaryimage"},"image":{"@id":"https:\/\/myadvocate.tax\/es\/actualmente-no-coleccionable\/#primaryimage"},"thumbnailUrl":"https:\/\/myadvocate.tax\/wp-content\/uploads\/2023\/07\/irs-increases-interest-rates-478x252-1.webp","datePublished":"2023-07-26T06:06:36+00:00","dateModified":"2025-09-15T17:02:24+00:00","description":"Descubre c\u00f3mo el estatus de Actualmente No Cobrable del IRS puede evitar los cobros y proteger tu bienestar financiero.","breadcrumb":{"@id":"https:\/\/myadvocate.tax\/es\/actualmente-no-coleccionable\/#breadcrumb"},"inLanguage":"es","potentialAction":[{"@type":"ReadAction","target":["https:\/\/myadvocate.tax\/es\/actualmente-no-coleccionable\/"]}]},{"@type":"ImageObject","inLanguage":"es","@id":"https:\/\/myadvocate.tax\/es\/actualmente-no-coleccionable\/#primaryimage","url":"https:\/\/myadvocate.tax\/wp-content\/uploads\/2023\/07\/irs-increases-interest-rates-478x252-1.webp","contentUrl":"https:\/\/myadvocate.tax\/wp-content\/uploads\/2023\/07\/irs-increases-interest-rates-478x252-1.webp"},{"@type":"BreadcrumbList","@id":"https:\/\/myadvocate.tax\/es\/actualmente-no-coleccionable\/#breadcrumb","itemListElement":[{"@type":"ListItem","position":1,"name":"Home","item":"https:\/\/myadvocate.tax\/"},{"@type":"ListItem","position":2,"name":"Actualmente no coleccionable"}]},{"@type":"WebSite","@id":"https:\/\/myadvocate.tax\/#website","url":"https:\/\/myadvocate.tax\/","name":"Advocate Tax Solutions LLC","description":"Advocate Tax Solutions - Tax Debt Solutions - IRS Tax Resolution Service - State Tax Resolutions Services","publisher":{"@id":"https:\/\/myadvocate.tax\/#organization"},"potentialAction":[{"@type":"SearchAction","target":{"@type":"EntryPoint","urlTemplate":"https:\/\/myadvocate.tax\/?s={search_term_string}"},"query-input":{"@type":"PropertyValueSpecification","valueRequired":true,"valueName":"search_term_string"}}],"inLanguage":"es"},{"@type":"Organization","@id":"https:\/\/myadvocate.tax\/#organization","name":"Advocate Tax Solutions LLC","url":"https:\/\/myadvocate.tax\/","logo":{"@type":"ImageObject","inLanguage":"es","@id":"https:\/\/myadvocate.tax\/#\/schema\/logo\/image\/","url":"https:\/\/myadvocate.tax\/wp-content\/uploads\/2023\/06\/Advocate-Tax-Solutions-Cropped-Border-scaled.webp","contentUrl":"https:\/\/myadvocate.tax\/wp-content\/uploads\/2023\/06\/Advocate-Tax-Solutions-Cropped-Border-scaled.webp","width":2560,"height":1940,"caption":"Advocate Tax Solutions LLC"},"image":{"@id":"https:\/\/myadvocate.tax\/#\/schema\/logo\/image\/"},"sameAs":["https:\/\/www.facebook.com\/profile.php?id=100094006291133"]}]}},"_links":{"self":[{"href":"https:\/\/myadvocate.tax\/es\/wp-json\/wp\/v2\/pages\/4769","targetHints":{"allow":["GET"]}}],"collection":[{"href":"https:\/\/myadvocate.tax\/es\/wp-json\/wp\/v2\/pages"}],"about":[{"href":"https:\/\/myadvocate.tax\/es\/wp-json\/wp\/v2\/types\/page"}],"author":[{"embeddable":true,"href":"https:\/\/myadvocate.tax\/es\/wp-json\/wp\/v2\/users\/1"}],"replies":[{"embeddable":true,"href":"https:\/\/myadvocate.tax\/es\/wp-json\/wp\/v2\/comments?post=4769"}],"version-history":[{"count":0,"href":"https:\/\/myadvocate.tax\/es\/wp-json\/wp\/v2\/pages\/4769\/revisions"}],"wp:attachment":[{"href":"https:\/\/myadvocate.tax\/es\/wp-json\/wp\/v2\/media?parent=4769"}],"curies":[{"name":"wp","href":"https:\/\/api.w.org\/{rel}","templated":true}]}}