{"id":4765,"date":"2023-07-25T07:02:10","date_gmt":"2023-07-25T07:02:10","guid":{"rendered":"https:\/\/myadvocate.tax\/acuerdo-de-pago-a-plazos-simplificado\/"},"modified":"2025-09-17T06:23:13","modified_gmt":"2025-09-17T06:23:13","slug":"acuerdo-de-pago-a-plazos-simplificado","status":"publish","type":"page","link":"https:\/\/myadvocate.tax\/es\/acuerdo-de-pago-a-plazos-simplificado\/","title":{"rendered":"Acuerdo de pago a plazos simplificado"},"content":{"rendered":"\t\t<div data-elementor-type=\"wp-page\" data-elementor-id=\"4765\" class=\"elementor elementor-4765 elementor-2111\" data-elementor-post-type=\"page\">\n\t\t\t\t\t\t<section class=\"elementor-section elementor-top-section elementor-element elementor-element-f145adc elementor-reverse-tablet elementor-reverse-mobile elementor-section-boxed elementor-section-height-default elementor-section-height-default\" data-id=\"f145adc\" data-element_type=\"section\">\n\t\t\t\t\t\t<div class=\"elementor-container elementor-column-gap-default\">\n\t\t\t\t\t<div class=\"elementor-column elementor-col-50 elementor-top-column elementor-element elementor-element-3e833b0\" data-id=\"3e833b0\" data-element_type=\"column\">\n\t\t\t<div class=\"elementor-widget-wrap elementor-element-populated\">\n\t\t\t\t\t\t<div class=\"elementor-element elementor-element-a4be94c elementor-widget elementor-widget-text-editor\" data-id=\"a4be94c\" data-element_type=\"widget\" data-widget_type=\"text-editor.default\">\n\t\t\t\t<div class=\"elementor-widget-container\">\n\t\t\t\t\t\t\t\t\t<p><strong>Acuerdo de pago a plazos garantizado:<\/strong><span data-preserver-spaces=\"true\">  Disponible si debe menos de 10.000 $ y puede liquidarlo en tres a\u00f1os. No es necesario revelar informaci\u00f3n financiera a Hacienda.<\/span><\/p><p><span data-preserver-spaces=\"true\"><strong>Acuerdo de pago a plazos simplificado:<\/strong> Similar al Acuerdo Garantizado pero con l\u00edmites de deuda m\u00e1s altos. Disponible para particulares que deban hasta 50.000 $ o entidades comerciales que deban hasta 25.000 $. Las condiciones de pago pueden ser de hasta 72 meses. No es necesario revelar informaci\u00f3n financiera.<\/span><\/p><p><span data-preserver-spaces=\"true\"><strong>Acuerdo de pago a plazos no simplificado:<\/strong> Ofrece m\u00e1s flexibilidad, permitiendo saldos de hasta 250.000 d\u00f3lares con plazos de pago dentro del estatuto de cobro (hasta 120 meses). No hay necesidad de revelar informaci\u00f3n financiera, pero el IRS puede presentar un embargo sobre su propiedad.<\/span><\/p><p><strong><span data-preserver-spaces=\"true\">Acuerdo de pago a plazos verificado financieramente:<\/span><\/strong><span data-preserver-spaces=\"true\">  Si no puede hacer frente al pago mensual m\u00ednimo o debe m\u00e1s de 250.000 d\u00f3lares, se le exigir\u00e1n los datos financieros. Implica revelar informaci\u00f3n financiera y negociar con Hacienda.<\/span><\/p><p><span data-preserver-spaces=\"true\"><strong>Pr\u00f3ximos pasos:<\/strong><\/span><\/p><ul><li><span data-preserver-spaces=\"true\">  Aseg\u00farese de que todas las declaraciones de impuestos en mora de los \u00faltimos seis a\u00f1os se presenten antes de que el IRS considere cualquier Acuerdo de Pago a Plazos.<\/span><\/li><li><span data-preserver-spaces=\"true\">  Al establecer acuerdos de pago a plazos, debe presentar todas las declaraciones de impuestos futuras y pagar los impuestos a tiempo para evitar el impago.<\/span><\/li><li><span data-preserver-spaces=\"true\">  El IRS continuar\u00e1 cobrando multas e intereses hasta que la deuda tributaria se pague en su totalidad. Los pagos voluntarios pueden reducir estos gastos.<\/span><\/li><li><span data-preserver-spaces=\"true\">  Las devoluciones de impuestos se aplican a la deuda. Las acciones de cobro graves, como los embargos bancarios y las confiscaciones de bienes, pueden evitarse con un<a href=\"http:\/\/myadvocate.tax\/es\/acuerdo-condicional-de-pago-a-plazos\/\"> acuerdo de pago a plazos<\/a>.<\/span><\/li><li><span data-preserver-spaces=\"true\">  Las reducciones de sanciones pueden solicitarse presentando el formulario 843 del IRS. Cuando el IRS presenta un embargo de impuestos federales, los contribuyentes pueden solicitar el pago de la cantidad adeudada en un plazo de seis a\u00f1os. Despu\u00e9s de las tres primeras mensualidades, los contribuyentes pueden presentar <a href=\"https:\/\/www.irs.gov\/pub\/irs-pdf\/f433d.pdf\" target=\"_blank\" rel=\"noopener\">el formulario 433D del IRS<\/a> para solicitar que se levante el embargo.<\/span><\/li><\/ul>\t\t\t\t\t\t\t\t<\/div>\n\t\t\t\t<\/div>\n\t\t\t\t\t<\/div>\n\t\t<\/div>\n\t\t\t\t<div class=\"elementor-column elementor-col-50 elementor-top-column elementor-element elementor-element-f9c0400\" data-id=\"f9c0400\" data-element_type=\"column\">\n\t\t\t<div class=\"elementor-widget-wrap elementor-element-populated\">\n\t\t\t\t\t\t<div class=\"elementor-element elementor-element-0ee2a7b elementor-widget elementor-widget-image\" data-id=\"0ee2a7b\" data-element_type=\"widget\" data-widget_type=\"image.default\">\n\t\t\t\t<div class=\"elementor-widget-container\">\n\t\t\t\t\t\t\t\t\t\t\t\t\t\t\t<img fetchpriority=\"high\" decoding=\"async\" width=\"1024\" height=\"573\" src=\"https:\/\/myadvocate.tax\/wp-content\/uploads\/2023\/07\/calendar-on-office-desk-showing-date-irs-payment-plan-ss-Featured-1024x573-1.webp\" class=\"attachment-full size-full wp-image-4715\" alt=\"calendar showing Tax Day with 1040 form\" srcset=\"https:\/\/myadvocate.tax\/wp-content\/uploads\/2023\/07\/calendar-on-office-desk-showing-date-irs-payment-plan-ss-Featured-1024x573-1.webp 1024w, https:\/\/myadvocate.tax\/wp-content\/uploads\/2023\/07\/calendar-on-office-desk-showing-date-irs-payment-plan-ss-Featured-1024x573-1-300x168.webp 300w, https:\/\/myadvocate.tax\/wp-content\/uploads\/2023\/07\/calendar-on-office-desk-showing-date-irs-payment-plan-ss-Featured-1024x573-1-768x430.webp 768w\" sizes=\"(max-width: 1024px) 100vw, 1024px\" \/>\t\t\t\t\t\t\t\t\t\t\t\t\t\t\t<\/div>\n\t\t\t\t<\/div>\n\t\t\t\t\t<\/div>\n\t\t<\/div>\n\t\t\t\t\t<\/div>\n\t\t<\/section>\n\t\t\t\t<\/div>\n\t\t","protected":false},"excerpt":{"rendered":"<p>Acuerdo de pago a plazos garantizado: Disponible si debe menos de 10.000 $ y puede liquidarlo en tres a\u00f1os. No es necesario revelar informaci\u00f3n financiera a Hacienda. Acuerdo de pago a plazos simplificado: Similar al Acuerdo Garantizado pero con l\u00edmites de deuda m\u00e1s altos. Disponible para particulares que deban hasta 50.000 $ o entidades comerciales [&hellip;]<\/p>\n","protected":false},"author":1,"featured_media":0,"parent":0,"menu_order":0,"comment_status":"closed","ping_status":"closed","template":"","meta":{"_coblocks_attr":"","_coblocks_dimensions":"","_coblocks_responsive_height":"","_coblocks_accordion_ie_support":"","footnotes":""},"class_list":["post-4765","page","type-page","status-publish","hentry"],"yoast_head":"<!-- This site is optimized with the Yoast SEO Premium plugin v26.6 (Yoast SEO v26.6) - https:\/\/yoast.com\/wordpress\/plugins\/seo\/ -->\n<title>Acuerdo de pago a plazos simplificado | Advocate Tax Solutions<\/title>\n<meta name=\"description\" content=\"Acuerdo de pago a plazos simplificado: Un plan del IRS para deudas fiscales de m\u00e1s de 50.000 $ con pagos mensuales asequibles y alivio.\" \/>\n<meta name=\"robots\" content=\"index, follow, max-snippet:-1, max-image-preview:large, max-video-preview:-1\" \/>\n<link rel=\"canonical\" href=\"https:\/\/myadvocate.tax\/es\/acuerdo-de-pago-a-plazos-simplificado\/\" \/>\n<meta property=\"og:locale\" content=\"es_ES\" \/>\n<meta property=\"og:type\" content=\"article\" \/>\n<meta property=\"og:title\" content=\"Acuerdo de pago a plazos simplificado\" \/>\n<meta property=\"og:description\" content=\"Acuerdo de pago a plazos simplificado: Un plan del IRS para deudas fiscales de m\u00e1s de 50.000 $ con pagos mensuales asequibles y alivio.\" \/>\n<meta property=\"og:url\" content=\"https:\/\/myadvocate.tax\/es\/acuerdo-de-pago-a-plazos-simplificado\/\" \/>\n<meta property=\"og:site_name\" content=\"Advocate Tax Solutions LLC\" \/>\n<meta property=\"article:publisher\" content=\"https:\/\/www.facebook.com\/profile.php?id=100094006291133\" \/>\n<meta property=\"article:modified_time\" content=\"2025-09-17T06:23:13+00:00\" \/>\n<meta property=\"og:image\" content=\"https:\/\/myadvocate.tax\/wp-content\/uploads\/2023\/07\/calendar-on-office-desk-showing-date-irs-payment-plan-ss-Featured-1024x573-1.webp\" \/>\n\t<meta property=\"og:image:width\" content=\"1024\" \/>\n\t<meta property=\"og:image:height\" content=\"573\" \/>\n\t<meta property=\"og:image:type\" content=\"image\/webp\" \/>\n<meta name=\"twitter:card\" content=\"summary_large_image\" \/>\n<meta name=\"twitter:label1\" content=\"Tiempo de lectura\" \/>\n\t<meta name=\"twitter:data1\" content=\"2 minutos\" \/>\n<script type=\"application\/ld+json\" class=\"yoast-schema-graph\">{\"@context\":\"https:\/\/schema.org\",\"@graph\":[{\"@type\":\"WebPage\",\"@id\":\"https:\/\/myadvocate.tax\/es\/acuerdo-de-pago-a-plazos-simplificado\/\",\"url\":\"https:\/\/myadvocate.tax\/es\/acuerdo-de-pago-a-plazos-simplificado\/\",\"name\":\"Acuerdo de pago a plazos simplificado | Advocate Tax Solutions\",\"isPartOf\":{\"@id\":\"https:\/\/myadvocate.tax\/#website\"},\"primaryImageOfPage\":{\"@id\":\"https:\/\/myadvocate.tax\/es\/acuerdo-de-pago-a-plazos-simplificado\/#primaryimage\"},\"image\":{\"@id\":\"https:\/\/myadvocate.tax\/es\/acuerdo-de-pago-a-plazos-simplificado\/#primaryimage\"},\"thumbnailUrl\":\"https:\/\/myadvocate.tax\/wp-content\/uploads\/2023\/07\/calendar-on-office-desk-showing-date-irs-payment-plan-ss-Featured-1024x573-1.webp\",\"datePublished\":\"2023-07-25T07:02:10+00:00\",\"dateModified\":\"2025-09-17T06:23:13+00:00\",\"description\":\"Acuerdo de pago a plazos simplificado: Un plan del IRS para deudas fiscales de m\u00e1s de 50.000 $ con pagos mensuales asequibles y alivio.\",\"breadcrumb\":{\"@id\":\"https:\/\/myadvocate.tax\/es\/acuerdo-de-pago-a-plazos-simplificado\/#breadcrumb\"},\"inLanguage\":\"es\",\"potentialAction\":[{\"@type\":\"ReadAction\",\"target\":[\"https:\/\/myadvocate.tax\/es\/acuerdo-de-pago-a-plazos-simplificado\/\"]}]},{\"@type\":\"ImageObject\",\"inLanguage\":\"es\",\"@id\":\"https:\/\/myadvocate.tax\/es\/acuerdo-de-pago-a-plazos-simplificado\/#primaryimage\",\"url\":\"https:\/\/myadvocate.tax\/wp-content\/uploads\/2023\/07\/calendar-on-office-desk-showing-date-irs-payment-plan-ss-Featured-1024x573-1.webp\",\"contentUrl\":\"https:\/\/myadvocate.tax\/wp-content\/uploads\/2023\/07\/calendar-on-office-desk-showing-date-irs-payment-plan-ss-Featured-1024x573-1.webp\"},{\"@type\":\"BreadcrumbList\",\"@id\":\"https:\/\/myadvocate.tax\/es\/acuerdo-de-pago-a-plazos-simplificado\/#breadcrumb\",\"itemListElement\":[{\"@type\":\"ListItem\",\"position\":1,\"name\":\"Home\",\"item\":\"https:\/\/myadvocate.tax\/\"},{\"@type\":\"ListItem\",\"position\":2,\"name\":\"Acuerdo de pago a plazos simplificado\"}]},{\"@type\":\"WebSite\",\"@id\":\"https:\/\/myadvocate.tax\/#website\",\"url\":\"https:\/\/myadvocate.tax\/\",\"name\":\"Advocate Tax Solutions LLC\",\"description\":\"Advocate Tax Solutions - Tax Debt Solutions - IRS Tax Resolution Service - State Tax Resolutions Services\",\"publisher\":{\"@id\":\"https:\/\/myadvocate.tax\/#organization\"},\"potentialAction\":[{\"@type\":\"SearchAction\",\"target\":{\"@type\":\"EntryPoint\",\"urlTemplate\":\"https:\/\/myadvocate.tax\/?s={search_term_string}\"},\"query-input\":{\"@type\":\"PropertyValueSpecification\",\"valueRequired\":true,\"valueName\":\"search_term_string\"}}],\"inLanguage\":\"es\"},{\"@type\":\"Organization\",\"@id\":\"https:\/\/myadvocate.tax\/#organization\",\"name\":\"Advocate Tax Solutions LLC\",\"url\":\"https:\/\/myadvocate.tax\/\",\"logo\":{\"@type\":\"ImageObject\",\"inLanguage\":\"es\",\"@id\":\"https:\/\/myadvocate.tax\/#\/schema\/logo\/image\/\",\"url\":\"https:\/\/myadvocate.tax\/wp-content\/uploads\/2023\/06\/Advocate-Tax-Solutions-Cropped-Border-scaled.webp\",\"contentUrl\":\"https:\/\/myadvocate.tax\/wp-content\/uploads\/2023\/06\/Advocate-Tax-Solutions-Cropped-Border-scaled.webp\",\"width\":2560,\"height\":1940,\"caption\":\"Advocate Tax Solutions LLC\"},\"image\":{\"@id\":\"https:\/\/myadvocate.tax\/#\/schema\/logo\/image\/\"},\"sameAs\":[\"https:\/\/www.facebook.com\/profile.php?id=100094006291133\"]}]}<\/script>\n<!-- \/ Yoast SEO Premium plugin. -->","yoast_head_json":{"title":"Acuerdo de pago a plazos simplificado | Advocate Tax Solutions","description":"Acuerdo de pago a plazos simplificado: Un plan del IRS para deudas fiscales de m\u00e1s de 50.000 $ con pagos mensuales asequibles y alivio.","robots":{"index":"index","follow":"follow","max-snippet":"max-snippet:-1","max-image-preview":"max-image-preview:large","max-video-preview":"max-video-preview:-1"},"canonical":"https:\/\/myadvocate.tax\/es\/acuerdo-de-pago-a-plazos-simplificado\/","og_locale":"es_ES","og_type":"article","og_title":"Acuerdo de pago a plazos simplificado","og_description":"Acuerdo de pago a plazos simplificado: Un plan del IRS para deudas fiscales de m\u00e1s de 50.000 $ con pagos mensuales asequibles y alivio.","og_url":"https:\/\/myadvocate.tax\/es\/acuerdo-de-pago-a-plazos-simplificado\/","og_site_name":"Advocate Tax Solutions LLC","article_publisher":"https:\/\/www.facebook.com\/profile.php?id=100094006291133","article_modified_time":"2025-09-17T06:23:13+00:00","og_image":[{"width":1024,"height":573,"url":"https:\/\/myadvocate.tax\/wp-content\/uploads\/2023\/07\/calendar-on-office-desk-showing-date-irs-payment-plan-ss-Featured-1024x573-1.webp","type":"image\/webp"}],"twitter_card":"summary_large_image","twitter_misc":{"Tiempo de lectura":"2 minutos"},"schema":{"@context":"https:\/\/schema.org","@graph":[{"@type":"WebPage","@id":"https:\/\/myadvocate.tax\/es\/acuerdo-de-pago-a-plazos-simplificado\/","url":"https:\/\/myadvocate.tax\/es\/acuerdo-de-pago-a-plazos-simplificado\/","name":"Acuerdo de pago a plazos simplificado | Advocate Tax Solutions","isPartOf":{"@id":"https:\/\/myadvocate.tax\/#website"},"primaryImageOfPage":{"@id":"https:\/\/myadvocate.tax\/es\/acuerdo-de-pago-a-plazos-simplificado\/#primaryimage"},"image":{"@id":"https:\/\/myadvocate.tax\/es\/acuerdo-de-pago-a-plazos-simplificado\/#primaryimage"},"thumbnailUrl":"https:\/\/myadvocate.tax\/wp-content\/uploads\/2023\/07\/calendar-on-office-desk-showing-date-irs-payment-plan-ss-Featured-1024x573-1.webp","datePublished":"2023-07-25T07:02:10+00:00","dateModified":"2025-09-17T06:23:13+00:00","description":"Acuerdo de pago a plazos simplificado: Un plan del IRS para deudas fiscales de m\u00e1s de 50.000 $ con pagos mensuales asequibles y alivio.","breadcrumb":{"@id":"https:\/\/myadvocate.tax\/es\/acuerdo-de-pago-a-plazos-simplificado\/#breadcrumb"},"inLanguage":"es","potentialAction":[{"@type":"ReadAction","target":["https:\/\/myadvocate.tax\/es\/acuerdo-de-pago-a-plazos-simplificado\/"]}]},{"@type":"ImageObject","inLanguage":"es","@id":"https:\/\/myadvocate.tax\/es\/acuerdo-de-pago-a-plazos-simplificado\/#primaryimage","url":"https:\/\/myadvocate.tax\/wp-content\/uploads\/2023\/07\/calendar-on-office-desk-showing-date-irs-payment-plan-ss-Featured-1024x573-1.webp","contentUrl":"https:\/\/myadvocate.tax\/wp-content\/uploads\/2023\/07\/calendar-on-office-desk-showing-date-irs-payment-plan-ss-Featured-1024x573-1.webp"},{"@type":"BreadcrumbList","@id":"https:\/\/myadvocate.tax\/es\/acuerdo-de-pago-a-plazos-simplificado\/#breadcrumb","itemListElement":[{"@type":"ListItem","position":1,"name":"Home","item":"https:\/\/myadvocate.tax\/"},{"@type":"ListItem","position":2,"name":"Acuerdo de pago a plazos simplificado"}]},{"@type":"WebSite","@id":"https:\/\/myadvocate.tax\/#website","url":"https:\/\/myadvocate.tax\/","name":"Advocate Tax Solutions LLC","description":"Advocate Tax Solutions - Tax Debt Solutions - IRS Tax Resolution Service - State Tax Resolutions Services","publisher":{"@id":"https:\/\/myadvocate.tax\/#organization"},"potentialAction":[{"@type":"SearchAction","target":{"@type":"EntryPoint","urlTemplate":"https:\/\/myadvocate.tax\/?s={search_term_string}"},"query-input":{"@type":"PropertyValueSpecification","valueRequired":true,"valueName":"search_term_string"}}],"inLanguage":"es"},{"@type":"Organization","@id":"https:\/\/myadvocate.tax\/#organization","name":"Advocate Tax Solutions LLC","url":"https:\/\/myadvocate.tax\/","logo":{"@type":"ImageObject","inLanguage":"es","@id":"https:\/\/myadvocate.tax\/#\/schema\/logo\/image\/","url":"https:\/\/myadvocate.tax\/wp-content\/uploads\/2023\/06\/Advocate-Tax-Solutions-Cropped-Border-scaled.webp","contentUrl":"https:\/\/myadvocate.tax\/wp-content\/uploads\/2023\/06\/Advocate-Tax-Solutions-Cropped-Border-scaled.webp","width":2560,"height":1940,"caption":"Advocate Tax Solutions LLC"},"image":{"@id":"https:\/\/myadvocate.tax\/#\/schema\/logo\/image\/"},"sameAs":["https:\/\/www.facebook.com\/profile.php?id=100094006291133"]}]}},"_links":{"self":[{"href":"https:\/\/myadvocate.tax\/es\/wp-json\/wp\/v2\/pages\/4765","targetHints":{"allow":["GET"]}}],"collection":[{"href":"https:\/\/myadvocate.tax\/es\/wp-json\/wp\/v2\/pages"}],"about":[{"href":"https:\/\/myadvocate.tax\/es\/wp-json\/wp\/v2\/types\/page"}],"author":[{"embeddable":true,"href":"https:\/\/myadvocate.tax\/es\/wp-json\/wp\/v2\/users\/1"}],"replies":[{"embeddable":true,"href":"https:\/\/myadvocate.tax\/es\/wp-json\/wp\/v2\/comments?post=4765"}],"version-history":[{"count":0,"href":"https:\/\/myadvocate.tax\/es\/wp-json\/wp\/v2\/pages\/4765\/revisions"}],"wp:attachment":[{"href":"https:\/\/myadvocate.tax\/es\/wp-json\/wp\/v2\/media?parent=4765"}],"curies":[{"name":"wp","href":"https:\/\/api.w.org\/{rel}","templated":true}]}}