{"id":4764,"date":"2023-07-22T09:19:31","date_gmt":"2023-07-22T09:19:31","guid":{"rendered":"https:\/\/myadvocate.tax\/auditoria-de-defensa\/"},"modified":"2025-09-17T06:03:05","modified_gmt":"2025-09-17T06:03:05","slug":"auditoria-de-defensa","status":"publish","type":"page","link":"https:\/\/myadvocate.tax\/es\/auditoria-de-defensa\/","title":{"rendered":"Auditor\u00eda de Defensa"},"content":{"rendered":"\t\t<div data-elementor-type=\"wp-page\" data-elementor-id=\"4764\" class=\"elementor elementor-4764 elementor-1916\" data-elementor-post-type=\"page\">\n\t\t\t\t\t\t<section class=\"elementor-section elementor-top-section elementor-element elementor-element-b9aaffc elementor-section-boxed elementor-section-height-default elementor-section-height-default\" data-id=\"b9aaffc\" data-element_type=\"section\">\n\t\t\t\t\t\t<div class=\"elementor-container elementor-column-gap-default\">\n\t\t\t\t\t<div class=\"elementor-column elementor-col-100 elementor-top-column elementor-element elementor-element-3bd8ab5\" data-id=\"3bd8ab5\" data-element_type=\"column\">\n\t\t\t<div class=\"elementor-widget-wrap elementor-element-populated\">\n\t\t\t\t\t\t<div class=\"elementor-element elementor-element-3796eb9 elementor-position-right elementor-vertical-align-top elementor-widget elementor-widget-image-box\" data-id=\"3796eb9\" data-element_type=\"widget\" data-widget_type=\"image-box.default\">\n\t\t\t\t<div class=\"elementor-widget-container\">\n\t\t\t\t\t<div class=\"elementor-image-box-wrapper\"><figure class=\"elementor-image-box-img\"><img fetchpriority=\"high\" decoding=\"async\" width=\"609\" height=\"342\" src=\"https:\/\/myadvocate.tax\/wp-content\/uploads\/2023\/07\/3fd8be70-1cbf-4c4d-b549-7e8331c53aa4.webp\" class=\"attachment-full size-full wp-image-1929\" alt=\"business audit concept with digital interface\" srcset=\"https:\/\/myadvocate.tax\/wp-content\/uploads\/2023\/07\/3fd8be70-1cbf-4c4d-b549-7e8331c53aa4.webp 609w, https:\/\/myadvocate.tax\/wp-content\/uploads\/2023\/07\/3fd8be70-1cbf-4c4d-b549-7e8331c53aa4-300x168.webp 300w\" sizes=\"(max-width: 609px) 100vw, 609px\" \/><\/figure><div class=\"elementor-image-box-content\"><h2 class=\"elementor-image-box-title\">Cuidado, podr\u00edan hacerle una auditor\u00eda<\/h2><p class=\"elementor-image-box-description\">Preparar una declaraci\u00f3n de la renta puede ser complicado. Incluso un simple error puede desencadenar ocasionalmente una auditor\u00eda. Las personas que no tienen experiencia en la preparaci\u00f3n de impuestos corren un riesgo significativamente mayor de ser auditadas. Sin embargo, contratar a un preparador fiscal autorizado puede reducir significativamente la posibilidad de ser auditado. Las auditor\u00edas se producen cuando Hacienda detecta errores en una declaraci\u00f3n de la renta presentada. Una vez descubiertos, ajustar\u00e1n la declaraci\u00f3n para corregir los errores descubiertos. Los contribuyentes pueden aceptar el saldo ajustado o buscar la ayuda de un abogado, un agente inscrito o un contador p\u00fablico autorizado para que les ayude a presentar una demanda de defensa contra una auditor\u00eda del IRS.<\/p><\/div><\/div>\t\t\t\t<\/div>\n\t\t\t\t<\/div>\n\t\t\t\t<div class=\"elementor-element elementor-element-524d6b9 elementor-position-left elementor-vertical-align-top elementor-widget elementor-widget-image-box\" data-id=\"524d6b9\" data-element_type=\"widget\" data-widget_type=\"image-box.default\">\n\t\t\t\t<div class=\"elementor-widget-container\">\n\t\t\t\t\t<div class=\"elementor-image-box-wrapper\"><figure class=\"elementor-image-box-img\"><img decoding=\"async\" width=\"700\" height=\"467\" src=\"https:\/\/myadvocate.tax\/wp-content\/uploads\/2023\/07\/aHR0cHM6Ly9pbWFnZXMuYnVzaW5lc3NuZXdzZGFpbHkuY29tL2FwcC91cGxvYWRzLzIwMjIvMDQvMDQwNzQxNDEvdGF4ZXNfTW9vbl9TYWZhcmlfZ2V0dHkuanBn.webp\" class=\"attachment-full size-full wp-image-1933\" alt=\"man reviewing IRS tax forms\" srcset=\"https:\/\/myadvocate.tax\/wp-content\/uploads\/2023\/07\/aHR0cHM6Ly9pbWFnZXMuYnVzaW5lc3NuZXdzZGFpbHkuY29tL2FwcC91cGxvYWRzLzIwMjIvMDQvMDQwNzQxNDEvdGF4ZXNfTW9vbl9TYWZhcmlfZ2V0dHkuanBn.webp 700w, https:\/\/myadvocate.tax\/wp-content\/uploads\/2023\/07\/aHR0cHM6Ly9pbWFnZXMuYnVzaW5lc3NuZXdzZGFpbHkuY29tL2FwcC91cGxvYWRzLzIwMjIvMDQvMDQwNzQxNDEvdGF4ZXNfTW9vbl9TYWZhcmlfZ2V0dHkuanBn-300x200.webp 300w\" sizes=\"(max-width: 700px) 100vw, 700px\" \/><\/figure><div class=\"elementor-image-box-content\"><h2 class=\"elementor-image-box-title\">Preparaci\u00f3n para la defensa ante las auditor\u00edas<\/h2><p class=\"elementor-image-box-description\">Los asesores fiscales autorizados empiezan por investigar la situaci\u00f3n fiscal del contribuyente. Los Agentes Inscritos tienen acceso directo a la base de datos electr\u00f3nica del IRS llamada e-services. Este servicio les permite acceder a los expedientes acad\u00e9micos y a las declaraciones de la renta de los contribuyentes. La informaci\u00f3n obtenida de los servicios electr\u00f3nicos se examina junto con las declaraciones fiscales auditadas para ayudar a identificar la causa de la auditor\u00eda. Los servicios electr\u00f3nicos son una herramienta esencial que se utiliza para corregir y defender los errores y omisiones cometidos en las declaraciones de la renta presentadas, incluidos los casos que pueden implicar la defensa de una auditor\u00eda gratuita de TaxUSA.<\/p><\/div><\/div>\t\t\t\t<\/div>\n\t\t\t\t<\/div>\n\t\t\t\t<div class=\"elementor-element elementor-element-20dad56 elementor-position-right elementor-vertical-align-top elementor-widget elementor-widget-image-box\" data-id=\"20dad56\" data-element_type=\"widget\" data-widget_type=\"image-box.default\">\n\t\t\t\t<div class=\"elementor-widget-container\">\n\t\t\t\t\t<div class=\"elementor-image-box-wrapper\"><figure class=\"elementor-image-box-img\"><img decoding=\"async\" width=\"650\" height=\"365\" src=\"https:\/\/myadvocate.tax\/wp-content\/uploads\/2023\/07\/What-Are-the-Chances-of-Being-Audited.webp\" class=\"attachment-full size-full wp-image-1939\" alt=\"tax consultants reviewing financial documents\" srcset=\"https:\/\/myadvocate.tax\/wp-content\/uploads\/2023\/07\/What-Are-the-Chances-of-Being-Audited.webp 650w, https:\/\/myadvocate.tax\/wp-content\/uploads\/2023\/07\/What-Are-the-Chances-of-Being-Audited-300x168.webp 300w\" sizes=\"(max-width: 650px) 100vw, 650px\" \/><\/figure><div class=\"elementor-image-box-content\"><h2 class=\"elementor-image-box-title\">La defensa de la auditor\u00eda al rescate<\/h2><p class=\"elementor-image-box-description\">La presentaci\u00f3n de una reconsideraci\u00f3n de auditor\u00eda al IRS inicia el proceso de la reclamaci\u00f3n de defensa de auditor\u00eda. Hacienda solicita documentaci\u00f3n justificativa adicional para tramitar una reconsideraci\u00f3n de auditor\u00eda. Durante la reclamaci\u00f3n, exigen respuestas r\u00e1pidas a las notificaciones de auditor\u00eda y estados financieros actualizados cuando se soliciten. A menudo necesitan la presencia del contribuyente en una audiencia de auditor\u00eda. Es fundamental proporcionar la documentaci\u00f3n necesaria con prontitud si pretende ganar su reclamaci\u00f3n de defensa contra una auditor\u00eda. Trabajar con un profesional fiscal experimentado puede mejorar sus posibilidades de \u00e9xito.<\/p><\/div><\/div>\t\t\t\t<\/div>\n\t\t\t\t<\/div>\n\t\t\t\t\t<\/div>\n\t\t<\/div>\n\t\t\t\t\t<\/div>\n\t\t<\/section>\n\t\t\t\t<\/div>\n\t\t","protected":false},"excerpt":{"rendered":"<p>Cuidado, podr\u00edan hacerle una auditor\u00eda Preparar una declaraci\u00f3n de la renta puede ser complicado. Incluso un simple error puede desencadenar ocasionalmente una auditor\u00eda. Las personas que no tienen experiencia en la preparaci\u00f3n de impuestos corren un riesgo significativamente mayor de ser auditadas. Sin embargo, contratar a un preparador fiscal autorizado puede reducir significativamente la posibilidad [&hellip;]<\/p>\n","protected":false},"author":1,"featured_media":0,"parent":0,"menu_order":0,"comment_status":"closed","ping_status":"closed","template":"","meta":{"_coblocks_attr":"","_coblocks_dimensions":"","_coblocks_responsive_height":"","_coblocks_accordion_ie_support":"","footnotes":""},"class_list":["post-4764","page","type-page","status-publish","hentry"],"yoast_head":"<!-- This site is optimized with the Yoast SEO Premium plugin v26.6 (Yoast SEO v26.6) - https:\/\/yoast.com\/wordpress\/plugins\/seo\/ -->\n<title>Servicios expertos en defensa de auditor\u00edas | Advocate Tax Solutions<\/title>\n<meta name=\"description\" content=\"Descubre c\u00f3mo funciona la Defensa de Auditor\u00eda. Aprende estrategias para defenderte de las auditor\u00edas del IRS y gestionar eficazmente los asuntos relacionados con la declaraci\u00f3n de la renta.\" \/>\n<meta name=\"robots\" content=\"index, follow, max-snippet:-1, max-image-preview:large, max-video-preview:-1\" \/>\n<link rel=\"canonical\" href=\"https:\/\/myadvocate.tax\/es\/auditoria-de-defensa\/\" \/>\n<meta property=\"og:locale\" content=\"es_ES\" \/>\n<meta property=\"og:type\" content=\"article\" \/>\n<meta property=\"og:title\" content=\"Auditor\u00eda de Defensa\" \/>\n<meta property=\"og:description\" content=\"Descubre c\u00f3mo funciona la Defensa de Auditor\u00eda. Aprende estrategias para defenderte de las auditor\u00edas del IRS y gestionar eficazmente los asuntos relacionados con la declaraci\u00f3n de la renta.\" \/>\n<meta property=\"og:url\" content=\"https:\/\/myadvocate.tax\/es\/auditoria-de-defensa\/\" \/>\n<meta property=\"og:site_name\" content=\"Advocate Tax Solutions LLC\" \/>\n<meta property=\"article:publisher\" content=\"https:\/\/www.facebook.com\/profile.php?id=100094006291133\" \/>\n<meta property=\"article:modified_time\" content=\"2025-09-17T06:03:05+00:00\" \/>\n<meta property=\"og:image\" content=\"https:\/\/myadvocate.tax\/wp-content\/uploads\/2023\/07\/3fd8be70-1cbf-4c4d-b549-7e8331c53aa4.webp\" \/>\n<meta name=\"twitter:card\" content=\"summary_large_image\" \/>\n<meta name=\"twitter:label1\" content=\"Tiempo de lectura\" \/>\n\t<meta name=\"twitter:data1\" content=\"2 minutos\" \/>\n<script type=\"application\/ld+json\" class=\"yoast-schema-graph\">{\"@context\":\"https:\/\/schema.org\",\"@graph\":[{\"@type\":\"WebPage\",\"@id\":\"https:\/\/myadvocate.tax\/es\/auditoria-de-defensa\/\",\"url\":\"https:\/\/myadvocate.tax\/es\/auditoria-de-defensa\/\",\"name\":\"Servicios expertos en defensa de auditor\u00edas | Advocate Tax Solutions\",\"isPartOf\":{\"@id\":\"https:\/\/myadvocate.tax\/#website\"},\"primaryImageOfPage\":{\"@id\":\"https:\/\/myadvocate.tax\/es\/auditoria-de-defensa\/#primaryimage\"},\"image\":{\"@id\":\"https:\/\/myadvocate.tax\/es\/auditoria-de-defensa\/#primaryimage\"},\"thumbnailUrl\":\"https:\/\/myadvocate.tax\/wp-content\/uploads\/2023\/07\/3fd8be70-1cbf-4c4d-b549-7e8331c53aa4.webp\",\"datePublished\":\"2023-07-22T09:19:31+00:00\",\"dateModified\":\"2025-09-17T06:03:05+00:00\",\"description\":\"Descubre c\u00f3mo funciona la Defensa de Auditor\u00eda. Aprende estrategias para defenderte de las auditor\u00edas del IRS y gestionar eficazmente los asuntos relacionados con la declaraci\u00f3n de la renta.\",\"breadcrumb\":{\"@id\":\"https:\/\/myadvocate.tax\/es\/auditoria-de-defensa\/#breadcrumb\"},\"inLanguage\":\"es\",\"potentialAction\":[{\"@type\":\"ReadAction\",\"target\":[\"https:\/\/myadvocate.tax\/es\/auditoria-de-defensa\/\"]}]},{\"@type\":\"ImageObject\",\"inLanguage\":\"es\",\"@id\":\"https:\/\/myadvocate.tax\/es\/auditoria-de-defensa\/#primaryimage\",\"url\":\"https:\/\/myadvocate.tax\/wp-content\/uploads\/2023\/07\/3fd8be70-1cbf-4c4d-b549-7e8331c53aa4.webp\",\"contentUrl\":\"https:\/\/myadvocate.tax\/wp-content\/uploads\/2023\/07\/3fd8be70-1cbf-4c4d-b549-7e8331c53aa4.webp\"},{\"@type\":\"BreadcrumbList\",\"@id\":\"https:\/\/myadvocate.tax\/es\/auditoria-de-defensa\/#breadcrumb\",\"itemListElement\":[{\"@type\":\"ListItem\",\"position\":1,\"name\":\"Home\",\"item\":\"https:\/\/myadvocate.tax\/\"},{\"@type\":\"ListItem\",\"position\":2,\"name\":\"Auditor\u00eda de Defensa\"}]},{\"@type\":\"WebSite\",\"@id\":\"https:\/\/myadvocate.tax\/#website\",\"url\":\"https:\/\/myadvocate.tax\/\",\"name\":\"Advocate Tax Solutions LLC\",\"description\":\"Advocate Tax Solutions - Tax Debt Solutions - IRS Tax Resolution Service - State Tax Resolutions Services\",\"publisher\":{\"@id\":\"https:\/\/myadvocate.tax\/#organization\"},\"potentialAction\":[{\"@type\":\"SearchAction\",\"target\":{\"@type\":\"EntryPoint\",\"urlTemplate\":\"https:\/\/myadvocate.tax\/?s={search_term_string}\"},\"query-input\":{\"@type\":\"PropertyValueSpecification\",\"valueRequired\":true,\"valueName\":\"search_term_string\"}}],\"inLanguage\":\"es\"},{\"@type\":\"Organization\",\"@id\":\"https:\/\/myadvocate.tax\/#organization\",\"name\":\"Advocate Tax Solutions LLC\",\"url\":\"https:\/\/myadvocate.tax\/\",\"logo\":{\"@type\":\"ImageObject\",\"inLanguage\":\"es\",\"@id\":\"https:\/\/myadvocate.tax\/#\/schema\/logo\/image\/\",\"url\":\"https:\/\/myadvocate.tax\/wp-content\/uploads\/2023\/06\/Advocate-Tax-Solutions-Cropped-Border-scaled.webp\",\"contentUrl\":\"https:\/\/myadvocate.tax\/wp-content\/uploads\/2023\/06\/Advocate-Tax-Solutions-Cropped-Border-scaled.webp\",\"width\":2560,\"height\":1940,\"caption\":\"Advocate Tax Solutions LLC\"},\"image\":{\"@id\":\"https:\/\/myadvocate.tax\/#\/schema\/logo\/image\/\"},\"sameAs\":[\"https:\/\/www.facebook.com\/profile.php?id=100094006291133\"]}]}<\/script>\n<!-- \/ Yoast SEO Premium plugin. -->","yoast_head_json":{"title":"Servicios expertos en defensa de auditor\u00edas | Advocate Tax Solutions","description":"Descubre c\u00f3mo funciona la Defensa de Auditor\u00eda. Aprende estrategias para defenderte de las auditor\u00edas del IRS y gestionar eficazmente los asuntos relacionados con la declaraci\u00f3n de la renta.","robots":{"index":"index","follow":"follow","max-snippet":"max-snippet:-1","max-image-preview":"max-image-preview:large","max-video-preview":"max-video-preview:-1"},"canonical":"https:\/\/myadvocate.tax\/es\/auditoria-de-defensa\/","og_locale":"es_ES","og_type":"article","og_title":"Auditor\u00eda de Defensa","og_description":"Descubre c\u00f3mo funciona la Defensa de Auditor\u00eda. Aprende estrategias para defenderte de las auditor\u00edas del IRS y gestionar eficazmente los asuntos relacionados con la declaraci\u00f3n de la renta.","og_url":"https:\/\/myadvocate.tax\/es\/auditoria-de-defensa\/","og_site_name":"Advocate Tax Solutions LLC","article_publisher":"https:\/\/www.facebook.com\/profile.php?id=100094006291133","article_modified_time":"2025-09-17T06:03:05+00:00","og_image":[{"url":"https:\/\/myadvocate.tax\/wp-content\/uploads\/2023\/07\/3fd8be70-1cbf-4c4d-b549-7e8331c53aa4.webp","type":"","width":"","height":""}],"twitter_card":"summary_large_image","twitter_misc":{"Tiempo de lectura":"2 minutos"},"schema":{"@context":"https:\/\/schema.org","@graph":[{"@type":"WebPage","@id":"https:\/\/myadvocate.tax\/es\/auditoria-de-defensa\/","url":"https:\/\/myadvocate.tax\/es\/auditoria-de-defensa\/","name":"Servicios expertos en defensa de auditor\u00edas | Advocate Tax Solutions","isPartOf":{"@id":"https:\/\/myadvocate.tax\/#website"},"primaryImageOfPage":{"@id":"https:\/\/myadvocate.tax\/es\/auditoria-de-defensa\/#primaryimage"},"image":{"@id":"https:\/\/myadvocate.tax\/es\/auditoria-de-defensa\/#primaryimage"},"thumbnailUrl":"https:\/\/myadvocate.tax\/wp-content\/uploads\/2023\/07\/3fd8be70-1cbf-4c4d-b549-7e8331c53aa4.webp","datePublished":"2023-07-22T09:19:31+00:00","dateModified":"2025-09-17T06:03:05+00:00","description":"Descubre c\u00f3mo funciona la Defensa de Auditor\u00eda. Aprende estrategias para defenderte de las auditor\u00edas del IRS y gestionar eficazmente los asuntos relacionados con la declaraci\u00f3n de la renta.","breadcrumb":{"@id":"https:\/\/myadvocate.tax\/es\/auditoria-de-defensa\/#breadcrumb"},"inLanguage":"es","potentialAction":[{"@type":"ReadAction","target":["https:\/\/myadvocate.tax\/es\/auditoria-de-defensa\/"]}]},{"@type":"ImageObject","inLanguage":"es","@id":"https:\/\/myadvocate.tax\/es\/auditoria-de-defensa\/#primaryimage","url":"https:\/\/myadvocate.tax\/wp-content\/uploads\/2023\/07\/3fd8be70-1cbf-4c4d-b549-7e8331c53aa4.webp","contentUrl":"https:\/\/myadvocate.tax\/wp-content\/uploads\/2023\/07\/3fd8be70-1cbf-4c4d-b549-7e8331c53aa4.webp"},{"@type":"BreadcrumbList","@id":"https:\/\/myadvocate.tax\/es\/auditoria-de-defensa\/#breadcrumb","itemListElement":[{"@type":"ListItem","position":1,"name":"Home","item":"https:\/\/myadvocate.tax\/"},{"@type":"ListItem","position":2,"name":"Auditor\u00eda de Defensa"}]},{"@type":"WebSite","@id":"https:\/\/myadvocate.tax\/#website","url":"https:\/\/myadvocate.tax\/","name":"Advocate Tax Solutions LLC","description":"Advocate Tax Solutions - Tax Debt Solutions - IRS Tax Resolution Service - State Tax Resolutions Services","publisher":{"@id":"https:\/\/myadvocate.tax\/#organization"},"potentialAction":[{"@type":"SearchAction","target":{"@type":"EntryPoint","urlTemplate":"https:\/\/myadvocate.tax\/?s={search_term_string}"},"query-input":{"@type":"PropertyValueSpecification","valueRequired":true,"valueName":"search_term_string"}}],"inLanguage":"es"},{"@type":"Organization","@id":"https:\/\/myadvocate.tax\/#organization","name":"Advocate Tax Solutions LLC","url":"https:\/\/myadvocate.tax\/","logo":{"@type":"ImageObject","inLanguage":"es","@id":"https:\/\/myadvocate.tax\/#\/schema\/logo\/image\/","url":"https:\/\/myadvocate.tax\/wp-content\/uploads\/2023\/06\/Advocate-Tax-Solutions-Cropped-Border-scaled.webp","contentUrl":"https:\/\/myadvocate.tax\/wp-content\/uploads\/2023\/06\/Advocate-Tax-Solutions-Cropped-Border-scaled.webp","width":2560,"height":1940,"caption":"Advocate Tax Solutions LLC"},"image":{"@id":"https:\/\/myadvocate.tax\/#\/schema\/logo\/image\/"},"sameAs":["https:\/\/www.facebook.com\/profile.php?id=100094006291133"]}]}},"_links":{"self":[{"href":"https:\/\/myadvocate.tax\/es\/wp-json\/wp\/v2\/pages\/4764","targetHints":{"allow":["GET"]}}],"collection":[{"href":"https:\/\/myadvocate.tax\/es\/wp-json\/wp\/v2\/pages"}],"about":[{"href":"https:\/\/myadvocate.tax\/es\/wp-json\/wp\/v2\/types\/page"}],"author":[{"embeddable":true,"href":"https:\/\/myadvocate.tax\/es\/wp-json\/wp\/v2\/users\/1"}],"replies":[{"embeddable":true,"href":"https:\/\/myadvocate.tax\/es\/wp-json\/wp\/v2\/comments?post=4764"}],"version-history":[{"count":0,"href":"https:\/\/myadvocate.tax\/es\/wp-json\/wp\/v2\/pages\/4764\/revisions"}],"wp:attachment":[{"href":"https:\/\/myadvocate.tax\/es\/wp-json\/wp\/v2\/media?parent=4764"}],"curies":[{"name":"wp","href":"https:\/\/api.w.org\/{rel}","templated":true}]}}