{"id":4763,"date":"2023-07-22T09:58:14","date_gmt":"2023-07-22T09:58:14","guid":{"rendered":"https:\/\/myadvocate.tax\/declaraciones-de-la-renta-no-presentadas\/"},"modified":"2025-09-17T06:05:58","modified_gmt":"2025-09-17T06:05:58","slug":"declaraciones-de-la-renta-no-presentadas","status":"publish","type":"page","link":"https:\/\/myadvocate.tax\/es\/declaraciones-de-la-renta-no-presentadas\/","title":{"rendered":"Declaraciones de la renta no presentadas"},"content":{"rendered":"\t\t<div data-elementor-type=\"wp-page\" data-elementor-id=\"4763\" class=\"elementor elementor-4763 elementor-1950\" data-elementor-post-type=\"page\">\n\t\t\t\t\t\t<section class=\"elementor-section elementor-top-section elementor-element elementor-element-27e8deb elementor-section-boxed elementor-section-height-default elementor-section-height-default\" data-id=\"27e8deb\" data-element_type=\"section\">\n\t\t\t\t\t\t<div class=\"elementor-container elementor-column-gap-default\">\n\t\t\t\t\t<div class=\"elementor-column elementor-col-100 elementor-top-column elementor-element elementor-element-bba74ed\" data-id=\"bba74ed\" data-element_type=\"column\">\n\t\t\t<div class=\"elementor-widget-wrap elementor-element-populated\">\n\t\t\t\t\t\t<div class=\"elementor-element elementor-element-6bd70b4 elementor-widget elementor-widget-heading\" data-id=\"6bd70b4\" data-element_type=\"widget\" data-widget_type=\"heading.default\">\n\t\t\t\t<div class=\"elementor-widget-container\">\n\t\t\t\t\t<h2 class=\"elementor-heading-title elementor-size-default\">Advocate Tax Solutions puede ayudarle a cumplir la normativa<\/h2>\t\t\t\t<\/div>\n\t\t\t\t<\/div>\n\t\t\t\t<div class=\"elementor-element elementor-element-516c9f4 elementor-widget-divider--view-line elementor-widget elementor-widget-divider\" data-id=\"516c9f4\" data-element_type=\"widget\" data-widget_type=\"divider.default\">\n\t\t\t\t<div class=\"elementor-widget-container\">\n\t\t\t\t\t\t\t<div class=\"elementor-divider\">\n\t\t\t<span class=\"elementor-divider-separator\">\n\t\t\t\t\t\t<\/span>\n\t\t<\/div>\n\t\t\t\t\t\t<\/div>\n\t\t\t\t<\/div>\n\t\t\t\t<div class=\"elementor-element elementor-element-435478b elementor-widget elementor-widget-text-editor\" data-id=\"435478b\" data-element_type=\"widget\" data-widget_type=\"text-editor.default\">\n\t\t\t\t<div class=\"elementor-widget-container\">\n\t\t\t\t\t\t\t\t\t<p>Las declaraciones de la renta no presentadas pueden ser estresantes, y cumplir la normativa lleva mucho tiempo. Con la ayuda de nuestros experimentados especialistas en impuestos de Advocate Tax Solutions, los contribuyentes pueden organizarse y presentar los a\u00f1os fiscales faltantes. Aproveche nuestro proceso de 3 pasos.<\/p>\t\t\t\t\t\t\t\t<\/div>\n\t\t\t\t<\/div>\n\t\t\t\t<div class=\"elementor-element elementor-element-75c2081 elementor-widget elementor-widget-heading\" data-id=\"75c2081\" data-element_type=\"widget\" data-widget_type=\"heading.default\">\n\t\t\t\t<div class=\"elementor-widget-container\">\n\t\t\t\t\t<h2 class=\"elementor-heading-title elementor-size-default\">Declaraciones de la renta no presentadas al d\u00eda<\/h2>\t\t\t\t<\/div>\n\t\t\t\t<\/div>\n\t\t\t\t<div class=\"elementor-element elementor-element-36ee413 elementor-widget-divider--view-line elementor-widget elementor-widget-divider\" data-id=\"36ee413\" data-element_type=\"widget\" data-widget_type=\"divider.default\">\n\t\t\t\t<div class=\"elementor-widget-container\">\n\t\t\t\t\t\t\t<div class=\"elementor-divider\">\n\t\t\t<span class=\"elementor-divider-separator\">\n\t\t\t\t\t\t<\/span>\n\t\t<\/div>\n\t\t\t\t\t\t<\/div>\n\t\t\t\t<\/div>\n\t\t\t\t<div class=\"elementor-element elementor-element-e0d6803 elementor-widget elementor-widget-text-editor\" data-id=\"e0d6803\" data-element_type=\"widget\" data-widget_type=\"text-editor.default\">\n\t\t\t\t<div class=\"elementor-widget-container\">\n\t\t\t\t\t\t\t\t\t<p>Los Estados y el IRS exigen a los contribuyentes que presenten sus declaraciones de la renta a tiempo y paguen la mayor parte de los impuestos debidos antes de la fecha de vencimiento. Los contribuyentes que no presenten sus declaraciones de la renta a tiempo se enfrentar\u00e1n a sanciones, intereses e incluso cuotas estimadas. Se puede solicitar una pr\u00f3rroga a Hacienda presentando el formulario IRS 4868. Advocate Tax Solutions puede preparar sus declaraciones de impuestos y optimizar sus impuestos.<\/p>\t\t\t\t\t\t\t\t<\/div>\n\t\t\t\t<\/div>\n\t\t\t\t<div class=\"elementor-element elementor-element-7660554 elementor-widget elementor-widget-heading\" data-id=\"7660554\" data-element_type=\"widget\" data-widget_type=\"heading.default\">\n\t\t\t\t<div class=\"elementor-widget-container\">\n\t\t\t\t\t<h2 class=\"elementor-heading-title elementor-size-default\">Evitar la confiscaci\u00f3n de devoluciones presentando declaraciones de la renta no presentadas<\/h2>\t\t\t\t<\/div>\n\t\t\t\t<\/div>\n\t\t\t\t<div class=\"elementor-element elementor-element-fef95fb elementor-widget-divider--view-line elementor-widget elementor-widget-divider\" data-id=\"fef95fb\" data-element_type=\"widget\" data-widget_type=\"divider.default\">\n\t\t\t\t<div class=\"elementor-widget-container\">\n\t\t\t\t\t\t\t<div class=\"elementor-divider\">\n\t\t\t<span class=\"elementor-divider-separator\">\n\t\t\t\t\t\t<\/span>\n\t\t<\/div>\n\t\t\t\t\t\t<\/div>\n\t\t\t\t<\/div>\n\t\t\t\t<div class=\"elementor-element elementor-element-c663554 elementor-widget elementor-widget-text-editor\" data-id=\"c663554\" data-element_type=\"widget\" data-widget_type=\"text-editor.default\">\n\t\t\t\t<div class=\"elementor-widget-container\">\n\t\t\t\t\t\t\t\t\t<p>Las devoluciones se pierden si los impuestos permanecen sin presentar m\u00e1s de tres a\u00f1os. Los contribuyentes que no presenten la declaraci\u00f3n a tiempo deben hacerlo lo antes posible para evitar que se pierdan las devoluciones. No deje su dinero sobre la mesa. Prep\u00e1rese para reclamar sus devoluciones ahora.<\/p>\t\t\t\t\t\t\t\t<\/div>\n\t\t\t\t<\/div>\n\t\t\t\t<div class=\"elementor-element elementor-element-2bccbef elementor-widget elementor-widget-heading\" data-id=\"2bccbef\" data-element_type=\"widget\" data-widget_type=\"heading.default\">\n\t\t\t\t<div class=\"elementor-widget-container\">\n\t\t\t\t\t<h2 class=\"elementor-heading-title elementor-size-default\">Obligaciones fiscales por declaraciones de la renta no presentadas y sus opciones<\/h2>\t\t\t\t<\/div>\n\t\t\t\t<\/div>\n\t\t\t\t<div class=\"elementor-element elementor-element-b427bad elementor-widget-divider--view-line elementor-widget elementor-widget-divider\" data-id=\"b427bad\" data-element_type=\"widget\" data-widget_type=\"divider.default\">\n\t\t\t\t<div class=\"elementor-widget-container\">\n\t\t\t\t\t\t\t<div class=\"elementor-divider\">\n\t\t\t<span class=\"elementor-divider-separator\">\n\t\t\t\t\t\t<\/span>\n\t\t<\/div>\n\t\t\t\t\t\t<\/div>\n\t\t\t\t<\/div>\n\t\t\t\t<div class=\"elementor-element elementor-element-1bf7dba elementor-widget elementor-widget-text-editor\" data-id=\"1bf7dba\" data-element_type=\"widget\" data-widget_type=\"text-editor.default\">\n\t\t\t\t<div class=\"elementor-widget-container\">\n\t\t\t\t\t\t\t\t\t<p><span style=\"font-weight: 400;\">Una Declaraci\u00f3n Sustitutiva es una <a href=\"https:\/\/tax.illinois.gov\/questionsandanswers\/answer.82.html\" target=\"_blank\" rel=\"noopener\">declaraci\u00f3n de la renta sustitutiva<\/a> presentada por Hacienda que puede no contener tus deducciones o tu estado civil previsto. La presentaci\u00f3n de declaraciones de la renta no archivadas es imprescindible para ajustar las liquidaciones estimadas causadas por las declaraciones sustitutorias. Los contribuyentes que incurran en saldos que sigan siendo saldos una vez cumplidos deben pagar el importe total lo antes posible o solicitar un plan de pago a los estados y al IRS presentando el formulario 9465 del IRS. Otra opci\u00f3n es una <a href=\"http:\/\/myadvocate.tax\/es\/oferta-de-compromiso\/\" target=\"_blank\" rel=\"noopener\">Oferta de Conciliaci\u00f3n<\/a>, que implica una liquidaci\u00f3n de las obligaciones fiscales basada en las finanzas. Nuestro proceso de 3 pasos puede marcar la diferencia. Optimiza tus resultados con profesionales  <\/span>ayuda con las declaraciones de la renta no presentadas<span style=\"font-weight: 400;\">.<\/span><\/p>\t\t\t\t\t\t\t\t<\/div>\n\t\t\t\t<\/div>\n\t\t\t\t\t<\/div>\n\t\t<\/div>\n\t\t\t\t\t<\/div>\n\t\t<\/section>\n\t\t\t\t<\/div>\n\t\t","protected":false},"excerpt":{"rendered":"<p>Advocate Tax Solutions puede ayudarle a cumplir la normativa Las declaraciones de la renta no presentadas pueden ser estresantes, y cumplir la normativa lleva mucho tiempo. Con la ayuda de nuestros experimentados especialistas en impuestos de Advocate Tax Solutions, los contribuyentes pueden organizarse y presentar los a\u00f1os fiscales faltantes. Aproveche nuestro proceso de 3 pasos. [&hellip;]<\/p>\n","protected":false},"author":1,"featured_media":0,"parent":0,"menu_order":0,"comment_status":"closed","ping_status":"closed","template":"","meta":{"_coblocks_attr":"","_coblocks_dimensions":"","_coblocks_responsive_height":"","_coblocks_accordion_ie_support":"","footnotes":""},"class_list":["post-4763","page","type-page","status-publish","hentry"],"yoast_head":"<!-- This site is optimized with the Yoast SEO Premium plugin v26.6 (Yoast SEO v26.6) - https:\/\/yoast.com\/wordpress\/plugins\/seo\/ -->\n<title>Declaraciones de la renta no presentadas | Resoluci\u00f3n Tributaria Abogac\u00eda<\/title>\n<meta name=\"description\" content=\"\u00bfDeclaraciones de la renta no presentadas? Advocate Tax Solutions archiva las declaraciones atrasadas, reduce las sanciones del IRS y restablece la estabilidad.\" \/>\n<meta name=\"robots\" content=\"index, follow, max-snippet:-1, max-image-preview:large, max-video-preview:-1\" \/>\n<link rel=\"canonical\" href=\"https:\/\/myadvocate.tax\/es\/declaraciones-de-la-renta-no-presentadas\/\" \/>\n<meta property=\"og:locale\" content=\"es_ES\" \/>\n<meta property=\"og:type\" content=\"article\" \/>\n<meta property=\"og:title\" content=\"Declaraciones de la renta no presentadas\" \/>\n<meta property=\"og:description\" content=\"\u00bfDeclaraciones de la renta no presentadas? Advocate Tax Solutions archiva las declaraciones atrasadas, reduce las sanciones del IRS y restablece la estabilidad.\" \/>\n<meta property=\"og:url\" content=\"https:\/\/myadvocate.tax\/es\/declaraciones-de-la-renta-no-presentadas\/\" \/>\n<meta property=\"og:site_name\" content=\"Advocate Tax Solutions LLC\" \/>\n<meta property=\"article:publisher\" content=\"https:\/\/www.facebook.com\/profile.php?id=100094006291133\" \/>\n<meta property=\"article:modified_time\" content=\"2025-09-17T06:05:58+00:00\" \/>\n<meta name=\"twitter:card\" content=\"summary_large_image\" \/>\n<meta name=\"twitter:label1\" content=\"Tiempo de lectura\" \/>\n\t<meta name=\"twitter:data1\" content=\"2 minutos\" \/>\n<script type=\"application\/ld+json\" class=\"yoast-schema-graph\">{\"@context\":\"https:\/\/schema.org\",\"@graph\":[{\"@type\":\"WebPage\",\"@id\":\"https:\/\/myadvocate.tax\/es\/declaraciones-de-la-renta-no-presentadas\/\",\"url\":\"https:\/\/myadvocate.tax\/es\/declaraciones-de-la-renta-no-presentadas\/\",\"name\":\"Declaraciones de la renta no presentadas | Resoluci\u00f3n Tributaria Abogac\u00eda\",\"isPartOf\":{\"@id\":\"https:\/\/myadvocate.tax\/#website\"},\"datePublished\":\"2023-07-22T09:58:14+00:00\",\"dateModified\":\"2025-09-17T06:05:58+00:00\",\"description\":\"\u00bfDeclaraciones de la renta no presentadas? Advocate Tax Solutions archiva las declaraciones atrasadas, reduce las sanciones del IRS y restablece la estabilidad.\",\"breadcrumb\":{\"@id\":\"https:\/\/myadvocate.tax\/es\/declaraciones-de-la-renta-no-presentadas\/#breadcrumb\"},\"inLanguage\":\"es\",\"potentialAction\":[{\"@type\":\"ReadAction\",\"target\":[\"https:\/\/myadvocate.tax\/es\/declaraciones-de-la-renta-no-presentadas\/\"]}]},{\"@type\":\"BreadcrumbList\",\"@id\":\"https:\/\/myadvocate.tax\/es\/declaraciones-de-la-renta-no-presentadas\/#breadcrumb\",\"itemListElement\":[{\"@type\":\"ListItem\",\"position\":1,\"name\":\"Home\",\"item\":\"https:\/\/myadvocate.tax\/\"},{\"@type\":\"ListItem\",\"position\":2,\"name\":\"Declaraciones de la renta no presentadas\"}]},{\"@type\":\"WebSite\",\"@id\":\"https:\/\/myadvocate.tax\/#website\",\"url\":\"https:\/\/myadvocate.tax\/\",\"name\":\"Advocate Tax Solutions LLC\",\"description\":\"Advocate Tax Solutions - Tax Debt Solutions - IRS Tax Resolution Service - State Tax Resolutions Services\",\"publisher\":{\"@id\":\"https:\/\/myadvocate.tax\/#organization\"},\"potentialAction\":[{\"@type\":\"SearchAction\",\"target\":{\"@type\":\"EntryPoint\",\"urlTemplate\":\"https:\/\/myadvocate.tax\/?s={search_term_string}\"},\"query-input\":{\"@type\":\"PropertyValueSpecification\",\"valueRequired\":true,\"valueName\":\"search_term_string\"}}],\"inLanguage\":\"es\"},{\"@type\":\"Organization\",\"@id\":\"https:\/\/myadvocate.tax\/#organization\",\"name\":\"Advocate Tax Solutions LLC\",\"url\":\"https:\/\/myadvocate.tax\/\",\"logo\":{\"@type\":\"ImageObject\",\"inLanguage\":\"es\",\"@id\":\"https:\/\/myadvocate.tax\/#\/schema\/logo\/image\/\",\"url\":\"https:\/\/myadvocate.tax\/wp-content\/uploads\/2023\/06\/Advocate-Tax-Solutions-Cropped-Border-scaled.webp\",\"contentUrl\":\"https:\/\/myadvocate.tax\/wp-content\/uploads\/2023\/06\/Advocate-Tax-Solutions-Cropped-Border-scaled.webp\",\"width\":2560,\"height\":1940,\"caption\":\"Advocate Tax Solutions LLC\"},\"image\":{\"@id\":\"https:\/\/myadvocate.tax\/#\/schema\/logo\/image\/\"},\"sameAs\":[\"https:\/\/www.facebook.com\/profile.php?id=100094006291133\"]}]}<\/script>\n<!-- \/ Yoast SEO Premium plugin. -->","yoast_head_json":{"title":"Declaraciones de la renta no presentadas | Resoluci\u00f3n Tributaria Abogac\u00eda","description":"\u00bfDeclaraciones de la renta no presentadas? Advocate Tax Solutions archiva las declaraciones atrasadas, reduce las sanciones del IRS y restablece la estabilidad.","robots":{"index":"index","follow":"follow","max-snippet":"max-snippet:-1","max-image-preview":"max-image-preview:large","max-video-preview":"max-video-preview:-1"},"canonical":"https:\/\/myadvocate.tax\/es\/declaraciones-de-la-renta-no-presentadas\/","og_locale":"es_ES","og_type":"article","og_title":"Declaraciones de la renta no presentadas","og_description":"\u00bfDeclaraciones de la renta no presentadas? Advocate Tax Solutions archiva las declaraciones atrasadas, reduce las sanciones del IRS y restablece la estabilidad.","og_url":"https:\/\/myadvocate.tax\/es\/declaraciones-de-la-renta-no-presentadas\/","og_site_name":"Advocate Tax Solutions LLC","article_publisher":"https:\/\/www.facebook.com\/profile.php?id=100094006291133","article_modified_time":"2025-09-17T06:05:58+00:00","twitter_card":"summary_large_image","twitter_misc":{"Tiempo de lectura":"2 minutos"},"schema":{"@context":"https:\/\/schema.org","@graph":[{"@type":"WebPage","@id":"https:\/\/myadvocate.tax\/es\/declaraciones-de-la-renta-no-presentadas\/","url":"https:\/\/myadvocate.tax\/es\/declaraciones-de-la-renta-no-presentadas\/","name":"Declaraciones de la renta no presentadas | Resoluci\u00f3n Tributaria Abogac\u00eda","isPartOf":{"@id":"https:\/\/myadvocate.tax\/#website"},"datePublished":"2023-07-22T09:58:14+00:00","dateModified":"2025-09-17T06:05:58+00:00","description":"\u00bfDeclaraciones de la renta no presentadas? Advocate Tax Solutions archiva las declaraciones atrasadas, reduce las sanciones del IRS y restablece la estabilidad.","breadcrumb":{"@id":"https:\/\/myadvocate.tax\/es\/declaraciones-de-la-renta-no-presentadas\/#breadcrumb"},"inLanguage":"es","potentialAction":[{"@type":"ReadAction","target":["https:\/\/myadvocate.tax\/es\/declaraciones-de-la-renta-no-presentadas\/"]}]},{"@type":"BreadcrumbList","@id":"https:\/\/myadvocate.tax\/es\/declaraciones-de-la-renta-no-presentadas\/#breadcrumb","itemListElement":[{"@type":"ListItem","position":1,"name":"Home","item":"https:\/\/myadvocate.tax\/"},{"@type":"ListItem","position":2,"name":"Declaraciones de la renta no presentadas"}]},{"@type":"WebSite","@id":"https:\/\/myadvocate.tax\/#website","url":"https:\/\/myadvocate.tax\/","name":"Advocate Tax Solutions LLC","description":"Advocate Tax Solutions - Tax Debt Solutions - IRS Tax Resolution Service - State Tax Resolutions Services","publisher":{"@id":"https:\/\/myadvocate.tax\/#organization"},"potentialAction":[{"@type":"SearchAction","target":{"@type":"EntryPoint","urlTemplate":"https:\/\/myadvocate.tax\/?s={search_term_string}"},"query-input":{"@type":"PropertyValueSpecification","valueRequired":true,"valueName":"search_term_string"}}],"inLanguage":"es"},{"@type":"Organization","@id":"https:\/\/myadvocate.tax\/#organization","name":"Advocate Tax Solutions LLC","url":"https:\/\/myadvocate.tax\/","logo":{"@type":"ImageObject","inLanguage":"es","@id":"https:\/\/myadvocate.tax\/#\/schema\/logo\/image\/","url":"https:\/\/myadvocate.tax\/wp-content\/uploads\/2023\/06\/Advocate-Tax-Solutions-Cropped-Border-scaled.webp","contentUrl":"https:\/\/myadvocate.tax\/wp-content\/uploads\/2023\/06\/Advocate-Tax-Solutions-Cropped-Border-scaled.webp","width":2560,"height":1940,"caption":"Advocate Tax Solutions LLC"},"image":{"@id":"https:\/\/myadvocate.tax\/#\/schema\/logo\/image\/"},"sameAs":["https:\/\/www.facebook.com\/profile.php?id=100094006291133"]}]}},"_links":{"self":[{"href":"https:\/\/myadvocate.tax\/es\/wp-json\/wp\/v2\/pages\/4763","targetHints":{"allow":["GET"]}}],"collection":[{"href":"https:\/\/myadvocate.tax\/es\/wp-json\/wp\/v2\/pages"}],"about":[{"href":"https:\/\/myadvocate.tax\/es\/wp-json\/wp\/v2\/types\/page"}],"author":[{"embeddable":true,"href":"https:\/\/myadvocate.tax\/es\/wp-json\/wp\/v2\/users\/1"}],"replies":[{"embeddable":true,"href":"https:\/\/myadvocate.tax\/es\/wp-json\/wp\/v2\/comments?post=4763"}],"version-history":[{"count":0,"href":"https:\/\/myadvocate.tax\/es\/wp-json\/wp\/v2\/pages\/4763\/revisions"}],"wp:attachment":[{"href":"https:\/\/myadvocate.tax\/es\/wp-json\/wp\/v2\/media?parent=4763"}],"curies":[{"name":"wp","href":"https:\/\/api.w.org\/{rel}","templated":true}]}}