{"id":4761,"date":"2023-07-24T06:33:26","date_gmt":"2023-07-24T06:33:26","guid":{"rendered":"https:\/\/myadvocate.tax\/declaraciones-modificadas\/"},"modified":"2025-09-17T06:06:47","modified_gmt":"2025-09-17T06:06:47","slug":"declaraciones-modificadas","status":"publish","type":"page","link":"https:\/\/myadvocate.tax\/es\/declaraciones-modificadas\/","title":{"rendered":"Declaraciones modificadas"},"content":{"rendered":"\t\t<div data-elementor-type=\"wp-page\" data-elementor-id=\"4761\" class=\"elementor elementor-4761 elementor-2074\" data-elementor-post-type=\"page\">\n\t\t\t\t\t\t<section class=\"elementor-section elementor-top-section elementor-element elementor-element-e2e3379 elementor-reverse-mobile elementor-section-boxed elementor-section-height-default elementor-section-height-default\" data-id=\"e2e3379\" data-element_type=\"section\">\n\t\t\t\t\t\t<div class=\"elementor-container elementor-column-gap-default\">\n\t\t\t\t\t<div class=\"elementor-column elementor-col-50 elementor-top-column elementor-element elementor-element-1c863d5\" data-id=\"1c863d5\" data-element_type=\"column\">\n\t\t\t<div class=\"elementor-widget-wrap elementor-element-populated\">\n\t\t\t\t\t\t<div class=\"elementor-element elementor-element-e1cff29 elementor-widget elementor-widget-heading\" data-id=\"e1cff29\" data-element_type=\"widget\" data-widget_type=\"heading.default\">\n\t\t\t\t<div class=\"elementor-widget-container\">\n\t\t\t\t\t<h2 class=\"elementor-heading-title elementor-size-default\">Advocate Tax Solutions presenta declaraciones de la renta modificadas<\/h2>\t\t\t\t<\/div>\n\t\t\t\t<\/div>\n\t\t\t\t<div class=\"elementor-element elementor-element-d451c97 elementor-widget elementor-widget-text-editor\" data-id=\"d451c97\" data-element_type=\"widget\" data-widget_type=\"text-editor.default\">\n\t\t\t\t<div class=\"elementor-widget-container\">\n\t\t\t\t\t\t\t\t\t<p><span style=\"font-family: Roboto; font-size: 11pt; color: var( --e-global-color-58be7bd );\">Rectificar la declaraci\u00f3n de la renta es un proceso muy complicado<\/span>. Con la ayuda de especialistas fiscales experimentados, los contribuyentes pueden corregir las declaraciones de la renta para ajustar los errores de presentaci\u00f3n y reducir o eliminar los saldos. Este formulario del IRS se conoce como <a href=\"https:\/\/www.irs.gov\/forms-pubs\/about-form-1040x\" target=\"_blank\" rel=\"noopener\">1040-X<\/a>.<\/p>\t\t\t\t\t\t\t\t<\/div>\n\t\t\t\t<\/div>\n\t\t\t\t<div class=\"elementor-element elementor-element-b872e62 elementor-widget elementor-widget-heading\" data-id=\"b872e62\" data-element_type=\"widget\" data-widget_type=\"heading.default\">\n\t\t\t\t<div class=\"elementor-widget-container\">\n\t\t\t\t\t<h2 class=\"elementor-heading-title elementor-size-default\">Presente su declaraci\u00f3n de la renta antes de que sea demasiado tarde<\/h2>\t\t\t\t<\/div>\n\t\t\t\t<\/div>\n\t\t\t\t<div class=\"elementor-element elementor-element-832532a elementor-widget elementor-widget-text-editor\" data-id=\"832532a\" data-element_type=\"widget\" data-widget_type=\"text-editor.default\">\n\t\t\t\t<div class=\"elementor-widget-container\">\n\t\t\t\t\t\t\t\t\t<p>El<a href=\"http:\/\/myadvocate.tax\/es\/resoluciones-del-irs\/\"> IRS<\/a> y los estados exigen a los contribuyentes que presenten una declaraci\u00f3n 1040-X o una declaraci\u00f3n estatal enmendada tres a\u00f1os despu\u00e9s de la fecha de la declaraci\u00f3n de la renta originalmente presentada. La declaraci\u00f3n de la renta ser\u00e1 rechazada si el contribuyente no la presenta en este plazo. Nuestros expertos pueden identificar errores y omisiones en sus declaraciones de impuestos originales.<\/p>\t\t\t\t\t\t\t\t<\/div>\n\t\t\t\t<\/div>\n\t\t\t\t<div class=\"elementor-element elementor-element-02a5793 elementor-widget elementor-widget-heading\" data-id=\"02a5793\" data-element_type=\"widget\" data-widget_type=\"heading.default\">\n\t\t\t\t<div class=\"elementor-widget-container\">\n\t\t\t\t\t<h2 class=\"elementor-heading-title elementor-size-default\">Los contribuyentes pueden reclamar devoluciones si se corrigen los errores<\/h2>\t\t\t\t<\/div>\n\t\t\t\t<\/div>\n\t\t\t\t<div class=\"elementor-element elementor-element-2b8b122 elementor-widget elementor-widget-text-editor\" data-id=\"2b8b122\" data-element_type=\"widget\" data-widget_type=\"text-editor.default\">\n\t\t\t\t<div class=\"elementor-widget-container\">\n\t\t\t\t\t\t\t\t\t<p>Tras presentar una declaraci\u00f3n modificada, los saldos suelen ser ajustables a las devoluciones. Si no se ajusta y presenta en un plazo de tres a\u00f1os a partir de la fecha de presentaci\u00f3n original, se perder\u00e1 el derecho a la devoluci\u00f3n. Es importante presentar la declaraci\u00f3n de la renta a tiempo para solicitar el reembolso.<\/p>\t\t\t\t\t\t\t\t<\/div>\n\t\t\t\t<\/div>\n\t\t\t\t\t<\/div>\n\t\t<\/div>\n\t\t\t\t<div class=\"elementor-column elementor-col-50 elementor-top-column elementor-element elementor-element-dd0792b\" data-id=\"dd0792b\" data-element_type=\"column\">\n\t\t\t<div class=\"elementor-widget-wrap elementor-element-populated\">\n\t\t\t\t\t\t<div class=\"elementor-element elementor-element-d51e528 elementor-widget elementor-widget-image\" data-id=\"d51e528\" data-element_type=\"widget\" data-widget_type=\"image.default\">\n\t\t\t\t<div class=\"elementor-widget-container\">\n\t\t\t\t\t\t\t\t\t\t\t\t\t\t\t<img fetchpriority=\"high\" decoding=\"async\" width=\"970\" height=\"647\" src=\"https:\/\/myadvocate.tax\/wp-content\/uploads\/2023\/07\/business-working-with-woman-and-friend-with-laptop-and-paperwork-with-color-tone-effect-922181652-0b8ccf7a67b94208920e935cad1c034c.webp\" class=\"attachment-full size-full wp-image-4712\" alt=\"two women discussing\" srcset=\"https:\/\/myadvocate.tax\/wp-content\/uploads\/2023\/07\/business-working-with-woman-and-friend-with-laptop-and-paperwork-with-color-tone-effect-922181652-0b8ccf7a67b94208920e935cad1c034c.webp 970w, https:\/\/myadvocate.tax\/wp-content\/uploads\/2023\/07\/business-working-with-woman-and-friend-with-laptop-and-paperwork-with-color-tone-effect-922181652-0b8ccf7a67b94208920e935cad1c034c-300x200.webp 300w, https:\/\/myadvocate.tax\/wp-content\/uploads\/2023\/07\/business-working-with-woman-and-friend-with-laptop-and-paperwork-with-color-tone-effect-922181652-0b8ccf7a67b94208920e935cad1c034c-768x512.webp 768w\" sizes=\"(max-width: 970px) 100vw, 970px\" \/>\t\t\t\t\t\t\t\t\t\t\t\t\t\t\t<\/div>\n\t\t\t\t<\/div>\n\t\t\t\t\t<\/div>\n\t\t<\/div>\n\t\t\t\t\t<\/div>\n\t\t<\/section>\n\t\t\t\t<\/div>\n\t\t","protected":false},"excerpt":{"rendered":"<p>Advocate Tax Solutions presenta declaraciones de la renta modificadas Rectificar la declaraci\u00f3n de la renta es un proceso muy complicado. Con la ayuda de especialistas fiscales experimentados, los contribuyentes pueden corregir las declaraciones de la renta para ajustar los errores de presentaci\u00f3n y reducir o eliminar los saldos. Este formulario del IRS se conoce como [&hellip;]<\/p>\n","protected":false},"author":1,"featured_media":0,"parent":0,"menu_order":0,"comment_status":"closed","ping_status":"closed","template":"","meta":{"_coblocks_attr":"","_coblocks_dimensions":"","_coblocks_responsive_height":"","_coblocks_accordion_ie_support":"","footnotes":""},"class_list":["post-4761","page","type-page","status-publish","hentry"],"yoast_head":"<!-- This site is optimized with the Yoast SEO Premium plugin v26.6 (Yoast SEO v26.6) - https:\/\/yoast.com\/wordpress\/plugins\/seo\/ -->\n<title>Servicios de Declaraci\u00f3n Modificada | Advocate Tax Solutions<\/title>\n<meta name=\"description\" content=\"Inf\u00f3rmate sobre el proceso de presentaci\u00f3n de declaraciones de la renta modificadas. Obt\u00e9n ayuda de especialistas para evitar perder tus posibles devoluciones.\" \/>\n<meta name=\"robots\" content=\"index, follow, max-snippet:-1, max-image-preview:large, max-video-preview:-1\" \/>\n<link rel=\"canonical\" href=\"https:\/\/myadvocate.tax\/es\/declaraciones-modificadas\/\" \/>\n<meta property=\"og:locale\" content=\"es_ES\" \/>\n<meta property=\"og:type\" content=\"article\" \/>\n<meta property=\"og:title\" content=\"Declaraciones modificadas\" \/>\n<meta property=\"og:description\" content=\"Inf\u00f3rmate sobre el proceso de presentaci\u00f3n de declaraciones de la renta modificadas. Obt\u00e9n ayuda de especialistas para evitar perder tus posibles devoluciones.\" \/>\n<meta property=\"og:url\" content=\"https:\/\/myadvocate.tax\/es\/declaraciones-modificadas\/\" \/>\n<meta property=\"og:site_name\" content=\"Advocate Tax Solutions LLC\" \/>\n<meta property=\"article:publisher\" content=\"https:\/\/www.facebook.com\/profile.php?id=100094006291133\" \/>\n<meta property=\"article:modified_time\" content=\"2025-09-17T06:06:47+00:00\" \/>\n<meta property=\"og:image\" content=\"https:\/\/myadvocate.tax\/wp-content\/uploads\/2023\/07\/business-working-with-woman-and-friend-with-laptop-and-paperwork-with-color-tone-effect-922181652-0b8ccf7a67b94208920e935cad1c034c.webp\" \/>\n<meta name=\"twitter:card\" content=\"summary_large_image\" \/>\n<meta name=\"twitter:label1\" content=\"Tiempo de lectura\" \/>\n\t<meta name=\"twitter:data1\" content=\"1 minuto\" \/>\n<script type=\"application\/ld+json\" class=\"yoast-schema-graph\">{\"@context\":\"https:\/\/schema.org\",\"@graph\":[{\"@type\":\"WebPage\",\"@id\":\"https:\/\/myadvocate.tax\/es\/declaraciones-modificadas\/\",\"url\":\"https:\/\/myadvocate.tax\/es\/declaraciones-modificadas\/\",\"name\":\"Servicios de Declaraci\u00f3n Modificada | Advocate Tax Solutions\",\"isPartOf\":{\"@id\":\"https:\/\/myadvocate.tax\/#website\"},\"primaryImageOfPage\":{\"@id\":\"https:\/\/myadvocate.tax\/es\/declaraciones-modificadas\/#primaryimage\"},\"image\":{\"@id\":\"https:\/\/myadvocate.tax\/es\/declaraciones-modificadas\/#primaryimage\"},\"thumbnailUrl\":\"https:\/\/myadvocate.tax\/wp-content\/uploads\/2023\/07\/business-working-with-woman-and-friend-with-laptop-and-paperwork-with-color-tone-effect-922181652-0b8ccf7a67b94208920e935cad1c034c.webp\",\"datePublished\":\"2023-07-24T06:33:26+00:00\",\"dateModified\":\"2025-09-17T06:06:47+00:00\",\"description\":\"Inf\u00f3rmate sobre el proceso de presentaci\u00f3n de declaraciones de la renta modificadas. Obt\u00e9n ayuda de especialistas para evitar perder tus posibles devoluciones.\",\"breadcrumb\":{\"@id\":\"https:\/\/myadvocate.tax\/es\/declaraciones-modificadas\/#breadcrumb\"},\"inLanguage\":\"es\",\"potentialAction\":[{\"@type\":\"ReadAction\",\"target\":[\"https:\/\/myadvocate.tax\/es\/declaraciones-modificadas\/\"]}]},{\"@type\":\"ImageObject\",\"inLanguage\":\"es\",\"@id\":\"https:\/\/myadvocate.tax\/es\/declaraciones-modificadas\/#primaryimage\",\"url\":\"https:\/\/myadvocate.tax\/wp-content\/uploads\/2023\/07\/business-working-with-woman-and-friend-with-laptop-and-paperwork-with-color-tone-effect-922181652-0b8ccf7a67b94208920e935cad1c034c.webp\",\"contentUrl\":\"https:\/\/myadvocate.tax\/wp-content\/uploads\/2023\/07\/business-working-with-woman-and-friend-with-laptop-and-paperwork-with-color-tone-effect-922181652-0b8ccf7a67b94208920e935cad1c034c.webp\"},{\"@type\":\"BreadcrumbList\",\"@id\":\"https:\/\/myadvocate.tax\/es\/declaraciones-modificadas\/#breadcrumb\",\"itemListElement\":[{\"@type\":\"ListItem\",\"position\":1,\"name\":\"Home\",\"item\":\"https:\/\/myadvocate.tax\/\"},{\"@type\":\"ListItem\",\"position\":2,\"name\":\"Declaraciones modificadas\"}]},{\"@type\":\"WebSite\",\"@id\":\"https:\/\/myadvocate.tax\/#website\",\"url\":\"https:\/\/myadvocate.tax\/\",\"name\":\"Advocate Tax Solutions LLC\",\"description\":\"Advocate Tax Solutions - Tax Debt Solutions - IRS Tax Resolution Service - State Tax Resolutions Services\",\"publisher\":{\"@id\":\"https:\/\/myadvocate.tax\/#organization\"},\"potentialAction\":[{\"@type\":\"SearchAction\",\"target\":{\"@type\":\"EntryPoint\",\"urlTemplate\":\"https:\/\/myadvocate.tax\/?s={search_term_string}\"},\"query-input\":{\"@type\":\"PropertyValueSpecification\",\"valueRequired\":true,\"valueName\":\"search_term_string\"}}],\"inLanguage\":\"es\"},{\"@type\":\"Organization\",\"@id\":\"https:\/\/myadvocate.tax\/#organization\",\"name\":\"Advocate Tax Solutions LLC\",\"url\":\"https:\/\/myadvocate.tax\/\",\"logo\":{\"@type\":\"ImageObject\",\"inLanguage\":\"es\",\"@id\":\"https:\/\/myadvocate.tax\/#\/schema\/logo\/image\/\",\"url\":\"https:\/\/myadvocate.tax\/wp-content\/uploads\/2023\/06\/Advocate-Tax-Solutions-Cropped-Border-scaled.webp\",\"contentUrl\":\"https:\/\/myadvocate.tax\/wp-content\/uploads\/2023\/06\/Advocate-Tax-Solutions-Cropped-Border-scaled.webp\",\"width\":2560,\"height\":1940,\"caption\":\"Advocate Tax Solutions LLC\"},\"image\":{\"@id\":\"https:\/\/myadvocate.tax\/#\/schema\/logo\/image\/\"},\"sameAs\":[\"https:\/\/www.facebook.com\/profile.php?id=100094006291133\"]}]}<\/script>\n<!-- \/ Yoast SEO Premium plugin. -->","yoast_head_json":{"title":"Servicios de Declaraci\u00f3n Modificada | Advocate Tax Solutions","description":"Inf\u00f3rmate sobre el proceso de presentaci\u00f3n de declaraciones de la renta modificadas. Obt\u00e9n ayuda de especialistas para evitar perder tus posibles devoluciones.","robots":{"index":"index","follow":"follow","max-snippet":"max-snippet:-1","max-image-preview":"max-image-preview:large","max-video-preview":"max-video-preview:-1"},"canonical":"https:\/\/myadvocate.tax\/es\/declaraciones-modificadas\/","og_locale":"es_ES","og_type":"article","og_title":"Declaraciones modificadas","og_description":"Inf\u00f3rmate sobre el proceso de presentaci\u00f3n de declaraciones de la renta modificadas. Obt\u00e9n ayuda de especialistas para evitar perder tus posibles devoluciones.","og_url":"https:\/\/myadvocate.tax\/es\/declaraciones-modificadas\/","og_site_name":"Advocate Tax Solutions LLC","article_publisher":"https:\/\/www.facebook.com\/profile.php?id=100094006291133","article_modified_time":"2025-09-17T06:06:47+00:00","og_image":[{"url":"https:\/\/myadvocate.tax\/wp-content\/uploads\/2023\/07\/business-working-with-woman-and-friend-with-laptop-and-paperwork-with-color-tone-effect-922181652-0b8ccf7a67b94208920e935cad1c034c.webp","type":"","width":"","height":""}],"twitter_card":"summary_large_image","twitter_misc":{"Tiempo de lectura":"1 minuto"},"schema":{"@context":"https:\/\/schema.org","@graph":[{"@type":"WebPage","@id":"https:\/\/myadvocate.tax\/es\/declaraciones-modificadas\/","url":"https:\/\/myadvocate.tax\/es\/declaraciones-modificadas\/","name":"Servicios de Declaraci\u00f3n Modificada | Advocate Tax Solutions","isPartOf":{"@id":"https:\/\/myadvocate.tax\/#website"},"primaryImageOfPage":{"@id":"https:\/\/myadvocate.tax\/es\/declaraciones-modificadas\/#primaryimage"},"image":{"@id":"https:\/\/myadvocate.tax\/es\/declaraciones-modificadas\/#primaryimage"},"thumbnailUrl":"https:\/\/myadvocate.tax\/wp-content\/uploads\/2023\/07\/business-working-with-woman-and-friend-with-laptop-and-paperwork-with-color-tone-effect-922181652-0b8ccf7a67b94208920e935cad1c034c.webp","datePublished":"2023-07-24T06:33:26+00:00","dateModified":"2025-09-17T06:06:47+00:00","description":"Inf\u00f3rmate sobre el proceso de presentaci\u00f3n de declaraciones de la renta modificadas. Obt\u00e9n ayuda de especialistas para evitar perder tus posibles devoluciones.","breadcrumb":{"@id":"https:\/\/myadvocate.tax\/es\/declaraciones-modificadas\/#breadcrumb"},"inLanguage":"es","potentialAction":[{"@type":"ReadAction","target":["https:\/\/myadvocate.tax\/es\/declaraciones-modificadas\/"]}]},{"@type":"ImageObject","inLanguage":"es","@id":"https:\/\/myadvocate.tax\/es\/declaraciones-modificadas\/#primaryimage","url":"https:\/\/myadvocate.tax\/wp-content\/uploads\/2023\/07\/business-working-with-woman-and-friend-with-laptop-and-paperwork-with-color-tone-effect-922181652-0b8ccf7a67b94208920e935cad1c034c.webp","contentUrl":"https:\/\/myadvocate.tax\/wp-content\/uploads\/2023\/07\/business-working-with-woman-and-friend-with-laptop-and-paperwork-with-color-tone-effect-922181652-0b8ccf7a67b94208920e935cad1c034c.webp"},{"@type":"BreadcrumbList","@id":"https:\/\/myadvocate.tax\/es\/declaraciones-modificadas\/#breadcrumb","itemListElement":[{"@type":"ListItem","position":1,"name":"Home","item":"https:\/\/myadvocate.tax\/"},{"@type":"ListItem","position":2,"name":"Declaraciones modificadas"}]},{"@type":"WebSite","@id":"https:\/\/myadvocate.tax\/#website","url":"https:\/\/myadvocate.tax\/","name":"Advocate Tax Solutions LLC","description":"Advocate Tax Solutions - Tax Debt Solutions - IRS Tax Resolution Service - State Tax Resolutions Services","publisher":{"@id":"https:\/\/myadvocate.tax\/#organization"},"potentialAction":[{"@type":"SearchAction","target":{"@type":"EntryPoint","urlTemplate":"https:\/\/myadvocate.tax\/?s={search_term_string}"},"query-input":{"@type":"PropertyValueSpecification","valueRequired":true,"valueName":"search_term_string"}}],"inLanguage":"es"},{"@type":"Organization","@id":"https:\/\/myadvocate.tax\/#organization","name":"Advocate Tax Solutions LLC","url":"https:\/\/myadvocate.tax\/","logo":{"@type":"ImageObject","inLanguage":"es","@id":"https:\/\/myadvocate.tax\/#\/schema\/logo\/image\/","url":"https:\/\/myadvocate.tax\/wp-content\/uploads\/2023\/06\/Advocate-Tax-Solutions-Cropped-Border-scaled.webp","contentUrl":"https:\/\/myadvocate.tax\/wp-content\/uploads\/2023\/06\/Advocate-Tax-Solutions-Cropped-Border-scaled.webp","width":2560,"height":1940,"caption":"Advocate Tax Solutions LLC"},"image":{"@id":"https:\/\/myadvocate.tax\/#\/schema\/logo\/image\/"},"sameAs":["https:\/\/www.facebook.com\/profile.php?id=100094006291133"]}]}},"_links":{"self":[{"href":"https:\/\/myadvocate.tax\/es\/wp-json\/wp\/v2\/pages\/4761","targetHints":{"allow":["GET"]}}],"collection":[{"href":"https:\/\/myadvocate.tax\/es\/wp-json\/wp\/v2\/pages"}],"about":[{"href":"https:\/\/myadvocate.tax\/es\/wp-json\/wp\/v2\/types\/page"}],"author":[{"embeddable":true,"href":"https:\/\/myadvocate.tax\/es\/wp-json\/wp\/v2\/users\/1"}],"replies":[{"embeddable":true,"href":"https:\/\/myadvocate.tax\/es\/wp-json\/wp\/v2\/comments?post=4761"}],"version-history":[{"count":0,"href":"https:\/\/myadvocate.tax\/es\/wp-json\/wp\/v2\/pages\/4761\/revisions"}],"wp:attachment":[{"href":"https:\/\/myadvocate.tax\/es\/wp-json\/wp\/v2\/media?parent=4761"}],"curies":[{"name":"wp","href":"https:\/\/api.w.org\/{rel}","templated":true}]}}