{"id":4758,"date":"2023-07-22T07:24:32","date_gmt":"2023-07-22T07:24:32","guid":{"rendered":"https:\/\/myadvocate.tax\/resolucion-fiscal-estatal\/"},"modified":"2025-09-17T05:55:50","modified_gmt":"2025-09-17T05:55:50","slug":"resolucion-fiscal-estatal","status":"publish","type":"page","link":"https:\/\/myadvocate.tax\/es\/resolucion-fiscal-estatal\/","title":{"rendered":"Resoluci\u00f3n fiscal estatal"},"content":{"rendered":"\t\t<div data-elementor-type=\"wp-page\" data-elementor-id=\"4758\" class=\"elementor elementor-4758 elementor-1847\" data-elementor-post-type=\"page\">\n\t\t\t\t\t\t<section class=\"elementor-section elementor-top-section elementor-element elementor-element-0dd8250 elementor-section-boxed elementor-section-height-default elementor-section-height-default\" data-id=\"0dd8250\" data-element_type=\"section\">\n\t\t\t\t\t\t<div class=\"elementor-container elementor-column-gap-default\">\n\t\t\t\t\t<div class=\"elementor-column elementor-col-100 elementor-top-column elementor-element elementor-element-efdc9e2\" data-id=\"efdc9e2\" data-element_type=\"column\">\n\t\t\t<div class=\"elementor-widget-wrap elementor-element-populated\">\n\t\t\t\t\t\t<section class=\"elementor-section elementor-inner-section elementor-element elementor-element-156a0e8 elementor-reverse-mobile elementor-section-boxed elementor-section-height-default elementor-section-height-default\" data-id=\"156a0e8\" data-element_type=\"section\">\n\t\t\t\t\t\t<div class=\"elementor-container elementor-column-gap-default\">\n\t\t\t\t\t<div class=\"elementor-column elementor-col-50 elementor-inner-column elementor-element elementor-element-a229530\" data-id=\"a229530\" data-element_type=\"column\">\n\t\t\t<div class=\"elementor-widget-wrap elementor-element-populated\">\n\t\t\t\t\t\t<div class=\"elementor-element elementor-element-f729c68 elementor-widget elementor-widget-heading\" data-id=\"f729c68\" data-element_type=\"widget\" data-widget_type=\"heading.default\">\n\t\t\t\t<div class=\"elementor-widget-container\">\n\t\t\t\t\t<h2 class=\"elementor-heading-title elementor-size-default\">La deuda tributaria estatal puede asustar<\/h2>\t\t\t\t<\/div>\n\t\t\t\t<\/div>\n\t\t\t\t<div class=\"elementor-element elementor-element-d3d2830 elementor-widget elementor-widget-text-editor\" data-id=\"d3d2830\" data-element_type=\"widget\" data-widget_type=\"text-editor.default\">\n\t\t\t\t<div class=\"elementor-widget-container\">\n\t\t\t\t\t\t\t\t\t<p><span style=\"font-weight: 400;\">Las autoridades tributarias estatales ejecutan la actividad recaudatoria mediante la presentaci\u00f3n de embargos fiscales o mandamientos judiciales para garantizar la deuda tributaria.  <\/span><a href=\"http:\/\/myadvocate.tax\/es\/embargo-de-salarios\/\">Embargo de salario<\/a><span style=\"font-weight: 400;\">  y los embargos bancarios son inevitables a menos que los contribuyentes act\u00faen con prontitud para resolver sus asuntos fiscales. Los contribuyentes pueden informarse sobre las resoluciones poni\u00e9ndose en contacto con el departamento fiscal de su estado o con un profesional fiscal experimentado.<\/span><\/p>\t\t\t\t\t\t\t\t<\/div>\n\t\t\t\t<\/div>\n\t\t\t\t\t<\/div>\n\t\t<\/div>\n\t\t\t\t<div class=\"elementor-column elementor-col-50 elementor-inner-column elementor-element elementor-element-29320a1\" data-id=\"29320a1\" data-element_type=\"column\">\n\t\t\t<div class=\"elementor-widget-wrap elementor-element-populated\">\n\t\t\t\t\t\t<div class=\"elementor-element elementor-element-1bc18fc elementor-widget elementor-widget-image\" data-id=\"1bc18fc\" data-element_type=\"widget\" data-widget_type=\"image.default\">\n\t\t\t\t<div class=\"elementor-widget-container\">\n\t\t\t\t\t\t\t\t\t\t\t\t\t\t\t<img fetchpriority=\"high\" decoding=\"async\" width=\"1000\" height=\"667\" src=\"https:\/\/myadvocate.tax\/wp-content\/uploads\/2023\/07\/tax-2-1000x500-1.webp\" class=\"attachment-full size-full wp-image-4696\" alt=\"reviewing tax documents with laptop and calculator\" srcset=\"https:\/\/myadvocate.tax\/wp-content\/uploads\/2023\/07\/tax-2-1000x500-1.webp 1000w, https:\/\/myadvocate.tax\/wp-content\/uploads\/2023\/07\/tax-2-1000x500-1-300x200.webp 300w, https:\/\/myadvocate.tax\/wp-content\/uploads\/2023\/07\/tax-2-1000x500-1-768x512.webp 768w\" sizes=\"(max-width: 1000px) 100vw, 1000px\" \/>\t\t\t\t\t\t\t\t\t\t\t\t\t\t\t<\/div>\n\t\t\t\t<\/div>\n\t\t\t\t\t<\/div>\n\t\t<\/div>\n\t\t\t\t\t<\/div>\n\t\t<\/section>\n\t\t\t\t<section class=\"elementor-section elementor-inner-section elementor-element elementor-element-f83a798 elementor-section-boxed elementor-section-height-default elementor-section-height-default\" data-id=\"f83a798\" data-element_type=\"section\">\n\t\t\t\t\t\t<div class=\"elementor-container elementor-column-gap-default\">\n\t\t\t\t\t<div class=\"elementor-column elementor-col-50 elementor-inner-column elementor-element elementor-element-287849d\" data-id=\"287849d\" data-element_type=\"column\">\n\t\t\t<div class=\"elementor-widget-wrap elementor-element-populated\">\n\t\t\t\t\t\t<div class=\"elementor-element elementor-element-8924f8b elementor-widget elementor-widget-image\" data-id=\"8924f8b\" data-element_type=\"widget\" data-widget_type=\"image.default\">\n\t\t\t\t<div class=\"elementor-widget-container\">\n\t\t\t\t\t\t\t\t\t\t\t\t\t\t\t<img decoding=\"async\" width=\"1000\" height=\"667\" src=\"https:\/\/myadvocate.tax\/wp-content\/uploads\/2023\/07\/shutterstock_1946309113.webp\" class=\"attachment-full size-full wp-image-4694\" alt=\"attorney and client handshake after legal consultation\" srcset=\"https:\/\/myadvocate.tax\/wp-content\/uploads\/2023\/07\/shutterstock_1946309113.webp 1000w, https:\/\/myadvocate.tax\/wp-content\/uploads\/2023\/07\/shutterstock_1946309113-300x200.webp 300w, https:\/\/myadvocate.tax\/wp-content\/uploads\/2023\/07\/shutterstock_1946309113-768x512.webp 768w\" sizes=\"(max-width: 1000px) 100vw, 1000px\" \/>\t\t\t\t\t\t\t\t\t\t\t\t\t\t\t<\/div>\n\t\t\t\t<\/div>\n\t\t\t\t\t<\/div>\n\t\t<\/div>\n\t\t\t\t<div class=\"elementor-column elementor-col-50 elementor-inner-column elementor-element elementor-element-ba73643\" data-id=\"ba73643\" data-element_type=\"column\">\n\t\t\t<div class=\"elementor-widget-wrap elementor-element-populated\">\n\t\t\t\t\t\t<div class=\"elementor-element elementor-element-42eb0ce elementor-widget elementor-widget-heading\" data-id=\"42eb0ce\" data-element_type=\"widget\" data-widget_type=\"heading.default\">\n\t\t\t\t<div class=\"elementor-widget-container\">\n\t\t\t\t\t<h2 class=\"elementor-heading-title elementor-size-default\">Los programas estatales de resoluci\u00f3n pueden ayudar<\/h2>\t\t\t\t<\/div>\n\t\t\t\t<\/div>\n\t\t\t\t<div class=\"elementor-element elementor-element-598f1b4 elementor-widget elementor-widget-text-editor\" data-id=\"598f1b4\" data-element_type=\"widget\" data-widget_type=\"text-editor.default\">\n\t\t\t\t<div class=\"elementor-widget-container\">\n\t\t\t\t\t\t\t\t\t<p><span style=\"font-weight: 400;\">Los Estados aceptan un programa de Oferta de Conciliaci\u00f3n para reducir las dificultades financieras de los contribuyentes que no pueden pagar su deuda. Si los contribuyentes cumplen determinados criterios, pueden optar a ella. La informaci\u00f3n financiera, como ingresos, gastos y activos, puede determinar la resoluci\u00f3n a la que pueden optar los contribuyentes. Algunos Estados son flexibles con las resoluciones, pero otros son menos indulgentes, lo cual es complicado. Es importante que considere sus opciones cuidadosamente pero que proceda con prontitud antes de que se produzca la actividad de cobro. Los profesionales fiscales con experiencia pueden ayudar a evitar los cobros y a poner en marcha <a href=\"https:\/\/en.wikipedia.org\/wiki\/Tax_preparation_in_the_United_States\" target=\"_blank\" rel=\"noopener\">servicios de liquidaci\u00f3n de impuestos.<\/a><\/span><\/p>\t\t\t\t\t\t\t\t<\/div>\n\t\t\t\t<\/div>\n\t\t\t\t\t<\/div>\n\t\t<\/div>\n\t\t\t\t\t<\/div>\n\t\t<\/section>\n\t\t\t\t<section class=\"elementor-section elementor-inner-section elementor-element elementor-element-2fd0aa3 elementor-reverse-mobile elementor-section-boxed elementor-section-height-default elementor-section-height-default\" data-id=\"2fd0aa3\" data-element_type=\"section\">\n\t\t\t\t\t\t<div class=\"elementor-container elementor-column-gap-default\">\n\t\t\t\t\t<div class=\"elementor-column elementor-col-50 elementor-inner-column elementor-element elementor-element-bc4b6c0\" data-id=\"bc4b6c0\" data-element_type=\"column\">\n\t\t\t<div class=\"elementor-widget-wrap elementor-element-populated\">\n\t\t\t\t\t\t<div class=\"elementor-element elementor-element-4cbe43b elementor-widget elementor-widget-heading\" data-id=\"4cbe43b\" data-element_type=\"widget\" data-widget_type=\"heading.default\">\n\t\t\t\t<div class=\"elementor-widget-container\">\n\t\t\t\t\t<h2 class=\"elementor-heading-title elementor-size-default\">Obtenga su resoluci\u00f3n fiscal estatal<\/h2>\t\t\t\t<\/div>\n\t\t\t\t<\/div>\n\t\t\t\t<div class=\"elementor-element elementor-element-8c989ef elementor-widget elementor-widget-text-editor\" data-id=\"8c989ef\" data-element_type=\"widget\" data-widget_type=\"text-editor.default\">\n\t\t\t\t<div class=\"elementor-widget-container\">\n\t\t\t\t\t\t\t\t\t<p>Alivie su carga fiscal antes de que las autoridades estatales pongan en marcha la actividad recaudatoria. Puede explorar las opciones de resoluci\u00f3n fiscal de su estado visitando el sitio web del departamento fiscal de su estado. Aunque la mayor\u00eda de los estados ofrecen recursos para ayudar a los contribuyentes a obtener informaci\u00f3n crucial sobre su deuda tributaria y las posibles opciones de resoluci\u00f3n, pocos ofrecen orientaci\u00f3n y navegaci\u00f3n. Si no est\u00e1 seguro de c\u00f3mo proceder, no dude en ponerse en contacto con un profesional fiscal experimentado.<\/p>\t\t\t\t\t\t\t\t<\/div>\n\t\t\t\t<\/div>\n\t\t\t\t\t<\/div>\n\t\t<\/div>\n\t\t\t\t<div class=\"elementor-column elementor-col-50 elementor-inner-column elementor-element elementor-element-eb95765\" data-id=\"eb95765\" data-element_type=\"column\">\n\t\t\t<div class=\"elementor-widget-wrap elementor-element-populated\">\n\t\t\t\t\t\t<div class=\"elementor-element elementor-element-fc87f33 elementor-widget elementor-widget-image\" data-id=\"fc87f33\" data-element_type=\"widget\" data-widget_type=\"image.default\">\n\t\t\t\t<div class=\"elementor-widget-container\">\n\t\t\t\t\t\t\t\t\t\t\t\t\t\t\t<img decoding=\"async\" width=\"1000\" height=\"667\" src=\"https:\/\/myadvocate.tax\/wp-content\/uploads\/2023\/07\/7-sec.webp\" class=\"attachment-full size-full wp-image-4695\" alt=\"Lawyer discussing legal documents with client\" srcset=\"https:\/\/myadvocate.tax\/wp-content\/uploads\/2023\/07\/7-sec.webp 1000w, https:\/\/myadvocate.tax\/wp-content\/uploads\/2023\/07\/7-sec-300x200.webp 300w, https:\/\/myadvocate.tax\/wp-content\/uploads\/2023\/07\/7-sec-768x512.webp 768w\" sizes=\"(max-width: 1000px) 100vw, 1000px\" \/>\t\t\t\t\t\t\t\t\t\t\t\t\t\t\t<\/div>\n\t\t\t\t<\/div>\n\t\t\t\t\t<\/div>\n\t\t<\/div>\n\t\t\t\t\t<\/div>\n\t\t<\/section>\n\t\t\t\t\t<\/div>\n\t\t<\/div>\n\t\t\t\t\t<\/div>\n\t\t<\/section>\n\t\t\t\t<\/div>\n\t\t","protected":false},"excerpt":{"rendered":"<p>La deuda tributaria estatal puede asustar Las autoridades tributarias estatales ejecutan la actividad recaudatoria mediante la presentaci\u00f3n de embargos fiscales o mandamientos judiciales para garantizar la deuda tributaria. Embargo de salario y los embargos bancarios son inevitables a menos que los contribuyentes act\u00faen con prontitud para resolver sus asuntos fiscales. Los contribuyentes pueden informarse sobre [&hellip;]<\/p>\n","protected":false},"author":1,"featured_media":0,"parent":0,"menu_order":0,"comment_status":"closed","ping_status":"closed","template":"","meta":{"_coblocks_attr":"","_coblocks_dimensions":"","_coblocks_responsive_height":"","_coblocks_accordion_ie_support":"","footnotes":""},"class_list":["post-4758","page","type-page","status-publish","hentry"],"yoast_head":"<!-- This site is optimized with the Yoast SEO Premium plugin v26.6 (Yoast SEO v26.6) - https:\/\/yoast.com\/wordpress\/plugins\/seo\/ -->\n<title>Resoluci\u00f3n de Impuestos Estatales | Abogado Soluciones Fiscales<\/title>\n<meta name=\"description\" content=\"Resuelve r\u00e1pidamente la deuda tributaria estatal con Advocate Tax Solutions. Prestamos servicio en 48 estados, evitamos embargos y adaptamos planes de ayuda.\" \/>\n<meta name=\"robots\" content=\"index, follow, max-snippet:-1, max-image-preview:large, max-video-preview:-1\" \/>\n<link rel=\"canonical\" href=\"https:\/\/myadvocate.tax\/es\/resolucion-fiscal-estatal\/\" \/>\n<meta property=\"og:locale\" content=\"es_ES\" \/>\n<meta property=\"og:type\" content=\"article\" \/>\n<meta property=\"og:title\" content=\"Resoluci\u00f3n fiscal estatal\" \/>\n<meta property=\"og:description\" content=\"Resuelve r\u00e1pidamente la deuda tributaria estatal con Advocate Tax Solutions. Prestamos servicio en 48 estados, evitamos embargos y adaptamos planes de ayuda.\" \/>\n<meta property=\"og:url\" content=\"https:\/\/myadvocate.tax\/es\/resolucion-fiscal-estatal\/\" \/>\n<meta property=\"og:site_name\" content=\"Advocate Tax Solutions LLC\" \/>\n<meta property=\"article:publisher\" content=\"https:\/\/www.facebook.com\/profile.php?id=100094006291133\" \/>\n<meta property=\"article:modified_time\" content=\"2025-09-17T05:55:50+00:00\" \/>\n<meta property=\"og:image\" content=\"https:\/\/myadvocate.tax\/wp-content\/uploads\/2023\/07\/tax-2-1000x500-1.webp\" \/>\n\t<meta property=\"og:image:width\" content=\"1000\" \/>\n\t<meta property=\"og:image:height\" content=\"667\" \/>\n\t<meta property=\"og:image:type\" content=\"image\/webp\" \/>\n<meta name=\"twitter:card\" content=\"summary_large_image\" \/>\n<meta name=\"twitter:label1\" content=\"Tiempo de lectura\" \/>\n\t<meta name=\"twitter:data1\" content=\"1 minuto\" \/>\n<script type=\"application\/ld+json\" class=\"yoast-schema-graph\">{\"@context\":\"https:\/\/schema.org\",\"@graph\":[{\"@type\":\"WebPage\",\"@id\":\"https:\/\/myadvocate.tax\/es\/resolucion-fiscal-estatal\/\",\"url\":\"https:\/\/myadvocate.tax\/es\/resolucion-fiscal-estatal\/\",\"name\":\"Resoluci\u00f3n de Impuestos Estatales | Abogado Soluciones Fiscales\",\"isPartOf\":{\"@id\":\"https:\/\/myadvocate.tax\/#website\"},\"primaryImageOfPage\":{\"@id\":\"https:\/\/myadvocate.tax\/es\/resolucion-fiscal-estatal\/#primaryimage\"},\"image\":{\"@id\":\"https:\/\/myadvocate.tax\/es\/resolucion-fiscal-estatal\/#primaryimage\"},\"thumbnailUrl\":\"https:\/\/myadvocate.tax\/wp-content\/uploads\/2023\/07\/tax-2-1000x500-1.webp\",\"datePublished\":\"2023-07-22T07:24:32+00:00\",\"dateModified\":\"2025-09-17T05:55:50+00:00\",\"description\":\"Resuelve r\u00e1pidamente la deuda tributaria estatal con Advocate Tax Solutions. Prestamos servicio en 48 estados, evitamos embargos y adaptamos planes de ayuda.\",\"breadcrumb\":{\"@id\":\"https:\/\/myadvocate.tax\/es\/resolucion-fiscal-estatal\/#breadcrumb\"},\"inLanguage\":\"es\",\"potentialAction\":[{\"@type\":\"ReadAction\",\"target\":[\"https:\/\/myadvocate.tax\/es\/resolucion-fiscal-estatal\/\"]}]},{\"@type\":\"ImageObject\",\"inLanguage\":\"es\",\"@id\":\"https:\/\/myadvocate.tax\/es\/resolucion-fiscal-estatal\/#primaryimage\",\"url\":\"https:\/\/myadvocate.tax\/wp-content\/uploads\/2023\/07\/tax-2-1000x500-1.webp\",\"contentUrl\":\"https:\/\/myadvocate.tax\/wp-content\/uploads\/2023\/07\/tax-2-1000x500-1.webp\"},{\"@type\":\"BreadcrumbList\",\"@id\":\"https:\/\/myadvocate.tax\/es\/resolucion-fiscal-estatal\/#breadcrumb\",\"itemListElement\":[{\"@type\":\"ListItem\",\"position\":1,\"name\":\"Home\",\"item\":\"https:\/\/myadvocate.tax\/\"},{\"@type\":\"ListItem\",\"position\":2,\"name\":\"Resoluci\u00f3n fiscal estatal\"}]},{\"@type\":\"WebSite\",\"@id\":\"https:\/\/myadvocate.tax\/#website\",\"url\":\"https:\/\/myadvocate.tax\/\",\"name\":\"Advocate Tax Solutions LLC\",\"description\":\"Advocate Tax Solutions - Tax Debt Solutions - IRS Tax Resolution Service - State Tax Resolutions Services\",\"publisher\":{\"@id\":\"https:\/\/myadvocate.tax\/#organization\"},\"potentialAction\":[{\"@type\":\"SearchAction\",\"target\":{\"@type\":\"EntryPoint\",\"urlTemplate\":\"https:\/\/myadvocate.tax\/?s={search_term_string}\"},\"query-input\":{\"@type\":\"PropertyValueSpecification\",\"valueRequired\":true,\"valueName\":\"search_term_string\"}}],\"inLanguage\":\"es\"},{\"@type\":\"Organization\",\"@id\":\"https:\/\/myadvocate.tax\/#organization\",\"name\":\"Advocate Tax Solutions LLC\",\"url\":\"https:\/\/myadvocate.tax\/\",\"logo\":{\"@type\":\"ImageObject\",\"inLanguage\":\"es\",\"@id\":\"https:\/\/myadvocate.tax\/#\/schema\/logo\/image\/\",\"url\":\"https:\/\/myadvocate.tax\/wp-content\/uploads\/2023\/06\/Advocate-Tax-Solutions-Cropped-Border-scaled.webp\",\"contentUrl\":\"https:\/\/myadvocate.tax\/wp-content\/uploads\/2023\/06\/Advocate-Tax-Solutions-Cropped-Border-scaled.webp\",\"width\":2560,\"height\":1940,\"caption\":\"Advocate Tax Solutions LLC\"},\"image\":{\"@id\":\"https:\/\/myadvocate.tax\/#\/schema\/logo\/image\/\"},\"sameAs\":[\"https:\/\/www.facebook.com\/profile.php?id=100094006291133\"]}]}<\/script>\n<!-- \/ Yoast SEO Premium plugin. -->","yoast_head_json":{"title":"Resoluci\u00f3n de Impuestos Estatales | Abogado Soluciones Fiscales","description":"Resuelve r\u00e1pidamente la deuda tributaria estatal con Advocate Tax Solutions. Prestamos servicio en 48 estados, evitamos embargos y adaptamos planes de ayuda.","robots":{"index":"index","follow":"follow","max-snippet":"max-snippet:-1","max-image-preview":"max-image-preview:large","max-video-preview":"max-video-preview:-1"},"canonical":"https:\/\/myadvocate.tax\/es\/resolucion-fiscal-estatal\/","og_locale":"es_ES","og_type":"article","og_title":"Resoluci\u00f3n fiscal estatal","og_description":"Resuelve r\u00e1pidamente la deuda tributaria estatal con Advocate Tax Solutions. Prestamos servicio en 48 estados, evitamos embargos y adaptamos planes de ayuda.","og_url":"https:\/\/myadvocate.tax\/es\/resolucion-fiscal-estatal\/","og_site_name":"Advocate Tax Solutions LLC","article_publisher":"https:\/\/www.facebook.com\/profile.php?id=100094006291133","article_modified_time":"2025-09-17T05:55:50+00:00","og_image":[{"width":1000,"height":667,"url":"https:\/\/myadvocate.tax\/wp-content\/uploads\/2023\/07\/tax-2-1000x500-1.webp","type":"image\/webp"}],"twitter_card":"summary_large_image","twitter_misc":{"Tiempo de lectura":"1 minuto"},"schema":{"@context":"https:\/\/schema.org","@graph":[{"@type":"WebPage","@id":"https:\/\/myadvocate.tax\/es\/resolucion-fiscal-estatal\/","url":"https:\/\/myadvocate.tax\/es\/resolucion-fiscal-estatal\/","name":"Resoluci\u00f3n de Impuestos Estatales | Abogado Soluciones Fiscales","isPartOf":{"@id":"https:\/\/myadvocate.tax\/#website"},"primaryImageOfPage":{"@id":"https:\/\/myadvocate.tax\/es\/resolucion-fiscal-estatal\/#primaryimage"},"image":{"@id":"https:\/\/myadvocate.tax\/es\/resolucion-fiscal-estatal\/#primaryimage"},"thumbnailUrl":"https:\/\/myadvocate.tax\/wp-content\/uploads\/2023\/07\/tax-2-1000x500-1.webp","datePublished":"2023-07-22T07:24:32+00:00","dateModified":"2025-09-17T05:55:50+00:00","description":"Resuelve r\u00e1pidamente la deuda tributaria estatal con Advocate Tax Solutions. Prestamos servicio en 48 estados, evitamos embargos y adaptamos planes de ayuda.","breadcrumb":{"@id":"https:\/\/myadvocate.tax\/es\/resolucion-fiscal-estatal\/#breadcrumb"},"inLanguage":"es","potentialAction":[{"@type":"ReadAction","target":["https:\/\/myadvocate.tax\/es\/resolucion-fiscal-estatal\/"]}]},{"@type":"ImageObject","inLanguage":"es","@id":"https:\/\/myadvocate.tax\/es\/resolucion-fiscal-estatal\/#primaryimage","url":"https:\/\/myadvocate.tax\/wp-content\/uploads\/2023\/07\/tax-2-1000x500-1.webp","contentUrl":"https:\/\/myadvocate.tax\/wp-content\/uploads\/2023\/07\/tax-2-1000x500-1.webp"},{"@type":"BreadcrumbList","@id":"https:\/\/myadvocate.tax\/es\/resolucion-fiscal-estatal\/#breadcrumb","itemListElement":[{"@type":"ListItem","position":1,"name":"Home","item":"https:\/\/myadvocate.tax\/"},{"@type":"ListItem","position":2,"name":"Resoluci\u00f3n fiscal estatal"}]},{"@type":"WebSite","@id":"https:\/\/myadvocate.tax\/#website","url":"https:\/\/myadvocate.tax\/","name":"Advocate Tax Solutions LLC","description":"Advocate Tax Solutions - Tax Debt Solutions - IRS Tax Resolution Service - State Tax Resolutions Services","publisher":{"@id":"https:\/\/myadvocate.tax\/#organization"},"potentialAction":[{"@type":"SearchAction","target":{"@type":"EntryPoint","urlTemplate":"https:\/\/myadvocate.tax\/?s={search_term_string}"},"query-input":{"@type":"PropertyValueSpecification","valueRequired":true,"valueName":"search_term_string"}}],"inLanguage":"es"},{"@type":"Organization","@id":"https:\/\/myadvocate.tax\/#organization","name":"Advocate Tax Solutions LLC","url":"https:\/\/myadvocate.tax\/","logo":{"@type":"ImageObject","inLanguage":"es","@id":"https:\/\/myadvocate.tax\/#\/schema\/logo\/image\/","url":"https:\/\/myadvocate.tax\/wp-content\/uploads\/2023\/06\/Advocate-Tax-Solutions-Cropped-Border-scaled.webp","contentUrl":"https:\/\/myadvocate.tax\/wp-content\/uploads\/2023\/06\/Advocate-Tax-Solutions-Cropped-Border-scaled.webp","width":2560,"height":1940,"caption":"Advocate Tax Solutions LLC"},"image":{"@id":"https:\/\/myadvocate.tax\/#\/schema\/logo\/image\/"},"sameAs":["https:\/\/www.facebook.com\/profile.php?id=100094006291133"]}]}},"_links":{"self":[{"href":"https:\/\/myadvocate.tax\/es\/wp-json\/wp\/v2\/pages\/4758","targetHints":{"allow":["GET"]}}],"collection":[{"href":"https:\/\/myadvocate.tax\/es\/wp-json\/wp\/v2\/pages"}],"about":[{"href":"https:\/\/myadvocate.tax\/es\/wp-json\/wp\/v2\/types\/page"}],"author":[{"embeddable":true,"href":"https:\/\/myadvocate.tax\/es\/wp-json\/wp\/v2\/users\/1"}],"replies":[{"embeddable":true,"href":"https:\/\/myadvocate.tax\/es\/wp-json\/wp\/v2\/comments?post=4758"}],"version-history":[{"count":0,"href":"https:\/\/myadvocate.tax\/es\/wp-json\/wp\/v2\/pages\/4758\/revisions"}],"wp:attachment":[{"href":"https:\/\/myadvocate.tax\/es\/wp-json\/wp\/v2\/media?parent=4758"}],"curies":[{"name":"wp","href":"https:\/\/api.w.org\/{rel}","templated":true}]}}