{"id":4757,"date":"2023-07-18T09:24:42","date_gmt":"2023-07-18T09:24:42","guid":{"rendered":"https:\/\/myadvocate.tax\/descargo-de-responsabilidad\/"},"modified":"2023-11-16T07:31:22","modified_gmt":"2023-11-16T07:31:22","slug":"descargo-de-responsabilidad","status":"publish","type":"page","link":"https:\/\/myadvocate.tax\/es\/descargo-de-responsabilidad\/","title":{"rendered":"Descargo de responsabilidad"},"content":{"rendered":"\t\t<div data-elementor-type=\"wp-page\" data-elementor-id=\"4757\" class=\"elementor elementor-4757 elementor-1506\" data-elementor-post-type=\"page\">\n\t\t\t\t\t\t<section class=\"elementor-section elementor-top-section elementor-element elementor-element-79218e6 elementor-section-boxed elementor-section-height-default elementor-section-height-default\" data-id=\"79218e6\" data-element_type=\"section\">\n\t\t\t\t\t\t<div class=\"elementor-container elementor-column-gap-default\">\n\t\t\t\t\t<div class=\"elementor-column elementor-col-100 elementor-top-column elementor-element elementor-element-8386e02\" data-id=\"8386e02\" data-element_type=\"column\">\n\t\t\t<div class=\"elementor-widget-wrap elementor-element-populated\">\n\t\t\t\t\t\t<div class=\"elementor-element elementor-element-6e7e208 elementor-widget elementor-widget-heading\" data-id=\"6e7e208\" data-element_type=\"widget\" data-widget_type=\"heading.default\">\n\t\t\t\t<div class=\"elementor-widget-container\">\n\t\t\t\t\t<h2 class=\"elementor-heading-title elementor-size-default\">Advocate Tax Solutions Descargo de responsabilidad<\/h2>\t\t\t\t<\/div>\n\t\t\t\t<\/div>\n\t\t\t\t<div class=\"elementor-element elementor-element-2661a2f elementor-widget elementor-widget-text-editor\" data-id=\"2661a2f\" data-element_type=\"widget\" data-widget_type=\"text-editor.default\">\n\t\t\t\t<div class=\"elementor-widget-container\">\n\t\t\t\t\t\t\t\t\t<p>\u00daltima actualizaci\u00f3n: 05 de julio de 2023<\/p>\n\t\t\t\t\t\t\t\t<\/div>\n\t\t\t\t<\/div>\n\t\t\t\t<div class=\"elementor-element elementor-element-651bd93 elementor-widget elementor-widget-text-editor\" data-id=\"651bd93\" data-element_type=\"widget\" data-widget_type=\"text-editor.default\">\n\t\t\t\t<div class=\"elementor-widget-container\">\n\t\t\t\t\t\t\t\t\t<p>Lea atentamente este aviso legal antes de utilizar nuestros servicios.<\/p>\n\t\t\t\t\t\t\t\t<\/div>\n\t\t\t\t<\/div>\n\t\t\t\t<div class=\"elementor-element elementor-element-decab57 elementor-widget elementor-widget-heading\" data-id=\"decab57\" data-element_type=\"widget\" data-widget_type=\"heading.default\">\n\t\t\t\t<div class=\"elementor-widget-container\">\n\t\t\t\t\t<h2 class=\"elementor-heading-title elementor-size-default\">Descargo de responsabilidad<\/h2>\t\t\t\t<\/div>\n\t\t\t\t<\/div>\n\t\t\t\t<section class=\"elementor-section elementor-inner-section elementor-element elementor-element-1c9746e elementor-reverse-tablet elementor-reverse-mobile elementor-section-boxed elementor-section-height-default elementor-section-height-default\" data-id=\"1c9746e\" data-element_type=\"section\">\n\t\t\t\t\t\t<div class=\"elementor-container elementor-column-gap-default\">\n\t\t\t\t\t<div class=\"elementor-column elementor-col-50 elementor-inner-column elementor-element elementor-element-6ce1555\" data-id=\"6ce1555\" data-element_type=\"column\">\n\t\t\t<div class=\"elementor-widget-wrap elementor-element-populated\">\n\t\t\t\t\t\t<div class=\"elementor-element elementor-element-7ce2377 elementor-widget elementor-widget-text-editor\" data-id=\"7ce2377\" data-element_type=\"widget\" data-widget_type=\"text-editor.default\">\n\t\t\t\t<div class=\"elementor-widget-container\">\n\t\t\t\t\t\t\t\t\t<p>Advocate Tax Solutions no garantiza la reducci\u00f3n de la(s) deuda(s) fiscal(es) en cantidades o porcentajes espec\u00edficos. No sabemos cu\u00e1ndo se satisfar\u00e1 una deuda tributaria ni garantizamos que un contribuyente pueda acogerse a ning\u00fan programa de resoluci\u00f3n del IRS o de las autoridades tributarias estatales. Las sanciones y los intereses seguir\u00e1n deveng\u00e1ndose hasta que el contribuyente o contribuyentes hayan pagado \u00edntegramente la deuda tributaria al IRS o a las autoridades fiscales estatales. Advocate Tax Solutions es una empresa de resoluci\u00f3n de impuestos independiente del IRS y de las autoridades fiscales estatales. No asumimos deudas fiscales, ni realizamos pagos mensuales a acreedores, ni proporcionamos asesoramiento fiscal, concursal, contable o jur\u00eddico. Al proporcionar su informaci\u00f3n de contacto, usted consiente expresamente en recibir correos electr\u00f3nicos, llamadas o mensajes de texto SMS en el n\u00famero que proporcion\u00f3 como parte de nuestras ofertas de servicios, incluyendo pero no limitado a anuncios, solicitudes y actualizaciones de servicios. El n\u00famero de tel\u00e9fono de la(s) persona(s) llamada(s)\/enviada(s) podr\u00eda incurrir en gastos por dicho contacto. Lea y comprenda todos los materiales del programa antes de inscribirse. No disponible en todos los estados.<\/p>\n\t\t\t\t\t\t\t\t<\/div>\n\t\t\t\t<\/div>\n\t\t\t\t\t<\/div>\n\t\t<\/div>\n\t\t\t\t<div class=\"elementor-column elementor-col-50 elementor-inner-column elementor-element elementor-element-ea42eae\" data-id=\"ea42eae\" data-element_type=\"column\">\n\t\t\t<div class=\"elementor-widget-wrap elementor-element-populated\">\n\t\t\t\t\t\t<div class=\"elementor-element elementor-element-4abf2c2 elementor-widget elementor-widget-image\" data-id=\"4abf2c2\" data-element_type=\"widget\" data-widget_type=\"image.default\">\n\t\t\t\t<div class=\"elementor-widget-container\">\n\t\t\t\t\t\t\t\t\t\t\t\t\t\t\t<img fetchpriority=\"high\" decoding=\"async\" width=\"800\" height=\"534\" src=\"https:\/\/myadvocate.tax\/wp-content\/uploads\/2023\/07\/AdobeStock_289906063-1-1200-x-801.webp\" class=\"attachment-large size-large wp-image-4675\" alt=\"tax time with IRS 1040 forms\" srcset=\"https:\/\/myadvocate.tax\/wp-content\/uploads\/2023\/07\/AdobeStock_289906063-1-1200-x-801.webp 870w, https:\/\/myadvocate.tax\/wp-content\/uploads\/2023\/07\/AdobeStock_289906063-1-1200-x-801-300x200.webp 300w, https:\/\/myadvocate.tax\/wp-content\/uploads\/2023\/07\/AdobeStock_289906063-1-1200-x-801-768x513.webp 768w\" sizes=\"(max-width: 800px) 100vw, 800px\" \/>\t\t\t\t\t\t\t\t\t\t\t\t\t\t\t<\/div>\n\t\t\t\t<\/div>\n\t\t\t\t\t<\/div>\n\t\t<\/div>\n\t\t\t\t\t<\/div>\n\t\t<\/section>\n\t\t\t\t\t<\/div>\n\t\t<\/div>\n\t\t\t\t\t<\/div>\n\t\t<\/section>\n\t\t\t\t<\/div>\n\t\t","protected":false},"excerpt":{"rendered":"<p>Advocate Tax Solutions Descargo de responsabilidad \u00daltima actualizaci\u00f3n: 05 de julio de 2023 Lea atentamente este aviso legal antes de utilizar nuestros servicios. Descargo de responsabilidad Advocate Tax Solutions no garantiza la reducci\u00f3n de la(s) deuda(s) fiscal(es) en cantidades o porcentajes espec\u00edficos. No sabemos cu\u00e1ndo se satisfar\u00e1 una deuda tributaria ni garantizamos que un contribuyente [&hellip;]<\/p>\n","protected":false},"author":1,"featured_media":0,"parent":0,"menu_order":0,"comment_status":"closed","ping_status":"closed","template":"","meta":{"_coblocks_attr":"","_coblocks_dimensions":"","_coblocks_responsive_height":"","_coblocks_accordion_ie_support":"","footnotes":""},"class_list":["post-4757","page","type-page","status-publish","hentry"],"yoast_head":"<!-- This site is optimized with the Yoast SEO Premium plugin v26.6 (Yoast SEO v26.6) - https:\/\/yoast.com\/wordpress\/plugins\/seo\/ -->\n<title>Descargo de responsabilidad<\/title>\n<meta name=\"description\" content=\"Por favor lea cuidadosamente la renuncia de responsabilidad del sitio web antes de utilizar los Servicios proporcionados por Advocate Tax Solutions LLC.\" \/>\n<meta name=\"robots\" content=\"index, follow, max-snippet:-1, max-image-preview:large, max-video-preview:-1\" \/>\n<link rel=\"canonical\" href=\"https:\/\/myadvocate.tax\/es\/descargo-de-responsabilidad\/\" \/>\n<meta property=\"og:locale\" content=\"es_ES\" \/>\n<meta property=\"og:type\" content=\"article\" \/>\n<meta property=\"og:title\" content=\"Descargo de responsabilidad\" \/>\n<meta property=\"og:description\" content=\"Por favor lea cuidadosamente la renuncia de responsabilidad del sitio web antes de utilizar los Servicios proporcionados por Advocate Tax Solutions LLC.\" \/>\n<meta property=\"og:url\" content=\"https:\/\/myadvocate.tax\/es\/descargo-de-responsabilidad\/\" \/>\n<meta property=\"og:site_name\" content=\"Advocate Tax Solutions LLC\" \/>\n<meta property=\"article:publisher\" content=\"https:\/\/www.facebook.com\/profile.php?id=100094006291133\" \/>\n<meta property=\"article:modified_time\" content=\"2023-11-16T07:31:22+00:00\" \/>\n<meta property=\"og:image\" content=\"https:\/\/myadvocate.tax\/wp-content\/uploads\/2023\/07\/AdobeStock_289906063-1-1200-x-801.webp\" \/>\n<meta name=\"twitter:card\" content=\"summary_large_image\" \/>\n<meta name=\"twitter:label1\" content=\"Tiempo de lectura\" \/>\n\t<meta name=\"twitter:data1\" content=\"1 minuto\" \/>\n<script type=\"application\/ld+json\" class=\"yoast-schema-graph\">{\"@context\":\"https:\/\/schema.org\",\"@graph\":[{\"@type\":\"WebPage\",\"@id\":\"https:\/\/myadvocate.tax\/es\/descargo-de-responsabilidad\/\",\"url\":\"https:\/\/myadvocate.tax\/es\/descargo-de-responsabilidad\/\",\"name\":\"Descargo de responsabilidad\",\"isPartOf\":{\"@id\":\"https:\/\/myadvocate.tax\/#website\"},\"primaryImageOfPage\":{\"@id\":\"https:\/\/myadvocate.tax\/es\/descargo-de-responsabilidad\/#primaryimage\"},\"image\":{\"@id\":\"https:\/\/myadvocate.tax\/es\/descargo-de-responsabilidad\/#primaryimage\"},\"thumbnailUrl\":\"https:\/\/myadvocate.tax\/wp-content\/uploads\/2023\/07\/AdobeStock_289906063-1-1200-x-801.webp\",\"datePublished\":\"2023-07-18T09:24:42+00:00\",\"dateModified\":\"2023-11-16T07:31:22+00:00\",\"description\":\"Por favor lea cuidadosamente la renuncia de responsabilidad del sitio web antes de utilizar los Servicios proporcionados por Advocate Tax Solutions LLC.\",\"breadcrumb\":{\"@id\":\"https:\/\/myadvocate.tax\/es\/descargo-de-responsabilidad\/#breadcrumb\"},\"inLanguage\":\"es\",\"potentialAction\":[{\"@type\":\"ReadAction\",\"target\":[\"https:\/\/myadvocate.tax\/es\/descargo-de-responsabilidad\/\"]}]},{\"@type\":\"ImageObject\",\"inLanguage\":\"es\",\"@id\":\"https:\/\/myadvocate.tax\/es\/descargo-de-responsabilidad\/#primaryimage\",\"url\":\"https:\/\/myadvocate.tax\/wp-content\/uploads\/2023\/07\/AdobeStock_289906063-1-1200-x-801.webp\",\"contentUrl\":\"https:\/\/myadvocate.tax\/wp-content\/uploads\/2023\/07\/AdobeStock_289906063-1-1200-x-801.webp\"},{\"@type\":\"BreadcrumbList\",\"@id\":\"https:\/\/myadvocate.tax\/es\/descargo-de-responsabilidad\/#breadcrumb\",\"itemListElement\":[{\"@type\":\"ListItem\",\"position\":1,\"name\":\"Home\",\"item\":\"https:\/\/myadvocate.tax\/\"},{\"@type\":\"ListItem\",\"position\":2,\"name\":\"Descargo de responsabilidad\"}]},{\"@type\":\"WebSite\",\"@id\":\"https:\/\/myadvocate.tax\/#website\",\"url\":\"https:\/\/myadvocate.tax\/\",\"name\":\"Advocate Tax Solutions LLC\",\"description\":\"Advocate Tax Solutions - Tax Debt Solutions - IRS Tax Resolution Service - State Tax Resolutions Services\",\"publisher\":{\"@id\":\"https:\/\/myadvocate.tax\/#organization\"},\"potentialAction\":[{\"@type\":\"SearchAction\",\"target\":{\"@type\":\"EntryPoint\",\"urlTemplate\":\"https:\/\/myadvocate.tax\/?s={search_term_string}\"},\"query-input\":{\"@type\":\"PropertyValueSpecification\",\"valueRequired\":true,\"valueName\":\"search_term_string\"}}],\"inLanguage\":\"es\"},{\"@type\":\"Organization\",\"@id\":\"https:\/\/myadvocate.tax\/#organization\",\"name\":\"Advocate Tax Solutions LLC\",\"url\":\"https:\/\/myadvocate.tax\/\",\"logo\":{\"@type\":\"ImageObject\",\"inLanguage\":\"es\",\"@id\":\"https:\/\/myadvocate.tax\/#\/schema\/logo\/image\/\",\"url\":\"https:\/\/myadvocate.tax\/wp-content\/uploads\/2023\/06\/Advocate-Tax-Solutions-Cropped-Border-scaled.webp\",\"contentUrl\":\"https:\/\/myadvocate.tax\/wp-content\/uploads\/2023\/06\/Advocate-Tax-Solutions-Cropped-Border-scaled.webp\",\"width\":2560,\"height\":1940,\"caption\":\"Advocate Tax Solutions LLC\"},\"image\":{\"@id\":\"https:\/\/myadvocate.tax\/#\/schema\/logo\/image\/\"},\"sameAs\":[\"https:\/\/www.facebook.com\/profile.php?id=100094006291133\"]}]}<\/script>\n<!-- \/ Yoast SEO Premium plugin. -->","yoast_head_json":{"title":"Descargo de responsabilidad","description":"Por favor lea cuidadosamente la renuncia de responsabilidad del sitio web antes de utilizar los Servicios proporcionados por Advocate Tax Solutions LLC.","robots":{"index":"index","follow":"follow","max-snippet":"max-snippet:-1","max-image-preview":"max-image-preview:large","max-video-preview":"max-video-preview:-1"},"canonical":"https:\/\/myadvocate.tax\/es\/descargo-de-responsabilidad\/","og_locale":"es_ES","og_type":"article","og_title":"Descargo de responsabilidad","og_description":"Por favor lea cuidadosamente la renuncia de responsabilidad del sitio web antes de utilizar los Servicios proporcionados por Advocate Tax Solutions LLC.","og_url":"https:\/\/myadvocate.tax\/es\/descargo-de-responsabilidad\/","og_site_name":"Advocate Tax Solutions LLC","article_publisher":"https:\/\/www.facebook.com\/profile.php?id=100094006291133","article_modified_time":"2023-11-16T07:31:22+00:00","og_image":[{"url":"https:\/\/myadvocate.tax\/wp-content\/uploads\/2023\/07\/AdobeStock_289906063-1-1200-x-801.webp","type":"","width":"","height":""}],"twitter_card":"summary_large_image","twitter_misc":{"Tiempo de lectura":"1 minuto"},"schema":{"@context":"https:\/\/schema.org","@graph":[{"@type":"WebPage","@id":"https:\/\/myadvocate.tax\/es\/descargo-de-responsabilidad\/","url":"https:\/\/myadvocate.tax\/es\/descargo-de-responsabilidad\/","name":"Descargo de responsabilidad","isPartOf":{"@id":"https:\/\/myadvocate.tax\/#website"},"primaryImageOfPage":{"@id":"https:\/\/myadvocate.tax\/es\/descargo-de-responsabilidad\/#primaryimage"},"image":{"@id":"https:\/\/myadvocate.tax\/es\/descargo-de-responsabilidad\/#primaryimage"},"thumbnailUrl":"https:\/\/myadvocate.tax\/wp-content\/uploads\/2023\/07\/AdobeStock_289906063-1-1200-x-801.webp","datePublished":"2023-07-18T09:24:42+00:00","dateModified":"2023-11-16T07:31:22+00:00","description":"Por favor lea cuidadosamente la renuncia de responsabilidad del sitio web antes de utilizar los Servicios proporcionados por Advocate Tax Solutions LLC.","breadcrumb":{"@id":"https:\/\/myadvocate.tax\/es\/descargo-de-responsabilidad\/#breadcrumb"},"inLanguage":"es","potentialAction":[{"@type":"ReadAction","target":["https:\/\/myadvocate.tax\/es\/descargo-de-responsabilidad\/"]}]},{"@type":"ImageObject","inLanguage":"es","@id":"https:\/\/myadvocate.tax\/es\/descargo-de-responsabilidad\/#primaryimage","url":"https:\/\/myadvocate.tax\/wp-content\/uploads\/2023\/07\/AdobeStock_289906063-1-1200-x-801.webp","contentUrl":"https:\/\/myadvocate.tax\/wp-content\/uploads\/2023\/07\/AdobeStock_289906063-1-1200-x-801.webp"},{"@type":"BreadcrumbList","@id":"https:\/\/myadvocate.tax\/es\/descargo-de-responsabilidad\/#breadcrumb","itemListElement":[{"@type":"ListItem","position":1,"name":"Home","item":"https:\/\/myadvocate.tax\/"},{"@type":"ListItem","position":2,"name":"Descargo de responsabilidad"}]},{"@type":"WebSite","@id":"https:\/\/myadvocate.tax\/#website","url":"https:\/\/myadvocate.tax\/","name":"Advocate Tax Solutions LLC","description":"Advocate Tax Solutions - Tax Debt Solutions - IRS Tax Resolution Service - State Tax Resolutions Services","publisher":{"@id":"https:\/\/myadvocate.tax\/#organization"},"potentialAction":[{"@type":"SearchAction","target":{"@type":"EntryPoint","urlTemplate":"https:\/\/myadvocate.tax\/?s={search_term_string}"},"query-input":{"@type":"PropertyValueSpecification","valueRequired":true,"valueName":"search_term_string"}}],"inLanguage":"es"},{"@type":"Organization","@id":"https:\/\/myadvocate.tax\/#organization","name":"Advocate Tax Solutions LLC","url":"https:\/\/myadvocate.tax\/","logo":{"@type":"ImageObject","inLanguage":"es","@id":"https:\/\/myadvocate.tax\/#\/schema\/logo\/image\/","url":"https:\/\/myadvocate.tax\/wp-content\/uploads\/2023\/06\/Advocate-Tax-Solutions-Cropped-Border-scaled.webp","contentUrl":"https:\/\/myadvocate.tax\/wp-content\/uploads\/2023\/06\/Advocate-Tax-Solutions-Cropped-Border-scaled.webp","width":2560,"height":1940,"caption":"Advocate Tax Solutions LLC"},"image":{"@id":"https:\/\/myadvocate.tax\/#\/schema\/logo\/image\/"},"sameAs":["https:\/\/www.facebook.com\/profile.php?id=100094006291133"]}]}},"_links":{"self":[{"href":"https:\/\/myadvocate.tax\/es\/wp-json\/wp\/v2\/pages\/4757","targetHints":{"allow":["GET"]}}],"collection":[{"href":"https:\/\/myadvocate.tax\/es\/wp-json\/wp\/v2\/pages"}],"about":[{"href":"https:\/\/myadvocate.tax\/es\/wp-json\/wp\/v2\/types\/page"}],"author":[{"embeddable":true,"href":"https:\/\/myadvocate.tax\/es\/wp-json\/wp\/v2\/users\/1"}],"replies":[{"embeddable":true,"href":"https:\/\/myadvocate.tax\/es\/wp-json\/wp\/v2\/comments?post=4757"}],"version-history":[{"count":0,"href":"https:\/\/myadvocate.tax\/es\/wp-json\/wp\/v2\/pages\/4757\/revisions"}],"wp:attachment":[{"href":"https:\/\/myadvocate.tax\/es\/wp-json\/wp\/v2\/media?parent=4757"}],"curies":[{"name":"wp","href":"https:\/\/api.w.org\/{rel}","templated":true}]}}