{"id":4752,"date":"2023-07-15T06:31:04","date_gmt":"2023-07-15T06:31:04","guid":{"rendered":"https:\/\/myadvocate.tax\/oferta-de-compromiso\/"},"modified":"2025-09-17T06:19:46","modified_gmt":"2025-09-17T06:19:46","slug":"oferta-de-compromiso","status":"publish","type":"page","link":"https:\/\/myadvocate.tax\/es\/oferta-de-compromiso\/","title":{"rendered":"Oferta de compromiso"},"content":{"rendered":"\t\t<div data-elementor-type=\"wp-page\" data-elementor-id=\"4752\" class=\"elementor elementor-4752 elementor-1298\" data-elementor-post-type=\"page\">\n\t\t\t\t\t\t<section class=\"elementor-section elementor-top-section elementor-element elementor-element-7e0aec0 elementor-section-full_width elementor-section-height-default elementor-section-height-default\" data-id=\"7e0aec0\" data-element_type=\"section\">\n\t\t\t\t\t\t<div class=\"elementor-container elementor-column-gap-default\">\n\t\t\t\t\t<div class=\"elementor-column elementor-col-100 elementor-top-column elementor-element elementor-element-e52471d\" data-id=\"e52471d\" data-element_type=\"column\">\n\t\t\t<div class=\"elementor-widget-wrap elementor-element-populated\">\n\t\t\t\t\t\t<section class=\"elementor-section elementor-inner-section elementor-element elementor-element-d1701d8 elementor-section-full_width elementor-reverse-mobile elementor-section-height-default elementor-section-height-default\" data-id=\"d1701d8\" data-element_type=\"section\">\n\t\t\t\t\t\t<div class=\"elementor-container elementor-column-gap-no\">\n\t\t\t\t\t<div class=\"elementor-column elementor-col-50 elementor-inner-column elementor-element elementor-element-e837adf\" data-id=\"e837adf\" data-element_type=\"column\">\n\t\t\t<div class=\"elementor-widget-wrap elementor-element-populated\">\n\t\t\t\t\t\t<div class=\"elementor-element elementor-element-d0d4416 elementor-widget elementor-widget-text-editor\" data-id=\"d0d4416\" data-element_type=\"widget\" data-widget_type=\"text-editor.default\">\n\t\t\t\t<div class=\"elementor-widget-container\">\n\t\t\t\t\t\t\t\t\t<p><span style=\"font-weight: 400;\">Una oferta de compromiso es una opci\u00f3n beneficiosa para las personas que no pueden pagar su deuda tributaria en su totalidad. Permite a los contribuyentes  <\/span>saldar la deuda con Hacienda<span style=\"font-weight: 400;\">  por menos del importe total adeudado. Un contribuyente puede acogerse a una oferta de transacci\u00f3n demostrando dificultades financieras o si el pago \u00edntegro del saldo le llevar\u00eda a la insolvencia.<\/span><\/p><p>Cuando se solicita una oferta de compromiso, hay una tasa de solicitud de 205 $. Normalmente, Hacienda exige al contribuyente un pago inicial. Si se solicita una modalidad de pago a tanto alzado, Hacienda puede exigir el 20% del importe de la oferta junto con la solicitud.<\/p>\t\t\t\t\t\t\t\t<\/div>\n\t\t\t\t<\/div>\n\t\t\t\t\t<\/div>\n\t\t<\/div>\n\t\t\t\t<div class=\"elementor-column elementor-col-50 elementor-inner-column elementor-element elementor-element-4db9c17\" data-id=\"4db9c17\" data-element_type=\"column\">\n\t\t\t<div class=\"elementor-widget-wrap elementor-element-populated\">\n\t\t\t\t\t\t<div class=\"elementor-element elementor-element-2f7c310 elementor-widget elementor-widget-image\" data-id=\"2f7c310\" data-element_type=\"widget\" data-widget_type=\"image.default\">\n\t\t\t\t<div class=\"elementor-widget-container\">\n\t\t\t\t\t\t\t\t\t\t\t\t\t\t\t<img fetchpriority=\"high\" decoding=\"async\" width=\"800\" height=\"534\" src=\"https:\/\/myadvocate.tax\/wp-content\/uploads\/2023\/07\/cropped-view-businesswoman-doing-online-banking-1024x683.webp\" class=\"attachment-large size-large wp-image-4673\" alt=\"paying taxes online with credit card\" srcset=\"https:\/\/myadvocate.tax\/wp-content\/uploads\/2023\/07\/cropped-view-businesswoman-doing-online-banking-1024x683.webp 1024w, https:\/\/myadvocate.tax\/wp-content\/uploads\/2023\/07\/cropped-view-businesswoman-doing-online-banking-300x200.webp 300w, https:\/\/myadvocate.tax\/wp-content\/uploads\/2023\/07\/cropped-view-businesswoman-doing-online-banking-768x512.webp 768w, https:\/\/myadvocate.tax\/wp-content\/uploads\/2023\/07\/cropped-view-businesswoman-doing-online-banking-1536x1024.webp 1536w, https:\/\/myadvocate.tax\/wp-content\/uploads\/2023\/07\/cropped-view-businesswoman-doing-online-banking-2048x1365.webp 2048w\" sizes=\"(max-width: 800px) 100vw, 800px\" \/>\t\t\t\t\t\t\t\t\t\t\t\t\t\t\t<\/div>\n\t\t\t\t<\/div>\n\t\t\t\t\t<\/div>\n\t\t<\/div>\n\t\t\t\t\t<\/div>\n\t\t<\/section>\n\t\t\t\t<section class=\"elementor-section elementor-inner-section elementor-element elementor-element-1a04bea elementor-section-full_width elementor-section-height-default elementor-section-height-default\" data-id=\"1a04bea\" data-element_type=\"section\">\n\t\t\t\t\t\t<div class=\"elementor-container elementor-column-gap-no\">\n\t\t\t\t\t<div class=\"elementor-column elementor-col-50 elementor-inner-column elementor-element elementor-element-d031c80\" data-id=\"d031c80\" data-element_type=\"column\">\n\t\t\t<div class=\"elementor-widget-wrap elementor-element-populated\">\n\t\t\t\t\t\t<div class=\"elementor-element elementor-element-290733b elementor-widget elementor-widget-image\" data-id=\"290733b\" data-element_type=\"widget\" data-widget_type=\"image.default\">\n\t\t\t\t<div class=\"elementor-widget-container\">\n\t\t\t\t\t\t\t\t\t\t\t\t\t\t\t<img decoding=\"async\" width=\"800\" height=\"534\" src=\"https:\/\/myadvocate.tax\/wp-content\/uploads\/2023\/07\/job-candidate-closing-deal-with-potential-employers-1024x683.webp\" class=\"attachment-large size-large wp-image-4672\" alt=\"tax experts consulting with client\" srcset=\"https:\/\/myadvocate.tax\/wp-content\/uploads\/2023\/07\/job-candidate-closing-deal-with-potential-employers-1024x683.webp 1024w, https:\/\/myadvocate.tax\/wp-content\/uploads\/2023\/07\/job-candidate-closing-deal-with-potential-employers-300x200.webp 300w, https:\/\/myadvocate.tax\/wp-content\/uploads\/2023\/07\/job-candidate-closing-deal-with-potential-employers-768x512.webp 768w, https:\/\/myadvocate.tax\/wp-content\/uploads\/2023\/07\/job-candidate-closing-deal-with-potential-employers-1536x1024.webp 1536w, https:\/\/myadvocate.tax\/wp-content\/uploads\/2023\/07\/job-candidate-closing-deal-with-potential-employers-2048x1365.webp 2048w\" sizes=\"(max-width: 800px) 100vw, 800px\" \/>\t\t\t\t\t\t\t\t\t\t\t\t\t\t\t<\/div>\n\t\t\t\t<\/div>\n\t\t\t\t\t<\/div>\n\t\t<\/div>\n\t\t\t\t<div class=\"elementor-column elementor-col-50 elementor-inner-column elementor-element elementor-element-8dfd490\" data-id=\"8dfd490\" data-element_type=\"column\">\n\t\t\t<div class=\"elementor-widget-wrap elementor-element-populated\">\n\t\t\t\t\t\t<div class=\"elementor-element elementor-element-dbccce2 elementor-widget-laptop__width-initial elementor-widget elementor-widget-text-editor\" data-id=\"dbccce2\" data-element_type=\"widget\" data-widget_type=\"text-editor.default\">\n\t\t\t\t<div class=\"elementor-widget-container\">\n\t\t\t\t\t\t\t\t\t<p>El \u00edndice de aceptaci\u00f3n de las ofertas de compromiso es relativamente bajo, debido principalmente a errores y omisiones en la presentaci\u00f3n. Contratar un servicio profesional como Advocate Tax Solutions aumenta sus posibilidades de aceptaci\u00f3n. Tenemos a\u00f1os de experiencia en Ofertas en Compromiso. Mejoraremos sus posibilidades de aprobaci\u00f3n. Nuestros profesionales califican, preparan, presentan y negocian la Oferta en su nombre.<\/p><p><span style=\"font-weight: 400;\">La situaci\u00f3n de cada contribuyente es \u00fanica, y no todo el mundo podr\u00e1 acogerse a una Oferta de Transacci\u00f3n. El IRS eval\u00faa varios factores, como la capacidad de pago del contribuyente, sus ingresos, sus gastos, su patrimonio y su potencial de ingresos futuros.  La Agencia Tributaria puede aceptar una oferta de transacci\u00f3n si determina que la cantidad ofrecida es lo m\u00e1ximo que razonablemente puede esperar cobrar del contribuyente. Esto la convierte en una de las opciones m\u00e1s eficaces para  <\/span>Liquidaci\u00f3n de deudas tributarias con Hacienda<span style=\"font-weight: 400;\">.<\/span><\/p>\t\t\t\t\t\t\t\t<\/div>\n\t\t\t\t<\/div>\n\t\t\t\t\t<\/div>\n\t\t<\/div>\n\t\t\t\t\t<\/div>\n\t\t<\/section>\n\t\t\t\t<div class=\"elementor-element elementor-element-407bb84 elementor-widget elementor-widget-text-editor\" data-id=\"407bb84\" data-element_type=\"widget\" data-widget_type=\"text-editor.default\">\n\t\t\t\t<div class=\"elementor-widget-container\">\n\t\t\t\t\t\t\t\t\t<p>Si Hacienda acepta su oferta y usted cumple las condiciones de pago acordadas, satisface el acuerdo. El IRS tiene una regla de cinco a\u00f1os que debe cumplir para mantener la oferta en buen estado. Debe presentar a tiempo las declaraciones de la renta de los cinco a\u00f1os siguientes y no acumular nuevos saldos.<\/p><p>Recuerda que buscar ayuda profesional de expertos como <a href=\"http:\/\/myadvocate.tax\/es\/\">Advocate Tax Solutions<\/a> puede cambiar dr\u00e1sticamente las posibilidades de \u00e9xito de tu Oferta de Transacci\u00f3n.<\/p>\t\t\t\t\t\t\t\t<\/div>\n\t\t\t\t<\/div>\n\t\t\t\t\t<\/div>\n\t\t<\/div>\n\t\t\t\t\t<\/div>\n\t\t<\/section>\n\t\t\t\t<\/div>\n\t\t","protected":false},"excerpt":{"rendered":"<p>Una oferta de compromiso es una opci\u00f3n beneficiosa para las personas que no pueden pagar su deuda tributaria en su totalidad. Permite a los contribuyentes saldar la deuda con Hacienda por menos del importe total adeudado. Un contribuyente puede acogerse a una oferta de transacci\u00f3n demostrando dificultades financieras o si el pago \u00edntegro del saldo [&hellip;]<\/p>\n","protected":false},"author":1,"featured_media":0,"parent":0,"menu_order":0,"comment_status":"closed","ping_status":"closed","template":"","meta":{"_coblocks_attr":"","_coblocks_dimensions":"","_coblocks_responsive_height":"","_coblocks_accordion_ie_support":"","footnotes":""},"class_list":["post-4752","page","type-page","status-publish","hentry"],"yoast_head":"<!-- This site is optimized with the Yoast SEO Premium plugin v26.6 (Yoast SEO v26.6) - https:\/\/yoast.com\/wordpress\/plugins\/seo\/ -->\n<title>Oferta en compromiso | Soluciones de liquidaci\u00f3n de deudas tributarias con el IRS<\/title>\n<meta name=\"description\" content=\"Resuelve la deuda tributaria del IRS por menos con una Oferta de Transacci\u00f3n. Demuestra tu dificultad y explora la ayuda de Advocate Tax Solutions.\" \/>\n<meta name=\"robots\" content=\"index, follow, max-snippet:-1, max-image-preview:large, max-video-preview:-1\" \/>\n<link rel=\"canonical\" href=\"https:\/\/myadvocate.tax\/es\/oferta-de-compromiso\/\" \/>\n<meta property=\"og:locale\" content=\"es_ES\" \/>\n<meta property=\"og:type\" content=\"article\" \/>\n<meta property=\"og:title\" content=\"Oferta de compromiso: entender el proceso\" \/>\n<meta property=\"og:description\" content=\"\u00bfTienes deudas tributarias? Una oferta de compromiso puede ser tu soluci\u00f3n para aliviarte econ\u00f3micamente.\" \/>\n<meta property=\"og:url\" content=\"https:\/\/myadvocate.tax\/es\/oferta-de-compromiso\/\" \/>\n<meta property=\"og:site_name\" content=\"Advocate Tax Solutions LLC\" \/>\n<meta property=\"article:publisher\" content=\"https:\/\/www.facebook.com\/profile.php?id=100094006291133\" \/>\n<meta property=\"article:modified_time\" content=\"2025-09-17T06:19:46+00:00\" \/>\n<meta property=\"og:image\" content=\"https:\/\/myadvocate.tax\/wp-content\/uploads\/2023\/07\/cropped-view-businesswoman-doing-online-banking-scaled.webp\" \/>\n\t<meta property=\"og:image:width\" content=\"2560\" \/>\n\t<meta property=\"og:image:height\" content=\"1707\" \/>\n\t<meta property=\"og:image:type\" content=\"image\/webp\" \/>\n<meta name=\"twitter:card\" content=\"summary_large_image\" \/>\n<meta name=\"twitter:title\" content=\"Oferta de compromiso\" \/>\n<meta name=\"twitter:label1\" content=\"Tiempo de lectura\" \/>\n\t<meta name=\"twitter:data1\" content=\"2 minutos\" \/>\n<script type=\"application\/ld+json\" class=\"yoast-schema-graph\">{\"@context\":\"https:\/\/schema.org\",\"@graph\":[{\"@type\":\"WebPage\",\"@id\":\"https:\/\/myadvocate.tax\/es\/oferta-de-compromiso\/\",\"url\":\"https:\/\/myadvocate.tax\/es\/oferta-de-compromiso\/\",\"name\":\"Oferta en compromiso | Soluciones de liquidaci\u00f3n de deudas tributarias con el IRS\",\"isPartOf\":{\"@id\":\"https:\/\/myadvocate.tax\/#website\"},\"primaryImageOfPage\":{\"@id\":\"https:\/\/myadvocate.tax\/es\/oferta-de-compromiso\/#primaryimage\"},\"image\":{\"@id\":\"https:\/\/myadvocate.tax\/es\/oferta-de-compromiso\/#primaryimage\"},\"thumbnailUrl\":\"https:\/\/myadvocate.tax\/wp-content\/uploads\/2023\/07\/cropped-view-businesswoman-doing-online-banking-1024x683.webp\",\"datePublished\":\"2023-07-15T06:31:04+00:00\",\"dateModified\":\"2025-09-17T06:19:46+00:00\",\"description\":\"Resuelve la deuda tributaria del IRS por menos con una Oferta de Transacci\u00f3n. Demuestra tu dificultad y explora la ayuda de Advocate Tax Solutions.\",\"breadcrumb\":{\"@id\":\"https:\/\/myadvocate.tax\/es\/oferta-de-compromiso\/#breadcrumb\"},\"inLanguage\":\"es\",\"potentialAction\":[{\"@type\":\"ReadAction\",\"target\":[\"https:\/\/myadvocate.tax\/es\/oferta-de-compromiso\/\"]}]},{\"@type\":\"ImageObject\",\"inLanguage\":\"es\",\"@id\":\"https:\/\/myadvocate.tax\/es\/oferta-de-compromiso\/#primaryimage\",\"url\":\"https:\/\/myadvocate.tax\/wp-content\/uploads\/2023\/07\/cropped-view-businesswoman-doing-online-banking-1024x683.webp\",\"contentUrl\":\"https:\/\/myadvocate.tax\/wp-content\/uploads\/2023\/07\/cropped-view-businesswoman-doing-online-banking-1024x683.webp\"},{\"@type\":\"BreadcrumbList\",\"@id\":\"https:\/\/myadvocate.tax\/es\/oferta-de-compromiso\/#breadcrumb\",\"itemListElement\":[{\"@type\":\"ListItem\",\"position\":1,\"name\":\"Home\",\"item\":\"https:\/\/myadvocate.tax\/\"},{\"@type\":\"ListItem\",\"position\":2,\"name\":\"Oferta de compromiso\"}]},{\"@type\":\"WebSite\",\"@id\":\"https:\/\/myadvocate.tax\/#website\",\"url\":\"https:\/\/myadvocate.tax\/\",\"name\":\"Advocate Tax Solutions LLC\",\"description\":\"Advocate Tax Solutions - Tax Debt Solutions - IRS Tax Resolution Service - State Tax Resolutions Services\",\"publisher\":{\"@id\":\"https:\/\/myadvocate.tax\/#organization\"},\"potentialAction\":[{\"@type\":\"SearchAction\",\"target\":{\"@type\":\"EntryPoint\",\"urlTemplate\":\"https:\/\/myadvocate.tax\/?s={search_term_string}\"},\"query-input\":{\"@type\":\"PropertyValueSpecification\",\"valueRequired\":true,\"valueName\":\"search_term_string\"}}],\"inLanguage\":\"es\"},{\"@type\":\"Organization\",\"@id\":\"https:\/\/myadvocate.tax\/#organization\",\"name\":\"Advocate Tax Solutions LLC\",\"url\":\"https:\/\/myadvocate.tax\/\",\"logo\":{\"@type\":\"ImageObject\",\"inLanguage\":\"es\",\"@id\":\"https:\/\/myadvocate.tax\/#\/schema\/logo\/image\/\",\"url\":\"https:\/\/myadvocate.tax\/wp-content\/uploads\/2023\/06\/Advocate-Tax-Solutions-Cropped-Border-scaled.webp\",\"contentUrl\":\"https:\/\/myadvocate.tax\/wp-content\/uploads\/2023\/06\/Advocate-Tax-Solutions-Cropped-Border-scaled.webp\",\"width\":2560,\"height\":1940,\"caption\":\"Advocate Tax Solutions LLC\"},\"image\":{\"@id\":\"https:\/\/myadvocate.tax\/#\/schema\/logo\/image\/\"},\"sameAs\":[\"https:\/\/www.facebook.com\/profile.php?id=100094006291133\"]}]}<\/script>\n<!-- \/ Yoast SEO Premium plugin. -->","yoast_head_json":{"title":"Oferta en compromiso | Soluciones de liquidaci\u00f3n de deudas tributarias con el IRS","description":"Resuelve la deuda tributaria del IRS por menos con una Oferta de Transacci\u00f3n. Demuestra tu dificultad y explora la ayuda de Advocate Tax Solutions.","robots":{"index":"index","follow":"follow","max-snippet":"max-snippet:-1","max-image-preview":"max-image-preview:large","max-video-preview":"max-video-preview:-1"},"canonical":"https:\/\/myadvocate.tax\/es\/oferta-de-compromiso\/","og_locale":"es_ES","og_type":"article","og_title":"Oferta de compromiso: entender el proceso","og_description":"\u00bfTienes deudas tributarias? Una oferta de compromiso puede ser tu soluci\u00f3n para aliviarte econ\u00f3micamente.","og_url":"https:\/\/myadvocate.tax\/es\/oferta-de-compromiso\/","og_site_name":"Advocate Tax Solutions LLC","article_publisher":"https:\/\/www.facebook.com\/profile.php?id=100094006291133","article_modified_time":"2025-09-17T06:19:46+00:00","og_image":[{"width":2560,"height":1707,"url":"https:\/\/myadvocate.tax\/wp-content\/uploads\/2023\/07\/cropped-view-businesswoman-doing-online-banking-scaled.webp","type":"image\/webp"}],"twitter_card":"summary_large_image","twitter_title":"Oferta de compromiso","twitter_misc":{"Tiempo de lectura":"2 minutos"},"schema":{"@context":"https:\/\/schema.org","@graph":[{"@type":"WebPage","@id":"https:\/\/myadvocate.tax\/es\/oferta-de-compromiso\/","url":"https:\/\/myadvocate.tax\/es\/oferta-de-compromiso\/","name":"Oferta en compromiso | Soluciones de liquidaci\u00f3n de deudas tributarias con el IRS","isPartOf":{"@id":"https:\/\/myadvocate.tax\/#website"},"primaryImageOfPage":{"@id":"https:\/\/myadvocate.tax\/es\/oferta-de-compromiso\/#primaryimage"},"image":{"@id":"https:\/\/myadvocate.tax\/es\/oferta-de-compromiso\/#primaryimage"},"thumbnailUrl":"https:\/\/myadvocate.tax\/wp-content\/uploads\/2023\/07\/cropped-view-businesswoman-doing-online-banking-1024x683.webp","datePublished":"2023-07-15T06:31:04+00:00","dateModified":"2025-09-17T06:19:46+00:00","description":"Resuelve la deuda tributaria del IRS por menos con una Oferta de Transacci\u00f3n. Demuestra tu dificultad y explora la ayuda de Advocate Tax Solutions.","breadcrumb":{"@id":"https:\/\/myadvocate.tax\/es\/oferta-de-compromiso\/#breadcrumb"},"inLanguage":"es","potentialAction":[{"@type":"ReadAction","target":["https:\/\/myadvocate.tax\/es\/oferta-de-compromiso\/"]}]},{"@type":"ImageObject","inLanguage":"es","@id":"https:\/\/myadvocate.tax\/es\/oferta-de-compromiso\/#primaryimage","url":"https:\/\/myadvocate.tax\/wp-content\/uploads\/2023\/07\/cropped-view-businesswoman-doing-online-banking-1024x683.webp","contentUrl":"https:\/\/myadvocate.tax\/wp-content\/uploads\/2023\/07\/cropped-view-businesswoman-doing-online-banking-1024x683.webp"},{"@type":"BreadcrumbList","@id":"https:\/\/myadvocate.tax\/es\/oferta-de-compromiso\/#breadcrumb","itemListElement":[{"@type":"ListItem","position":1,"name":"Home","item":"https:\/\/myadvocate.tax\/"},{"@type":"ListItem","position":2,"name":"Oferta de compromiso"}]},{"@type":"WebSite","@id":"https:\/\/myadvocate.tax\/#website","url":"https:\/\/myadvocate.tax\/","name":"Advocate Tax Solutions LLC","description":"Advocate Tax Solutions - Tax Debt Solutions - IRS Tax Resolution Service - State Tax Resolutions Services","publisher":{"@id":"https:\/\/myadvocate.tax\/#organization"},"potentialAction":[{"@type":"SearchAction","target":{"@type":"EntryPoint","urlTemplate":"https:\/\/myadvocate.tax\/?s={search_term_string}"},"query-input":{"@type":"PropertyValueSpecification","valueRequired":true,"valueName":"search_term_string"}}],"inLanguage":"es"},{"@type":"Organization","@id":"https:\/\/myadvocate.tax\/#organization","name":"Advocate Tax Solutions LLC","url":"https:\/\/myadvocate.tax\/","logo":{"@type":"ImageObject","inLanguage":"es","@id":"https:\/\/myadvocate.tax\/#\/schema\/logo\/image\/","url":"https:\/\/myadvocate.tax\/wp-content\/uploads\/2023\/06\/Advocate-Tax-Solutions-Cropped-Border-scaled.webp","contentUrl":"https:\/\/myadvocate.tax\/wp-content\/uploads\/2023\/06\/Advocate-Tax-Solutions-Cropped-Border-scaled.webp","width":2560,"height":1940,"caption":"Advocate Tax Solutions LLC"},"image":{"@id":"https:\/\/myadvocate.tax\/#\/schema\/logo\/image\/"},"sameAs":["https:\/\/www.facebook.com\/profile.php?id=100094006291133"]}]}},"_links":{"self":[{"href":"https:\/\/myadvocate.tax\/es\/wp-json\/wp\/v2\/pages\/4752","targetHints":{"allow":["GET"]}}],"collection":[{"href":"https:\/\/myadvocate.tax\/es\/wp-json\/wp\/v2\/pages"}],"about":[{"href":"https:\/\/myadvocate.tax\/es\/wp-json\/wp\/v2\/types\/page"}],"author":[{"embeddable":true,"href":"https:\/\/myadvocate.tax\/es\/wp-json\/wp\/v2\/users\/1"}],"replies":[{"embeddable":true,"href":"https:\/\/myadvocate.tax\/es\/wp-json\/wp\/v2\/comments?post=4752"}],"version-history":[{"count":0,"href":"https:\/\/myadvocate.tax\/es\/wp-json\/wp\/v2\/pages\/4752\/revisions"}],"wp:attachment":[{"href":"https:\/\/myadvocate.tax\/es\/wp-json\/wp\/v2\/media?parent=4752"}],"curies":[{"name":"wp","href":"https:\/\/api.w.org\/{rel}","templated":true}]}}