{"id":4748,"date":"2023-07-12T05:57:48","date_gmt":"2023-07-12T05:57:48","guid":{"rendered":"https:\/\/myadvocate.tax\/servicios\/"},"modified":"2025-09-12T17:46:42","modified_gmt":"2025-09-12T17:46:42","slug":"servicios","status":"publish","type":"page","link":"https:\/\/myadvocate.tax\/es\/servicios\/","title":{"rendered":"Servicios"},"content":{"rendered":"\t\t<div data-elementor-type=\"wp-page\" data-elementor-id=\"4748\" class=\"elementor elementor-4748 elementor-1080\" data-elementor-post-type=\"page\">\n\t\t\t\t\t\t<section class=\"elementor-section elementor-top-section elementor-element elementor-element-f8ebff9 elementor-section-full_width elementor-section-height-default elementor-section-height-default\" data-id=\"f8ebff9\" data-element_type=\"section\">\n\t\t\t\t\t\t<div class=\"elementor-container elementor-column-gap-no\">\n\t\t\t\t\t<div class=\"elementor-column elementor-col-100 elementor-top-column elementor-element elementor-element-e9046f4\" data-id=\"e9046f4\" data-element_type=\"column\">\n\t\t\t<div class=\"elementor-widget-wrap elementor-element-populated\">\n\t\t\t\t\t\t<div class=\"elementor-element elementor-element-25984d1 elementor-widget elementor-widget-text-editor\" data-id=\"25984d1\" data-element_type=\"widget\" data-widget_type=\"text-editor.default\">\n\t\t\t\t<div class=\"elementor-widget-container\">\n\t\t\t\t\t\t\t\t\t<p>Advocate Tax Solutions ofrece un proceso simplificado de 3 pasos para atender asuntos fiscales en cobranza y ofrecer claridad a los clientes. Aqu\u00ed tienes un desglose de los pasos a seguir:<\/p>\t\t\t\t\t\t\t\t<\/div>\n\t\t\t\t<\/div>\n\t\t\t\t<section class=\"elementor-section elementor-inner-section elementor-element elementor-element-df4b225 elementor-reverse-mobile elementor-section-boxed elementor-section-height-default elementor-section-height-default\" data-id=\"df4b225\" data-element_type=\"section\">\n\t\t\t\t\t\t<div class=\"elementor-container elementor-column-gap-default\">\n\t\t\t\t\t<div class=\"elementor-column elementor-col-50 elementor-inner-column elementor-element elementor-element-fdcfcdd\" data-id=\"fdcfcdd\" data-element_type=\"column\">\n\t\t\t<div class=\"elementor-widget-wrap elementor-element-populated\">\n\t\t\t\t\t\t<div class=\"elementor-element elementor-element-3782f6a elementor-widget elementor-widget-heading\" data-id=\"3782f6a\" data-element_type=\"widget\" data-widget_type=\"heading.default\">\n\t\t\t\t<div class=\"elementor-widget-container\">\n\t\t\t\t\t<h2 class=\"elementor-heading-title elementor-size-default\">Paso 1 - Investigaci\u00f3n<\/h2>\t\t\t\t<\/div>\n\t\t\t\t<\/div>\n\t\t\t\t<div class=\"elementor-element elementor-element-997c02f elementor-widget elementor-widget-text-editor\" data-id=\"997c02f\" data-element_type=\"widget\" data-widget_type=\"text-editor.default\">\n\t\t\t\t<div class=\"elementor-widget-container\">\n\t\t\t\t\t\t\t\t\t<p>Durante este paso inicial, Advocate Tax Solutions act\u00faa como representante en su nombre y se comunica directamente con las autoridades fiscales. Solicitan una retenci\u00f3n de cobro inmediata para garantizar su protecci\u00f3n. La empresa recopila datos relevantes, que incluyen transcripciones del IRS federal, saldos fiscales, fechas de prescripci\u00f3n, comprobaciones de cumplimiento, retenciones fiscales e informaci\u00f3n financiera.<\/p>\t\t\t\t\t\t\t\t<\/div>\n\t\t\t\t<\/div>\n\t\t\t\t\t<\/div>\n\t\t<\/div>\n\t\t\t\t<div class=\"elementor-column elementor-col-50 elementor-inner-column elementor-element elementor-element-ebf4b9e\" data-id=\"ebf4b9e\" data-element_type=\"column\">\n\t\t\t<div class=\"elementor-widget-wrap elementor-element-populated\">\n\t\t\t\t\t\t<div class=\"elementor-element elementor-element-9111ba5 elementor-widget elementor-widget-image\" data-id=\"9111ba5\" data-element_type=\"widget\" data-widget_type=\"image.default\">\n\t\t\t\t<div class=\"elementor-widget-container\">\n\t\t\t\t\t\t\t\t\t\t\t\t\t\t\t<img fetchpriority=\"high\" decoding=\"async\" width=\"800\" height=\"450\" src=\"https:\/\/myadvocate.tax\/wp-content\/uploads\/2023\/07\/Investigation-Process-1024x576.webp\" class=\"attachment-large size-large wp-image-4667\" alt=\"study the graphs\" srcset=\"https:\/\/myadvocate.tax\/wp-content\/uploads\/2023\/07\/Investigation-Process-1024x576.webp 1024w, https:\/\/myadvocate.tax\/wp-content\/uploads\/2023\/07\/Investigation-Process-300x169.webp 300w, https:\/\/myadvocate.tax\/wp-content\/uploads\/2023\/07\/Investigation-Process-768x432.webp 768w, https:\/\/myadvocate.tax\/wp-content\/uploads\/2023\/07\/Investigation-Process-1536x864.webp 1536w, https:\/\/myadvocate.tax\/wp-content\/uploads\/2023\/07\/Investigation-Process-2048x1152.webp 2048w\" sizes=\"(max-width: 800px) 100vw, 800px\" \/>\t\t\t\t\t\t\t\t\t\t\t\t\t\t\t<\/div>\n\t\t\t\t<\/div>\n\t\t\t\t\t<\/div>\n\t\t<\/div>\n\t\t\t\t\t<\/div>\n\t\t<\/section>\n\t\t\t\t<section class=\"elementor-section elementor-inner-section elementor-element elementor-element-f04158f elementor-section-boxed elementor-section-height-default elementor-section-height-default\" data-id=\"f04158f\" data-element_type=\"section\">\n\t\t\t\t\t\t<div class=\"elementor-container elementor-column-gap-default\">\n\t\t\t\t\t<div class=\"elementor-column elementor-col-50 elementor-inner-column elementor-element elementor-element-36300b7\" data-id=\"36300b7\" data-element_type=\"column\">\n\t\t\t<div class=\"elementor-widget-wrap elementor-element-populated\">\n\t\t\t\t\t\t<div class=\"elementor-element elementor-element-d2b389e elementor-widget elementor-widget-image\" data-id=\"d2b389e\" data-element_type=\"widget\" data-widget_type=\"image.default\">\n\t\t\t\t<div class=\"elementor-widget-container\">\n\t\t\t\t\t\t\t\t\t\t\t\t\t\t\t<img decoding=\"async\" width=\"800\" height=\"450\" src=\"https:\/\/myadvocate.tax\/wp-content\/uploads\/2023\/07\/Compliance-Process-1-1024x576.webp\" class=\"attachment-large size-large wp-image-4668\" alt=\"tax resolution planning process\" srcset=\"https:\/\/myadvocate.tax\/wp-content\/uploads\/2023\/07\/Compliance-Process-1-1024x576.webp 1024w, https:\/\/myadvocate.tax\/wp-content\/uploads\/2023\/07\/Compliance-Process-1-300x169.webp 300w, https:\/\/myadvocate.tax\/wp-content\/uploads\/2023\/07\/Compliance-Process-1-768x432.webp 768w, https:\/\/myadvocate.tax\/wp-content\/uploads\/2023\/07\/Compliance-Process-1-1536x864.webp 1536w, https:\/\/myadvocate.tax\/wp-content\/uploads\/2023\/07\/Compliance-Process-1-2048x1152.webp 2048w\" sizes=\"(max-width: 800px) 100vw, 800px\" \/>\t\t\t\t\t\t\t\t\t\t\t\t\t\t\t<\/div>\n\t\t\t\t<\/div>\n\t\t\t\t\t<\/div>\n\t\t<\/div>\n\t\t\t\t<div class=\"elementor-column elementor-col-50 elementor-inner-column elementor-element elementor-element-1b3a873\" data-id=\"1b3a873\" data-element_type=\"column\">\n\t\t\t<div class=\"elementor-widget-wrap elementor-element-populated\">\n\t\t\t\t\t\t<div class=\"elementor-element elementor-element-cef470b elementor-widget elementor-widget-heading\" data-id=\"cef470b\" data-element_type=\"widget\" data-widget_type=\"heading.default\">\n\t\t\t\t<div class=\"elementor-widget-container\">\n\t\t\t\t\t<h2 class=\"elementor-heading-title elementor-size-default\">Paso 2 - Cumplimiento<\/h2>\t\t\t\t<\/div>\n\t\t\t\t<\/div>\n\t\t\t\t<div class=\"elementor-element elementor-element-3a3b65a elementor-widget elementor-widget-text-editor\" data-id=\"3a3b65a\" data-element_type=\"widget\" data-widget_type=\"text-editor.default\">\n\t\t\t\t<div class=\"elementor-widget-container\">\n\t\t\t\t\t\t\t\t\t<p>En el proceso de cumplimiento, Advocate Tax Solutions descubre cualquier declaraci\u00f3n de impuestos no presentada que tenga un requisito de presentaci\u00f3n. Preparan y presentan estas declaraciones y tambi\u00e9n revisan las m\u00e1s antiguas para detectar errores y omisiones. Si es necesario, pueden modificar las declaraciones fiscales para maximizar el ahorro para el cliente.<\/p>\t\t\t\t\t\t\t\t<\/div>\n\t\t\t\t<\/div>\n\t\t\t\t\t<\/div>\n\t\t<\/div>\n\t\t\t\t\t<\/div>\n\t\t<\/section>\n\t\t\t\t<section class=\"elementor-section elementor-inner-section elementor-element elementor-element-a79c2ec elementor-reverse-mobile elementor-section-boxed elementor-section-height-default elementor-section-height-default\" data-id=\"a79c2ec\" data-element_type=\"section\">\n\t\t\t\t\t\t<div class=\"elementor-container elementor-column-gap-default\">\n\t\t\t\t\t<div class=\"elementor-column elementor-col-50 elementor-inner-column elementor-element elementor-element-0bc1ff7\" data-id=\"0bc1ff7\" data-element_type=\"column\">\n\t\t\t<div class=\"elementor-widget-wrap elementor-element-populated\">\n\t\t\t\t\t\t<div class=\"elementor-element elementor-element-d44e78f elementor-widget elementor-widget-heading\" data-id=\"d44e78f\" data-element_type=\"widget\" data-widget_type=\"heading.default\">\n\t\t\t\t<div class=\"elementor-widget-container\">\n\t\t\t\t\t<h2 class=\"elementor-heading-title elementor-size-default\">Paso 3 - Resoluci\u00f3n<\/h2>\t\t\t\t<\/div>\n\t\t\t\t<\/div>\n\t\t\t\t<div class=\"elementor-element elementor-element-e7b4267 elementor-widget elementor-widget-text-editor\" data-id=\"e7b4267\" data-element_type=\"widget\" data-widget_type=\"text-editor.default\">\n\t\t\t\t<div class=\"elementor-widget-container\">\n\t\t\t\t\t\t\t\t\t<p><span style=\"font-weight: 400;\">Nuestro proceso de resoluci\u00f3n comienza con un exhaustivo an\u00e1lisis financiero realizado por nuestros experimentados especialistas fiscales. Evaluamos cuidadosamente tu situaci\u00f3n financiera para calificar, preparar y defender tu caso para la resoluci\u00f3n m\u00e1s asequible permitida por el IRS y las autoridades fiscales estatales. Dependiendo de tus circunstancias particulares, las posibles soluciones pueden incluir servicios de liquidaci\u00f3n de impuestos, asistencia para el pago de las obligaciones tributarias sobre la propiedad o programas dise\u00f1ados para saldar la deuda con el IRS.  <\/span><\/p>\t\t\t\t\t\t\t\t<\/div>\n\t\t\t\t<\/div>\n\t\t\t\t\t<\/div>\n\t\t<\/div>\n\t\t\t\t<div class=\"elementor-column elementor-col-50 elementor-inner-column elementor-element elementor-element-d0ae23c\" data-id=\"d0ae23c\" data-element_type=\"column\">\n\t\t\t<div class=\"elementor-widget-wrap elementor-element-populated\">\n\t\t\t\t\t\t<div class=\"elementor-element elementor-element-b702f30 elementor-widget elementor-widget-image\" data-id=\"b702f30\" data-element_type=\"widget\" data-widget_type=\"image.default\">\n\t\t\t\t<div class=\"elementor-widget-container\">\n\t\t\t\t\t\t\t\t\t\t\t\t\t\t\t<img decoding=\"async\" width=\"800\" height=\"450\" src=\"https:\/\/myadvocate.tax\/wp-content\/uploads\/2023\/07\/Resolution-Process-1024x576.webp\" class=\"attachment-large size-large wp-image-4669\" alt=\"tablet showing streamlined resolution process\" srcset=\"https:\/\/myadvocate.tax\/wp-content\/uploads\/2023\/07\/Resolution-Process-1024x576.webp 1024w, https:\/\/myadvocate.tax\/wp-content\/uploads\/2023\/07\/Resolution-Process-300x169.webp 300w, https:\/\/myadvocate.tax\/wp-content\/uploads\/2023\/07\/Resolution-Process-768x432.webp 768w, https:\/\/myadvocate.tax\/wp-content\/uploads\/2023\/07\/Resolution-Process-1536x864.webp 1536w, https:\/\/myadvocate.tax\/wp-content\/uploads\/2023\/07\/Resolution-Process-2048x1152.webp 2048w\" sizes=\"(max-width: 800px) 100vw, 800px\" \/>\t\t\t\t\t\t\t\t\t\t\t\t\t\t\t<\/div>\n\t\t\t\t<\/div>\n\t\t\t\t\t<\/div>\n\t\t<\/div>\n\t\t\t\t\t<\/div>\n\t\t<\/section>\n\t\t\t\t<div class=\"elementor-element elementor-element-b895b70 elementor-widget elementor-widget-text-editor\" data-id=\"b895b70\" data-element_type=\"widget\" data-widget_type=\"text-editor.default\">\n\t\t\t\t<div class=\"elementor-widget-container\">\n\t\t\t\t\t\t\t\t\t<p>Al ser una empresa basada en la web, Advocate Tax Solutions ofrece asistencia inmediata al contribuyente utilizando tecnolog\u00eda avanzada, accesible desde cualquier lugar. Los clientes pueden revisar, firmar y cargar documentos de forma segura utilizando dispositivos m\u00f3viles est\u00e1ndar u ordenadores personales.<\/p><p><span style=\"font-weight: 400;\">Advocate Tax Solutions cuenta con m\u00e1s de dos d\u00e9cadas de <\/span>servicios de resoluci\u00f3n fiscal<span style=\"font-weight: 400;\">  experiencia y presta servicios a clientes de todo Estados Unidos. Independientemente del problema fiscal al que te enfrentes, ya sea un embargo bancario,   <\/span>embargo salarial<span style=\"font-weight: 400;\"> o impuestos no declarados, el bufete se propone ofrecer soluciones fiscales eficientes y eficaces.<\/span><\/p><p>La situaci\u00f3n fiscal de cada individuo es \u00fanica, y Advocate Tax Solutions entiende esto. Su funci\u00f3n es informar a los clientes sobre las opciones disponibles y ayudarles a lograr el mejor resultado posible. La satisfacci\u00f3n del cliente es su principal objetivo, y ofrecen una garant\u00eda de devoluci\u00f3n del dinero de 14 d\u00edas si los clientes no est\u00e1n completamente satisfechos con el servicio.<\/p><p><span style=\"font-weight: 400;\">Advocate Tax Solutions defiende los intereses de sus clientes dentro de los l\u00edmites de la ley. Mientras que el IRS y las autoridades fiscales estatales se centran en cobrar la deuda tributaria, el bufete se dedica a calificar, preparar y defender casos para lograr la resoluci\u00f3n m\u00e1s asequible posible para sus clientes, incluido el apoyo a quienes buscan servicios de alivio de la deuda del IRS.<\/span><\/p>\t\t\t\t\t\t\t\t<\/div>\n\t\t\t\t<\/div>\n\t\t\t\t\t<\/div>\n\t\t<\/div>\n\t\t\t\t\t<\/div>\n\t\t<\/section>\n\t\t\t\t<\/div>\n\t\t","protected":false},"excerpt":{"rendered":"<p>Advocate Tax Solutions ofrece un proceso simplificado de 3 pasos para atender asuntos fiscales en cobranza y ofrecer claridad a los clientes. Aqu\u00ed tienes un desglose de los pasos a seguir: Paso 1 &#8211; Investigaci\u00f3n Durante este paso inicial, Advocate Tax Solutions act\u00faa como representante en su nombre y se comunica directamente con las autoridades [&hellip;]<\/p>\n","protected":false},"author":1,"featured_media":0,"parent":0,"menu_order":0,"comment_status":"closed","ping_status":"closed","template":"","meta":{"_coblocks_attr":"","_coblocks_dimensions":"","_coblocks_responsive_height":"","_coblocks_accordion_ie_support":"","footnotes":""},"class_list":["post-4748","page","type-page","status-publish","hentry"],"yoast_head":"<!-- This site is optimized with the Yoast SEO Premium plugin v26.6 (Yoast SEO v26.6) - https:\/\/yoast.com\/wordpress\/plugins\/seo\/ -->\n<title>Servicios de Resoluci\u00f3n Fiscal de Confianza | Advocate Tax Solutions<\/title>\n<meta name=\"description\" content=\"Resuelve las deudas tributarias estatales y con el IRS con servicios expertos en resoluci\u00f3n de impuestos. Nuestros especialistas reducen las sanciones y elaboran planes a medida para restablecer la libertad financiera.\" \/>\n<meta name=\"robots\" content=\"index, follow, max-snippet:-1, max-image-preview:large, max-video-preview:-1\" \/>\n<link rel=\"canonical\" href=\"https:\/\/myadvocate.tax\/services\/\" \/>\n<meta property=\"og:locale\" content=\"es_ES\" \/>\n<meta property=\"og:type\" content=\"article\" \/>\n<meta property=\"og:title\" content=\"Servicios\" \/>\n<meta property=\"og:description\" content=\"Resuelve las deudas tributarias estatales y con el IRS con servicios expertos en resoluci\u00f3n de impuestos. Nuestros especialistas reducen las sanciones y elaboran planes a medida para restablecer la libertad financiera.\" \/>\n<meta property=\"og:url\" content=\"https:\/\/myadvocate.tax\/services\/\" \/>\n<meta property=\"og:site_name\" content=\"Advocate Tax Solutions LLC\" \/>\n<meta property=\"article:publisher\" content=\"https:\/\/www.facebook.com\/profile.php?id=100094006291133\" \/>\n<meta property=\"article:modified_time\" content=\"2025-09-12T17:46:42+00:00\" \/>\n<meta property=\"og:image\" content=\"https:\/\/myadvocate.tax\/wp-content\/uploads\/2023\/07\/Investigation-Process-scaled.webp\" \/>\n\t<meta property=\"og:image:width\" content=\"2560\" \/>\n\t<meta property=\"og:image:height\" content=\"1440\" \/>\n\t<meta property=\"og:image:type\" content=\"image\/webp\" \/>\n<meta name=\"twitter:card\" content=\"summary_large_image\" \/>\n<meta name=\"twitter:label1\" content=\"Tiempo de lectura\" \/>\n\t<meta name=\"twitter:data1\" content=\"2 minutos\" \/>\n<script type=\"application\/ld+json\" class=\"yoast-schema-graph\">{\"@context\":\"https:\/\/schema.org\",\"@graph\":[{\"@type\":\"WebPage\",\"@id\":\"https:\/\/myadvocate.tax\/services\/\",\"url\":\"https:\/\/myadvocate.tax\/services\/\",\"name\":\"Servicios de Resoluci\u00f3n Fiscal de Confianza | Advocate Tax Solutions\",\"isPartOf\":{\"@id\":\"https:\/\/myadvocate.tax\/#website\"},\"primaryImageOfPage\":{\"@id\":\"https:\/\/myadvocate.tax\/services\/#primaryimage\"},\"image\":{\"@id\":\"https:\/\/myadvocate.tax\/services\/#primaryimage\"},\"thumbnailUrl\":\"https:\/\/myadvocate.tax\/wp-content\/uploads\/2023\/07\/Investigation-Process-1024x576.webp\",\"datePublished\":\"2023-07-12T05:57:48+00:00\",\"dateModified\":\"2025-09-12T17:46:42+00:00\",\"description\":\"Resuelve las deudas tributarias estatales y con el IRS con servicios expertos en resoluci\u00f3n de impuestos. Nuestros especialistas reducen las sanciones y elaboran planes a medida para restablecer la libertad financiera.\",\"breadcrumb\":{\"@id\":\"https:\/\/myadvocate.tax\/services\/#breadcrumb\"},\"inLanguage\":\"es\",\"potentialAction\":[{\"@type\":\"ReadAction\",\"target\":[\"https:\/\/myadvocate.tax\/services\/\"]}]},{\"@type\":\"ImageObject\",\"inLanguage\":\"es\",\"@id\":\"https:\/\/myadvocate.tax\/services\/#primaryimage\",\"url\":\"https:\/\/myadvocate.tax\/wp-content\/uploads\/2023\/07\/Investigation-Process-1024x576.webp\",\"contentUrl\":\"https:\/\/myadvocate.tax\/wp-content\/uploads\/2023\/07\/Investigation-Process-1024x576.webp\"},{\"@type\":\"BreadcrumbList\",\"@id\":\"https:\/\/myadvocate.tax\/services\/#breadcrumb\",\"itemListElement\":[{\"@type\":\"ListItem\",\"position\":1,\"name\":\"Home\",\"item\":\"https:\/\/myadvocate.tax\/\"},{\"@type\":\"ListItem\",\"position\":2,\"name\":\"Servicios\"}]},{\"@type\":\"WebSite\",\"@id\":\"https:\/\/myadvocate.tax\/#website\",\"url\":\"https:\/\/myadvocate.tax\/\",\"name\":\"Advocate Tax Solutions LLC\",\"description\":\"Advocate Tax Solutions - Tax Debt Solutions - IRS Tax Resolution Service - State Tax Resolutions Services\",\"publisher\":{\"@id\":\"https:\/\/myadvocate.tax\/#organization\"},\"potentialAction\":[{\"@type\":\"SearchAction\",\"target\":{\"@type\":\"EntryPoint\",\"urlTemplate\":\"https:\/\/myadvocate.tax\/?s={search_term_string}\"},\"query-input\":{\"@type\":\"PropertyValueSpecification\",\"valueRequired\":true,\"valueName\":\"search_term_string\"}}],\"inLanguage\":\"es\"},{\"@type\":\"Organization\",\"@id\":\"https:\/\/myadvocate.tax\/#organization\",\"name\":\"Advocate Tax Solutions LLC\",\"url\":\"https:\/\/myadvocate.tax\/\",\"logo\":{\"@type\":\"ImageObject\",\"inLanguage\":\"es\",\"@id\":\"https:\/\/myadvocate.tax\/#\/schema\/logo\/image\/\",\"url\":\"https:\/\/myadvocate.tax\/wp-content\/uploads\/2023\/06\/Advocate-Tax-Solutions-Cropped-Border-scaled.webp\",\"contentUrl\":\"https:\/\/myadvocate.tax\/wp-content\/uploads\/2023\/06\/Advocate-Tax-Solutions-Cropped-Border-scaled.webp\",\"width\":2560,\"height\":1940,\"caption\":\"Advocate Tax Solutions LLC\"},\"image\":{\"@id\":\"https:\/\/myadvocate.tax\/#\/schema\/logo\/image\/\"},\"sameAs\":[\"https:\/\/www.facebook.com\/profile.php?id=100094006291133\"]}]}<\/script>\n<!-- \/ Yoast SEO Premium plugin. -->","yoast_head_json":{"title":"Servicios de Resoluci\u00f3n Fiscal de Confianza | Advocate Tax Solutions","description":"Resuelve las deudas tributarias estatales y con el IRS con servicios expertos en resoluci\u00f3n de impuestos. Nuestros especialistas reducen las sanciones y elaboran planes a medida para restablecer la libertad financiera.","robots":{"index":"index","follow":"follow","max-snippet":"max-snippet:-1","max-image-preview":"max-image-preview:large","max-video-preview":"max-video-preview:-1"},"canonical":"https:\/\/myadvocate.tax\/services\/","og_locale":"es_ES","og_type":"article","og_title":"Servicios","og_description":"Resuelve las deudas tributarias estatales y con el IRS con servicios expertos en resoluci\u00f3n de impuestos. Nuestros especialistas reducen las sanciones y elaboran planes a medida para restablecer la libertad financiera.","og_url":"https:\/\/myadvocate.tax\/services\/","og_site_name":"Advocate Tax Solutions LLC","article_publisher":"https:\/\/www.facebook.com\/profile.php?id=100094006291133","article_modified_time":"2025-09-12T17:46:42+00:00","og_image":[{"width":2560,"height":1440,"url":"https:\/\/myadvocate.tax\/wp-content\/uploads\/2023\/07\/Investigation-Process-scaled.webp","type":"image\/webp"}],"twitter_card":"summary_large_image","twitter_misc":{"Tiempo de lectura":"2 minutos"},"schema":{"@context":"https:\/\/schema.org","@graph":[{"@type":"WebPage","@id":"https:\/\/myadvocate.tax\/services\/","url":"https:\/\/myadvocate.tax\/services\/","name":"Servicios de Resoluci\u00f3n Fiscal de Confianza | Advocate Tax Solutions","isPartOf":{"@id":"https:\/\/myadvocate.tax\/#website"},"primaryImageOfPage":{"@id":"https:\/\/myadvocate.tax\/services\/#primaryimage"},"image":{"@id":"https:\/\/myadvocate.tax\/services\/#primaryimage"},"thumbnailUrl":"https:\/\/myadvocate.tax\/wp-content\/uploads\/2023\/07\/Investigation-Process-1024x576.webp","datePublished":"2023-07-12T05:57:48+00:00","dateModified":"2025-09-12T17:46:42+00:00","description":"Resuelve las deudas tributarias estatales y con el IRS con servicios expertos en resoluci\u00f3n de impuestos. Nuestros especialistas reducen las sanciones y elaboran planes a medida para restablecer la libertad financiera.","breadcrumb":{"@id":"https:\/\/myadvocate.tax\/services\/#breadcrumb"},"inLanguage":"es","potentialAction":[{"@type":"ReadAction","target":["https:\/\/myadvocate.tax\/services\/"]}]},{"@type":"ImageObject","inLanguage":"es","@id":"https:\/\/myadvocate.tax\/services\/#primaryimage","url":"https:\/\/myadvocate.tax\/wp-content\/uploads\/2023\/07\/Investigation-Process-1024x576.webp","contentUrl":"https:\/\/myadvocate.tax\/wp-content\/uploads\/2023\/07\/Investigation-Process-1024x576.webp"},{"@type":"BreadcrumbList","@id":"https:\/\/myadvocate.tax\/services\/#breadcrumb","itemListElement":[{"@type":"ListItem","position":1,"name":"Home","item":"https:\/\/myadvocate.tax\/"},{"@type":"ListItem","position":2,"name":"Servicios"}]},{"@type":"WebSite","@id":"https:\/\/myadvocate.tax\/#website","url":"https:\/\/myadvocate.tax\/","name":"Advocate Tax Solutions LLC","description":"Advocate Tax Solutions - Tax Debt Solutions - IRS Tax Resolution Service - State Tax Resolutions Services","publisher":{"@id":"https:\/\/myadvocate.tax\/#organization"},"potentialAction":[{"@type":"SearchAction","target":{"@type":"EntryPoint","urlTemplate":"https:\/\/myadvocate.tax\/?s={search_term_string}"},"query-input":{"@type":"PropertyValueSpecification","valueRequired":true,"valueName":"search_term_string"}}],"inLanguage":"es"},{"@type":"Organization","@id":"https:\/\/myadvocate.tax\/#organization","name":"Advocate Tax Solutions LLC","url":"https:\/\/myadvocate.tax\/","logo":{"@type":"ImageObject","inLanguage":"es","@id":"https:\/\/myadvocate.tax\/#\/schema\/logo\/image\/","url":"https:\/\/myadvocate.tax\/wp-content\/uploads\/2023\/06\/Advocate-Tax-Solutions-Cropped-Border-scaled.webp","contentUrl":"https:\/\/myadvocate.tax\/wp-content\/uploads\/2023\/06\/Advocate-Tax-Solutions-Cropped-Border-scaled.webp","width":2560,"height":1940,"caption":"Advocate Tax Solutions LLC"},"image":{"@id":"https:\/\/myadvocate.tax\/#\/schema\/logo\/image\/"},"sameAs":["https:\/\/www.facebook.com\/profile.php?id=100094006291133"]}]}},"_links":{"self":[{"href":"https:\/\/myadvocate.tax\/es\/wp-json\/wp\/v2\/pages\/4748","targetHints":{"allow":["GET"]}}],"collection":[{"href":"https:\/\/myadvocate.tax\/es\/wp-json\/wp\/v2\/pages"}],"about":[{"href":"https:\/\/myadvocate.tax\/es\/wp-json\/wp\/v2\/types\/page"}],"author":[{"embeddable":true,"href":"https:\/\/myadvocate.tax\/es\/wp-json\/wp\/v2\/users\/1"}],"replies":[{"embeddable":true,"href":"https:\/\/myadvocate.tax\/es\/wp-json\/wp\/v2\/comments?post=4748"}],"version-history":[{"count":0,"href":"https:\/\/myadvocate.tax\/es\/wp-json\/wp\/v2\/pages\/4748\/revisions"}],"wp:attachment":[{"href":"https:\/\/myadvocate.tax\/es\/wp-json\/wp\/v2\/media?parent=4748"}],"curies":[{"name":"wp","href":"https:\/\/api.w.org\/{rel}","templated":true}]}}