{"id":4745,"date":"2023-07-22T06:50:29","date_gmt":"2023-07-22T06:50:29","guid":{"rendered":"https:\/\/myadvocate.tax\/embargo-de-salarios\/"},"modified":"2025-09-16T12:06:28","modified_gmt":"2025-09-16T12:06:28","slug":"embargo-de-salarios","status":"publish","type":"page","link":"https:\/\/myadvocate.tax\/es\/embargo-de-salarios\/","title":{"rendered":"Embargo de salarios"},"content":{"rendered":"\t\t<div data-elementor-type=\"wp-page\" data-elementor-id=\"4745\" class=\"elementor elementor-4745 elementor-1825\" data-elementor-post-type=\"page\">\n\t\t\t\t\t\t<section class=\"elementor-section elementor-top-section elementor-element elementor-element-7db01ce elementor-section-boxed elementor-section-height-default elementor-section-height-default\" data-id=\"7db01ce\" data-element_type=\"section\">\n\t\t\t\t\t\t<div class=\"elementor-container elementor-column-gap-default\">\n\t\t\t\t\t<div class=\"elementor-column elementor-col-100 elementor-top-column elementor-element elementor-element-ac306d6\" data-id=\"ac306d6\" data-element_type=\"column\">\n\t\t\t<div class=\"elementor-widget-wrap elementor-element-populated\">\n\t\t\t\t\t\t<div class=\"elementor-element elementor-element-627f59d elementor-widget elementor-widget-heading\" data-id=\"627f59d\" data-element_type=\"widget\" data-widget_type=\"heading.default\">\n\t\t\t\t<div class=\"elementor-widget-container\">\n\t\t\t\t\t<h1 class=\"elementor-heading-title elementor-size-default\">Embargos de salarios y embargos bancarios<\/h1>\t\t\t\t<\/div>\n\t\t\t\t<\/div>\n\t\t\t\t<div class=\"elementor-element elementor-element-743ad17 elementor-widget elementor-widget-text-editor\" data-id=\"743ad17\" data-element_type=\"widget\" data-widget_type=\"text-editor.default\">\n\t\t\t\t<div class=\"elementor-widget-container\">\n\t\t\t\t\t\t\t\t\t<p>Hay una cosa en la vida que est\u00e1 garantizada: la muerte y los impuestos.<\/p><p><span style=\"font-weight: 400;\">El IRS y los estados utilizan dos herramientas para cobrar los impuestos impagados. Estas dos herramientas de cobro son el embargo de salarios y los embargos bancarios. Una vez que se ejecuta un embargo de salario o un embargo bancario, las autoridades fiscales toman una parte de la n\u00f3mina del contribuyente o embargan la cuenta bancaria. \u00bfC\u00f3mo liberar un embargo de salario o un embargo bancario cuando el  <\/span>\u00bfEl IRS embarga el salario<span style=\"font-weight: 400;\">?<\/span><\/p>\t\t\t\t\t\t\t\t<\/div>\n\t\t\t\t<\/div>\n\t\t\t\t<div class=\"elementor-element elementor-element-a18d58f elementor-widget elementor-widget-heading\" data-id=\"a18d58f\" data-element_type=\"widget\" data-widget_type=\"heading.default\">\n\t\t\t\t<div class=\"elementor-widget-container\">\n\t\t\t\t\t<h2 class=\"elementor-heading-title elementor-size-default\">\u00bfQu\u00e9 es un embargo de salario y un embargo bancario?<\/h2>\t\t\t\t<\/div>\n\t\t\t\t<\/div>\n\t\t\t\t<section class=\"elementor-section elementor-inner-section elementor-element elementor-element-73bedf4 elementor-reverse-tablet elementor-reverse-mobile elementor-section-boxed elementor-section-height-default elementor-section-height-default\" data-id=\"73bedf4\" data-element_type=\"section\">\n\t\t\t\t\t\t<div class=\"elementor-container elementor-column-gap-default\">\n\t\t\t\t\t<div class=\"elementor-column elementor-col-50 elementor-inner-column elementor-element elementor-element-8acce4b\" data-id=\"8acce4b\" data-element_type=\"column\">\n\t\t\t<div class=\"elementor-widget-wrap elementor-element-populated\">\n\t\t\t\t\t\t<div class=\"elementor-element elementor-element-d37ab45 elementor-widget elementor-widget-text-editor\" data-id=\"d37ab45\" data-element_type=\"widget\" data-widget_type=\"text-editor.default\">\n\t\t\t\t<div class=\"elementor-widget-container\">\n\t\t\t\t\t\t\t\t\t<p>Un embargo de salario y embargo bancario es un instrumento de cobro legal que el IRS y las autoridades fiscales estatales aplican a los contribuyentes para tomar una parte de sus ingresos. Cobrar\u00e1n sobre los ingresos o embargar\u00e1n dinero directamente de las cuentas bancarias para pagar los impuestos adeudados hasta que se paguen en su totalidad.<br>Los embargos toman un porcentaje de las n\u00f3minas de los contribuyentes. El importe embargado depende de la situaci\u00f3n fiscal del contribuyente y del n\u00famero de personas a su cargo declaradas. La intenci\u00f3n es cobrar la deuda y, al mismo tiempo, permitir que puedan pagar sus facturas.<br>Los embargos llegan a embargar hasta el veinticinco por ciento de los ingresos de un contribuyente, dejando s\u00f3lo lo suficiente para los gastos esenciales.<br>Los embargos bancarios del IRS y de los estados imponen una retenci\u00f3n de cobro de 10 a 14 d\u00edas en las cuentas bancarias. Una vez transcurrido el periodo de retenci\u00f3n, la cuenta bancaria recaudada liberar\u00e1 todo el dinero hasta el importe adeudado a la autoridad tributaria que emiti\u00f3 la recaudaci\u00f3n.<\/p>\t\t\t\t\t\t\t\t<\/div>\n\t\t\t\t<\/div>\n\t\t\t\t\t<\/div>\n\t\t<\/div>\n\t\t\t\t<div class=\"elementor-column elementor-col-50 elementor-inner-column elementor-element elementor-element-c0aad13\" data-id=\"c0aad13\" data-element_type=\"column\">\n\t\t\t<div class=\"elementor-widget-wrap elementor-element-populated\">\n\t\t\t\t\t\t<div class=\"elementor-element elementor-element-9c4e871 elementor-widget elementor-widget-image\" data-id=\"9c4e871\" data-element_type=\"widget\" data-widget_type=\"image.default\">\n\t\t\t\t<div class=\"elementor-widget-container\">\n\t\t\t\t\t\t\t\t\t\t\t\t\t\t\t<img fetchpriority=\"high\" decoding=\"async\" width=\"724\" height=\"483\" src=\"https:\/\/myadvocate.tax\/wp-content\/uploads\/2023\/07\/tax-relief.webp\" class=\"attachment-full size-full wp-image-4693\" alt=\"tax consultation meeting\" srcset=\"https:\/\/myadvocate.tax\/wp-content\/uploads\/2023\/07\/tax-relief.webp 724w, https:\/\/myadvocate.tax\/wp-content\/uploads\/2023\/07\/tax-relief-300x200.webp 300w\" sizes=\"(max-width: 724px) 100vw, 724px\" \/>\t\t\t\t\t\t\t\t\t\t\t\t\t\t\t<\/div>\n\t\t\t\t<\/div>\n\t\t\t\t\t<\/div>\n\t\t<\/div>\n\t\t\t\t\t<\/div>\n\t\t<\/section>\n\t\t\t\t<section class=\"elementor-section elementor-inner-section elementor-element elementor-element-4f642ae elementor-reverse-tablet elementor-reverse-mobile elementor-section-boxed elementor-section-height-default elementor-section-height-default\" data-id=\"4f642ae\" data-element_type=\"section\">\n\t\t\t\t\t\t<div class=\"elementor-container elementor-column-gap-default\">\n\t\t\t\t\t<div class=\"elementor-column elementor-col-100 elementor-inner-column elementor-element elementor-element-2315943\" data-id=\"2315943\" data-element_type=\"column\">\n\t\t\t<div class=\"elementor-widget-wrap elementor-element-populated\">\n\t\t\t\t\t\t<div class=\"elementor-element elementor-element-4f312ab elementor-widget elementor-widget-heading\" data-id=\"4f312ab\" data-element_type=\"widget\" data-widget_type=\"heading.default\">\n\t\t\t\t<div class=\"elementor-widget-container\">\n\t\t\t\t\t<h2 class=\"elementor-heading-title elementor-size-default\">\u00bfC\u00f3mo puedo librarme de un embargo o de un embargo bancario?<\/h2>\t\t\t\t<\/div>\n\t\t\t\t<\/div>\n\t\t\t\t<div class=\"elementor-element elementor-element-786f180 elementor-widget elementor-widget-text-editor\" data-id=\"786f180\" data-element_type=\"widget\" data-widget_type=\"text-editor.default\">\n\t\t\t\t<div class=\"elementor-widget-container\">\n\t\t\t\t\t\t\t\t\t<p>Una autoridad tributaria estatal o del IRS que ejecuta un embargo de salario deja a los contribuyentes, por lo general, con un veinticinco por ciento menos de su sueldo. Lo que en la mayor\u00eda de las circunstancias crea una dificultad econ\u00f3mica.<br>\u00bfQu\u00e9 es un programa de dificultades econ\u00f3micas y c\u00f3mo funciona? \u00bfExisten otras formas de liberar un embargo o una retenci\u00f3n bancaria adem\u00e1s de pagar todo el saldo? Si los contribuyentes no disponen de medios econ\u00f3micos, un programa de dificultades econ\u00f3micas puede detener los embargos de salarios y los embargos bancarios. Deben demostrar las dificultades econ\u00f3micas aportando datos financieros. Si el plazo de prescripci\u00f3n de Hacienda expira, ya no pueden cobrar la deuda. La presentaci\u00f3n de una <a href=\"http:\/\/myadvocate.tax\/es\/oferta-de-compromiso\/\">oferta de transacci\u00f3n<\/a> detiene autom\u00e1ticamente los embargos o los embargos bancarios.<\/p>\t\t\t\t\t\t\t\t<\/div>\n\t\t\t\t<\/div>\n\t\t\t\t\t<\/div>\n\t\t<\/div>\n\t\t\t\t\t<\/div>\n\t\t<\/section>\n\t\t\t\t\t<\/div>\n\t\t<\/div>\n\t\t\t\t\t<\/div>\n\t\t<\/section>\n\t\t\t\t<\/div>\n\t\t","protected":false},"excerpt":{"rendered":"<p>Embargos de salarios y embargos bancarios Hay una cosa en la vida que est\u00e1 garantizada: la muerte y los impuestos. El IRS y los estados utilizan dos herramientas para cobrar los impuestos impagados. Estas dos herramientas de cobro son el embargo de salarios y los embargos bancarios. Una vez que se ejecuta un embargo de [&hellip;]<\/p>\n","protected":false},"author":1,"featured_media":0,"parent":0,"menu_order":0,"comment_status":"closed","ping_status":"closed","template":"","meta":{"_coblocks_attr":"","_coblocks_dimensions":"","_coblocks_responsive_height":"","_coblocks_accordion_ie_support":"","footnotes":""},"class_list":["post-4745","page","type-page","status-publish","hentry"],"yoast_head":"<!-- This site is optimized with the Yoast SEO Premium plugin v26.6 (Yoast SEO v26.6) - https:\/\/yoast.com\/wordpress\/plugins\/seo\/ -->\n<title>Alivio de Embargo de Salario | Advocate Tax Solutions<\/title>\n<meta name=\"description\" content=\"\u00bfTe embargan el sueldo? Nuestros expertos fiscales ayudan a detener embargos y embargos bancarios, reducir sanciones y crear soluciones a medida para restablecer las finanzas.\" \/>\n<meta name=\"robots\" content=\"index, follow, max-snippet:-1, max-image-preview:large, max-video-preview:-1\" \/>\n<link rel=\"canonical\" href=\"https:\/\/myadvocate.tax\/wage-garnishment\/\" \/>\n<meta property=\"og:locale\" content=\"es_ES\" \/>\n<meta property=\"og:type\" content=\"article\" \/>\n<meta property=\"og:title\" content=\"Embargo de salarios\" \/>\n<meta property=\"og:description\" content=\"\u00bfTe embargan el sueldo? Nuestros expertos fiscales ayudan a detener embargos y embargos bancarios, reducir sanciones y crear soluciones a medida para restablecer las finanzas.\" \/>\n<meta property=\"og:url\" content=\"https:\/\/myadvocate.tax\/wage-garnishment\/\" \/>\n<meta property=\"og:site_name\" content=\"Advocate Tax Solutions LLC\" \/>\n<meta property=\"article:publisher\" content=\"https:\/\/www.facebook.com\/profile.php?id=100094006291133\" \/>\n<meta property=\"article:modified_time\" content=\"2025-09-16T12:06:28+00:00\" \/>\n<meta property=\"og:image\" content=\"https:\/\/myadvocate.tax\/wp-content\/uploads\/2023\/07\/tax-relief.webp\" \/>\n\t<meta property=\"og:image:width\" content=\"724\" \/>\n\t<meta property=\"og:image:height\" content=\"483\" \/>\n\t<meta property=\"og:image:type\" content=\"image\/webp\" \/>\n<meta name=\"twitter:card\" content=\"summary_large_image\" \/>\n<meta name=\"twitter:label1\" content=\"Tiempo de lectura\" \/>\n\t<meta name=\"twitter:data1\" content=\"2 minutos\" \/>\n<script type=\"application\/ld+json\" class=\"yoast-schema-graph\">{\"@context\":\"https:\/\/schema.org\",\"@graph\":[{\"@type\":\"WebPage\",\"@id\":\"https:\/\/myadvocate.tax\/wage-garnishment\/\",\"url\":\"https:\/\/myadvocate.tax\/wage-garnishment\/\",\"name\":\"Alivio de Embargo de Salario | Advocate Tax Solutions\",\"isPartOf\":{\"@id\":\"https:\/\/myadvocate.tax\/#website\"},\"primaryImageOfPage\":{\"@id\":\"https:\/\/myadvocate.tax\/wage-garnishment\/#primaryimage\"},\"image\":{\"@id\":\"https:\/\/myadvocate.tax\/wage-garnishment\/#primaryimage\"},\"thumbnailUrl\":\"https:\/\/myadvocate.tax\/wp-content\/uploads\/2023\/07\/tax-relief.webp\",\"datePublished\":\"2023-07-22T06:50:29+00:00\",\"dateModified\":\"2025-09-16T12:06:28+00:00\",\"description\":\"\u00bfTe embargan el sueldo? Nuestros expertos fiscales ayudan a detener embargos y embargos bancarios, reducir sanciones y crear soluciones a medida para restablecer las finanzas.\",\"breadcrumb\":{\"@id\":\"https:\/\/myadvocate.tax\/wage-garnishment\/#breadcrumb\"},\"inLanguage\":\"es\",\"potentialAction\":[{\"@type\":\"ReadAction\",\"target\":[\"https:\/\/myadvocate.tax\/wage-garnishment\/\"]}]},{\"@type\":\"ImageObject\",\"inLanguage\":\"es\",\"@id\":\"https:\/\/myadvocate.tax\/wage-garnishment\/#primaryimage\",\"url\":\"https:\/\/myadvocate.tax\/wp-content\/uploads\/2023\/07\/tax-relief.webp\",\"contentUrl\":\"https:\/\/myadvocate.tax\/wp-content\/uploads\/2023\/07\/tax-relief.webp\"},{\"@type\":\"BreadcrumbList\",\"@id\":\"https:\/\/myadvocate.tax\/wage-garnishment\/#breadcrumb\",\"itemListElement\":[{\"@type\":\"ListItem\",\"position\":1,\"name\":\"Home\",\"item\":\"https:\/\/myadvocate.tax\/\"},{\"@type\":\"ListItem\",\"position\":2,\"name\":\"Embargo de salarios\"}]},{\"@type\":\"WebSite\",\"@id\":\"https:\/\/myadvocate.tax\/#website\",\"url\":\"https:\/\/myadvocate.tax\/\",\"name\":\"Advocate Tax Solutions LLC\",\"description\":\"Advocate Tax Solutions - Tax Debt Solutions - IRS Tax Resolution Service - State Tax Resolutions Services\",\"publisher\":{\"@id\":\"https:\/\/myadvocate.tax\/#organization\"},\"potentialAction\":[{\"@type\":\"SearchAction\",\"target\":{\"@type\":\"EntryPoint\",\"urlTemplate\":\"https:\/\/myadvocate.tax\/?s={search_term_string}\"},\"query-input\":{\"@type\":\"PropertyValueSpecification\",\"valueRequired\":true,\"valueName\":\"search_term_string\"}}],\"inLanguage\":\"es\"},{\"@type\":\"Organization\",\"@id\":\"https:\/\/myadvocate.tax\/#organization\",\"name\":\"Advocate Tax Solutions LLC\",\"url\":\"https:\/\/myadvocate.tax\/\",\"logo\":{\"@type\":\"ImageObject\",\"inLanguage\":\"es\",\"@id\":\"https:\/\/myadvocate.tax\/#\/schema\/logo\/image\/\",\"url\":\"https:\/\/myadvocate.tax\/wp-content\/uploads\/2023\/06\/Advocate-Tax-Solutions-Cropped-Border-scaled.webp\",\"contentUrl\":\"https:\/\/myadvocate.tax\/wp-content\/uploads\/2023\/06\/Advocate-Tax-Solutions-Cropped-Border-scaled.webp\",\"width\":2560,\"height\":1940,\"caption\":\"Advocate Tax Solutions LLC\"},\"image\":{\"@id\":\"https:\/\/myadvocate.tax\/#\/schema\/logo\/image\/\"},\"sameAs\":[\"https:\/\/www.facebook.com\/profile.php?id=100094006291133\"]}]}<\/script>\n<!-- \/ Yoast SEO Premium plugin. -->","yoast_head_json":{"title":"Alivio de Embargo de Salario | Advocate Tax Solutions","description":"\u00bfTe embargan el sueldo? Nuestros expertos fiscales ayudan a detener embargos y embargos bancarios, reducir sanciones y crear soluciones a medida para restablecer las finanzas.","robots":{"index":"index","follow":"follow","max-snippet":"max-snippet:-1","max-image-preview":"max-image-preview:large","max-video-preview":"max-video-preview:-1"},"canonical":"https:\/\/myadvocate.tax\/wage-garnishment\/","og_locale":"es_ES","og_type":"article","og_title":"Embargo de salarios","og_description":"\u00bfTe embargan el sueldo? Nuestros expertos fiscales ayudan a detener embargos y embargos bancarios, reducir sanciones y crear soluciones a medida para restablecer las finanzas.","og_url":"https:\/\/myadvocate.tax\/wage-garnishment\/","og_site_name":"Advocate Tax Solutions LLC","article_publisher":"https:\/\/www.facebook.com\/profile.php?id=100094006291133","article_modified_time":"2025-09-16T12:06:28+00:00","og_image":[{"width":724,"height":483,"url":"https:\/\/myadvocate.tax\/wp-content\/uploads\/2023\/07\/tax-relief.webp","type":"image\/webp"}],"twitter_card":"summary_large_image","twitter_misc":{"Tiempo de lectura":"2 minutos"},"schema":{"@context":"https:\/\/schema.org","@graph":[{"@type":"WebPage","@id":"https:\/\/myadvocate.tax\/wage-garnishment\/","url":"https:\/\/myadvocate.tax\/wage-garnishment\/","name":"Alivio de Embargo de Salario | Advocate Tax Solutions","isPartOf":{"@id":"https:\/\/myadvocate.tax\/#website"},"primaryImageOfPage":{"@id":"https:\/\/myadvocate.tax\/wage-garnishment\/#primaryimage"},"image":{"@id":"https:\/\/myadvocate.tax\/wage-garnishment\/#primaryimage"},"thumbnailUrl":"https:\/\/myadvocate.tax\/wp-content\/uploads\/2023\/07\/tax-relief.webp","datePublished":"2023-07-22T06:50:29+00:00","dateModified":"2025-09-16T12:06:28+00:00","description":"\u00bfTe embargan el sueldo? Nuestros expertos fiscales ayudan a detener embargos y embargos bancarios, reducir sanciones y crear soluciones a medida para restablecer las finanzas.","breadcrumb":{"@id":"https:\/\/myadvocate.tax\/wage-garnishment\/#breadcrumb"},"inLanguage":"es","potentialAction":[{"@type":"ReadAction","target":["https:\/\/myadvocate.tax\/wage-garnishment\/"]}]},{"@type":"ImageObject","inLanguage":"es","@id":"https:\/\/myadvocate.tax\/wage-garnishment\/#primaryimage","url":"https:\/\/myadvocate.tax\/wp-content\/uploads\/2023\/07\/tax-relief.webp","contentUrl":"https:\/\/myadvocate.tax\/wp-content\/uploads\/2023\/07\/tax-relief.webp"},{"@type":"BreadcrumbList","@id":"https:\/\/myadvocate.tax\/wage-garnishment\/#breadcrumb","itemListElement":[{"@type":"ListItem","position":1,"name":"Home","item":"https:\/\/myadvocate.tax\/"},{"@type":"ListItem","position":2,"name":"Embargo de salarios"}]},{"@type":"WebSite","@id":"https:\/\/myadvocate.tax\/#website","url":"https:\/\/myadvocate.tax\/","name":"Advocate Tax Solutions LLC","description":"Advocate Tax Solutions - Tax Debt Solutions - IRS Tax Resolution Service - State Tax Resolutions Services","publisher":{"@id":"https:\/\/myadvocate.tax\/#organization"},"potentialAction":[{"@type":"SearchAction","target":{"@type":"EntryPoint","urlTemplate":"https:\/\/myadvocate.tax\/?s={search_term_string}"},"query-input":{"@type":"PropertyValueSpecification","valueRequired":true,"valueName":"search_term_string"}}],"inLanguage":"es"},{"@type":"Organization","@id":"https:\/\/myadvocate.tax\/#organization","name":"Advocate Tax Solutions LLC","url":"https:\/\/myadvocate.tax\/","logo":{"@type":"ImageObject","inLanguage":"es","@id":"https:\/\/myadvocate.tax\/#\/schema\/logo\/image\/","url":"https:\/\/myadvocate.tax\/wp-content\/uploads\/2023\/06\/Advocate-Tax-Solutions-Cropped-Border-scaled.webp","contentUrl":"https:\/\/myadvocate.tax\/wp-content\/uploads\/2023\/06\/Advocate-Tax-Solutions-Cropped-Border-scaled.webp","width":2560,"height":1940,"caption":"Advocate Tax Solutions LLC"},"image":{"@id":"https:\/\/myadvocate.tax\/#\/schema\/logo\/image\/"},"sameAs":["https:\/\/www.facebook.com\/profile.php?id=100094006291133"]}]}},"_links":{"self":[{"href":"https:\/\/myadvocate.tax\/es\/wp-json\/wp\/v2\/pages\/4745","targetHints":{"allow":["GET"]}}],"collection":[{"href":"https:\/\/myadvocate.tax\/es\/wp-json\/wp\/v2\/pages"}],"about":[{"href":"https:\/\/myadvocate.tax\/es\/wp-json\/wp\/v2\/types\/page"}],"author":[{"embeddable":true,"href":"https:\/\/myadvocate.tax\/es\/wp-json\/wp\/v2\/users\/1"}],"replies":[{"embeddable":true,"href":"https:\/\/myadvocate.tax\/es\/wp-json\/wp\/v2\/comments?post=4745"}],"version-history":[{"count":0,"href":"https:\/\/myadvocate.tax\/es\/wp-json\/wp\/v2\/pages\/4745\/revisions"}],"wp:attachment":[{"href":"https:\/\/myadvocate.tax\/es\/wp-json\/wp\/v2\/media?parent=4745"}],"curies":[{"name":"wp","href":"https:\/\/api.w.org\/{rel}","templated":true}]}}