{"id":4743,"date":"2023-07-19T13:11:20","date_gmt":"2023-07-19T13:11:20","guid":{"rendered":"https:\/\/myadvocate.tax\/resolucion-de-impuestos-del-irs\/"},"modified":"2025-09-17T05:54:02","modified_gmt":"2025-09-17T05:54:02","slug":"resolucion-de-impuestos-del-irs","status":"publish","type":"page","link":"https:\/\/myadvocate.tax\/es\/resolucion-de-impuestos-del-irs\/","title":{"rendered":"Resoluci\u00f3n de impuestos del IRS"},"content":{"rendered":"\t\t<div data-elementor-type=\"wp-page\" data-elementor-id=\"4743\" class=\"elementor elementor-4743 elementor-1760\" data-elementor-post-type=\"page\">\n\t\t\t\t\t\t<section class=\"elementor-section elementor-top-section elementor-element elementor-element-d4a05b0 elementor-section-full_width elementor-reverse-mobile elementor-reverse-tablet elementor-section-height-default elementor-section-height-default\" data-id=\"d4a05b0\" data-element_type=\"section\">\n\t\t\t\t\t\t<div class=\"elementor-container elementor-column-gap-default\">\n\t\t\t\t\t<div class=\"elementor-column elementor-col-50 elementor-top-column elementor-element elementor-element-0f0e54b\" data-id=\"0f0e54b\" data-element_type=\"column\">\n\t\t\t<div class=\"elementor-widget-wrap elementor-element-populated\">\n\t\t\t\t\t\t<div class=\"elementor-element elementor-element-c9f1d1e elementor-widget elementor-widget-text-editor\" data-id=\"c9f1d1e\" data-element_type=\"widget\" data-widget_type=\"text-editor.default\">\n\t\t\t\t<div class=\"elementor-widget-container\">\n\t\t\t\t\t\t\t\t\t<p><span style=\"font-weight: 400;\">La resoluci\u00f3n de impuestos del IRS es el proceso de resolver sus problemas fiscales con el IRS. No es una batalla entre usted y el IRS, sino m\u00e1s bien un proceso para aprovechar los programas de dificultades que pueden estar disponibles para usted como contribuyente. La Agencia Tributaria no est\u00e1 obligada a ayudar a los contribuyentes a establecer una resoluci\u00f3n fiscal. Si presentas tu caso siguiendo sus normas y directrices, tendr\u00e1s m\u00e1s posibilidades de conseguir importantes ahorros con  <\/span>servicios de liquidaci\u00f3n de impuestos<span style=\"font-weight: 400;\">.<\/span><\/p><p>Los programas fiscales del IRS y las opciones disponibles para los contribuyentes que cumplen los requisitos de elegibilidad. Varios factores determinan si puede acogerse a un programa concreto. El IRS tiene en cuenta su capacidad de pago, que incluye sus ingresos y gastos actuales, y sus activos. Todos los casos individuales son diferentes, por lo que trabajar con un especialista en impuestos del IRS le da la mejor oportunidad de calificar para la mejor resoluci\u00f3n de impuestos del IRS.<\/p><p>El IRS ofrece una variedad de opciones de resoluci\u00f3n de impuestos para que los contribuyentes puedan elegir. Una cosa importante a entender cuando se trata con el IRS es que tienen PLAZOS. La dilaci\u00f3n no est\u00e1 de su parte cuando se enfrenta a los impuestos atrasados. Si quiere obtener el mejor resultado posible, es crucial que conozca todas sus opciones lo antes posible y ponga en marcha su plan de resoluci\u00f3n fiscal.<\/p>\t\t\t\t\t\t\t\t<\/div>\n\t\t\t\t<\/div>\n\t\t\t\t\t<\/div>\n\t\t<\/div>\n\t\t\t\t<div class=\"elementor-column elementor-col-50 elementor-top-column elementor-element elementor-element-e457f46\" data-id=\"e457f46\" data-element_type=\"column\">\n\t\t\t<div class=\"elementor-widget-wrap elementor-element-populated\">\n\t\t\t\t\t\t<div class=\"elementor-element elementor-element-1142c87 elementor-widget elementor-widget-image\" data-id=\"1142c87\" data-element_type=\"widget\" data-widget_type=\"image.default\">\n\t\t\t\t<div class=\"elementor-widget-container\">\n\t\t\t\t\t\t\t\t\t\t\t\t\t\t\t<img fetchpriority=\"high\" decoding=\"async\" width=\"1024\" height=\"683\" src=\"https:\/\/myadvocate.tax\/wp-content\/uploads\/2023\/07\/tax-relief-services-1024x683-1.webp\" class=\"attachment-full size-full wp-image-4692\" alt=\"discussing tax case with clients\" srcset=\"https:\/\/myadvocate.tax\/wp-content\/uploads\/2023\/07\/tax-relief-services-1024x683-1.webp 1024w, https:\/\/myadvocate.tax\/wp-content\/uploads\/2023\/07\/tax-relief-services-1024x683-1-300x200.webp 300w, https:\/\/myadvocate.tax\/wp-content\/uploads\/2023\/07\/tax-relief-services-1024x683-1-768x512.webp 768w\" sizes=\"(max-width: 1024px) 100vw, 1024px\" \/>\t\t\t\t\t\t\t\t\t\t\t\t\t\t\t<\/div>\n\t\t\t\t<\/div>\n\t\t\t\t\t<\/div>\n\t\t<\/div>\n\t\t\t\t\t<\/div>\n\t\t<\/section>\n\t\t\t\t<\/div>\n\t\t","protected":false},"excerpt":{"rendered":"<p>La resoluci\u00f3n de impuestos del IRS es el proceso de resolver sus problemas fiscales con el IRS. No es una batalla entre usted y el IRS, sino m\u00e1s bien un proceso para aprovechar los programas de dificultades que pueden estar disponibles para usted como contribuyente. La Agencia Tributaria no est\u00e1 obligada a ayudar a los [&hellip;]<\/p>\n","protected":false},"author":1,"featured_media":0,"parent":0,"menu_order":0,"comment_status":"closed","ping_status":"closed","template":"","meta":{"_coblocks_attr":"","_coblocks_dimensions":"","_coblocks_responsive_height":"","_coblocks_accordion_ie_support":"","footnotes":""},"class_list":["post-4743","page","type-page","status-publish","hentry"],"yoast_head":"<!-- This site is optimized with the Yoast SEO Premium plugin v26.6 (Yoast SEO v26.6) - https:\/\/yoast.com\/wordpress\/plugins\/seo\/ -->\n<title>IRS Tax Resolution | Abogado Soluciones Fiscales<\/title>\n<meta name=\"description\" content=\"Obt\u00e9n servicios expertos de resoluci\u00f3n de impuestos del IRS para reducir las sanciones. Nuestros especialistas crean soluciones a medida para restablecer tu libertad financiera.\" \/>\n<meta name=\"robots\" content=\"index, follow, max-snippet:-1, max-image-preview:large, max-video-preview:-1\" \/>\n<link rel=\"canonical\" href=\"https:\/\/myadvocate.tax\/es\/resolucion-de-impuestos-del-irs\/\" \/>\n<meta property=\"og:locale\" content=\"es_ES\" \/>\n<meta property=\"og:type\" content=\"article\" \/>\n<meta property=\"og:title\" content=\"Resoluci\u00f3n de impuestos del IRS\" \/>\n<meta property=\"og:description\" content=\"Obt\u00e9n servicios expertos de resoluci\u00f3n de impuestos del IRS para reducir las sanciones. Nuestros especialistas crean soluciones a medida para restablecer tu libertad financiera.\" \/>\n<meta property=\"og:url\" content=\"https:\/\/myadvocate.tax\/es\/resolucion-de-impuestos-del-irs\/\" \/>\n<meta property=\"og:site_name\" content=\"Advocate Tax Solutions LLC\" \/>\n<meta property=\"article:publisher\" content=\"https:\/\/www.facebook.com\/profile.php?id=100094006291133\" \/>\n<meta property=\"article:modified_time\" content=\"2025-09-17T05:54:02+00:00\" \/>\n<meta property=\"og:image\" content=\"https:\/\/myadvocate.tax\/wp-content\/uploads\/2023\/07\/tax-relief-services-1024x683-1.webp\" \/>\n\t<meta property=\"og:image:width\" content=\"1024\" \/>\n\t<meta property=\"og:image:height\" content=\"683\" \/>\n\t<meta property=\"og:image:type\" content=\"image\/webp\" \/>\n<meta name=\"twitter:card\" content=\"summary_large_image\" \/>\n<meta name=\"twitter:label1\" content=\"Tiempo de lectura\" \/>\n\t<meta name=\"twitter:data1\" content=\"1 minuto\" \/>\n<script type=\"application\/ld+json\" class=\"yoast-schema-graph\">{\"@context\":\"https:\/\/schema.org\",\"@graph\":[{\"@type\":\"WebPage\",\"@id\":\"https:\/\/myadvocate.tax\/es\/resolucion-de-impuestos-del-irs\/\",\"url\":\"https:\/\/myadvocate.tax\/es\/resolucion-de-impuestos-del-irs\/\",\"name\":\"IRS Tax Resolution | Abogado Soluciones Fiscales\",\"isPartOf\":{\"@id\":\"https:\/\/myadvocate.tax\/#website\"},\"primaryImageOfPage\":{\"@id\":\"https:\/\/myadvocate.tax\/es\/resolucion-de-impuestos-del-irs\/#primaryimage\"},\"image\":{\"@id\":\"https:\/\/myadvocate.tax\/es\/resolucion-de-impuestos-del-irs\/#primaryimage\"},\"thumbnailUrl\":\"https:\/\/myadvocate.tax\/wp-content\/uploads\/2023\/07\/tax-relief-services-1024x683-1.webp\",\"datePublished\":\"2023-07-19T13:11:20+00:00\",\"dateModified\":\"2025-09-17T05:54:02+00:00\",\"description\":\"Obt\u00e9n servicios expertos de resoluci\u00f3n de impuestos del IRS para reducir las sanciones. Nuestros especialistas crean soluciones a medida para restablecer tu libertad financiera.\",\"breadcrumb\":{\"@id\":\"https:\/\/myadvocate.tax\/es\/resolucion-de-impuestos-del-irs\/#breadcrumb\"},\"inLanguage\":\"es\",\"potentialAction\":[{\"@type\":\"ReadAction\",\"target\":[\"https:\/\/myadvocate.tax\/es\/resolucion-de-impuestos-del-irs\/\"]}]},{\"@type\":\"ImageObject\",\"inLanguage\":\"es\",\"@id\":\"https:\/\/myadvocate.tax\/es\/resolucion-de-impuestos-del-irs\/#primaryimage\",\"url\":\"https:\/\/myadvocate.tax\/wp-content\/uploads\/2023\/07\/tax-relief-services-1024x683-1.webp\",\"contentUrl\":\"https:\/\/myadvocate.tax\/wp-content\/uploads\/2023\/07\/tax-relief-services-1024x683-1.webp\"},{\"@type\":\"BreadcrumbList\",\"@id\":\"https:\/\/myadvocate.tax\/es\/resolucion-de-impuestos-del-irs\/#breadcrumb\",\"itemListElement\":[{\"@type\":\"ListItem\",\"position\":1,\"name\":\"Home\",\"item\":\"https:\/\/myadvocate.tax\/\"},{\"@type\":\"ListItem\",\"position\":2,\"name\":\"Resoluci\u00f3n de impuestos del IRS\"}]},{\"@type\":\"WebSite\",\"@id\":\"https:\/\/myadvocate.tax\/#website\",\"url\":\"https:\/\/myadvocate.tax\/\",\"name\":\"Advocate Tax Solutions LLC\",\"description\":\"Advocate Tax Solutions - Tax Debt Solutions - IRS Tax Resolution Service - State Tax Resolutions Services\",\"publisher\":{\"@id\":\"https:\/\/myadvocate.tax\/#organization\"},\"potentialAction\":[{\"@type\":\"SearchAction\",\"target\":{\"@type\":\"EntryPoint\",\"urlTemplate\":\"https:\/\/myadvocate.tax\/?s={search_term_string}\"},\"query-input\":{\"@type\":\"PropertyValueSpecification\",\"valueRequired\":true,\"valueName\":\"search_term_string\"}}],\"inLanguage\":\"es\"},{\"@type\":\"Organization\",\"@id\":\"https:\/\/myadvocate.tax\/#organization\",\"name\":\"Advocate Tax Solutions LLC\",\"url\":\"https:\/\/myadvocate.tax\/\",\"logo\":{\"@type\":\"ImageObject\",\"inLanguage\":\"es\",\"@id\":\"https:\/\/myadvocate.tax\/#\/schema\/logo\/image\/\",\"url\":\"https:\/\/myadvocate.tax\/wp-content\/uploads\/2023\/06\/Advocate-Tax-Solutions-Cropped-Border-scaled.webp\",\"contentUrl\":\"https:\/\/myadvocate.tax\/wp-content\/uploads\/2023\/06\/Advocate-Tax-Solutions-Cropped-Border-scaled.webp\",\"width\":2560,\"height\":1940,\"caption\":\"Advocate Tax Solutions LLC\"},\"image\":{\"@id\":\"https:\/\/myadvocate.tax\/#\/schema\/logo\/image\/\"},\"sameAs\":[\"https:\/\/www.facebook.com\/profile.php?id=100094006291133\"]}]}<\/script>\n<!-- \/ Yoast SEO Premium plugin. -->","yoast_head_json":{"title":"IRS Tax Resolution | Abogado Soluciones Fiscales","description":"Obt\u00e9n servicios expertos de resoluci\u00f3n de impuestos del IRS para reducir las sanciones. Nuestros especialistas crean soluciones a medida para restablecer tu libertad financiera.","robots":{"index":"index","follow":"follow","max-snippet":"max-snippet:-1","max-image-preview":"max-image-preview:large","max-video-preview":"max-video-preview:-1"},"canonical":"https:\/\/myadvocate.tax\/es\/resolucion-de-impuestos-del-irs\/","og_locale":"es_ES","og_type":"article","og_title":"Resoluci\u00f3n de impuestos del IRS","og_description":"Obt\u00e9n servicios expertos de resoluci\u00f3n de impuestos del IRS para reducir las sanciones. Nuestros especialistas crean soluciones a medida para restablecer tu libertad financiera.","og_url":"https:\/\/myadvocate.tax\/es\/resolucion-de-impuestos-del-irs\/","og_site_name":"Advocate Tax Solutions LLC","article_publisher":"https:\/\/www.facebook.com\/profile.php?id=100094006291133","article_modified_time":"2025-09-17T05:54:02+00:00","og_image":[{"width":1024,"height":683,"url":"https:\/\/myadvocate.tax\/wp-content\/uploads\/2023\/07\/tax-relief-services-1024x683-1.webp","type":"image\/webp"}],"twitter_card":"summary_large_image","twitter_misc":{"Tiempo de lectura":"1 minuto"},"schema":{"@context":"https:\/\/schema.org","@graph":[{"@type":"WebPage","@id":"https:\/\/myadvocate.tax\/es\/resolucion-de-impuestos-del-irs\/","url":"https:\/\/myadvocate.tax\/es\/resolucion-de-impuestos-del-irs\/","name":"IRS Tax Resolution | Abogado Soluciones Fiscales","isPartOf":{"@id":"https:\/\/myadvocate.tax\/#website"},"primaryImageOfPage":{"@id":"https:\/\/myadvocate.tax\/es\/resolucion-de-impuestos-del-irs\/#primaryimage"},"image":{"@id":"https:\/\/myadvocate.tax\/es\/resolucion-de-impuestos-del-irs\/#primaryimage"},"thumbnailUrl":"https:\/\/myadvocate.tax\/wp-content\/uploads\/2023\/07\/tax-relief-services-1024x683-1.webp","datePublished":"2023-07-19T13:11:20+00:00","dateModified":"2025-09-17T05:54:02+00:00","description":"Obt\u00e9n servicios expertos de resoluci\u00f3n de impuestos del IRS para reducir las sanciones. Nuestros especialistas crean soluciones a medida para restablecer tu libertad financiera.","breadcrumb":{"@id":"https:\/\/myadvocate.tax\/es\/resolucion-de-impuestos-del-irs\/#breadcrumb"},"inLanguage":"es","potentialAction":[{"@type":"ReadAction","target":["https:\/\/myadvocate.tax\/es\/resolucion-de-impuestos-del-irs\/"]}]},{"@type":"ImageObject","inLanguage":"es","@id":"https:\/\/myadvocate.tax\/es\/resolucion-de-impuestos-del-irs\/#primaryimage","url":"https:\/\/myadvocate.tax\/wp-content\/uploads\/2023\/07\/tax-relief-services-1024x683-1.webp","contentUrl":"https:\/\/myadvocate.tax\/wp-content\/uploads\/2023\/07\/tax-relief-services-1024x683-1.webp"},{"@type":"BreadcrumbList","@id":"https:\/\/myadvocate.tax\/es\/resolucion-de-impuestos-del-irs\/#breadcrumb","itemListElement":[{"@type":"ListItem","position":1,"name":"Home","item":"https:\/\/myadvocate.tax\/"},{"@type":"ListItem","position":2,"name":"Resoluci\u00f3n de impuestos del IRS"}]},{"@type":"WebSite","@id":"https:\/\/myadvocate.tax\/#website","url":"https:\/\/myadvocate.tax\/","name":"Advocate Tax Solutions LLC","description":"Advocate Tax Solutions - Tax Debt Solutions - IRS Tax Resolution Service - State Tax Resolutions Services","publisher":{"@id":"https:\/\/myadvocate.tax\/#organization"},"potentialAction":[{"@type":"SearchAction","target":{"@type":"EntryPoint","urlTemplate":"https:\/\/myadvocate.tax\/?s={search_term_string}"},"query-input":{"@type":"PropertyValueSpecification","valueRequired":true,"valueName":"search_term_string"}}],"inLanguage":"es"},{"@type":"Organization","@id":"https:\/\/myadvocate.tax\/#organization","name":"Advocate Tax Solutions LLC","url":"https:\/\/myadvocate.tax\/","logo":{"@type":"ImageObject","inLanguage":"es","@id":"https:\/\/myadvocate.tax\/#\/schema\/logo\/image\/","url":"https:\/\/myadvocate.tax\/wp-content\/uploads\/2023\/06\/Advocate-Tax-Solutions-Cropped-Border-scaled.webp","contentUrl":"https:\/\/myadvocate.tax\/wp-content\/uploads\/2023\/06\/Advocate-Tax-Solutions-Cropped-Border-scaled.webp","width":2560,"height":1940,"caption":"Advocate Tax Solutions LLC"},"image":{"@id":"https:\/\/myadvocate.tax\/#\/schema\/logo\/image\/"},"sameAs":["https:\/\/www.facebook.com\/profile.php?id=100094006291133"]}]}},"_links":{"self":[{"href":"https:\/\/myadvocate.tax\/es\/wp-json\/wp\/v2\/pages\/4743","targetHints":{"allow":["GET"]}}],"collection":[{"href":"https:\/\/myadvocate.tax\/es\/wp-json\/wp\/v2\/pages"}],"about":[{"href":"https:\/\/myadvocate.tax\/es\/wp-json\/wp\/v2\/types\/page"}],"author":[{"embeddable":true,"href":"https:\/\/myadvocate.tax\/es\/wp-json\/wp\/v2\/users\/1"}],"replies":[{"embeddable":true,"href":"https:\/\/myadvocate.tax\/es\/wp-json\/wp\/v2\/comments?post=4743"}],"version-history":[{"count":0,"href":"https:\/\/myadvocate.tax\/es\/wp-json\/wp\/v2\/pages\/4743\/revisions"}],"wp:attachment":[{"href":"https:\/\/myadvocate.tax\/es\/wp-json\/wp\/v2\/media?parent=4743"}],"curies":[{"name":"wp","href":"https:\/\/api.w.org\/{rel}","templated":true}]}}