{"id":4740,"date":"2023-07-18T08:00:25","date_gmt":"2023-07-18T08:00:25","guid":{"rendered":"https:\/\/myadvocate.tax\/retenciones\/"},"modified":"2025-09-17T05:52:24","modified_gmt":"2025-09-17T05:52:24","slug":"retenciones","status":"publish","type":"page","link":"https:\/\/myadvocate.tax\/es\/retenciones\/","title":{"rendered":"Retenci\u00f3n de cobros"},"content":{"rendered":"\t\t<div data-elementor-type=\"wp-page\" data-elementor-id=\"4740\" class=\"elementor elementor-4740 elementor-1455\" data-elementor-post-type=\"page\">\n\t\t\t\t\t\t<section class=\"elementor-section elementor-top-section elementor-element elementor-element-800852b elementor-reverse-mobile elementor-section-boxed elementor-section-height-default elementor-section-height-default\" data-id=\"800852b\" data-element_type=\"section\">\n\t\t\t\t\t\t<div class=\"elementor-container elementor-column-gap-default\">\n\t\t\t\t\t<div class=\"elementor-column elementor-col-50 elementor-top-column elementor-element elementor-element-c25107f\" data-id=\"c25107f\" data-element_type=\"column\">\n\t\t\t<div class=\"elementor-widget-wrap elementor-element-populated\">\n\t\t\t\t\t\t<div class=\"elementor-element elementor-element-c6026f5 elementor-widget elementor-widget-text-editor\" data-id=\"c6026f5\" data-element_type=\"widget\" data-widget_type=\"text-editor.default\">\n\t\t\t\t<div class=\"elementor-widget-container\">\n\t\t\t\t\t\t\t\t\t<h1 data-start=\"192\" data-end=\"257\">C\u00f3mo una retenci\u00f3n de cobros puede detener los cobros de impuestos estatales y del IRS<\/h1><p data-start=\"259\" data-end=\"475\">Si debes impuestos atrasados, es posible que ya te est\u00e9s enfrentando a agresivos cobros del IRS o del estado. Una retenci\u00f3n de cobros puede detener temporalmente estas acciones, incluidos los embargos salariales, los <a href=\"http:\/\/myadvocate.tax\/es\/liberacion-de-la-tasa-bancaria\/\">embargos bancarios<\/a>, los embargos fiscales o los avisos reiterados. <\/p><p data-start=\"477\" data-end=\"714\">Uno de los primeros pasos que dan nuestros profesionales fiscales autorizados es solicitar una retenci\u00f3n de cobro. Esto detiene temporalmente la actividad de cobro. No todos los organismos estatales aprueban las retenciones, pero el IRS y muchos estados s\u00ed lo hacen en determinadas circunstancias.  <\/p><h2 data-start=\"716\" data-end=\"748\">\u00bfQu\u00e9 es una retenci\u00f3n de cobros?<\/h2><p data-start=\"750\" data-end=\"980\">Una retenci\u00f3n de cobros es una pausa temporal en los cobros de impuestos del IRS o del Estado. Proporciona a los contribuyentes un respiro para resolver sus problemas fiscales. Durante este tiempo, nuestro equipo se centra en construir tu caso sin acciones coercitivas inmediatas.  <\/p><h2 data-start=\"982\" data-end=\"1005\">C\u00f3mo ayuda nuestro equipo<\/h2><p data-start=\"1007\" data-end=\"1055\">Mientras una retenci\u00f3n est\u00e1 activa, nuestros profesionales pueden:<\/p><ul data-start=\"1057\" data-end=\"1306\"><li data-start=\"1057\" data-end=\"1128\"><p data-start=\"1059\" data-end=\"1128\">Presenta las<a href=\"https:\/\/en.wikipedia.org\/wiki\/Tax_return\" target=\"_blank\" rel=\"noopener\"> declaraciones de la renta<\/a> no presentadas necesarias para cumplir la normativa.<\/p><\/li><li data-start=\"1129\" data-end=\"1189\"><p data-start=\"1131\" data-end=\"1189\">Realiza un an\u00e1lisis financiero exhaustivo de tu situaci\u00f3n.<\/p><\/li><li data-start=\"1190\" data-end=\"1306\"><p data-start=\"1192\" data-end=\"1306\">Negocia directamente con Hacienda o el Estado para conseguir un plan de pagos o un acuerdo, como una Oferta de Transacci\u00f3n.<\/p><\/li><\/ul><p data-start=\"1308\" data-end=\"1408\">Estos pasos garantizan que tus asuntos fiscales se traten con eficacia mientras la actividad recaudatoria est\u00e1 en pausa.<\/p><h2 data-start=\"1410\" data-end=\"1453\">\u00bfCu\u00e1nto dura una retenci\u00f3n de cobros?<\/h2><p data-start=\"1455\" data-end=\"1732\">La duraci\u00f3n de una retenci\u00f3n depende de la autoridad fiscal y de tus circunstancias. Algunas duran s\u00f3lo unas semanas, mientras que otras se prolongan de 60 a 90 d\u00edas o m\u00e1s. Independientemente del plazo, la principal ventaja es la misma: la actividad recaudatoria se detiene, lo que te proporciona protecci\u00f3n y tranquilidad.  <\/p><h2 data-start=\"1734\" data-end=\"1768\">Por qu\u00e9 es importante solicitar una retenci\u00f3n<\/h2><p data-start=\"1770\" data-end=\"2035\">Solicitar una retenci\u00f3n suele ser el primer paso para aliviarse de los cobros de impuestos del IRS o del estado. Detiene las acciones agresivas de ejecuci\u00f3n y da tiempo para cumplir la normativa. Tambi\u00e9n crea una v\u00eda para negociar planes de pago o acuerdos con las autoridades fiscales.  <\/p><h2 data-start=\"2037\" data-end=\"2059\">Act\u00faa hoy<\/h2><p data-start=\"2061\" data-end=\"2310\">Si tienes una deuda tributaria con el IRS o con el Estado, ponte en contacto con nuestro despacho hoy mismo. Nuestros profesionales licenciados en impuestos pueden detener las acciones de cobro y trabajar para conseguir la resoluci\u00f3n m\u00e1s asequible disponible. Guiamos a los contribuyentes a trav\u00e9s de los procesos de retenci\u00f3n de forma eficaz.  <\/p>\t\t\t\t\t\t\t\t<\/div>\n\t\t\t\t<\/div>\n\t\t\t\t\t<\/div>\n\t\t<\/div>\n\t\t\t\t<div class=\"elementor-column elementor-col-50 elementor-top-column elementor-element elementor-element-0853373\" data-id=\"0853373\" data-element_type=\"column\">\n\t\t\t<div class=\"elementor-widget-wrap elementor-element-populated\">\n\t\t\t\t\t\t<div class=\"elementor-element elementor-element-f1b501c elementor-widget elementor-widget-image\" data-id=\"f1b501c\" data-element_type=\"widget\" data-widget_type=\"image.default\">\n\t\t\t\t<div class=\"elementor-widget-container\">\n\t\t\t\t\t\t\t\t\t\t\t\t\t\t\t<img fetchpriority=\"high\" decoding=\"async\" width=\"800\" height=\"448\" src=\"https:\/\/myadvocate.tax\/wp-content\/uploads\/2023\/09\/20230917105915_fpdl_in_real_estate_agent_customer_shaking_hands-1024x574.jpg\" class=\"attachment-large size-large wp-image-4734\" alt=\"Agent-costumer-shaking-hands\" srcset=\"https:\/\/myadvocate.tax\/wp-content\/uploads\/2023\/09\/20230917105915_fpdl_in_real_estate_agent_customer_shaking_hands-1024x574.jpg 1024w, https:\/\/myadvocate.tax\/wp-content\/uploads\/2023\/09\/20230917105915_fpdl_in_real_estate_agent_customer_shaking_hands-300x168.jpg 300w, https:\/\/myadvocate.tax\/wp-content\/uploads\/2023\/09\/20230917105915_fpdl_in_real_estate_agent_customer_shaking_hands-768x430.jpg 768w, https:\/\/myadvocate.tax\/wp-content\/uploads\/2023\/09\/20230917105915_fpdl_in_real_estate_agent_customer_shaking_hands-1536x861.jpg 1536w, https:\/\/myadvocate.tax\/wp-content\/uploads\/2023\/09\/20230917105915_fpdl_in_real_estate_agent_customer_shaking_hands.jpg 2000w\" sizes=\"(max-width: 800px) 100vw, 800px\" \/>\t\t\t\t\t\t\t\t\t\t\t\t\t\t\t<\/div>\n\t\t\t\t<\/div>\n\t\t\t\t\t<\/div>\n\t\t<\/div>\n\t\t\t\t\t<\/div>\n\t\t<\/section>\n\t\t\t\t<\/div>\n\t\t","protected":false},"excerpt":{"rendered":"<p>C\u00f3mo una retenci\u00f3n de cobros puede detener los cobros de impuestos estatales y del IRS Si debes impuestos atrasados, es posible que ya te est\u00e9s enfrentando a agresivos cobros del IRS o del estado. Una retenci\u00f3n de cobros puede detener temporalmente estas acciones, incluidos los embargos salariales, los embargos bancarios, los embargos fiscales o los [&hellip;]<\/p>\n","protected":false},"author":1,"featured_media":0,"parent":0,"menu_order":0,"comment_status":"closed","ping_status":"closed","template":"","meta":{"_coblocks_attr":"","_coblocks_dimensions":"","_coblocks_responsive_height":"","_coblocks_accordion_ie_support":"","footnotes":""},"class_list":["post-4740","page","type-page","status-publish","hentry"],"yoast_head":"<!-- This site is optimized with the Yoast SEO Premium plugin v26.6 (Yoast SEO v26.6) - https:\/\/yoast.com\/wordpress\/plugins\/seo\/ -->\n<title>Retenci\u00f3n de cobros: Prot\u00e9gete de las acciones agresivas<\/title>\n<meta name=\"description\" content=\"Consigue una retenci\u00f3n de cobros para poner en pausa los cobros del IRS\/estado mientras nuestros expertos presentan las declaraciones, Obt\u00e9n una defensa contra las auditor\u00edas del IRS y una resoluci\u00f3n fiscal a medida.\" \/>\n<meta name=\"robots\" content=\"index, follow, max-snippet:-1, max-image-preview:large, max-video-preview:-1\" \/>\n<link rel=\"canonical\" href=\"https:\/\/myadvocate.tax\/es\/retenciones\/\" \/>\n<meta property=\"og:locale\" content=\"es_ES\" \/>\n<meta property=\"og:type\" content=\"article\" \/>\n<meta property=\"og:title\" content=\"Retenci\u00f3n de cobros: entiende hoy tus opciones\" \/>\n<meta property=\"og:description\" content=\"\u00bfTienes impuestos atrasados? Descubre c\u00f3mo una retenci\u00f3n de cobros puede detener temporalmente los cobros y ayudarte a resolver tus problemas fiscales.\" \/>\n<meta property=\"og:url\" content=\"https:\/\/myadvocate.tax\/es\/retenciones\/\" \/>\n<meta property=\"og:site_name\" content=\"Advocate Tax Solutions LLC\" \/>\n<meta property=\"article:publisher\" content=\"https:\/\/www.facebook.com\/profile.php?id=100094006291133\" \/>\n<meta property=\"article:modified_time\" content=\"2025-09-17T05:52:24+00:00\" \/>\n<meta property=\"og:image\" content=\"https:\/\/myadvocate.tax\/wp-content\/uploads\/2023\/09\/20230917105915_fpdl_in_real_estate_agent_customer_shaking_hands-1024x574.jpg\" \/>\n<meta name=\"twitter:card\" content=\"summary_large_image\" \/>\n<meta name=\"twitter:title\" content=\"Retenci\u00f3n de cobros\" \/>\n<meta name=\"twitter:label1\" content=\"Tiempo de lectura\" \/>\n\t<meta name=\"twitter:data1\" content=\"2 minutos\" \/>\n<script type=\"application\/ld+json\" class=\"yoast-schema-graph\">{\"@context\":\"https:\/\/schema.org\",\"@graph\":[{\"@type\":\"WebPage\",\"@id\":\"https:\/\/myadvocate.tax\/es\/retenciones\/\",\"url\":\"https:\/\/myadvocate.tax\/es\/retenciones\/\",\"name\":\"Retenci\u00f3n de cobros: Prot\u00e9gete de las acciones agresivas\",\"isPartOf\":{\"@id\":\"https:\/\/myadvocate.tax\/#website\"},\"primaryImageOfPage\":{\"@id\":\"https:\/\/myadvocate.tax\/es\/retenciones\/#primaryimage\"},\"image\":{\"@id\":\"https:\/\/myadvocate.tax\/es\/retenciones\/#primaryimage\"},\"thumbnailUrl\":\"https:\/\/myadvocate.tax\/wp-content\/uploads\/2023\/09\/20230917105915_fpdl_in_real_estate_agent_customer_shaking_hands-1024x574.jpg\",\"datePublished\":\"2023-07-18T08:00:25+00:00\",\"dateModified\":\"2025-09-17T05:52:24+00:00\",\"description\":\"Consigue una retenci\u00f3n de cobros para poner en pausa los cobros del IRS\/estado mientras nuestros expertos presentan las declaraciones, Obt\u00e9n una defensa contra las auditor\u00edas del IRS y una resoluci\u00f3n fiscal a medida.\",\"breadcrumb\":{\"@id\":\"https:\/\/myadvocate.tax\/es\/retenciones\/#breadcrumb\"},\"inLanguage\":\"es\",\"potentialAction\":[{\"@type\":\"ReadAction\",\"target\":[\"https:\/\/myadvocate.tax\/es\/retenciones\/\"]}]},{\"@type\":\"ImageObject\",\"inLanguage\":\"es\",\"@id\":\"https:\/\/myadvocate.tax\/es\/retenciones\/#primaryimage\",\"url\":\"https:\/\/myadvocate.tax\/wp-content\/uploads\/2023\/09\/20230917105915_fpdl_in_real_estate_agent_customer_shaking_hands-1024x574.jpg\",\"contentUrl\":\"https:\/\/myadvocate.tax\/wp-content\/uploads\/2023\/09\/20230917105915_fpdl_in_real_estate_agent_customer_shaking_hands-1024x574.jpg\"},{\"@type\":\"BreadcrumbList\",\"@id\":\"https:\/\/myadvocate.tax\/es\/retenciones\/#breadcrumb\",\"itemListElement\":[{\"@type\":\"ListItem\",\"position\":1,\"name\":\"Home\",\"item\":\"https:\/\/myadvocate.tax\/\"},{\"@type\":\"ListItem\",\"position\":2,\"name\":\"Retenci\u00f3n de cobros\"}]},{\"@type\":\"WebSite\",\"@id\":\"https:\/\/myadvocate.tax\/#website\",\"url\":\"https:\/\/myadvocate.tax\/\",\"name\":\"Advocate Tax Solutions LLC\",\"description\":\"Advocate Tax Solutions - Tax Debt Solutions - IRS Tax Resolution Service - State Tax Resolutions Services\",\"publisher\":{\"@id\":\"https:\/\/myadvocate.tax\/#organization\"},\"potentialAction\":[{\"@type\":\"SearchAction\",\"target\":{\"@type\":\"EntryPoint\",\"urlTemplate\":\"https:\/\/myadvocate.tax\/?s={search_term_string}\"},\"query-input\":{\"@type\":\"PropertyValueSpecification\",\"valueRequired\":true,\"valueName\":\"search_term_string\"}}],\"inLanguage\":\"es\"},{\"@type\":\"Organization\",\"@id\":\"https:\/\/myadvocate.tax\/#organization\",\"name\":\"Advocate Tax Solutions LLC\",\"url\":\"https:\/\/myadvocate.tax\/\",\"logo\":{\"@type\":\"ImageObject\",\"inLanguage\":\"es\",\"@id\":\"https:\/\/myadvocate.tax\/#\/schema\/logo\/image\/\",\"url\":\"https:\/\/myadvocate.tax\/wp-content\/uploads\/2023\/06\/Advocate-Tax-Solutions-Cropped-Border-scaled.webp\",\"contentUrl\":\"https:\/\/myadvocate.tax\/wp-content\/uploads\/2023\/06\/Advocate-Tax-Solutions-Cropped-Border-scaled.webp\",\"width\":2560,\"height\":1940,\"caption\":\"Advocate Tax Solutions LLC\"},\"image\":{\"@id\":\"https:\/\/myadvocate.tax\/#\/schema\/logo\/image\/\"},\"sameAs\":[\"https:\/\/www.facebook.com\/profile.php?id=100094006291133\"]}]}<\/script>\n<!-- \/ Yoast SEO Premium plugin. -->","yoast_head_json":{"title":"Retenci\u00f3n de cobros: Prot\u00e9gete de las acciones agresivas","description":"Consigue una retenci\u00f3n de cobros para poner en pausa los cobros del IRS\/estado mientras nuestros expertos presentan las declaraciones, Obt\u00e9n una defensa contra las auditor\u00edas del IRS y una resoluci\u00f3n fiscal a medida.","robots":{"index":"index","follow":"follow","max-snippet":"max-snippet:-1","max-image-preview":"max-image-preview:large","max-video-preview":"max-video-preview:-1"},"canonical":"https:\/\/myadvocate.tax\/es\/retenciones\/","og_locale":"es_ES","og_type":"article","og_title":"Retenci\u00f3n de cobros: entiende hoy tus opciones","og_description":"\u00bfTienes impuestos atrasados? Descubre c\u00f3mo una retenci\u00f3n de cobros puede detener temporalmente los cobros y ayudarte a resolver tus problemas fiscales.","og_url":"https:\/\/myadvocate.tax\/es\/retenciones\/","og_site_name":"Advocate Tax Solutions LLC","article_publisher":"https:\/\/www.facebook.com\/profile.php?id=100094006291133","article_modified_time":"2025-09-17T05:52:24+00:00","og_image":[{"url":"https:\/\/myadvocate.tax\/wp-content\/uploads\/2023\/09\/20230917105915_fpdl_in_real_estate_agent_customer_shaking_hands-1024x574.jpg","type":"","width":"","height":""}],"twitter_card":"summary_large_image","twitter_title":"Retenci\u00f3n de cobros","twitter_misc":{"Tiempo de lectura":"2 minutos"},"schema":{"@context":"https:\/\/schema.org","@graph":[{"@type":"WebPage","@id":"https:\/\/myadvocate.tax\/es\/retenciones\/","url":"https:\/\/myadvocate.tax\/es\/retenciones\/","name":"Retenci\u00f3n de cobros: Prot\u00e9gete de las acciones agresivas","isPartOf":{"@id":"https:\/\/myadvocate.tax\/#website"},"primaryImageOfPage":{"@id":"https:\/\/myadvocate.tax\/es\/retenciones\/#primaryimage"},"image":{"@id":"https:\/\/myadvocate.tax\/es\/retenciones\/#primaryimage"},"thumbnailUrl":"https:\/\/myadvocate.tax\/wp-content\/uploads\/2023\/09\/20230917105915_fpdl_in_real_estate_agent_customer_shaking_hands-1024x574.jpg","datePublished":"2023-07-18T08:00:25+00:00","dateModified":"2025-09-17T05:52:24+00:00","description":"Consigue una retenci\u00f3n de cobros para poner en pausa los cobros del IRS\/estado mientras nuestros expertos presentan las declaraciones, Obt\u00e9n una defensa contra las auditor\u00edas del IRS y una resoluci\u00f3n fiscal a medida.","breadcrumb":{"@id":"https:\/\/myadvocate.tax\/es\/retenciones\/#breadcrumb"},"inLanguage":"es","potentialAction":[{"@type":"ReadAction","target":["https:\/\/myadvocate.tax\/es\/retenciones\/"]}]},{"@type":"ImageObject","inLanguage":"es","@id":"https:\/\/myadvocate.tax\/es\/retenciones\/#primaryimage","url":"https:\/\/myadvocate.tax\/wp-content\/uploads\/2023\/09\/20230917105915_fpdl_in_real_estate_agent_customer_shaking_hands-1024x574.jpg","contentUrl":"https:\/\/myadvocate.tax\/wp-content\/uploads\/2023\/09\/20230917105915_fpdl_in_real_estate_agent_customer_shaking_hands-1024x574.jpg"},{"@type":"BreadcrumbList","@id":"https:\/\/myadvocate.tax\/es\/retenciones\/#breadcrumb","itemListElement":[{"@type":"ListItem","position":1,"name":"Home","item":"https:\/\/myadvocate.tax\/"},{"@type":"ListItem","position":2,"name":"Retenci\u00f3n de cobros"}]},{"@type":"WebSite","@id":"https:\/\/myadvocate.tax\/#website","url":"https:\/\/myadvocate.tax\/","name":"Advocate Tax Solutions LLC","description":"Advocate Tax Solutions - Tax Debt Solutions - IRS Tax Resolution Service - State Tax Resolutions Services","publisher":{"@id":"https:\/\/myadvocate.tax\/#organization"},"potentialAction":[{"@type":"SearchAction","target":{"@type":"EntryPoint","urlTemplate":"https:\/\/myadvocate.tax\/?s={search_term_string}"},"query-input":{"@type":"PropertyValueSpecification","valueRequired":true,"valueName":"search_term_string"}}],"inLanguage":"es"},{"@type":"Organization","@id":"https:\/\/myadvocate.tax\/#organization","name":"Advocate Tax Solutions LLC","url":"https:\/\/myadvocate.tax\/","logo":{"@type":"ImageObject","inLanguage":"es","@id":"https:\/\/myadvocate.tax\/#\/schema\/logo\/image\/","url":"https:\/\/myadvocate.tax\/wp-content\/uploads\/2023\/06\/Advocate-Tax-Solutions-Cropped-Border-scaled.webp","contentUrl":"https:\/\/myadvocate.tax\/wp-content\/uploads\/2023\/06\/Advocate-Tax-Solutions-Cropped-Border-scaled.webp","width":2560,"height":1940,"caption":"Advocate Tax Solutions LLC"},"image":{"@id":"https:\/\/myadvocate.tax\/#\/schema\/logo\/image\/"},"sameAs":["https:\/\/www.facebook.com\/profile.php?id=100094006291133"]}]}},"_links":{"self":[{"href":"https:\/\/myadvocate.tax\/es\/wp-json\/wp\/v2\/pages\/4740","targetHints":{"allow":["GET"]}}],"collection":[{"href":"https:\/\/myadvocate.tax\/es\/wp-json\/wp\/v2\/pages"}],"about":[{"href":"https:\/\/myadvocate.tax\/es\/wp-json\/wp\/v2\/types\/page"}],"author":[{"embeddable":true,"href":"https:\/\/myadvocate.tax\/es\/wp-json\/wp\/v2\/users\/1"}],"replies":[{"embeddable":true,"href":"https:\/\/myadvocate.tax\/es\/wp-json\/wp\/v2\/comments?post=4740"}],"version-history":[{"count":0,"href":"https:\/\/myadvocate.tax\/es\/wp-json\/wp\/v2\/pages\/4740\/revisions"}],"wp:attachment":[{"href":"https:\/\/myadvocate.tax\/es\/wp-json\/wp\/v2\/media?parent=4740"}],"curies":[{"name":"wp","href":"https:\/\/api.w.org\/{rel}","templated":true}]}}