{"id":4739,"date":"2023-07-08T08:12:50","date_gmt":"2023-07-08T08:12:50","guid":{"rendered":"https:\/\/myadvocate.tax\/acerca-de\/"},"modified":"2025-09-17T05:41:41","modified_gmt":"2025-09-17T05:41:41","slug":"acerca-de","status":"publish","type":"page","link":"https:\/\/myadvocate.tax\/es\/acerca-de\/","title":{"rendered":"Acerca de"},"content":{"rendered":"\t\t<div data-elementor-type=\"wp-page\" data-elementor-id=\"4739\" class=\"elementor elementor-4739 elementor-896\" data-elementor-post-type=\"page\">\n\t\t\t\t\t\t<section class=\"elementor-section elementor-top-section elementor-element elementor-element-c63b671 elementor-section-full_width elementor-reverse-mobile elementor-section-height-default elementor-section-height-default\" data-id=\"c63b671\" data-element_type=\"section\">\n\t\t\t\t\t\t<div class=\"elementor-container elementor-column-gap-default\">\n\t\t\t\t\t<div class=\"elementor-column elementor-col-50 elementor-top-column elementor-element elementor-element-52a0fc8\" data-id=\"52a0fc8\" data-element_type=\"column\">\n\t\t\t<div class=\"elementor-widget-wrap elementor-element-populated\">\n\t\t\t\t\t\t<div class=\"elementor-element elementor-element-5a92b3b elementor-widget elementor-widget-text-editor\" data-id=\"5a92b3b\" data-element_type=\"widget\" data-widget_type=\"text-editor.default\">\n\t\t\t\t<div class=\"elementor-widget-container\">\n\t\t\t\t\t\t\t\t\t<p><span style=\"font-weight: 400;\">Advocate Tax Solutions es una empresa que ayuda a particulares de todo Estados Unidos. Gestionan los retos impuestos por las agresivas pr\u00e1cticas recaudatorias de las agencias tributarias estatales y federales. La deuda tributaria puede ser ciertamente estresante y causar depresi\u00f3n y ansiedad. A muchas personas les resulta abrumador tratar con estas agencias de cobro por su cuenta, sobre todo cuando se enfrentan a la posibilidad de  <\/span>embargo de salario<span style=\"font-weight: 400;\">  o embargos bancarios. Saber m\u00e1s sobre tus opciones te ayudar\u00e1 a estar m\u00e1s tranquilo con la decisi\u00f3n correcta.  <\/span>servicios de resoluci\u00f3n fiscal<span style=\"font-weight: 400;\">.<\/span><\/p>\t\t\t\t\t\t\t\t<\/div>\n\t\t\t\t<\/div>\n\t\t\t\t\t<\/div>\n\t\t<\/div>\n\t\t\t\t<div class=\"elementor-column elementor-col-50 elementor-top-column elementor-element elementor-element-ff5999b\" data-id=\"ff5999b\" data-element_type=\"column\">\n\t\t\t<div class=\"elementor-widget-wrap elementor-element-populated\">\n\t\t\t\t\t\t<div class=\"elementor-element elementor-element-abf9c48 elementor-widget elementor-widget-image\" data-id=\"abf9c48\" data-element_type=\"widget\" data-widget_type=\"image.default\">\n\t\t\t\t<div class=\"elementor-widget-container\">\n\t\t\t\t\t\t\t\t\t\t\t\t\t\t\t<img fetchpriority=\"high\" decoding=\"async\" width=\"2560\" height=\"1708\" src=\"https:\/\/myadvocate.tax\/wp-content\/uploads\/2023\/07\/group-positive-young-people-posing-together-scaled.webp\" class=\"attachment-full size-full wp-image-4665\" alt=\"\" srcset=\"https:\/\/myadvocate.tax\/wp-content\/uploads\/2023\/07\/group-positive-young-people-posing-together-scaled.webp 2560w, https:\/\/myadvocate.tax\/wp-content\/uploads\/2023\/07\/group-positive-young-people-posing-together-300x200.webp 300w, https:\/\/myadvocate.tax\/wp-content\/uploads\/2023\/07\/group-positive-young-people-posing-together-1024x683.webp 1024w, https:\/\/myadvocate.tax\/wp-content\/uploads\/2023\/07\/group-positive-young-people-posing-together-768x513.webp 768w, https:\/\/myadvocate.tax\/wp-content\/uploads\/2023\/07\/group-positive-young-people-posing-together-1536x1025.webp 1536w, https:\/\/myadvocate.tax\/wp-content\/uploads\/2023\/07\/group-positive-young-people-posing-together-2048x1367.webp 2048w\" sizes=\"(max-width: 2560px) 100vw, 2560px\" \/>\t\t\t\t\t\t\t\t\t\t\t\t\t\t\t<\/div>\n\t\t\t\t<\/div>\n\t\t\t\t\t<\/div>\n\t\t<\/div>\n\t\t\t\t\t<\/div>\n\t\t<\/section>\n\t\t\t\t<section class=\"elementor-section elementor-top-section elementor-element elementor-element-41e61a1 elementor-section-full_width elementor-section-height-default elementor-section-height-default\" data-id=\"41e61a1\" data-element_type=\"section\">\n\t\t\t\t\t\t<div class=\"elementor-container elementor-column-gap-default\">\n\t\t\t\t\t<div class=\"elementor-column elementor-col-50 elementor-top-column elementor-element elementor-element-95d9a72\" data-id=\"95d9a72\" data-element_type=\"column\">\n\t\t\t<div class=\"elementor-widget-wrap elementor-element-populated\">\n\t\t\t\t\t\t<div class=\"elementor-element elementor-element-29e93e5 elementor-widget elementor-widget-image\" data-id=\"29e93e5\" data-element_type=\"widget\" data-widget_type=\"image.default\">\n\t\t\t\t<div class=\"elementor-widget-container\">\n\t\t\t\t\t\t\t\t\t\t\t\t\t\t\t<img decoding=\"async\" width=\"800\" height=\"534\" src=\"https:\/\/myadvocate.tax\/wp-content\/uploads\/2023\/07\/community-beautiful-women-working-together-1024x683.webp\" class=\"attachment-large size-large wp-image-4664\" alt=\"\" srcset=\"https:\/\/myadvocate.tax\/wp-content\/uploads\/2023\/07\/community-beautiful-women-working-together-1024x683.webp 1024w, https:\/\/myadvocate.tax\/wp-content\/uploads\/2023\/07\/community-beautiful-women-working-together-300x200.webp 300w, https:\/\/myadvocate.tax\/wp-content\/uploads\/2023\/07\/community-beautiful-women-working-together-768x513.webp 768w, https:\/\/myadvocate.tax\/wp-content\/uploads\/2023\/07\/community-beautiful-women-working-together-1536x1025.webp 1536w, https:\/\/myadvocate.tax\/wp-content\/uploads\/2023\/07\/community-beautiful-women-working-together-2048x1367.webp 2048w\" sizes=\"(max-width: 800px) 100vw, 800px\" \/>\t\t\t\t\t\t\t\t\t\t\t\t\t\t\t<\/div>\n\t\t\t\t<\/div>\n\t\t\t\t\t<\/div>\n\t\t<\/div>\n\t\t\t\t<div class=\"elementor-column elementor-col-50 elementor-top-column elementor-element elementor-element-4f29c12\" data-id=\"4f29c12\" data-element_type=\"column\">\n\t\t\t<div class=\"elementor-widget-wrap elementor-element-populated\">\n\t\t\t\t\t\t<div class=\"elementor-element elementor-element-4c85ed3 elementor-widget elementor-widget-text-editor\" data-id=\"4c85ed3\" data-element_type=\"widget\" data-widget_type=\"text-editor.default\">\n\t\t\t\t<div class=\"elementor-widget-container\">\n\t\t\t\t\t\t\t\t\t<p><span style=\"font-weight: 400;\">Advocate Tax Solutions se dedica a utilizar su experiencia y conocimientos para ayudar a disminuir esta carga. Cuentan con un equipo de profesionales que comprenden las complejidades de las leyes y normativas fiscales y saben c\u00f3mo resolver eficazmente las cuestiones relacionadas con los impuestos. Al asociarse con Advocate Tax Solutions, los particulares pueden beneficiarse de sus conocimientos y experiencia, lo que les permite sortear las dificultades de tratar con las agencias tributarias con mayor eficacia, incluida la orientaci\u00f3n para la defensa en auditor\u00edas o en casos de exenci\u00f3n del c\u00f3nyuge inocente.<\/span><\/p>\t\t\t\t\t\t\t\t<\/div>\n\t\t\t\t<\/div>\n\t\t\t\t\t<\/div>\n\t\t<\/div>\n\t\t\t\t\t<\/div>\n\t\t<\/section>\n\t\t\t\t<section class=\"elementor-section elementor-top-section elementor-element elementor-element-dcdd7ae elementor-section-full_width elementor-reverse-mobile elementor-section-height-default elementor-section-height-default\" data-id=\"dcdd7ae\" data-element_type=\"section\">\n\t\t\t\t\t\t<div class=\"elementor-container elementor-column-gap-default\">\n\t\t\t\t\t<div class=\"elementor-column elementor-col-50 elementor-top-column elementor-element elementor-element-a251563\" data-id=\"a251563\" data-element_type=\"column\">\n\t\t\t<div class=\"elementor-widget-wrap elementor-element-populated\">\n\t\t\t\t\t\t<div class=\"elementor-element elementor-element-01e320f elementor-widget elementor-widget-text-editor\" data-id=\"01e320f\" data-element_type=\"widget\" data-widget_type=\"text-editor.default\">\n\t\t\t\t<div class=\"elementor-widget-container\">\n\t\t\t\t\t\t\t\t\t<p><span style=\"font-weight: 400;\">Los servicios prestados por Advocate Tax Solutions incluyen la negociaci\u00f3n con las autoridades fiscales en nombre de sus clientes. Dise\u00f1an estrategias para liquidar las obligaciones fiscales y preparan la documentaci\u00f3n necesaria. Su personal ofrece actualizaciones peri\u00f3dicas y orientaci\u00f3n durante todo el proceso. Al confiar sus asuntos fiscales a Advocate Tax Solutions, las personas pueden conseguir resultados potencialmente m\u00e1s favorables, como la liberaci\u00f3n de embargos fiscales federales o servicios de resoluci\u00f3n de pagos, y minimizar en gran medida el estr\u00e9s ligado a la gesti\u00f3n de problemas fiscales por su cuenta. Haz clic aqu\u00ed para saber m\u00e1s sobre lo que Advocate Tax Solutions puede hacer por ti.<\/span><\/p>\t\t\t\t\t\t\t\t<\/div>\n\t\t\t\t<\/div>\n\t\t\t\t\t<\/div>\n\t\t<\/div>\n\t\t\t\t<div class=\"elementor-column elementor-col-50 elementor-top-column elementor-element elementor-element-40fecfc\" data-id=\"40fecfc\" data-element_type=\"column\">\n\t\t\t<div class=\"elementor-widget-wrap elementor-element-populated\">\n\t\t\t\t\t\t<div class=\"elementor-element elementor-element-74fc646 elementor-widget elementor-widget-image\" data-id=\"74fc646\" data-element_type=\"widget\" data-widget_type=\"image.default\">\n\t\t\t\t<div class=\"elementor-widget-container\">\n\t\t\t\t\t\t\t\t\t\t\t\t\t\t\t<img decoding=\"async\" width=\"2560\" height=\"1707\" src=\"https:\/\/myadvocate.tax\/wp-content\/uploads\/2023\/07\/concentrated-colleagues-office-using-computer-scaled.webp\" class=\"attachment-full size-full wp-image-4666\" alt=\"\" srcset=\"https:\/\/myadvocate.tax\/wp-content\/uploads\/2023\/07\/concentrated-colleagues-office-using-computer-scaled.webp 2560w, https:\/\/myadvocate.tax\/wp-content\/uploads\/2023\/07\/concentrated-colleagues-office-using-computer-300x200.webp 300w, https:\/\/myadvocate.tax\/wp-content\/uploads\/2023\/07\/concentrated-colleagues-office-using-computer-1024x683.webp 1024w, https:\/\/myadvocate.tax\/wp-content\/uploads\/2023\/07\/concentrated-colleagues-office-using-computer-768x512.webp 768w, https:\/\/myadvocate.tax\/wp-content\/uploads\/2023\/07\/concentrated-colleagues-office-using-computer-1536x1024.webp 1536w, https:\/\/myadvocate.tax\/wp-content\/uploads\/2023\/07\/concentrated-colleagues-office-using-computer-2048x1365.webp 2048w\" sizes=\"(max-width: 2560px) 100vw, 2560px\" \/>\t\t\t\t\t\t\t\t\t\t\t\t\t\t\t<\/div>\n\t\t\t\t<\/div>\n\t\t\t\t\t<\/div>\n\t\t<\/div>\n\t\t\t\t\t<\/div>\n\t\t<\/section>\n\t\t\t\t<\/div>\n\t\t","protected":false},"excerpt":{"rendered":"<p>Advocate Tax Solutions es una empresa que ayuda a particulares de todo Estados Unidos. Gestionan los retos impuestos por las agresivas pr\u00e1cticas recaudatorias de las agencias tributarias estatales y federales. La deuda tributaria puede ser ciertamente estresante y causar depresi\u00f3n y ansiedad. A muchas personas les resulta abrumador tratar con estas agencias de cobro por [&hellip;]<\/p>\n","protected":false},"author":1,"featured_media":0,"parent":0,"menu_order":0,"comment_status":"closed","ping_status":"closed","template":"","meta":{"_coblocks_attr":"","_coblocks_dimensions":"","_coblocks_responsive_height":"","_coblocks_accordion_ie_support":"","footnotes":""},"class_list":["post-4739","page","type-page","status-publish","hentry"],"yoast_head":"<!-- This site is optimized with the Yoast SEO Premium plugin v26.6 (Yoast SEO v26.6) - https:\/\/yoast.com\/wordpress\/plugins\/seo\/ -->\n<title>Acerca de Advocate Tax Solutions | Expertos de confianza en desgravaci\u00f3n fiscal<\/title>\n<meta name=\"description\" content=\"&quot;Advocate Tax Solutions&quot; misi\u00f3n y equipo dedicados a ayudar a los particulares a resolver la deuda tributaria con el IRS con integridad, claridad y estrategias probadas.\" \/>\n<meta name=\"robots\" content=\"index, follow, max-snippet:-1, max-image-preview:large, max-video-preview:-1\" \/>\n<link rel=\"canonical\" href=\"https:\/\/myadvocate.tax\/es\/acerca-de\/\" \/>\n<meta property=\"og:locale\" content=\"es_ES\" \/>\n<meta property=\"og:type\" content=\"article\" \/>\n<meta property=\"og:title\" content=\"Acerca de\" \/>\n<meta property=\"og:description\" content=\"&quot;Advocate Tax Solutions&quot; misi\u00f3n y equipo dedicados a ayudar a los particulares a resolver la deuda tributaria con el IRS con integridad, claridad y estrategias probadas.\" \/>\n<meta property=\"og:url\" content=\"https:\/\/myadvocate.tax\/es\/acerca-de\/\" \/>\n<meta property=\"og:site_name\" content=\"Advocate Tax Solutions LLC\" \/>\n<meta property=\"article:publisher\" content=\"https:\/\/www.facebook.com\/profile.php?id=100094006291133\" \/>\n<meta property=\"article:modified_time\" content=\"2025-09-17T05:41:41+00:00\" \/>\n<meta property=\"og:image\" content=\"https:\/\/myadvocate.tax\/wp-content\/uploads\/2023\/07\/group-positive-young-people-posing-together-scaled.webp\" \/>\n\t<meta property=\"og:image:width\" content=\"2560\" \/>\n\t<meta property=\"og:image:height\" content=\"1708\" \/>\n\t<meta property=\"og:image:type\" content=\"image\/webp\" \/>\n<meta name=\"twitter:card\" content=\"summary_large_image\" \/>\n<meta name=\"twitter:label1\" content=\"Tiempo de lectura\" \/>\n\t<meta name=\"twitter:data1\" content=\"2 minutos\" \/>\n<script type=\"application\/ld+json\" class=\"yoast-schema-graph\">{\"@context\":\"https:\/\/schema.org\",\"@graph\":[{\"@type\":\"WebPage\",\"@id\":\"https:\/\/myadvocate.tax\/es\/acerca-de\/\",\"url\":\"https:\/\/myadvocate.tax\/es\/acerca-de\/\",\"name\":\"Acerca de Advocate Tax Solutions | Expertos de confianza en desgravaci\u00f3n fiscal\",\"isPartOf\":{\"@id\":\"https:\/\/myadvocate.tax\/#website\"},\"primaryImageOfPage\":{\"@id\":\"https:\/\/myadvocate.tax\/es\/acerca-de\/#primaryimage\"},\"image\":{\"@id\":\"https:\/\/myadvocate.tax\/es\/acerca-de\/#primaryimage\"},\"thumbnailUrl\":\"https:\/\/myadvocate.tax\/wp-content\/uploads\/2023\/07\/group-positive-young-people-posing-together-scaled.webp\",\"datePublished\":\"2023-07-08T08:12:50+00:00\",\"dateModified\":\"2025-09-17T05:41:41+00:00\",\"description\":\"\\\"Advocate Tax Solutions\\\" misi\u00f3n y equipo dedicados a ayudar a los particulares a resolver la deuda tributaria con el IRS con integridad, claridad y estrategias probadas.\",\"breadcrumb\":{\"@id\":\"https:\/\/myadvocate.tax\/es\/acerca-de\/#breadcrumb\"},\"inLanguage\":\"es\",\"potentialAction\":[{\"@type\":\"ReadAction\",\"target\":[\"https:\/\/myadvocate.tax\/es\/acerca-de\/\"]}]},{\"@type\":\"ImageObject\",\"inLanguage\":\"es\",\"@id\":\"https:\/\/myadvocate.tax\/es\/acerca-de\/#primaryimage\",\"url\":\"https:\/\/myadvocate.tax\/wp-content\/uploads\/2023\/07\/group-positive-young-people-posing-together-scaled.webp\",\"contentUrl\":\"https:\/\/myadvocate.tax\/wp-content\/uploads\/2023\/07\/group-positive-young-people-posing-together-scaled.webp\"},{\"@type\":\"BreadcrumbList\",\"@id\":\"https:\/\/myadvocate.tax\/es\/acerca-de\/#breadcrumb\",\"itemListElement\":[{\"@type\":\"ListItem\",\"position\":1,\"name\":\"Home\",\"item\":\"https:\/\/myadvocate.tax\/\"},{\"@type\":\"ListItem\",\"position\":2,\"name\":\"Acerca de\"}]},{\"@type\":\"WebSite\",\"@id\":\"https:\/\/myadvocate.tax\/#website\",\"url\":\"https:\/\/myadvocate.tax\/\",\"name\":\"Advocate Tax Solutions LLC\",\"description\":\"Advocate Tax Solutions - Tax Debt Solutions - IRS Tax Resolution Service - State Tax Resolutions Services\",\"publisher\":{\"@id\":\"https:\/\/myadvocate.tax\/#organization\"},\"potentialAction\":[{\"@type\":\"SearchAction\",\"target\":{\"@type\":\"EntryPoint\",\"urlTemplate\":\"https:\/\/myadvocate.tax\/?s={search_term_string}\"},\"query-input\":{\"@type\":\"PropertyValueSpecification\",\"valueRequired\":true,\"valueName\":\"search_term_string\"}}],\"inLanguage\":\"es\"},{\"@type\":\"Organization\",\"@id\":\"https:\/\/myadvocate.tax\/#organization\",\"name\":\"Advocate Tax Solutions LLC\",\"url\":\"https:\/\/myadvocate.tax\/\",\"logo\":{\"@type\":\"ImageObject\",\"inLanguage\":\"es\",\"@id\":\"https:\/\/myadvocate.tax\/#\/schema\/logo\/image\/\",\"url\":\"https:\/\/myadvocate.tax\/wp-content\/uploads\/2023\/06\/Advocate-Tax-Solutions-Cropped-Border-scaled.webp\",\"contentUrl\":\"https:\/\/myadvocate.tax\/wp-content\/uploads\/2023\/06\/Advocate-Tax-Solutions-Cropped-Border-scaled.webp\",\"width\":2560,\"height\":1940,\"caption\":\"Advocate Tax Solutions LLC\"},\"image\":{\"@id\":\"https:\/\/myadvocate.tax\/#\/schema\/logo\/image\/\"},\"sameAs\":[\"https:\/\/www.facebook.com\/profile.php?id=100094006291133\"]}]}<\/script>\n<!-- \/ Yoast SEO Premium plugin. -->","yoast_head_json":{"title":"Acerca de Advocate Tax Solutions | Expertos de confianza en desgravaci\u00f3n fiscal","description":"\"Advocate Tax Solutions\" misi\u00f3n y equipo dedicados a ayudar a los particulares a resolver la deuda tributaria con el IRS con integridad, claridad y estrategias probadas.","robots":{"index":"index","follow":"follow","max-snippet":"max-snippet:-1","max-image-preview":"max-image-preview:large","max-video-preview":"max-video-preview:-1"},"canonical":"https:\/\/myadvocate.tax\/es\/acerca-de\/","og_locale":"es_ES","og_type":"article","og_title":"Acerca de","og_description":"\"Advocate Tax Solutions\" misi\u00f3n y equipo dedicados a ayudar a los particulares a resolver la deuda tributaria con el IRS con integridad, claridad y estrategias probadas.","og_url":"https:\/\/myadvocate.tax\/es\/acerca-de\/","og_site_name":"Advocate Tax Solutions LLC","article_publisher":"https:\/\/www.facebook.com\/profile.php?id=100094006291133","article_modified_time":"2025-09-17T05:41:41+00:00","og_image":[{"width":2560,"height":1708,"url":"https:\/\/myadvocate.tax\/wp-content\/uploads\/2023\/07\/group-positive-young-people-posing-together-scaled.webp","type":"image\/webp"}],"twitter_card":"summary_large_image","twitter_misc":{"Tiempo de lectura":"2 minutos"},"schema":{"@context":"https:\/\/schema.org","@graph":[{"@type":"WebPage","@id":"https:\/\/myadvocate.tax\/es\/acerca-de\/","url":"https:\/\/myadvocate.tax\/es\/acerca-de\/","name":"Acerca de Advocate Tax Solutions | Expertos de confianza en desgravaci\u00f3n fiscal","isPartOf":{"@id":"https:\/\/myadvocate.tax\/#website"},"primaryImageOfPage":{"@id":"https:\/\/myadvocate.tax\/es\/acerca-de\/#primaryimage"},"image":{"@id":"https:\/\/myadvocate.tax\/es\/acerca-de\/#primaryimage"},"thumbnailUrl":"https:\/\/myadvocate.tax\/wp-content\/uploads\/2023\/07\/group-positive-young-people-posing-together-scaled.webp","datePublished":"2023-07-08T08:12:50+00:00","dateModified":"2025-09-17T05:41:41+00:00","description":"\"Advocate Tax Solutions\" misi\u00f3n y equipo dedicados a ayudar a los particulares a resolver la deuda tributaria con el IRS con integridad, claridad y estrategias probadas.","breadcrumb":{"@id":"https:\/\/myadvocate.tax\/es\/acerca-de\/#breadcrumb"},"inLanguage":"es","potentialAction":[{"@type":"ReadAction","target":["https:\/\/myadvocate.tax\/es\/acerca-de\/"]}]},{"@type":"ImageObject","inLanguage":"es","@id":"https:\/\/myadvocate.tax\/es\/acerca-de\/#primaryimage","url":"https:\/\/myadvocate.tax\/wp-content\/uploads\/2023\/07\/group-positive-young-people-posing-together-scaled.webp","contentUrl":"https:\/\/myadvocate.tax\/wp-content\/uploads\/2023\/07\/group-positive-young-people-posing-together-scaled.webp"},{"@type":"BreadcrumbList","@id":"https:\/\/myadvocate.tax\/es\/acerca-de\/#breadcrumb","itemListElement":[{"@type":"ListItem","position":1,"name":"Home","item":"https:\/\/myadvocate.tax\/"},{"@type":"ListItem","position":2,"name":"Acerca de"}]},{"@type":"WebSite","@id":"https:\/\/myadvocate.tax\/#website","url":"https:\/\/myadvocate.tax\/","name":"Advocate Tax Solutions LLC","description":"Advocate Tax Solutions - Tax Debt Solutions - IRS Tax Resolution Service - State Tax Resolutions Services","publisher":{"@id":"https:\/\/myadvocate.tax\/#organization"},"potentialAction":[{"@type":"SearchAction","target":{"@type":"EntryPoint","urlTemplate":"https:\/\/myadvocate.tax\/?s={search_term_string}"},"query-input":{"@type":"PropertyValueSpecification","valueRequired":true,"valueName":"search_term_string"}}],"inLanguage":"es"},{"@type":"Organization","@id":"https:\/\/myadvocate.tax\/#organization","name":"Advocate Tax Solutions LLC","url":"https:\/\/myadvocate.tax\/","logo":{"@type":"ImageObject","inLanguage":"es","@id":"https:\/\/myadvocate.tax\/#\/schema\/logo\/image\/","url":"https:\/\/myadvocate.tax\/wp-content\/uploads\/2023\/06\/Advocate-Tax-Solutions-Cropped-Border-scaled.webp","contentUrl":"https:\/\/myadvocate.tax\/wp-content\/uploads\/2023\/06\/Advocate-Tax-Solutions-Cropped-Border-scaled.webp","width":2560,"height":1940,"caption":"Advocate Tax Solutions LLC"},"image":{"@id":"https:\/\/myadvocate.tax\/#\/schema\/logo\/image\/"},"sameAs":["https:\/\/www.facebook.com\/profile.php?id=100094006291133"]}]}},"_links":{"self":[{"href":"https:\/\/myadvocate.tax\/es\/wp-json\/wp\/v2\/pages\/4739","targetHints":{"allow":["GET"]}}],"collection":[{"href":"https:\/\/myadvocate.tax\/es\/wp-json\/wp\/v2\/pages"}],"about":[{"href":"https:\/\/myadvocate.tax\/es\/wp-json\/wp\/v2\/types\/page"}],"author":[{"embeddable":true,"href":"https:\/\/myadvocate.tax\/es\/wp-json\/wp\/v2\/users\/1"}],"replies":[{"embeddable":true,"href":"https:\/\/myadvocate.tax\/es\/wp-json\/wp\/v2\/comments?post=4739"}],"version-history":[{"count":0,"href":"https:\/\/myadvocate.tax\/es\/wp-json\/wp\/v2\/pages\/4739\/revisions"}],"wp:attachment":[{"href":"https:\/\/myadvocate.tax\/es\/wp-json\/wp\/v2\/media?parent=4739"}],"curies":[{"name":"wp","href":"https:\/\/api.w.org\/{rel}","templated":true}]}}