{"id":4736,"date":"2023-07-15T05:50:09","date_gmt":"2023-07-15T05:50:09","guid":{"rendered":"https:\/\/myadvocate.tax\/recursos\/"},"modified":"2025-09-17T06:10:59","modified_gmt":"2025-09-17T06:10:59","slug":"recursos","status":"publish","type":"page","link":"https:\/\/myadvocate.tax\/es\/recursos\/","title":{"rendered":"Recursos"},"content":{"rendered":"\t\t<div data-elementor-type=\"wp-page\" data-elementor-id=\"4736\" class=\"elementor elementor-4736 elementor-1267\" data-elementor-post-type=\"page\">\n\t\t\t\t\t\t<section class=\"elementor-section elementor-top-section elementor-element elementor-element-49370e3 elementor-section-full_width elementor-reverse-mobile elementor-section-height-default elementor-section-height-default\" data-id=\"49370e3\" data-element_type=\"section\">\n\t\t\t\t\t\t<div class=\"elementor-container elementor-column-gap-default\">\n\t\t\t\t\t<div class=\"elementor-column elementor-col-50 elementor-top-column elementor-element elementor-element-daa7a66\" data-id=\"daa7a66\" data-element_type=\"column\">\n\t\t\t<div class=\"elementor-widget-wrap elementor-element-populated\">\n\t\t\t\t\t\t<div class=\"elementor-element elementor-element-e36893f elementor-widget elementor-widget-text-editor\" data-id=\"e36893f\" data-element_type=\"widget\" data-widget_type=\"text-editor.default\">\n\t\t\t\t<div class=\"elementor-widget-container\">\n\t\t\t\t\t\t\t\t\t<p>Nuestro sitio web ofrece a nuestros clientes recursos inestimables. M\u00e1s informaci\u00f3n sobre desgravaciones fiscales en nuestra secci\u00f3n de recursos. Aqu\u00ed puede encontrar art\u00edculos y v\u00eddeos relacionados con la fiscalidad en nuestro blog. Vea algunos de los formularios m\u00e1s comunes que el IRS utiliza para resolver sus impuestos atrasados. Aqu\u00ed encontrar\u00e1 una explicaci\u00f3n sencilla de c\u00f3mo puede beneficiarle cada documento.<\/p><p>En la secci\u00f3n de servicios, puede informarse sobre c\u00f3mo protegemos a nuestros clientes de Hacienda y de las autoridades fiscales estatales. Tambi\u00e9n puede informarse sobre otros servicios que nos permiten resolver sus impuestos atrasados.<\/p><p>Encuentre valiosos recursos en la secci\u00f3n Resoluci\u00f3n del IRS. Estas son las opciones de resoluci\u00f3n del IRS que est\u00e1n disponibles para los contribuyentes. Hemos proporcionado una explicaci\u00f3n detallada de cada resoluci\u00f3n.<\/p>\t\t\t\t\t\t\t\t<\/div>\n\t\t\t\t<\/div>\n\t\t\t\t\t<\/div>\n\t\t<\/div>\n\t\t\t\t<div class=\"elementor-column elementor-col-50 elementor-top-column elementor-element elementor-element-5153e5c\" data-id=\"5153e5c\" data-element_type=\"column\">\n\t\t\t<div class=\"elementor-widget-wrap elementor-element-populated\">\n\t\t\t\t\t\t<div class=\"elementor-element elementor-element-3a179cf elementor-widget elementor-widget-image\" data-id=\"3a179cf\" data-element_type=\"widget\" data-widget_type=\"image.default\">\n\t\t\t\t<div class=\"elementor-widget-container\">\n\t\t\t\t\t\t\t\t\t\t\t\t\t\t\t<img fetchpriority=\"high\" decoding=\"async\" width=\"800\" height=\"534\" src=\"https:\/\/myadvocate.tax\/wp-content\/uploads\/2023\/07\/statistic-documents-with-businessman-blurred-background-1024x683.webp\" class=\"attachment-large size-large wp-image-4671\" alt=\"graphs on a table\" srcset=\"https:\/\/myadvocate.tax\/wp-content\/uploads\/2023\/07\/statistic-documents-with-businessman-blurred-background-1024x683.webp 1024w, https:\/\/myadvocate.tax\/wp-content\/uploads\/2023\/07\/statistic-documents-with-businessman-blurred-background-300x200.webp 300w, https:\/\/myadvocate.tax\/wp-content\/uploads\/2023\/07\/statistic-documents-with-businessman-blurred-background-768x512.webp 768w, https:\/\/myadvocate.tax\/wp-content\/uploads\/2023\/07\/statistic-documents-with-businessman-blurred-background-1536x1025.webp 1536w, https:\/\/myadvocate.tax\/wp-content\/uploads\/2023\/07\/statistic-documents-with-businessman-blurred-background-2048x1367.webp 2048w\" sizes=\"(max-width: 800px) 100vw, 800px\" \/>\t\t\t\t\t\t\t\t\t\t\t\t\t\t\t<\/div>\n\t\t\t\t<\/div>\n\t\t\t\t\t<\/div>\n\t\t<\/div>\n\t\t\t\t\t<\/div>\n\t\t<\/section>\n\t\t\t\t<\/div>\n\t\t","protected":false},"excerpt":{"rendered":"<p>Nuestro sitio web ofrece a nuestros clientes recursos inestimables. M\u00e1s informaci\u00f3n sobre desgravaciones fiscales en nuestra secci\u00f3n de recursos. Aqu\u00ed puede encontrar art\u00edculos y v\u00eddeos relacionados con la fiscalidad en nuestro blog. Vea algunos de los formularios m\u00e1s comunes que el IRS utiliza para resolver sus impuestos atrasados. Aqu\u00ed encontrar\u00e1 una explicaci\u00f3n sencilla de c\u00f3mo [&hellip;]<\/p>\n","protected":false},"author":1,"featured_media":0,"parent":0,"menu_order":0,"comment_status":"closed","ping_status":"closed","template":"","meta":{"_coblocks_attr":"","_coblocks_dimensions":"","_coblocks_responsive_height":"","_coblocks_accordion_ie_support":"","footnotes":""},"class_list":["post-4736","page","type-page","status-publish","hentry"],"yoast_head":"<!-- This site is optimized with the Yoast SEO Premium plugin v26.6 (Yoast SEO v26.6) - https:\/\/yoast.com\/wordpress\/plugins\/seo\/ -->\n<title>Recursos de desgravaci\u00f3n fiscal | Ayuda federal y estatal para impuestos atrasados<\/title>\n<meta name=\"description\" content=\"Explora los Recursos de Alivio Fiscal para resolver los impuestos atrasados del IRS y estatales, establecer planes de pago y recuperar la estabilidad financiera.\" \/>\n<meta name=\"robots\" content=\"index, follow, max-snippet:-1, max-image-preview:large, max-video-preview:-1\" \/>\n<link rel=\"canonical\" href=\"https:\/\/myadvocate.tax\/es\/recursos\/\" \/>\n<meta property=\"og:locale\" content=\"es_ES\" \/>\n<meta property=\"og:type\" content=\"article\" \/>\n<meta property=\"og:title\" content=\"Recursos\" \/>\n<meta property=\"og:description\" content=\"Explora los Recursos de Alivio Fiscal para resolver los impuestos atrasados del IRS y estatales, establecer planes de pago y recuperar la estabilidad financiera.\" \/>\n<meta property=\"og:url\" content=\"https:\/\/myadvocate.tax\/es\/recursos\/\" \/>\n<meta property=\"og:site_name\" content=\"Advocate Tax Solutions LLC\" \/>\n<meta property=\"article:publisher\" content=\"https:\/\/www.facebook.com\/profile.php?id=100094006291133\" \/>\n<meta property=\"article:modified_time\" content=\"2025-09-17T06:10:59+00:00\" \/>\n<meta property=\"og:image\" content=\"https:\/\/myadvocate.tax\/wp-content\/uploads\/2023\/07\/statistic-documents-with-businessman-blurred-background-scaled.webp\" \/>\n\t<meta property=\"og:image:width\" content=\"2560\" \/>\n\t<meta property=\"og:image:height\" content=\"1708\" \/>\n\t<meta property=\"og:image:type\" content=\"image\/webp\" \/>\n<meta name=\"twitter:card\" content=\"summary_large_image\" \/>\n<meta name=\"twitter:label1\" content=\"Tiempo de lectura\" \/>\n\t<meta name=\"twitter:data1\" content=\"1 minuto\" \/>\n<script type=\"application\/ld+json\" class=\"yoast-schema-graph\">{\"@context\":\"https:\/\/schema.org\",\"@graph\":[{\"@type\":\"WebPage\",\"@id\":\"https:\/\/myadvocate.tax\/es\/recursos\/\",\"url\":\"https:\/\/myadvocate.tax\/es\/recursos\/\",\"name\":\"Recursos de desgravaci\u00f3n fiscal | Ayuda federal y estatal para impuestos atrasados\",\"isPartOf\":{\"@id\":\"https:\/\/myadvocate.tax\/#website\"},\"primaryImageOfPage\":{\"@id\":\"https:\/\/myadvocate.tax\/es\/recursos\/#primaryimage\"},\"image\":{\"@id\":\"https:\/\/myadvocate.tax\/es\/recursos\/#primaryimage\"},\"thumbnailUrl\":\"https:\/\/myadvocate.tax\/wp-content\/uploads\/2023\/07\/statistic-documents-with-businessman-blurred-background-1024x683.webp\",\"datePublished\":\"2023-07-15T05:50:09+00:00\",\"dateModified\":\"2025-09-17T06:10:59+00:00\",\"description\":\"Explora los Recursos de Alivio Fiscal para resolver los impuestos atrasados del IRS y estatales, establecer planes de pago y recuperar la estabilidad financiera.\",\"breadcrumb\":{\"@id\":\"https:\/\/myadvocate.tax\/es\/recursos\/#breadcrumb\"},\"inLanguage\":\"es\",\"potentialAction\":[{\"@type\":\"ReadAction\",\"target\":[\"https:\/\/myadvocate.tax\/es\/recursos\/\"]}]},{\"@type\":\"ImageObject\",\"inLanguage\":\"es\",\"@id\":\"https:\/\/myadvocate.tax\/es\/recursos\/#primaryimage\",\"url\":\"https:\/\/myadvocate.tax\/wp-content\/uploads\/2023\/07\/statistic-documents-with-businessman-blurred-background-1024x683.webp\",\"contentUrl\":\"https:\/\/myadvocate.tax\/wp-content\/uploads\/2023\/07\/statistic-documents-with-businessman-blurred-background-1024x683.webp\"},{\"@type\":\"BreadcrumbList\",\"@id\":\"https:\/\/myadvocate.tax\/es\/recursos\/#breadcrumb\",\"itemListElement\":[{\"@type\":\"ListItem\",\"position\":1,\"name\":\"Home\",\"item\":\"https:\/\/myadvocate.tax\/\"},{\"@type\":\"ListItem\",\"position\":2,\"name\":\"Recursos\"}]},{\"@type\":\"WebSite\",\"@id\":\"https:\/\/myadvocate.tax\/#website\",\"url\":\"https:\/\/myadvocate.tax\/\",\"name\":\"Advocate Tax Solutions LLC\",\"description\":\"Advocate Tax Solutions - Tax Debt Solutions - IRS Tax Resolution Service - State Tax Resolutions Services\",\"publisher\":{\"@id\":\"https:\/\/myadvocate.tax\/#organization\"},\"potentialAction\":[{\"@type\":\"SearchAction\",\"target\":{\"@type\":\"EntryPoint\",\"urlTemplate\":\"https:\/\/myadvocate.tax\/?s={search_term_string}\"},\"query-input\":{\"@type\":\"PropertyValueSpecification\",\"valueRequired\":true,\"valueName\":\"search_term_string\"}}],\"inLanguage\":\"es\"},{\"@type\":\"Organization\",\"@id\":\"https:\/\/myadvocate.tax\/#organization\",\"name\":\"Advocate Tax Solutions LLC\",\"url\":\"https:\/\/myadvocate.tax\/\",\"logo\":{\"@type\":\"ImageObject\",\"inLanguage\":\"es\",\"@id\":\"https:\/\/myadvocate.tax\/#\/schema\/logo\/image\/\",\"url\":\"https:\/\/myadvocate.tax\/wp-content\/uploads\/2023\/06\/Advocate-Tax-Solutions-Cropped-Border-scaled.webp\",\"contentUrl\":\"https:\/\/myadvocate.tax\/wp-content\/uploads\/2023\/06\/Advocate-Tax-Solutions-Cropped-Border-scaled.webp\",\"width\":2560,\"height\":1940,\"caption\":\"Advocate Tax Solutions LLC\"},\"image\":{\"@id\":\"https:\/\/myadvocate.tax\/#\/schema\/logo\/image\/\"},\"sameAs\":[\"https:\/\/www.facebook.com\/profile.php?id=100094006291133\"]}]}<\/script>\n<!-- \/ Yoast SEO Premium plugin. -->","yoast_head_json":{"title":"Recursos de desgravaci\u00f3n fiscal | Ayuda federal y estatal para impuestos atrasados","description":"Explora los Recursos de Alivio Fiscal para resolver los impuestos atrasados del IRS y estatales, establecer planes de pago y recuperar la estabilidad financiera.","robots":{"index":"index","follow":"follow","max-snippet":"max-snippet:-1","max-image-preview":"max-image-preview:large","max-video-preview":"max-video-preview:-1"},"canonical":"https:\/\/myadvocate.tax\/es\/recursos\/","og_locale":"es_ES","og_type":"article","og_title":"Recursos","og_description":"Explora los Recursos de Alivio Fiscal para resolver los impuestos atrasados del IRS y estatales, establecer planes de pago y recuperar la estabilidad financiera.","og_url":"https:\/\/myadvocate.tax\/es\/recursos\/","og_site_name":"Advocate Tax Solutions LLC","article_publisher":"https:\/\/www.facebook.com\/profile.php?id=100094006291133","article_modified_time":"2025-09-17T06:10:59+00:00","og_image":[{"width":2560,"height":1708,"url":"https:\/\/myadvocate.tax\/wp-content\/uploads\/2023\/07\/statistic-documents-with-businessman-blurred-background-scaled.webp","type":"image\/webp"}],"twitter_card":"summary_large_image","twitter_misc":{"Tiempo de lectura":"1 minuto"},"schema":{"@context":"https:\/\/schema.org","@graph":[{"@type":"WebPage","@id":"https:\/\/myadvocate.tax\/es\/recursos\/","url":"https:\/\/myadvocate.tax\/es\/recursos\/","name":"Recursos de desgravaci\u00f3n fiscal | Ayuda federal y estatal para impuestos atrasados","isPartOf":{"@id":"https:\/\/myadvocate.tax\/#website"},"primaryImageOfPage":{"@id":"https:\/\/myadvocate.tax\/es\/recursos\/#primaryimage"},"image":{"@id":"https:\/\/myadvocate.tax\/es\/recursos\/#primaryimage"},"thumbnailUrl":"https:\/\/myadvocate.tax\/wp-content\/uploads\/2023\/07\/statistic-documents-with-businessman-blurred-background-1024x683.webp","datePublished":"2023-07-15T05:50:09+00:00","dateModified":"2025-09-17T06:10:59+00:00","description":"Explora los Recursos de Alivio Fiscal para resolver los impuestos atrasados del IRS y estatales, establecer planes de pago y recuperar la estabilidad financiera.","breadcrumb":{"@id":"https:\/\/myadvocate.tax\/es\/recursos\/#breadcrumb"},"inLanguage":"es","potentialAction":[{"@type":"ReadAction","target":["https:\/\/myadvocate.tax\/es\/recursos\/"]}]},{"@type":"ImageObject","inLanguage":"es","@id":"https:\/\/myadvocate.tax\/es\/recursos\/#primaryimage","url":"https:\/\/myadvocate.tax\/wp-content\/uploads\/2023\/07\/statistic-documents-with-businessman-blurred-background-1024x683.webp","contentUrl":"https:\/\/myadvocate.tax\/wp-content\/uploads\/2023\/07\/statistic-documents-with-businessman-blurred-background-1024x683.webp"},{"@type":"BreadcrumbList","@id":"https:\/\/myadvocate.tax\/es\/recursos\/#breadcrumb","itemListElement":[{"@type":"ListItem","position":1,"name":"Home","item":"https:\/\/myadvocate.tax\/"},{"@type":"ListItem","position":2,"name":"Recursos"}]},{"@type":"WebSite","@id":"https:\/\/myadvocate.tax\/#website","url":"https:\/\/myadvocate.tax\/","name":"Advocate Tax Solutions LLC","description":"Advocate Tax Solutions - Tax Debt Solutions - IRS Tax Resolution Service - State Tax Resolutions Services","publisher":{"@id":"https:\/\/myadvocate.tax\/#organization"},"potentialAction":[{"@type":"SearchAction","target":{"@type":"EntryPoint","urlTemplate":"https:\/\/myadvocate.tax\/?s={search_term_string}"},"query-input":{"@type":"PropertyValueSpecification","valueRequired":true,"valueName":"search_term_string"}}],"inLanguage":"es"},{"@type":"Organization","@id":"https:\/\/myadvocate.tax\/#organization","name":"Advocate Tax Solutions LLC","url":"https:\/\/myadvocate.tax\/","logo":{"@type":"ImageObject","inLanguage":"es","@id":"https:\/\/myadvocate.tax\/#\/schema\/logo\/image\/","url":"https:\/\/myadvocate.tax\/wp-content\/uploads\/2023\/06\/Advocate-Tax-Solutions-Cropped-Border-scaled.webp","contentUrl":"https:\/\/myadvocate.tax\/wp-content\/uploads\/2023\/06\/Advocate-Tax-Solutions-Cropped-Border-scaled.webp","width":2560,"height":1940,"caption":"Advocate Tax Solutions LLC"},"image":{"@id":"https:\/\/myadvocate.tax\/#\/schema\/logo\/image\/"},"sameAs":["https:\/\/www.facebook.com\/profile.php?id=100094006291133"]}]}},"_links":{"self":[{"href":"https:\/\/myadvocate.tax\/es\/wp-json\/wp\/v2\/pages\/4736","targetHints":{"allow":["GET"]}}],"collection":[{"href":"https:\/\/myadvocate.tax\/es\/wp-json\/wp\/v2\/pages"}],"about":[{"href":"https:\/\/myadvocate.tax\/es\/wp-json\/wp\/v2\/types\/page"}],"author":[{"embeddable":true,"href":"https:\/\/myadvocate.tax\/es\/wp-json\/wp\/v2\/users\/1"}],"replies":[{"embeddable":true,"href":"https:\/\/myadvocate.tax\/es\/wp-json\/wp\/v2\/comments?post=4736"}],"version-history":[{"count":0,"href":"https:\/\/myadvocate.tax\/es\/wp-json\/wp\/v2\/pages\/4736\/revisions"}],"wp:attachment":[{"href":"https:\/\/myadvocate.tax\/es\/wp-json\/wp\/v2\/media?parent=4736"}],"curies":[{"name":"wp","href":"https:\/\/api.w.org\/{rel}","templated":true}]}}