{"id":4735,"date":"2023-07-13T08:12:18","date_gmt":"2023-07-13T08:12:18","guid":{"rendered":"https:\/\/myadvocate.tax\/mision\/"},"modified":"2025-09-17T06:18:35","modified_gmt":"2025-09-17T06:18:35","slug":"mision","status":"publish","type":"page","link":"https:\/\/myadvocate.tax\/es\/mision\/","title":{"rendered":"Misi\u00f3n"},"content":{"rendered":"\t\t<div data-elementor-type=\"wp-page\" data-elementor-id=\"4735\" class=\"elementor elementor-4735 elementor-1201\" data-elementor-post-type=\"page\">\n\t\t\t\t\t\t<section class=\"elementor-section elementor-top-section elementor-element elementor-element-515ee50 elementor-section-full_width elementor-reverse-mobile elementor-section-height-default elementor-section-height-default\" data-id=\"515ee50\" data-element_type=\"section\">\n\t\t\t\t\t\t<div class=\"elementor-container elementor-column-gap-default\">\n\t\t\t\t\t<div class=\"elementor-column elementor-col-50 elementor-top-column elementor-element elementor-element-d167a27\" data-id=\"d167a27\" data-element_type=\"column\">\n\t\t\t<div class=\"elementor-widget-wrap elementor-element-populated\">\n\t\t\t\t\t\t<div class=\"elementor-element elementor-element-37e07ab elementor-widget elementor-widget-text-editor\" data-id=\"37e07ab\" data-element_type=\"widget\" data-widget_type=\"text-editor.default\">\n\t\t\t\t<div class=\"elementor-widget-container\">\n\t\t\t\t\t\t\t\t\t<h1 data-start=\"477\" data-end=\"531\">Servicios de resoluci\u00f3n fiscal de confianza para los impuestos atrasados del IRS<\/h1><p data-start=\"533\" data-end=\"854\">Nuestra misi\u00f3n es la transparencia. Entendemos que la confianza es crucial a la hora de elegir servicios de resoluci\u00f3n de impuestos atrasados del IRS. Elegir el equipo de ayuda fiscal adecuado es una de las decisiones m\u00e1s importantes que tomar\u00e1s. Nuestros expertos se ganan tu confianza gracias a su profesionalidad, experiencia y dedicaci\u00f3n a la resoluci\u00f3n eficaz de deudas tributarias.   <\/p><hr data-start=\"856\" data-end=\"859\"><h2 data-start=\"861\" data-end=\"927\">Proceso de Servicios de Resoluci\u00f3n Fiscal en Tres Pasos para los Impuestos Atrasados del IRS<\/h2><p data-start=\"929\" data-end=\"1229\">Seguimos un sencillo proceso de tres pasos para garantizar la claridad al abordar los impuestos atrasados del IRS. Cada paso forma parte de nuestros servicios de resoluci\u00f3n de impuestos. Nuestra misi\u00f3n es conseguir los mejores resultados utilizando estrategias probadas. Nos aseguramos de que cada cliente comprenda cada etapa de nuestro proceso de ayuda fiscal para los impuestos atrasados del IRS.   <\/p><hr data-start=\"1231\" data-end=\"1234\"><h2 data-start=\"1236\" data-end=\"1307\">Resolver los impuestos atrasados del IRS con servicios profesionales de resoluci\u00f3n de impuestos<\/h2><p data-start=\"1309\" data-end=\"1631\">Los impuestos atrasados de Hacienda pueden ser complejos. Resolverlos requiere paciencia, experiencia y unos servicios de resoluci\u00f3n fiscal fiables. Proporcionamos actualizaciones continuas y explicamos cada acci\u00f3n que realiza nuestro equipo de ayuda fiscal. Al gestionar toda la comunicaci\u00f3n con Hacienda y las autoridades estatales, nuestros servicios de resoluci\u00f3n fiscal reducen el estr\u00e9s y garantizan el cumplimiento.   <\/p><hr data-start=\"1633\" data-end=\"1636\"><h2 data-start=\"1638\" data-end=\"1689\">Soluciones Personalizadas de Alivio Fiscal y Deuda Tributaria<\/h2><p data-start=\"1691\" data-end=\"2039\">La situaci\u00f3n fiscal de cada cliente es \u00fanica. Nuestros servicios de resoluci\u00f3n de problemas fiscales ofrecen estrategias personalizadas para solucionar las deudas tributarias y los planes de pago del IRS. Ayudamos a los clientes a acceder a programas de desgravaci\u00f3n fiscal y a reducir las sanciones o los intereses. Nuestro equipo de ayuda fiscal se centra en soluciones adaptadas a cada situaci\u00f3n financiera, garantizando el \u00e9xito de la resoluci\u00f3n de los impuestos atrasados del IRS.   <\/p><hr data-start=\"2041\" data-end=\"2044\"><h2 data-start=\"2046\" data-end=\"2112\">Planes de Pago del IRS y Alivio Fiscal con los Servicios de Resoluci\u00f3n de Impuestos<\/h2><p data-start=\"2114\" data-end=\"2453\">Entendemos que los contribuyentes se enfrentan a retos con los impuestos atrasados del IRS. Nuestros servicios de resoluci\u00f3n de problemas fiscales negocian planes de pago del IRS y soluciones para la deuda tributaria dise\u00f1adas para la estabilidad financiera. El alivio fiscal es siempre una prioridad. Nuestros expertos en ayuda fiscal garantizan que las estrategias protejan la salud financiera a largo plazo de los clientes, al tiempo que resuelven eficazmente los impuestos atrasados del IRS.  <\/p><hr data-start=\"2455\" data-end=\"2458\"><h2 data-start=\"2460\" data-end=\"2522\">Apoyo total mediante servicios profesionales de resoluci\u00f3n de impuestos<\/h2><p data-start=\"2524\" data-end=\"2810\">Nuestros servicios de resoluci\u00f3n fiscal abarcan desde la consulta inicial hasta la resoluci\u00f3n final. Nuestro equipo de ayuda fiscal est\u00e1 disponible para responder preguntas y guiar a los clientes en cada paso. Con nuestra garant\u00eda de devoluci\u00f3n del dinero de 14 d\u00edas, los clientes pueden confiar en nuestra dedicaci\u00f3n a la resoluci\u00f3n eficaz de los impuestos atrasados del IRS.  <\/p><p data-start=\"2812\" data-end=\"3074\">Ponte en contacto con nosotros hoy mismo para programar una consulta gratuita. Da el primer paso para resolver los impuestos atrasados del IRS con servicios de resoluci\u00f3n de impuestos de confianza. Nuestro equipo ofrece desgravaciones fiscales, planes de pago del IRS y soluciones para la deuda tributaria, ayudando a los clientes a recuperar la tranquilidad financiera.<\/p>\t\t\t\t\t\t\t\t<\/div>\n\t\t\t\t<\/div>\n\t\t\t\t\t<\/div>\n\t\t<\/div>\n\t\t\t\t<div class=\"elementor-column elementor-col-50 elementor-top-column elementor-element elementor-element-5fb7516\" data-id=\"5fb7516\" data-element_type=\"column\">\n\t\t\t<div class=\"elementor-widget-wrap elementor-element-populated\">\n\t\t\t\t\t\t<div class=\"elementor-element elementor-element-a1276a9 elementor-widget elementor-widget-image\" data-id=\"a1276a9\" data-element_type=\"widget\" data-widget_type=\"image.default\">\n\t\t\t\t<div class=\"elementor-widget-container\">\n\t\t\t\t\t\t\t\t\t\t\t\t\t\t\t<img fetchpriority=\"high\" decoding=\"async\" width=\"2560\" height=\"1540\" src=\"https:\/\/myadvocate.tax\/wp-content\/uploads\/2023\/07\/two-people-giving-fist-bump-scaled.webp\" class=\"attachment-full size-full wp-image-4670\" alt=\"tax team celebrating success\" srcset=\"https:\/\/myadvocate.tax\/wp-content\/uploads\/2023\/07\/two-people-giving-fist-bump-scaled.webp 2560w, https:\/\/myadvocate.tax\/wp-content\/uploads\/2023\/07\/two-people-giving-fist-bump-300x180.webp 300w, https:\/\/myadvocate.tax\/wp-content\/uploads\/2023\/07\/two-people-giving-fist-bump-1024x616.webp 1024w, https:\/\/myadvocate.tax\/wp-content\/uploads\/2023\/07\/two-people-giving-fist-bump-768x462.webp 768w, https:\/\/myadvocate.tax\/wp-content\/uploads\/2023\/07\/two-people-giving-fist-bump-1536x924.webp 1536w, https:\/\/myadvocate.tax\/wp-content\/uploads\/2023\/07\/two-people-giving-fist-bump-2048x1232.webp 2048w\" sizes=\"(max-width: 2560px) 100vw, 2560px\" \/>\t\t\t\t\t\t\t\t\t\t\t\t\t\t\t<\/div>\n\t\t\t\t<\/div>\n\t\t\t\t\t<\/div>\n\t\t<\/div>\n\t\t\t\t\t<\/div>\n\t\t<\/section>\n\t\t\t\t<\/div>\n\t\t","protected":false},"excerpt":{"rendered":"<p>Servicios de resoluci\u00f3n fiscal de confianza para los impuestos atrasados del IRS Nuestra misi\u00f3n es la transparencia. Entendemos que la confianza es crucial a la hora de elegir servicios de resoluci\u00f3n de impuestos atrasados del IRS. Elegir el equipo de ayuda fiscal adecuado es una de las decisiones m\u00e1s importantes que tomar\u00e1s. Nuestros expertos se [&hellip;]<\/p>\n","protected":false},"author":1,"featured_media":0,"parent":0,"menu_order":0,"comment_status":"closed","ping_status":"closed","template":"","meta":{"_coblocks_attr":"","_coblocks_dimensions":"","_coblocks_responsive_height":"","_coblocks_accordion_ie_support":"","footnotes":""},"class_list":["post-4735","page","type-page","status-publish","hentry"],"yoast_head":"<!-- This site is optimized with the Yoast SEO Premium plugin v26.6 (Yoast SEO v26.6) - https:\/\/yoast.com\/wordpress\/plugins\/seo\/ -->\n<title>Nuestra misi\u00f3n | Resoluci\u00f3n fiscal transparente y claridad para el cliente<\/title>\n<meta name=\"description\" content=\"Nuestra misi\u00f3n: transparencia en la resoluci\u00f3n fiscal. Con un proceso de confianza de 3 pasos, ayudamos a los clientes a resolver asuntos del IRS con confianza.\" \/>\n<meta name=\"robots\" content=\"index, follow, max-snippet:-1, max-image-preview:large, max-video-preview:-1\" \/>\n<link rel=\"canonical\" href=\"https:\/\/myadvocate.tax\/es\/mision\/\" \/>\n<meta property=\"og:locale\" content=\"es_ES\" \/>\n<meta property=\"og:type\" content=\"article\" \/>\n<meta property=\"og:title\" content=\"\u00a1Nuestra misi\u00f3n es quitarte la carga de encima!\" \/>\n<meta property=\"og:description\" content=\"Conoce nuestra misi\u00f3n de transparencia y confianza en los servicios de resoluci\u00f3n de impuestos atrasados del IRS. Garantizamos claridad para cada cliente.\" \/>\n<meta property=\"og:url\" content=\"https:\/\/myadvocate.tax\/es\/mision\/\" \/>\n<meta property=\"og:site_name\" content=\"Advocate Tax Solutions LLC\" \/>\n<meta property=\"article:publisher\" content=\"https:\/\/www.facebook.com\/profile.php?id=100094006291133\" \/>\n<meta property=\"article:modified_time\" content=\"2025-09-17T06:18:35+00:00\" \/>\n<meta property=\"og:image\" content=\"https:\/\/myadvocate.tax\/wp-content\/uploads\/2023\/07\/two-people-giving-fist-bump-scaled.webp\" \/>\n\t<meta property=\"og:image:width\" content=\"2560\" \/>\n\t<meta property=\"og:image:height\" content=\"1540\" \/>\n\t<meta property=\"og:image:type\" content=\"image\/webp\" \/>\n<meta name=\"twitter:card\" content=\"summary_large_image\" \/>\n<meta name=\"twitter:title\" content=\"Misi\u00f3n\" \/>\n<meta name=\"twitter:label1\" content=\"Tiempo de lectura\" \/>\n\t<meta name=\"twitter:data1\" content=\"3 minutos\" \/>\n<script type=\"application\/ld+json\" class=\"yoast-schema-graph\">{\"@context\":\"https:\/\/schema.org\",\"@graph\":[{\"@type\":\"WebPage\",\"@id\":\"https:\/\/myadvocate.tax\/es\/mision\/\",\"url\":\"https:\/\/myadvocate.tax\/es\/mision\/\",\"name\":\"Nuestra misi\u00f3n | Resoluci\u00f3n fiscal transparente y claridad para el cliente\",\"isPartOf\":{\"@id\":\"https:\/\/myadvocate.tax\/#website\"},\"primaryImageOfPage\":{\"@id\":\"https:\/\/myadvocate.tax\/es\/mision\/#primaryimage\"},\"image\":{\"@id\":\"https:\/\/myadvocate.tax\/es\/mision\/#primaryimage\"},\"thumbnailUrl\":\"https:\/\/myadvocate.tax\/wp-content\/uploads\/2023\/07\/two-people-giving-fist-bump-scaled.webp\",\"datePublished\":\"2023-07-13T08:12:18+00:00\",\"dateModified\":\"2025-09-17T06:18:35+00:00\",\"description\":\"Nuestra misi\u00f3n: transparencia en la resoluci\u00f3n fiscal. Con un proceso de confianza de 3 pasos, ayudamos a los clientes a resolver asuntos del IRS con confianza.\",\"breadcrumb\":{\"@id\":\"https:\/\/myadvocate.tax\/es\/mision\/#breadcrumb\"},\"inLanguage\":\"es\",\"potentialAction\":[{\"@type\":\"ReadAction\",\"target\":[\"https:\/\/myadvocate.tax\/es\/mision\/\"]}]},{\"@type\":\"ImageObject\",\"inLanguage\":\"es\",\"@id\":\"https:\/\/myadvocate.tax\/es\/mision\/#primaryimage\",\"url\":\"https:\/\/myadvocate.tax\/wp-content\/uploads\/2023\/07\/two-people-giving-fist-bump-scaled.webp\",\"contentUrl\":\"https:\/\/myadvocate.tax\/wp-content\/uploads\/2023\/07\/two-people-giving-fist-bump-scaled.webp\"},{\"@type\":\"BreadcrumbList\",\"@id\":\"https:\/\/myadvocate.tax\/es\/mision\/#breadcrumb\",\"itemListElement\":[{\"@type\":\"ListItem\",\"position\":1,\"name\":\"Home\",\"item\":\"https:\/\/myadvocate.tax\/\"},{\"@type\":\"ListItem\",\"position\":2,\"name\":\"Misi\u00f3n\"}]},{\"@type\":\"WebSite\",\"@id\":\"https:\/\/myadvocate.tax\/#website\",\"url\":\"https:\/\/myadvocate.tax\/\",\"name\":\"Advocate Tax Solutions LLC\",\"description\":\"Advocate Tax Solutions - Tax Debt Solutions - IRS Tax Resolution Service - State Tax Resolutions Services\",\"publisher\":{\"@id\":\"https:\/\/myadvocate.tax\/#organization\"},\"potentialAction\":[{\"@type\":\"SearchAction\",\"target\":{\"@type\":\"EntryPoint\",\"urlTemplate\":\"https:\/\/myadvocate.tax\/?s={search_term_string}\"},\"query-input\":{\"@type\":\"PropertyValueSpecification\",\"valueRequired\":true,\"valueName\":\"search_term_string\"}}],\"inLanguage\":\"es\"},{\"@type\":\"Organization\",\"@id\":\"https:\/\/myadvocate.tax\/#organization\",\"name\":\"Advocate Tax Solutions LLC\",\"url\":\"https:\/\/myadvocate.tax\/\",\"logo\":{\"@type\":\"ImageObject\",\"inLanguage\":\"es\",\"@id\":\"https:\/\/myadvocate.tax\/#\/schema\/logo\/image\/\",\"url\":\"https:\/\/myadvocate.tax\/wp-content\/uploads\/2023\/06\/Advocate-Tax-Solutions-Cropped-Border-scaled.webp\",\"contentUrl\":\"https:\/\/myadvocate.tax\/wp-content\/uploads\/2023\/06\/Advocate-Tax-Solutions-Cropped-Border-scaled.webp\",\"width\":2560,\"height\":1940,\"caption\":\"Advocate Tax Solutions LLC\"},\"image\":{\"@id\":\"https:\/\/myadvocate.tax\/#\/schema\/logo\/image\/\"},\"sameAs\":[\"https:\/\/www.facebook.com\/profile.php?id=100094006291133\"]}]}<\/script>\n<!-- \/ Yoast SEO Premium plugin. -->","yoast_head_json":{"title":"Nuestra misi\u00f3n | Resoluci\u00f3n fiscal transparente y claridad para el cliente","description":"Nuestra misi\u00f3n: transparencia en la resoluci\u00f3n fiscal. Con un proceso de confianza de 3 pasos, ayudamos a los clientes a resolver asuntos del IRS con confianza.","robots":{"index":"index","follow":"follow","max-snippet":"max-snippet:-1","max-image-preview":"max-image-preview:large","max-video-preview":"max-video-preview:-1"},"canonical":"https:\/\/myadvocate.tax\/es\/mision\/","og_locale":"es_ES","og_type":"article","og_title":"\u00a1Nuestra misi\u00f3n es quitarte la carga de encima!","og_description":"Conoce nuestra misi\u00f3n de transparencia y confianza en los servicios de resoluci\u00f3n de impuestos atrasados del IRS. Garantizamos claridad para cada cliente.","og_url":"https:\/\/myadvocate.tax\/es\/mision\/","og_site_name":"Advocate Tax Solutions LLC","article_publisher":"https:\/\/www.facebook.com\/profile.php?id=100094006291133","article_modified_time":"2025-09-17T06:18:35+00:00","og_image":[{"width":2560,"height":1540,"url":"https:\/\/myadvocate.tax\/wp-content\/uploads\/2023\/07\/two-people-giving-fist-bump-scaled.webp","type":"image\/webp"}],"twitter_card":"summary_large_image","twitter_title":"Misi\u00f3n","twitter_misc":{"Tiempo de lectura":"3 minutos"},"schema":{"@context":"https:\/\/schema.org","@graph":[{"@type":"WebPage","@id":"https:\/\/myadvocate.tax\/es\/mision\/","url":"https:\/\/myadvocate.tax\/es\/mision\/","name":"Nuestra misi\u00f3n | Resoluci\u00f3n fiscal transparente y claridad para el cliente","isPartOf":{"@id":"https:\/\/myadvocate.tax\/#website"},"primaryImageOfPage":{"@id":"https:\/\/myadvocate.tax\/es\/mision\/#primaryimage"},"image":{"@id":"https:\/\/myadvocate.tax\/es\/mision\/#primaryimage"},"thumbnailUrl":"https:\/\/myadvocate.tax\/wp-content\/uploads\/2023\/07\/two-people-giving-fist-bump-scaled.webp","datePublished":"2023-07-13T08:12:18+00:00","dateModified":"2025-09-17T06:18:35+00:00","description":"Nuestra misi\u00f3n: transparencia en la resoluci\u00f3n fiscal. Con un proceso de confianza de 3 pasos, ayudamos a los clientes a resolver asuntos del IRS con confianza.","breadcrumb":{"@id":"https:\/\/myadvocate.tax\/es\/mision\/#breadcrumb"},"inLanguage":"es","potentialAction":[{"@type":"ReadAction","target":["https:\/\/myadvocate.tax\/es\/mision\/"]}]},{"@type":"ImageObject","inLanguage":"es","@id":"https:\/\/myadvocate.tax\/es\/mision\/#primaryimage","url":"https:\/\/myadvocate.tax\/wp-content\/uploads\/2023\/07\/two-people-giving-fist-bump-scaled.webp","contentUrl":"https:\/\/myadvocate.tax\/wp-content\/uploads\/2023\/07\/two-people-giving-fist-bump-scaled.webp"},{"@type":"BreadcrumbList","@id":"https:\/\/myadvocate.tax\/es\/mision\/#breadcrumb","itemListElement":[{"@type":"ListItem","position":1,"name":"Home","item":"https:\/\/myadvocate.tax\/"},{"@type":"ListItem","position":2,"name":"Misi\u00f3n"}]},{"@type":"WebSite","@id":"https:\/\/myadvocate.tax\/#website","url":"https:\/\/myadvocate.tax\/","name":"Advocate Tax Solutions LLC","description":"Advocate Tax Solutions - Tax Debt Solutions - IRS Tax Resolution Service - State Tax Resolutions Services","publisher":{"@id":"https:\/\/myadvocate.tax\/#organization"},"potentialAction":[{"@type":"SearchAction","target":{"@type":"EntryPoint","urlTemplate":"https:\/\/myadvocate.tax\/?s={search_term_string}"},"query-input":{"@type":"PropertyValueSpecification","valueRequired":true,"valueName":"search_term_string"}}],"inLanguage":"es"},{"@type":"Organization","@id":"https:\/\/myadvocate.tax\/#organization","name":"Advocate Tax Solutions LLC","url":"https:\/\/myadvocate.tax\/","logo":{"@type":"ImageObject","inLanguage":"es","@id":"https:\/\/myadvocate.tax\/#\/schema\/logo\/image\/","url":"https:\/\/myadvocate.tax\/wp-content\/uploads\/2023\/06\/Advocate-Tax-Solutions-Cropped-Border-scaled.webp","contentUrl":"https:\/\/myadvocate.tax\/wp-content\/uploads\/2023\/06\/Advocate-Tax-Solutions-Cropped-Border-scaled.webp","width":2560,"height":1940,"caption":"Advocate Tax Solutions LLC"},"image":{"@id":"https:\/\/myadvocate.tax\/#\/schema\/logo\/image\/"},"sameAs":["https:\/\/www.facebook.com\/profile.php?id=100094006291133"]}]}},"_links":{"self":[{"href":"https:\/\/myadvocate.tax\/es\/wp-json\/wp\/v2\/pages\/4735","targetHints":{"allow":["GET"]}}],"collection":[{"href":"https:\/\/myadvocate.tax\/es\/wp-json\/wp\/v2\/pages"}],"about":[{"href":"https:\/\/myadvocate.tax\/es\/wp-json\/wp\/v2\/types\/page"}],"author":[{"embeddable":true,"href":"https:\/\/myadvocate.tax\/es\/wp-json\/wp\/v2\/users\/1"}],"replies":[{"embeddable":true,"href":"https:\/\/myadvocate.tax\/es\/wp-json\/wp\/v2\/comments?post=4735"}],"version-history":[{"count":0,"href":"https:\/\/myadvocate.tax\/es\/wp-json\/wp\/v2\/pages\/4735\/revisions"}],"wp:attachment":[{"href":"https:\/\/myadvocate.tax\/es\/wp-json\/wp\/v2\/media?parent=4735"}],"curies":[{"name":"wp","href":"https:\/\/api.w.org\/{rel}","templated":true}]}}